{"id":473,"date":"2023-12-21T15:36:46","date_gmt":"2023-12-21T13:36:46","guid":{"rendered":"https:\/\/blog.edu.turku.fi\/kekeperehdytys\/?page_id=473"},"modified":"2024-01-02T13:49:05","modified_gmt":"2024-01-02T11:49:05","slug":"3-atgarder","status":"publish","type":"page","link":"https:\/\/blog.edu.turku.fi\/kekeperehdytys\/3-atgarder\/","title":{"rendered":"3. \u00c5tg\u00e4rder"},"content":{"rendered":"<h3><span style=\"color: #008000\">H\u00e5llbarhets\u00e5tg\u00e4rder i vardagen<\/span><\/h3>\n<p><a href=\"https:\/\/www.thinglink.com\/card\/1746523482629342052\" target=\"_blank\" rel=\"noopener\"><img loading=\"lazy\" decoding=\"async\" class=\"alignleft wp-image-212 size-large\" src=\"https:\/\/blog.edu.turku.fi\/kekeperehdytys\/files\/2023\/10\/toimintaohjeet-puu-ThingLink-1024x576.png\" alt=\"\" width=\"1024\" height=\"576\" srcset=\"https:\/\/blog.edu.turku.fi\/kekeperehdytys\/files\/2023\/10\/toimintaohjeet-puu-ThingLink.png 1024w, https:\/\/blog.edu.turku.fi\/kekeperehdytys\/files\/2023\/10\/toimintaohjeet-puu-ThingLink-300x169.png 300w\" sizes=\"auto, (max-width: 709px) 85vw, (max-width: 909px) 67vw, (max-width: 1362px) 62vw, 840px\" \/><\/a><\/p>\n<h3><span style=\"color: #008000\">Vad m\u00e5len och \u00e5tg\u00e4rderna inneb\u00e4r i praktiken<\/span><\/h3>\n<h5><strong>H\u00e5llbarhets\u00e5tg\u00e4rder i l\u00e4rarens arbete<\/strong><\/h5>\n<p><img loading=\"lazy\" decoding=\"async\" class=\"alignleft wp-image-49 size-thumbnail\" src=\"https:\/\/blog.edu.turku.fi\/kekeperehdytys\/files\/2023\/08\/Opettaja-visualisointi-150x150.png\" alt=\"\" width=\"150\" height=\"150\" \/><\/p>\n<ul>\n<li>Ser till att studerandena l\u00e4r sig att agera i enlighet med h\u00e5llbarhetsl\u00f6ftena.<\/li>\n<li>Ansvarar f\u00f6r att h\u00e5llbarhetsaspekten beaktas i all undervisning.<\/li>\n<li>S\u00e4kerst\u00e4ller att hen sj\u00e4lv och studerandena agerar i enlighet med h\u00e5llbarhetsanvisningarna.<\/li>\n<\/ul>\n<h5><strong>H\u00e5llbarhets\u00e5tg\u00e4rder i handledarens arbete<\/strong><\/h5>\n<p><img loading=\"lazy\" decoding=\"async\" class=\"alignleft wp-image-80 size-thumbnail\" src=\"https:\/\/blog.edu.turku.fi\/kekeperehdytys\/files\/2023\/08\/Ohjaaja-150x150.png\" alt=\"\" width=\"150\" height=\"150\" \/><\/p>\n<ul>\n<li>S\u00e4kerst\u00e4ller att hen sj\u00e4lv och studerandena agerar i enlighet med h\u00e5llbarhetsanvisningarna.<\/li>\n<\/ul>\n<h5><strong>H\u00e5llbarhets\u00e5tg\u00e4rder inom m\u00e5ltidstj\u00e4nsterna<\/strong><\/h5>\n<p><img loading=\"lazy\" decoding=\"async\" class=\"alignleft size-thumbnail wp-image-92\" src=\"https:\/\/blog.edu.turku.fi\/kekeperehdytys\/files\/2023\/08\/Ruokapalvelut-tausta02-1-150x150.png\" alt=\"\" width=\"150\" height=\"150\" \/><\/p>\n<ul>\n<li>S\u00e4kerst\u00e4ller att verksamheten f\u00f6ljer TAI:s och \u00c5bo stads anvisningar och m\u00e5l.<\/li>\n<\/ul>\n<h5><strong>H\u00e5llbarhets\u00e5tg\u00e4rder i ledningens arbete<\/strong><\/h5>\n<p><img loading=\"lazy\" decoding=\"async\" class=\"alignleft size-thumbnail wp-image-81\" src=\"https:\/\/blog.edu.turku.fi\/kekeperehdytys\/files\/2023\/08\/Johto-150x150.png\" alt=\"\" width=\"150\" height=\"150\" \/><\/p>\n<ul>\n<li>St\u00e4ller upp TAI:s h\u00e5llbarhetsm\u00e5l.<\/li>\n<li>Instruerar personalen att agera i enlighet med h\u00e5llbarhetsm\u00e5len.<\/li>\n<li>S\u00e4kerst\u00e4ller att TAI:s h\u00e5llbarhetsriktlinjer f\u00f6ljs p\u00e5 enheten.<\/li>\n<\/ul>\n<h5><strong>H\u00e5llbarhets\u00e5tg\u00e4rder i arbetet i TAI:s team f\u00f6r h\u00e5llbar utveckling<\/strong><\/h5>\n<p><img loading=\"lazy\" decoding=\"async\" class=\"alignleft size-thumbnail wp-image-95\" src=\"https:\/\/blog.edu.turku.fi\/kekeperehdytys\/files\/2023\/08\/Kestavan-kehityksen-tiimi-1-150x150.png\" alt=\"\" width=\"150\" height=\"150\" \/><\/p>\n<ul>\n<li>Ansvarar f\u00f6r f\u00f6rankringen och uppf\u00f6ljningen av de \u00e5tg\u00e4rder som beh\u00f6vs f\u00f6r att uppn\u00e5 h\u00e5llbarhetsm\u00e5len.<\/li>\n<li>Ger enheterna anvisningar i h\u00e5llbarhetsfr\u00e5gor.<\/li>\n<li>F\u00f6r dialog med TAI:s ledningsgrupp, studerande och externa intressentgrupper.<\/li>\n<\/ul>\n<p>&nbsp;<\/p>\n<h3><span style=\"color: #008000\">H\u00e5llbarhets\u00e5tg\u00e4rder enligt tema<\/span><\/h3>\n<h5><strong>Verksamhetskultur<\/strong><\/h5>\n<ol>\n<li>Publicering och inf\u00f6rande av h\u00e5llbarhetsplanen och de anvisningar och gemensamma verksamhetss\u00e4tt som ing\u00e5r i den<\/li>\n<li>Utn\u00e4mning av samordnare f\u00f6r h\u00e5llbar utveckling<\/li>\n<li>Utn\u00e4mning av teamet f\u00f6r h\u00e5llbar utveckling<\/li>\n<li>Ibruktagande av indikatorer f\u00f6r h\u00e5llbar utveckling<\/li>\n<\/ol>\n<h5><strong>Undervisning och studerande<\/strong><\/h5>\n<ol>\n<li>Definition av kompetensl\u00f6ften f\u00f6r h\u00e5llbar utveckling f\u00f6r alla examina<\/li>\n<li>Inf\u00f6rande av ett enhetligt undervisningsmaterial f\u00f6r h\u00e5llbar utveckling<\/li>\n<li>Inledande av tutor- och elevk\u00e5rsverksamhet f\u00f6r h\u00e5llbar utveckling<\/li>\n<\/ol>\n<h5><strong>Personalens kompetens<\/strong><\/h5>\n<ol>\n<li>Skapande av en utbildningsv\u00e4g f\u00f6r h\u00e5llbar utveckling f\u00f6r personalen<\/li>\n<li>Ibruktagande av en webbutbildning i h\u00e5llbarhetskompetens f\u00f6r personalen<\/li>\n<li>Inkludering av h\u00e5llbarhetsutbildning i introduktionen av nya arbetstagare<\/li>\n<li>Inkludering av h\u00e5llbarhetsaspekten i introduktionen av arbetsplatshandledare<\/li>\n<li>L\u00e4roavtalsutbildning till milj\u00f6fostrare f\u00f6r undervisningspersonalen<\/li>\n<\/ol>\n<h5><strong>Partnerskap<\/strong><\/h5>\n<ol>\n<li>Anskaffning av samarbetspartner f\u00f6r h\u00e5llbar utveckling inom olika branscher och teman<\/li>\n<li>Att lyfta fram partnerskapen f\u00f6r h\u00e5llbar utveckling i kommunikationen<\/li>\n<\/ol>\n<h5><strong>Koldioxidvishet<\/strong><\/h5>\n<ol>\n<li>Ber\u00e4kning av koldioxidavtrycket<\/li>\n<li>Identifiering av de st\u00f6rsta utsl\u00e4ppsk\u00e4llorna<\/li>\n<li>Planering och genomf\u00f6rande av kostnadseffektiva utsl\u00e4ppsminsknings\u00e5tg\u00e4rder<\/li>\n<\/ol>\n<h3><span style=\"color: #008000\">Mat<\/span><\/h3>\n<p><img loading=\"lazy\" decoding=\"async\" class=\"alignleft wp-image-142 \" src=\"https:\/\/blog.edu.turku.fi\/kekeperehdytys\/files\/2023\/10\/Arjen-kestavyystoimenpiteet-kuvakkeet-01-241x300.png\" alt=\"\" width=\"121\" height=\"151\" srcset=\"https:\/\/blog.edu.turku.fi\/kekeperehdytys\/files\/2023\/10\/Arjen-kestavyystoimenpiteet-kuvakkeet-01-241x300.png 241w, https:\/\/blog.edu.turku.fi\/kekeperehdytys\/files\/2023\/10\/Arjen-kestavyystoimenpiteet-kuvakkeet-01-823x1024.png 823w, https:\/\/blog.edu.turku.fi\/kekeperehdytys\/files\/2023\/10\/Arjen-kestavyystoimenpiteet-kuvakkeet-01.png 1005w\" sizes=\"auto, (max-width: 121px) 85vw, 121px\" \/><\/p>\n<ul>\n<li>Uppmuntra studerandena att \u00e4ta skolmat.<\/li>\n<li>Skolmatens koldioxidavtryck har minimerats: \u00e4ven vanliga matr\u00e4tters koldioxidavtryck \u00e4r mindre \u00e4n genomsnittet.<\/li>\n<li>Skolmaten f\u00f6ljer de nationella skolmatsrekommendationerna. Maten \u00e4r n\u00e4ringsm\u00e4ssigt balanserad och planerad enligt de ungas behov. L\u00e4s mer:\u00a0<a href=\"https:\/\/kaarea.fi\/ruoan-hiilijalanjalki\">Hiilijalanj\u00e4lkimerkki viestii ruoan ilmastoyst\u00e4v\u00e4llisyydest\u00e4 | Kaarea<\/a><\/li>\n<li>Skolmaten \u00e4r avgiftsfri f\u00f6r l\u00e4ropliktiga.<\/li>\n<li>Undvik matsvinn: ta bara s\u00e5 mycket mat du orkar \u00e4ta.<\/li>\n<li>Meddela k\u00f6ket om klassens utflykter eller annan fr\u00e5nvaro som du k\u00e4nner till p\u00e5 f\u00f6rhand. P\u00e5 s\u00e5 s\u00e4tt \u00e4r det l\u00e4ttare att f\u00f6rutse \u00e5tg\u00e5ngen av mat i k\u00f6ket.<\/li>\n<li>K\u00f6p f\u00f6rm\u00e5nlig svinnmat som s\u00e4ljs i skolmatsalen efter lunchtid.<\/li>\n<\/ul>\n<h3><span style=\"color: #008000\">Transportmedel<\/span><\/h3>\n<h3><span style=\"color: #008000\"><img loading=\"lazy\" decoding=\"async\" class=\"alignleft wp-image-106 \" src=\"https:\/\/blog.edu.turku.fi\/kekeperehdytys\/files\/2023\/08\/Arjen-kestavyystoimenpiteet-kuvakkeet-02-241x300.png\" alt=\"\" width=\"166\" height=\"206\" srcset=\"https:\/\/blog.edu.turku.fi\/kekeperehdytys\/files\/2023\/08\/Arjen-kestavyystoimenpiteet-kuvakkeet-02-241x300.png 241w, https:\/\/blog.edu.turku.fi\/kekeperehdytys\/files\/2023\/08\/Arjen-kestavyystoimenpiteet-kuvakkeet-02-823x1024.png 823w, https:\/\/blog.edu.turku.fi\/kekeperehdytys\/files\/2023\/08\/Arjen-kestavyystoimenpiteet-kuvakkeet-02.png 1005w\" sizes=\"auto, (max-width: 166px) 85vw, 166px\" \/><\/span><\/h3>\n<ul>\n<li>Res i m\u00e5n av m\u00f6jlighet till arbetet med muskelkraft eller kollektivtrafik.<\/li>\n<li>Sam\u00e5k med kollegor som kommer fr\u00e5n samma h\u00e5ll.<\/li>\n<li>Kom ih\u00e5g cykelhj\u00e4lmen!<\/li>\n<li>Anv\u00e4nd ljus och reflexer under den m\u00f6rka \u00e5rstiden samt halkskydd p\u00e5 skorna n\u00e4r det \u00e4r halt<\/li>\n<li>Uppmuntra studerandena att promenera, cykla och anv\u00e4nda kollektivtrafiken<\/li>\n<li>F\u00f6lj trafikreglerna. Du kan repetera v\u00e4jningsreglerna till exempel <a href=\"http:\/\/www.liikenneturva.fi\/sv\">p\u00e5 Trafikskyddets webbplats<\/a>.<\/li>\n<\/ul>\n<h3><span style=\"color: #008000\">Energi och vatten<\/span><\/h3>\n<p><img loading=\"lazy\" decoding=\"async\" class=\"alignleft wp-image-143\" src=\"https:\/\/blog.edu.turku.fi\/kekeperehdytys\/files\/2023\/10\/Arjen-kestavyystoimenpiteet-kuvakkeet-03-241x300.png\" alt=\"\" width=\"133\" height=\"165\" srcset=\"https:\/\/blog.edu.turku.fi\/kekeperehdytys\/files\/2023\/10\/Arjen-kestavyystoimenpiteet-kuvakkeet-03-241x300.png 241w, https:\/\/blog.edu.turku.fi\/kekeperehdytys\/files\/2023\/10\/Arjen-kestavyystoimenpiteet-kuvakkeet-03-823x1024.png 823w, https:\/\/blog.edu.turku.fi\/kekeperehdytys\/files\/2023\/10\/Arjen-kestavyystoimenpiteet-kuvakkeet-03.png 1005w\" sizes=\"auto, (max-width: 133px) 85vw, 133px\" \/><\/p>\n<ul>\n<li>H\u00e5ll arbetsutrymmenas temperatur vid 20\u201322 \u00b0C.<\/li>\n<li>F\u00f6lj upp temperaturerna p\u00e5 arbetsplatsen och meddela om ventilationsproblem samt vatten- och v\u00e4rmel\u00e4ckage.<\/li>\n<li>T\u00e4ck inte termostaten med m\u00f6bler eller gardiner. En t\u00e4ckt termostat k\u00e4nner inte av den verkliga temperaturen i rummet och reglerar inte ventilen korrekt.<\/li>\n<li>V\u00e4dra snabbt med korsdrag om luftkonditioneringen till\u00e5ter det.<\/li>\n<li>Minska behovet av nedkylning p\u00e5 sommaren genom att anv\u00e4nda gardiner vid soligt v\u00e4der och v\u00e4dra fr\u00e5n skuggsidan.<\/li>\n<li>Sl\u00e4ck lamporna i utrymmen som blir tomma.<\/li>\n<li>St\u00e4ng av enheter som inte anv\u00e4nds.<\/li>\n<\/ul>\n<h3><span style=\"color: #008000\">Avfallshantering<\/span><\/h3>\n<p><img loading=\"lazy\" decoding=\"async\" class=\"alignleft wp-image-108\" src=\"https:\/\/blog.edu.turku.fi\/kekeperehdytys\/files\/2023\/08\/Arjen-kestavyystoimenpiteet-kuvakkeet-04-241x300.png\" alt=\"\" width=\"158\" height=\"197\" srcset=\"https:\/\/blog.edu.turku.fi\/kekeperehdytys\/files\/2023\/08\/Arjen-kestavyystoimenpiteet-kuvakkeet-04-241x300.png 241w, https:\/\/blog.edu.turku.fi\/kekeperehdytys\/files\/2023\/08\/Arjen-kestavyystoimenpiteet-kuvakkeet-04-823x1024.png 823w, https:\/\/blog.edu.turku.fi\/kekeperehdytys\/files\/2023\/08\/Arjen-kestavyystoimenpiteet-kuvakkeet-04.png 1005w\" sizes=\"auto, (max-width: 158px) 85vw, 158px\" \/>Det avfall som uppkommer i undervisningen sorteras enligt avfallshanteringsbest\u00e4mmelserna som en del av undervisningen:<\/p>\n<ul>\n<li>L\u00e4rarna och studerandena ansvarar f\u00f6r sorteringen och t\u00f6mningen av k\u00e4rlen<\/li>\n<li>St\u00e4daren t\u00f6mmer k\u00e4rlen f\u00f6r br\u00e4nnbart avfall<\/li>\n<\/ul>\n<p>Det avfall som bildas i pausutrymmena sorteras enligt avfallshanteringsbest\u00e4mmelserna:<\/p>\n<ul>\n<li>St\u00e4daren t\u00f6mmer br\u00e4nnbart avfall, bioavfall, glas och metall<\/li>\n<li>Anv\u00e4ndarna t\u00f6mmer de \u00f6vriga sopk\u00e4rlen<\/li>\n<\/ul>\n<h3><span style=\"color: #008000\">Avfallshanteringsanvisningar<\/span><\/h3>\n<p>V\u00e4lj din bransch eller ditt objekt bland ikonerna nedan. Genom att klicka p\u00e5 bilden kan du ladda ner n\u00f6dv\u00e4ndiga avfallshanteringsanvisningar. Anvisningarna kan skrivas ut och st\u00e4llas upp p\u00e5 v\u00e4ggen s\u00e5 att alla kan se dem (anvisningarna finns endast p\u00e5 finska).<\/p>\n<p><a href=\"https:\/\/blog.edu.turku.fi\/kekeperehdytys\/files\/2023\/11\/Elintarvikealan-tyosali.pdf\" target=\"_blank\" rel=\"noopener\"><img loading=\"lazy\" decoding=\"async\" class=\"alignleft wp-image-257 size-thumbnail\" src=\"https:\/\/blog.edu.turku.fi\/kekeperehdytys\/files\/2023\/11\/Elte-tyosali-1-150x150.png\" alt=\"\" width=\"150\" height=\"150\" srcset=\"https:\/\/blog.edu.turku.fi\/kekeperehdytys\/files\/2023\/11\/Elte-tyosali-1-150x150.png 150w, https:\/\/blog.edu.turku.fi\/kekeperehdytys\/files\/2023\/11\/Elte-tyosali-1-300x300.png 300w, https:\/\/blog.edu.turku.fi\/kekeperehdytys\/files\/2023\/11\/Elte-tyosali-1-1024x1024.png 1024w\" sizes=\"auto, (max-width: 150px) 85vw, 150px\" \/><\/a><a href=\"https:\/\/blog.edu.turku.fi\/kekeperehdytys\/files\/2023\/11\/Hiusalan-asiakaspalvelu.pdf\" target=\"_blank\" rel=\"noopener\"><img loading=\"lazy\" decoding=\"async\" class=\"alignleft wp-image-258 size-thumbnail\" src=\"https:\/\/blog.edu.turku.fi\/kekeperehdytys\/files\/2023\/11\/Hiusala-1-150x150.png\" alt=\"\" width=\"150\" height=\"150\" srcset=\"https:\/\/blog.edu.turku.fi\/kekeperehdytys\/files\/2023\/11\/Hiusala-1-150x150.png 150w, https:\/\/blog.edu.turku.fi\/kekeperehdytys\/files\/2023\/11\/Hiusala-1-300x300.png 300w, https:\/\/blog.edu.turku.fi\/kekeperehdytys\/files\/2023\/11\/Hiusala-1-1021x1024.png 1021w\" sizes=\"auto, (max-width: 150px) 85vw, 150px\" \/><\/a><a href=\"https:\/\/blog.edu.turku.fi\/kekeperehdytys\/files\/2023\/11\/Kauneusalan-asiakaspalvelu.pdf\" target=\"_blank\" rel=\"noopener\"><img loading=\"lazy\" decoding=\"async\" class=\"alignleft wp-image-259 size-thumbnail\" src=\"https:\/\/blog.edu.turku.fi\/kekeperehdytys\/files\/2023\/11\/Kauneusala-1-150x150.png\" alt=\"\" width=\"150\" height=\"150\" srcset=\"https:\/\/blog.edu.turku.fi\/kekeperehdytys\/files\/2023\/11\/Kauneusala-1-150x150.png 150w, https:\/\/blog.edu.turku.fi\/kekeperehdytys\/files\/2023\/11\/Kauneusala-1-300x300.png 300w, https:\/\/blog.edu.turku.fi\/kekeperehdytys\/files\/2023\/11\/Kauneusala-1.png 1024w\" sizes=\"auto, (max-width: 150px) 85vw, 150px\" \/><\/a><a href=\"https:\/\/blog.edu.turku.fi\/kekeperehdytys\/files\/2023\/11\/Logistiikka-ja-ajoneuvoala-korjaamot.pdf\" target=\"_blank\" rel=\"noopener\"><img loading=\"lazy\" decoding=\"async\" class=\"alignleft wp-image-260 size-thumbnail\" src=\"https:\/\/blog.edu.turku.fi\/kekeperehdytys\/files\/2023\/11\/Korjaamo-1-150x150.png\" alt=\"\" width=\"150\" height=\"150\" srcset=\"https:\/\/blog.edu.turku.fi\/kekeperehdytys\/files\/2023\/11\/Korjaamo-1-150x150.png 150w, https:\/\/blog.edu.turku.fi\/kekeperehdytys\/files\/2023\/11\/Korjaamo-1-300x300.png 300w, https:\/\/blog.edu.turku.fi\/kekeperehdytys\/files\/2023\/11\/Korjaamo-1.png 1024w\" sizes=\"auto, (max-width: 150px) 85vw, 150px\" \/><\/a><a href=\"https:\/\/blog.edu.turku.fi\/kekeperehdytys\/files\/2023\/11\/Kaytavat-ja-yleiset-tilat.pdf\" target=\"_blank\" rel=\"noopener\"><img loading=\"lazy\" decoding=\"async\" class=\"alignleft wp-image-261 size-thumbnail\" src=\"https:\/\/blog.edu.turku.fi\/kekeperehdytys\/files\/2023\/11\/Kaytavat-1-150x150.png\" alt=\"\" width=\"150\" height=\"150\" srcset=\"https:\/\/blog.edu.turku.fi\/kekeperehdytys\/files\/2023\/11\/Kaytavat-1-150x150.png 150w, https:\/\/blog.edu.turku.fi\/kekeperehdytys\/files\/2023\/11\/Kaytavat-1-300x300.png 300w, https:\/\/blog.edu.turku.fi\/kekeperehdytys\/files\/2023\/11\/Kaytavat-1.png 1024w\" sizes=\"auto, (max-width: 150px) 85vw, 150px\" \/><\/a><a href=\"https:\/\/blog.edu.turku.fi\/kekeperehdytys\/files\/2023\/11\/Laboratorio.pdf\" target=\"_blank\" rel=\"noopener\"><img loading=\"lazy\" decoding=\"async\" class=\"alignleft wp-image-262 size-thumbnail\" src=\"https:\/\/blog.edu.turku.fi\/kekeperehdytys\/files\/2023\/11\/Laboratorio-1-150x150.png\" alt=\"\" width=\"150\" height=\"150\" srcset=\"https:\/\/blog.edu.turku.fi\/kekeperehdytys\/files\/2023\/11\/Laboratorio-1-150x150.png 150w, https:\/\/blog.edu.turku.fi\/kekeperehdytys\/files\/2023\/11\/Laboratorio-1-300x300.png 300w, https:\/\/blog.edu.turku.fi\/kekeperehdytys\/files\/2023\/11\/Laboratorio-1.png 1024w\" sizes=\"auto, (max-width: 150px) 85vw, 150px\" \/><\/a><a href=\"https:\/\/blog.edu.turku.fi\/kekeperehdytys\/files\/2023\/11\/Luokkatilat.pdf\" target=\"_blank\" rel=\"noopener\"><img loading=\"lazy\" decoding=\"async\" class=\"alignleft wp-image-263 size-thumbnail\" src=\"https:\/\/blog.edu.turku.fi\/kekeperehdytys\/files\/2023\/11\/Luokka-1-150x150.png\" alt=\"\" width=\"150\" height=\"150\" srcset=\"https:\/\/blog.edu.turku.fi\/kekeperehdytys\/files\/2023\/11\/Luokka-1-150x150.png 150w, https:\/\/blog.edu.turku.fi\/kekeperehdytys\/files\/2023\/11\/Luokka-1-300x300.png 300w, https:\/\/blog.edu.turku.fi\/kekeperehdytys\/files\/2023\/11\/Luokka-1.png 1024w\" sizes=\"auto, (max-width: 150px) 85vw, 150px\" \/><\/a><a href=\"https:\/\/blog.edu.turku.fi\/kekeperehdytys\/files\/2023\/11\/Opetuskeittio.pdf\" target=\"_blank\" rel=\"noopener\"><img loading=\"lazy\" decoding=\"async\" class=\"alignleft wp-image-264 size-thumbnail\" src=\"https:\/\/blog.edu.turku.fi\/kekeperehdytys\/files\/2023\/11\/Opetuskeittio-1-150x150.png\" alt=\"\" width=\"150\" height=\"150\" srcset=\"https:\/\/blog.edu.turku.fi\/kekeperehdytys\/files\/2023\/11\/Opetuskeittio-1-150x150.png 150w, https:\/\/blog.edu.turku.fi\/kekeperehdytys\/files\/2023\/11\/Opetuskeittio-1-300x300.png 300w, https:\/\/blog.edu.turku.fi\/kekeperehdytys\/files\/2023\/11\/Opetuskeittio-1.png 1024w\" sizes=\"auto, (max-width: 150px) 85vw, 150px\" \/><\/a><a href=\"https:\/\/blog.edu.turku.fi\/kekeperehdytys\/files\/2023\/11\/Prosessiteollisuus.pdf\" target=\"_blank\" rel=\"noopener\"><img loading=\"lazy\" decoding=\"async\" class=\"alignleft wp-image-265 size-thumbnail\" src=\"https:\/\/blog.edu.turku.fi\/kekeperehdytys\/files\/2023\/11\/Prosessiteollisuus-1-150x150.png\" alt=\"\" width=\"150\" height=\"150\" srcset=\"https:\/\/blog.edu.turku.fi\/kekeperehdytys\/files\/2023\/11\/Prosessiteollisuus-1-150x150.png 150w, https:\/\/blog.edu.turku.fi\/kekeperehdytys\/files\/2023\/11\/Prosessiteollisuus-1-300x300.png 300w, https:\/\/blog.edu.turku.fi\/kekeperehdytys\/files\/2023\/11\/Prosessiteollisuus-1-1024x1024.png 1024w\" sizes=\"auto, (max-width: 150px) 85vw, 150px\" \/><\/a><a href=\"https:\/\/blog.edu.turku.fi\/kekeperehdytys\/files\/2023\/11\/Kahvihuone-ja-taukotila.pdf\" target=\"_blank\" rel=\"noopener\"><img loading=\"lazy\" decoding=\"async\" class=\"alignleft wp-image-266 size-thumbnail\" src=\"https:\/\/blog.edu.turku.fi\/kekeperehdytys\/files\/2023\/11\/Taukotila-150x150.png\" alt=\"\" width=\"150\" height=\"150\" srcset=\"https:\/\/blog.edu.turku.fi\/kekeperehdytys\/files\/2023\/11\/Taukotila-150x150.png 150w, https:\/\/blog.edu.turku.fi\/kekeperehdytys\/files\/2023\/11\/Taukotila-300x300.png 300w, https:\/\/blog.edu.turku.fi\/kekeperehdytys\/files\/2023\/11\/Taukotila.png 1024w\" sizes=\"auto, (max-width: 150px) 85vw, 150px\" \/><\/a><a href=\"https:\/\/blog.edu.turku.fi\/kekeperehdytys\/files\/2023\/12\/Jatehuoltotaulukko-tekstiili-ja-muotiala.pdf\" target=\"_blank\" rel=\"noopener\"><img loading=\"lazy\" decoding=\"async\" class=\"alignleft wp-image-267 size-thumbnail\" src=\"https:\/\/blog.edu.turku.fi\/kekeperehdytys\/files\/2023\/11\/Temu-tyosali-1-150x150.png\" alt=\"\" width=\"150\" height=\"150\" srcset=\"https:\/\/blog.edu.turku.fi\/kekeperehdytys\/files\/2023\/11\/Temu-tyosali-1-150x150.png 150w, https:\/\/blog.edu.turku.fi\/kekeperehdytys\/files\/2023\/11\/Temu-tyosali-1-300x300.png 300w, https:\/\/blog.edu.turku.fi\/kekeperehdytys\/files\/2023\/11\/Temu-tyosali-1-1024x1024.png 1024w\" sizes=\"auto, (max-width: 150px) 85vw, 150px\" \/><\/a><a href=\"https:\/\/blog.edu.turku.fi\/kekeperehdytys\/files\/2023\/11\/Tyosali.pdf\" target=\"_blank\" rel=\"noopener\"><img loading=\"lazy\" decoding=\"async\" class=\"alignleft wp-image-268 size-thumbnail\" src=\"https:\/\/blog.edu.turku.fi\/kekeperehdytys\/files\/2023\/11\/Tyosali-1-150x150.png\" alt=\"\" width=\"150\" height=\"150\" srcset=\"https:\/\/blog.edu.turku.fi\/kekeperehdytys\/files\/2023\/11\/Tyosali-1-150x150.png 150w, https:\/\/blog.edu.turku.fi\/kekeperehdytys\/files\/2023\/11\/Tyosali-1-300x300.png 300w, https:\/\/blog.edu.turku.fi\/kekeperehdytys\/files\/2023\/11\/Tyosali-1.png 1024w\" sizes=\"auto, (max-width: 150px) 85vw, 150px\" \/><\/a><\/p>\n<p><a href=\"https:\/\/blog.edu.turku.fi\/kekeperehdytys\/files\/2023\/12\/Jatehuoltotaulukko-Sote.pdf\"><img loading=\"lazy\" decoding=\"async\" class=\"alignleft wp-image-457 size-thumbnail\" src=\"https:\/\/blog.edu.turku.fi\/kekeperehdytys\/files\/2023\/12\/sote-jatehuolto-kuvake-150x150.png\" alt=\"\" width=\"150\" height=\"150\" srcset=\"https:\/\/blog.edu.turku.fi\/kekeperehdytys\/files\/2023\/12\/sote-jatehuolto-kuvake-150x150.png 150w, https:\/\/blog.edu.turku.fi\/kekeperehdytys\/files\/2023\/12\/sote-jatehuolto-kuvake-300x300.png 300w, https:\/\/blog.edu.turku.fi\/kekeperehdytys\/files\/2023\/12\/sote-jatehuolto-kuvake-1024x1020.png 1024w\" sizes=\"auto, (max-width: 150px) 85vw, 150px\" \/><\/a><\/p>\n<p>&nbsp;<\/p>\n<p>&nbsp;<\/p>\n<p>&nbsp;<\/p>\n<p>&nbsp;<\/p>\n<p>&nbsp;<\/p>\n<p>&nbsp;<\/p>\n<p>&nbsp;<\/p>\n<p>&nbsp;<\/p>\n<p>&nbsp;<\/p>\n<p>&nbsp;<\/p>\n<p>&nbsp;<\/p>\n<p>&nbsp;<\/p>\n<p>&nbsp;<\/p>\n<p>&nbsp;<\/p>\n<h3><span style=\"color: #008000\">Ordnande av evenemang<\/span><\/h3>\n<p><img loading=\"lazy\" decoding=\"async\" class=\"alignleft wp-image-107\" src=\"https:\/\/blog.edu.turku.fi\/kekeperehdytys\/files\/2023\/08\/Arjen-kestavyystoimenpiteet-kuvakkeet-10-241x300.png\" alt=\"\" width=\"95\" height=\"119\" srcset=\"https:\/\/blog.edu.turku.fi\/kekeperehdytys\/files\/2023\/08\/Arjen-kestavyystoimenpiteet-kuvakkeet-10-241x300.png 241w, https:\/\/blog.edu.turku.fi\/kekeperehdytys\/files\/2023\/08\/Arjen-kestavyystoimenpiteet-kuvakkeet-10-823x1024.png 823w, https:\/\/blog.edu.turku.fi\/kekeperehdytys\/files\/2023\/08\/Arjen-kestavyystoimenpiteet-kuvakkeet-10.png 1005w\" sizes=\"auto, (max-width: 95px) 85vw, 95px\" \/>Beakta anvisningarna f\u00f6r h\u00e5llbart arrangemang av evenemang p\u00e5 alla TAI:s evenemang:<\/p>\n<p>&nbsp;<\/p>\n<p>&nbsp;<\/p>\n<p><span style=\"color: #008000\"><strong>Val av evenemangsplats<\/strong><\/span><\/p>\n<ul>\n<li>N\u00e4r du v\u00e4ljer evenemangsplatsen, ta h\u00e4nsyn till kollektiva trafikf\u00f6rbindelser till platsen och tillg\u00e4ngligheten med l\u00e4tt trafik.<\/li>\n<li>Beakta tillg\u00e4ngligheten vid valet av evenemangsplats<\/li>\n<li>Se till att det finns m\u00f6jlighet till handikapparkering n\u00e4ra huvuding\u00e5ngen.<\/li>\n<\/ul>\n<p><span style=\"color: #008000\"><strong>Inbjudningar och kommunikation<\/strong><\/span><\/p>\n<ul>\n<li>Informera i inbjudan med vilken linje\/tur inom kollektivtrafiken det \u00e4r l\u00e4tt att komma till evenemangsplatsen och uppmuntra deltagarna att anv\u00e4nda kollektivtrafiken eller l\u00e4tt trafik.<\/li>\n<li>Informera tydligt om evenemangets tillg\u00e4nglighet och kom ih\u00e5g att n\u00e4mna om evenemangsplatsen inte \u00e4r tillg\u00e4nglig.<\/li>\n<li>Kom ih\u00e5g att ordna tydlig v\u00e4gledning p\u00e5 evenemangsplatsen, se ocks\u00e5 till att skyltarna har tydligt urskiljbara f\u00e4rger.<\/li>\n<\/ul>\n<p><span style=\"color: #008000\"><strong>Servering<\/strong><\/span><\/p>\n<ul>\n<li>Servera i f\u00f6rsta hand klimatv\u00e4nliga, h\u00e4lsosamma och n\u00e4rproducerade produkter.<\/li>\n<li>Minimera svinnet och s\u00e4lj eller sk\u00e4nk den mat som blir \u00f6ver i m\u00e5n av m\u00f6jlighet.<\/li>\n<li>Undvik eng\u00e5ngsk\u00e4rl och servera kranvatten i st\u00e4llet f\u00f6r flaskvatten.<\/li>\n<\/ul>\n<p><span style=\"color: #008000\"><strong>Avfallshantering<\/strong><\/span><\/p>\n<ul>\n<li>Minimera uppkomsten av avfall: undvik eng\u00e5ngsprodukter och dela inte ut on\u00f6digt material till deltagarna.<\/li>\n<li>M\u00f6jligg\u00f6r sorteringen av avfallet och instruera deltagarna i sorteringen.<\/li>\n<\/ul>\n<h3><span style=\"color: #008000\">Navigering<\/span><\/h3>\n<ol>\n<li><a href=\"https:\/\/blog.edu.turku.fi\/kekeperehdytys\/1-den-grona-overgangen\/\">Den gr\u00f6na \u00f6verg\u00e5ngen vid TAI<\/a><\/li>\n<li><a href=\"https:\/\/blog.edu.turku.fi\/kekeperehdytys\/2-mal\/\">TAI:s m\u00e5l f\u00f6r h\u00e5llbar utveckling<\/a><\/li>\n<li><a href=\"https:\/\/blog.edu.turku.fi\/kekeperehdytys\/3-atgarder\/\">TAI:s h\u00e5llbarhets\u00e5tg\u00e4rder<\/a><\/li>\n<li><a href=\"https:\/\/blog.edu.turku.fi\/kekeperehdytys\/4-koldioxidvishet\/\">Koldioxidvishet<\/a><\/li>\n<li><a href=\"https:\/\/blog.edu.turku.fi\/kekeperehdytys\/5-cirkular-ekonomi\/\">Cirkul\u00e4r ekonomi<\/a><\/li>\n<li><a href=\"https:\/\/blog.edu.turku.fi\/kekeperehdytys\/6-undervisning\/\">H\u00e5llbar utveckling i undervisningen och studerandenas delaktighet<\/a><\/li>\n<li><a href=\"https:\/\/blog.edu.turku.fi\/kekeperehdytys\/7-uppfoljning\/\">Uppf\u00f6ljning av den h\u00e5llbara utvecklingen vid TAI<\/a><\/li>\n<\/ol>\n<p><strong><a href=\"https:\/\/blog.edu.turku.fi\/kekeperehdytys\/4-koldioxidvishet\/\"><span style=\"color: #008000\">N\u00e4sta sida<\/span><\/a><\/strong><\/p>\n","protected":false},"excerpt":{"rendered":"<p>H\u00e5llbarhets\u00e5tg\u00e4rder i vardagen Vad m\u00e5len och \u00e5tg\u00e4rderna inneb\u00e4r i praktiken H\u00e5llbarhets\u00e5tg\u00e4rder i l\u00e4rarens arbete Ser till att studerandena l\u00e4r sig att agera i enlighet med h\u00e5llbarhetsl\u00f6ftena. Ansvarar f\u00f6r att h\u00e5llbarhetsaspekten beaktas i all undervisning. S\u00e4kerst\u00e4ller att hen sj\u00e4lv och studerandena agerar i enlighet med h\u00e5llbarhetsanvisningarna. H\u00e5llbarhets\u00e5tg\u00e4rder i handledarens arbete S\u00e4kerst\u00e4ller att hen sj\u00e4lv och studerandena &hellip; <a href=\"https:\/\/blog.edu.turku.fi\/kekeperehdytys\/3-atgarder\/\" class=\"more-link\">Jatka lukemista<span class=\"screen-reader-text\"> &#8221;3. \u00c5tg\u00e4rder&#8221;<\/span><\/a><\/p>\n","protected":false},"author":3252,"featured_media":0,"parent":0,"menu_order":0,"comment_status":"closed","ping_status":"closed","template":"","meta":{"footnotes":""},"class_list":["post-473","page","type-page","status-publish","hentry"],"_links":{"self":[{"href":"https:\/\/blog.edu.turku.fi\/kekeperehdytys\/wp-json\/wp\/v2\/pages\/473","targetHints":{"allow":["GET"]}}],"collection":[{"href":"https:\/\/blog.edu.turku.fi\/kekeperehdytys\/wp-json\/wp\/v2\/pages"}],"about":[{"href":"https:\/\/blog.edu.turku.fi\/kekeperehdytys\/wp-json\/wp\/v2\/types\/page"}],"author":[{"embeddable":true,"href":"https:\/\/blog.edu.turku.fi\/kekeperehdytys\/wp-json\/wp\/v2\/users\/3252"}],"replies":[{"embeddable":true,"href":"https:\/\/blog.edu.turku.fi\/kekeperehdytys\/wp-json\/wp\/v2\/comments?post=473"}],"version-history":[{"count":5,"href":"https:\/\/blog.edu.turku.fi\/kekeperehdytys\/wp-json\/wp\/v2\/pages\/473\/revisions"}],"predecessor-version":[{"id":555,"href":"https:\/\/blog.edu.turku.fi\/kekeperehdytys\/wp-json\/wp\/v2\/pages\/473\/revisions\/555"}],"wp:attachment":[{"href":"https:\/\/blog.edu.turku.fi\/kekeperehdytys\/wp-json\/wp\/v2\/media?parent=473"}],"curies":[{"name":"wp","href":"https:\/\/api.w.org\/{rel}","templated":true}]}}