{"id":470,"date":"2023-12-21T15:23:56","date_gmt":"2023-12-21T13:23:56","guid":{"rendered":"https:\/\/blog.edu.turku.fi\/kekeperehdytys\/?page_id=470"},"modified":"2024-01-02T13:48:35","modified_gmt":"2024-01-02T11:48:35","slug":"2-mal","status":"publish","type":"page","link":"https:\/\/blog.edu.turku.fi\/kekeperehdytys\/2-mal\/","title":{"rendered":"2. M\u00e5l"},"content":{"rendered":"<h3><span style=\"color: #008000\">TAI:s m\u00e5l f\u00f6r h\u00e5llbar utveckling<\/span><\/h3>\n<figure id=\"attachment_31\" aria-describedby=\"caption-attachment-31\" style=\"width: 344px\" class=\"wp-caption alignleft\"><a href=\"https:\/\/www.thinglink.com\/card\/1712797647015773028\" target=\"_blank\" rel=\"noopener\"><img loading=\"lazy\" decoding=\"async\" class=\"wp-image-31\" src=\"https:\/\/blog.edu.turku.fi\/kekeperehdytys\/files\/2023\/08\/Kestu-polku-TAITO-kampus-pieni-18.8-241x300.png\" alt=\"\" width=\"344\" height=\"428\" srcset=\"https:\/\/blog.edu.turku.fi\/kekeperehdytys\/files\/2023\/08\/Kestu-polku-TAITO-kampus-pieni-18.8-241x300.png 241w, https:\/\/blog.edu.turku.fi\/kekeperehdytys\/files\/2023\/08\/Kestu-polku-TAITO-kampus-pieni-18.8.png 823w\" sizes=\"auto, (max-width: 344px) 85vw, 344px\" \/><\/a><figcaption id=\"caption-attachment-31\" class=\"wp-caption-text\">Klicka p\u00e5 bilden f\u00f6r att \u00f6ppna l\u00e4nken<\/figcaption><\/figure>\n<p>\u00c5bo yrkesinstitut vill ta h\u00e4nsyn till den h\u00e5llbara utvecklingen och g\u00f6ra den till en allt st\u00f6rre del av institutets vardag. TAI:s verksamhetskultur f\u00f6r h\u00e5llbar utveckling har utvecklats inom projektet KESTU \u2013 Kest\u00e4v\u00e4n tulevaisuuden ammattilaiset (2022\u20132023).<br \/>\nInom KESTU-projektet skapades TAI:s h\u00e5llbarhetsplan d\u00e4r man beskriver TAI:s h\u00e5llbarhetsm\u00e5l och \u00e5rliga \u00e5tg\u00e4rder f\u00f6r att uppn\u00e5 m\u00e5len.<br \/>\nM\u00e5len och \u00e5tg\u00e4rderna presenteras i en interaktiv presentation som du kan \u00f6ppna genom att klicka p\u00e5 vidst\u00e5ende bild. Du kommer ocks\u00e5 till presentationen via h\u00e5llbarhetssidan p\u00e5 TAI:s webbplats. Genom att klicka p\u00e5 knapparna i presentationen kan du bekanta dig med \u00e5tg\u00e4rderna f\u00f6r varje \u00e5r och de m\u00e5l som TAI siktar mot f\u00f6re 2027.<br \/>\nL\u00e4nk till den interaktiva bilden p\u00e5 ThingLink:<br \/>\n<a href=\"https:\/\/www.thinglink.com\/card\/1712797647015773028\">https:\/\/www.thinglink.com\/card\/1712797647015773028<\/a><\/p>\n<h3><span style=\"color: #008000\">TAI:s h\u00e5llbarhetsm\u00e5l enligt tema<\/span><\/h3>\n<h5>Verksamhetskultur<\/h5>\n<ol>\n<li>Verksamhetskulturen har m\u00e5lmedvetet anpassats till h\u00e5llbarhetsm\u00e5len<\/li>\n<li>Den h\u00e5llbara utvecklingen leds och styrs koordinerat och tillr\u00e4ckliga resurser har reserverats f\u00f6r den<\/li>\n<li>\u00c5tg\u00e4rderna f\u00f6r h\u00e5llbar utveckling och deras effekter f\u00f6ljs upp regelbundet och systematiskt och uppdateras vid behov<\/li>\n<li>Principerna f\u00f6r h\u00e5llbar utveckling syns i TAI:s externa och interna kommunikation<\/li>\n<\/ol>\n<h5>Undervisning och studerande<\/h5>\n<ol>\n<li>H\u00e5llbar utveckling ing\u00e5r i all yrkesutbildning<\/li>\n<li>H\u00e5llbarhetsundervisningen \u00e4r j\u00e4mlik och likadan f\u00f6r alla studerande<\/li>\n<li>Studerandena deltar i beslutsfattandet och planeringen av \u00e5tg\u00e4rder<\/li>\n<\/ol>\n<h5>Personalens kompetens<\/h5>\n<ol>\n<li>Personalens kompetens i h\u00e5llbar utveckling utvecklas systematiskt<\/li>\n<li>Man s\u00e4kerst\u00e4ller att hela personalen har minst baskompetens i h\u00e5llbarhetsteman<\/li>\n<\/ol>\n<h5>Partnerskap<\/h5>\n<ol>\n<li>L\u00e4roanstalten har samarbetspartner f\u00f6r h\u00e5llbar utveckling i flera olika branscher<\/li>\n<li>Olika branscher g\u00f6r branschspecifikt samarbete med f\u00f6reg\u00e5ngarf\u00f6retag<\/li>\n<\/ol>\n<h5>Koldioxidvishet<\/h5>\n<ol>\n<li>L\u00e4roanstalten \u00e4r medveten om sin klimatp\u00e5verkan<\/li>\n<li>L\u00e4roanstaltens klimatp\u00e5verkan minskas genom motiverade \u00e5tg\u00e4rder<\/li>\n<li>I planeringen av det kommande TAITO-campuset beaktas energieffektivitet, koldioxidvishet och principerna f\u00f6r cirkul\u00e4r ekonomi<\/li>\n<\/ol>\n<hr \/>\n<h3><span style=\"color: #008000\">Mat<\/span><\/h3>\n<p><strong><img loading=\"lazy\" decoding=\"async\" class=\"alignleft wp-image-142\" src=\"https:\/\/blog.edu.turku.fi\/kekeperehdytys\/files\/2023\/10\/Arjen-kestavyystoimenpiteet-kuvakkeet-01-241x300.png\" alt=\"\" width=\"121\" height=\"151\" srcset=\"https:\/\/blog.edu.turku.fi\/kekeperehdytys\/files\/2023\/10\/Arjen-kestavyystoimenpiteet-kuvakkeet-01-241x300.png 241w, https:\/\/blog.edu.turku.fi\/kekeperehdytys\/files\/2023\/10\/Arjen-kestavyystoimenpiteet-kuvakkeet-01-823x1024.png 823w, https:\/\/blog.edu.turku.fi\/kekeperehdytys\/files\/2023\/10\/Arjen-kestavyystoimenpiteet-kuvakkeet-01.png 1005w\" sizes=\"auto, (max-width: 121px) 85vw, 121px\" \/>M\u00e5len f\u00f6r TAI:s och KOPA:s mattj\u00e4nster:<\/strong><\/p>\n<ul>\n<li>\u00d6kning av antalet studerande som \u00e4ter<\/li>\n<li>\u00d6kning av studerandenas delaktighet med hj\u00e4lp av matr\u00e5d och enk\u00e4ter<\/li>\n<li>Tillg\u00e5ng till information i realtid f\u00f6r m\u00e5ltidstj\u00e4nsterna om antalet studerande som \u00e4r p\u00e5 plats<\/li>\n<li>Daglig uppf\u00f6ljning av svinn och kommunikation om svinn till matg\u00e4sterna<\/li>\n<li>Informering om koldioxidavtrycket med hj\u00e4lp av markeringar i matsedeln och uppst\u00e4llande av m\u00e5l f\u00f6r minskning av koldioxidavtrycket<\/li>\n<li>\u00d6kad anv\u00e4ndning av v\u00e4xtbaserad mat med hj\u00e4lp av s.k. hybridrecept<\/li>\n<li>Utveckling av vegetarisk mat utifr\u00e5n respons fr\u00e5n studerandena<\/li>\n<li>Fler fiskr\u00e4tter p\u00e5 studerandemattj\u00e4nsternas matsedel<\/li>\n<\/ul>\n<h3><span style=\"color: #008000\">Transportmedel<\/span><\/h3>\n<p><strong><img loading=\"lazy\" decoding=\"async\" class=\"alignleft wp-image-106\" src=\"https:\/\/blog.edu.turku.fi\/kekeperehdytys\/files\/2023\/08\/Arjen-kestavyystoimenpiteet-kuvakkeet-02-241x300.png\" alt=\"\" width=\"120\" height=\"150\" srcset=\"https:\/\/blog.edu.turku.fi\/kekeperehdytys\/files\/2023\/08\/Arjen-kestavyystoimenpiteet-kuvakkeet-02-241x300.png 241w, https:\/\/blog.edu.turku.fi\/kekeperehdytys\/files\/2023\/08\/Arjen-kestavyystoimenpiteet-kuvakkeet-02-823x1024.png 823w, https:\/\/blog.edu.turku.fi\/kekeperehdytys\/files\/2023\/08\/Arjen-kestavyystoimenpiteet-kuvakkeet-02.png 1005w\" sizes=\"auto, (max-width: 120px) 85vw, 120px\" \/>M\u00e5l:<\/strong><\/p>\n<ul>\n<li>\u00d6kning av andelen skol- och arbetsresor som f\u00e4rdas med muskelkraft och kollektivtrafik<\/li>\n<li>Markerad cykelparkering vid varje skolbyggnad med m\u00f6jlighet till raml\u00e5sning<\/li>\n<li>\u00d6kning av studerandenas och personalens medvetenhet om milj\u00f6konsekvenserna av trafik och olika f\u00e4rds\u00e4tt samt trafiks\u00e4kerheten<\/li>\n<li>Information till personalen och studerandena om var bussh\u00e5llplatser, cykelparkeringar och f\u00e4rdleder finns<\/li>\n<li>S\u00e4kerst\u00e4llande av att trafikreglerna f\u00f6ljs och f\u00f6rb\u00e4ttring av trafiks\u00e4kerheten i n\u00e4rheten av skolbyggnader<\/li>\n<\/ul>\n<h3><span style=\"color: #008000\">Energi och vatten<\/span><\/h3>\n<p><strong><img loading=\"lazy\" decoding=\"async\" class=\"alignleft wp-image-143\" src=\"https:\/\/blog.edu.turku.fi\/kekeperehdytys\/files\/2023\/10\/Arjen-kestavyystoimenpiteet-kuvakkeet-03-241x300.png\" alt=\"\" width=\"121\" height=\"151\" srcset=\"https:\/\/blog.edu.turku.fi\/kekeperehdytys\/files\/2023\/10\/Arjen-kestavyystoimenpiteet-kuvakkeet-03-241x300.png 241w, https:\/\/blog.edu.turku.fi\/kekeperehdytys\/files\/2023\/10\/Arjen-kestavyystoimenpiteet-kuvakkeet-03-823x1024.png 823w, https:\/\/blog.edu.turku.fi\/kekeperehdytys\/files\/2023\/10\/Arjen-kestavyystoimenpiteet-kuvakkeet-03.png 1005w\" sizes=\"auto, (max-width: 121px) 85vw, 121px\" \/>M\u00e5l:<\/strong><\/p>\n<ul>\n<li>Minskning av energif\u00f6rbrukningen i skolbyggnader och d\u00e4rmed minskning av TAI:s koldioxidavtryck med motiverade och kostnadseffektiva \u00e5tg\u00e4rder<\/li>\n<li>Minimering av vattenf\u00f6rbrukningen i skolbyggnader<\/li>\n<li>S\u00e4kerst\u00e4llande av energieffektiviteten och koldioxidsn\u00e5lheten p\u00e5 det kommande TAITO-campuset<\/li>\n<li>Utnyttjande av f\u00f6rnybara energik\u00e4llor i m\u00e5n av m\u00f6jlighet<\/li>\n<li>\u00d6kning av studerandenas f\u00f6rst\u00e5else av energi- och vattenf\u00f6rbrukningens betydelse f\u00f6r milj\u00f6n<\/li>\n<\/ul>\n<h3><span style=\"color: #008000\">Avfallshantering<\/span><\/h3>\n<p><strong><img loading=\"lazy\" decoding=\"async\" class=\"alignleft wp-image-108\" src=\"https:\/\/blog.edu.turku.fi\/kekeperehdytys\/files\/2023\/08\/Arjen-kestavyystoimenpiteet-kuvakkeet-04-241x300.png\" alt=\"\" width=\"122\" height=\"152\" srcset=\"https:\/\/blog.edu.turku.fi\/kekeperehdytys\/files\/2023\/08\/Arjen-kestavyystoimenpiteet-kuvakkeet-04-241x300.png 241w, https:\/\/blog.edu.turku.fi\/kekeperehdytys\/files\/2023\/08\/Arjen-kestavyystoimenpiteet-kuvakkeet-04-823x1024.png 823w, https:\/\/blog.edu.turku.fi\/kekeperehdytys\/files\/2023\/08\/Arjen-kestavyystoimenpiteet-kuvakkeet-04.png 1005w\" sizes=\"auto, (max-width: 122px) 85vw, 122px\" \/>M\u00e5l:<\/strong><\/p>\n<ul>\n<li>Minimering av m\u00e4ngden avfall som uppkommer i undervisningen<\/li>\n<li>Sortering av allt avfall som uppkommer i TAI:s skolbyggnader och i undervisningen enligt kraven i avfallshanteringsbest\u00e4mmelserna och avfallshanteringslagstiftningen<\/li>\n<\/ul>\n<hr \/>\n<h3><span style=\"color: #008000\">Sammanfattning: m\u00e5l\u00a0<\/span><\/h3>\n<ul>\n<li>TAI har st\u00e4llt upp m\u00e5l p\u00e5 l\u00e4ngre och kortare sikt, med vilka TAI str\u00e4var efter att utveckla sin egen verksamhet s\u00e5 att den blir h\u00e5llbarare.<\/li>\n<li>H\u00e5llbarhetsm\u00e5len g\u00e4ller TAI:s verksamhetskultur, undervisning, personal, partnerskap och koldioxidvishet.<\/li>\n<li>Alla som arbetar och studerar vid TAI ska beakta h\u00e5llbarhetsm\u00e5len och f\u00f6lja dem.<\/li>\n<\/ul>\n<h3><span style=\"color: #008000\">Navigering<\/span><\/h3>\n<ol>\n<li style=\"list-style-type: none\">\n<ol>\n<li><a href=\"https:\/\/blog.edu.turku.fi\/kekeperehdytys\/1-den-grona-overgangen\/\">Den gr\u00f6na \u00f6verg\u00e5ngen vid TAI<\/a><\/li>\n<li><a href=\"https:\/\/blog.edu.turku.fi\/kekeperehdytys\/2-mal\/\">TAI:s m\u00e5l f\u00f6r h\u00e5llbar utveckling<\/a><\/li>\n<li><a href=\"https:\/\/blog.edu.turku.fi\/kekeperehdytys\/3-atgarder\/\">TAI:s h\u00e5llbarhets\u00e5tg\u00e4rder<\/a><\/li>\n<li><a href=\"https:\/\/blog.edu.turku.fi\/kekeperehdytys\/4-koldioxidvishet\/\">Koldioxidvishet<\/a><\/li>\n<li><a href=\"https:\/\/blog.edu.turku.fi\/kekeperehdytys\/5-cirkular-ekonomi\/\">Cirkul\u00e4r ekonomi<\/a><\/li>\n<li><a href=\"https:\/\/blog.edu.turku.fi\/kekeperehdytys\/6-undervisning\/\">H\u00e5llbar utveckling i undervisningen och studerandenas delaktighet<\/a><\/li>\n<li><a href=\"https:\/\/blog.edu.turku.fi\/kekeperehdytys\/7-uppfoljning\/\">Uppf\u00f6ljning av den h\u00e5llbara utvecklingen vid TAI<\/a><\/li>\n<\/ol>\n<\/li>\n<\/ol>\n<p><strong><a href=\"https:\/\/blog.edu.turku.fi\/kekeperehdytys\/3-atgarder\/\"><span style=\"color: #008000\">N\u00e4sta sida<\/span><\/a><\/strong><\/p>\n","protected":false},"excerpt":{"rendered":"<p>TAI:s m\u00e5l f\u00f6r h\u00e5llbar utveckling \u00c5bo yrkesinstitut vill ta h\u00e4nsyn till den h\u00e5llbara utvecklingen och g\u00f6ra den till en allt st\u00f6rre del av institutets vardag. TAI:s verksamhetskultur f\u00f6r h\u00e5llbar utveckling har utvecklats inom projektet KESTU \u2013 Kest\u00e4v\u00e4n tulevaisuuden ammattilaiset (2022\u20132023). Inom KESTU-projektet skapades TAI:s h\u00e5llbarhetsplan d\u00e4r man beskriver TAI:s h\u00e5llbarhetsm\u00e5l och \u00e5rliga \u00e5tg\u00e4rder f\u00f6r att &hellip; <a href=\"https:\/\/blog.edu.turku.fi\/kekeperehdytys\/2-mal\/\" class=\"more-link\">Jatka lukemista<span class=\"screen-reader-text\"> &#8221;2. M\u00e5l&#8221;<\/span><\/a><\/p>\n","protected":false},"author":3252,"featured_media":0,"parent":0,"menu_order":0,"comment_status":"closed","ping_status":"closed","template":"","meta":{"footnotes":""},"class_list":["post-470","page","type-page","status-publish","hentry"],"_links":{"self":[{"href":"https:\/\/blog.edu.turku.fi\/kekeperehdytys\/wp-json\/wp\/v2\/pages\/470","targetHints":{"allow":["GET"]}}],"collection":[{"href":"https:\/\/blog.edu.turku.fi\/kekeperehdytys\/wp-json\/wp\/v2\/pages"}],"about":[{"href":"https:\/\/blog.edu.turku.fi\/kekeperehdytys\/wp-json\/wp\/v2\/types\/page"}],"author":[{"embeddable":true,"href":"https:\/\/blog.edu.turku.fi\/kekeperehdytys\/wp-json\/wp\/v2\/users\/3252"}],"replies":[{"embeddable":true,"href":"https:\/\/blog.edu.turku.fi\/kekeperehdytys\/wp-json\/wp\/v2\/comments?post=470"}],"version-history":[{"count":3,"href":"https:\/\/blog.edu.turku.fi\/kekeperehdytys\/wp-json\/wp\/v2\/pages\/470\/revisions"}],"predecessor-version":[{"id":554,"href":"https:\/\/blog.edu.turku.fi\/kekeperehdytys\/wp-json\/wp\/v2\/pages\/470\/revisions\/554"}],"wp:attachment":[{"href":"https:\/\/blog.edu.turku.fi\/kekeperehdytys\/wp-json\/wp\/v2\/media?parent=470"}],"curies":[{"name":"wp","href":"https:\/\/api.w.org\/{rel}","templated":true}]}}