{"id":464,"date":"2023-12-21T15:04:15","date_gmt":"2023-12-21T13:04:15","guid":{"rendered":"https:\/\/blog.edu.turku.fi\/kekeperehdytys\/?page_id=464"},"modified":"2024-01-02T13:47:25","modified_gmt":"2024-01-02T11:47:25","slug":"1-den-grona-overgangen","status":"publish","type":"page","link":"https:\/\/blog.edu.turku.fi\/kekeperehdytys\/1-den-grona-overgangen\/","title":{"rendered":"1. Den gr\u00f6na \u00f6verg\u00e5ngen"},"content":{"rendered":"<h3><span style=\"color: #008000\">TAI:s varum\u00e4rke och h\u00e5llbarhet<\/span><\/h3>\n<p>TAI utbildar yrkespersoner inom olika branscher f\u00f6r arbetslivets behov. Det f\u00f6r\u00e4nderliga arbetslivet f\u00f6ruts\u00e4tter att studerandena har f\u00f6r\u00e4ndringsf\u00f6rm\u00e5ga och till\u00e4gnar sig nya f\u00e4rdigheter. Milj\u00f6kompetens \u00e4r inte l\u00e4ngre en konkurrensf\u00f6rdel f\u00f6r f\u00f6retag, utan ett livsvillkor som f\u00f6rv\u00e4ntas ocks\u00e5 av arbetstagarna. D\u00e4rf\u00f6r m\u00e5ste studerandena l\u00e4ra sig att agera h\u00e5llbart i sitt yrke med beaktande av milj\u00f6aspekter samt kunna till\u00e4gna sig nya verksamhetss\u00e4tt i den f\u00f6r\u00e4nderliga v\u00e4rlden.<\/p>\n<p>L\u00e4roanstalterna har en enorm betydelse f\u00f6r f\u00f6retagens milj\u00f6kompetens genom det s\u00e5 kallade handavtrycket. N\u00e4r man vid l\u00e4roanstalten lyckas utbilda yrkespersoner som k\u00e4nner till milj\u00f6ansvaret, tar yrkespersonerna med sig sin milj\u00f6kompetens till arbetsplatserna och g\u00f6r f\u00f6retagens verksamhet h\u00e5llbarare. D\u00e4rf\u00f6r \u00e4r det viktigt att h\u00e5llbarhet och milj\u00f6kompetens ing\u00e5r i all undervisning och verksamhet vid TAI.<\/p>\n<p>Se animationen (tyv\u00e4rr bara p\u00e5 finska) nedan eller p\u00e5 TAI:s YouTube, som visar hur de fyra strategiska tyngdpunkterna som TAI:s ledning har utsett anknyter till FN:s m\u00e5l f\u00f6r h\u00e5llbar utveckling. De strategiska tyngdpunkterna styr TAI:s verksamhet, och var och en av oss ska f\u00f6lja dem.<\/p>\n<p><a href=\"https:\/\/photos.onedrive.com\/share\/DBA3A3E3FF6D22AF!56681?cid=DBA3A3E3FF6D22AF&amp;resId=DBA3A3E3FF6D22AF!56681&amp;authkey=!AN8cJzihIvvry0U&amp;ithint=video&amp;e=L9x4Mg\" target=\"_blank\" rel=\"noopener\"><img loading=\"lazy\" decoding=\"async\" class=\"alignleft wp-image-17 size-large\" src=\"https:\/\/blog.edu.turku.fi\/kekeperehdytys\/files\/2023\/08\/Agenda-2030-1024x576.png\" alt=\"\" width=\"1024\" height=\"576\" srcset=\"https:\/\/blog.edu.turku.fi\/kekeperehdytys\/files\/2023\/08\/Agenda-2030.png 1024w, https:\/\/blog.edu.turku.fi\/kekeperehdytys\/files\/2023\/08\/Agenda-2030-300x169.png 300w\" sizes=\"auto, (max-width: 709px) 85vw, (max-width: 909px) 67vw, (max-width: 1362px) 62vw, 840px\" \/><\/a><\/p>\n<h3><span style=\"color: #008000\">\u00c5bo stads klimatm\u00e5l och v\u00e4gkarta f\u00f6r cirkul\u00e4r ekonomi<\/span><\/h3>\n<p>\u00c5bo har som m\u00e5l att vara kolneutralt \u00e5r 2029, och d\u00e4refter klimatpositivt. Klimatpositivitet inneb\u00e4r att det inom stadens omr\u00e5de och i dess funktioner binds mer kol \u00e4n sl\u00e4pps ut i atmosf\u00e4ren. M\u00e5let \u00e4r ambiti\u00f6st och kr\u00e4ver \u00e5tg\u00e4rder i hela stadsorganisationen.<\/p>\n<p>M\u00e5len f\u00f6r h\u00e5llbar utveckling har inkluderats b\u00e5de i borgm\u00e4starprogrammet och stadsstrategin. Stadsfullm\u00e4ktige godk\u00e4nde \u00c5bos klimatplan \u00e5r 2018 och uppdaterade den \u00e5r 2022. M\u00e5len g\u00e4ller alla \u00c5bo stads funktioner \u2013 \u00e4ven yrkesinstitutet.<\/p>\n<p>Staden str\u00e4var efter att st\u00e4vja klimatf\u00f6r\u00e4ndringen i synnerhet genom att satsa p\u00e5 ett kolneutralt energisystem, fr\u00e4mja koldioxidsn\u00e5l transport och h\u00e5llbart stadsbyggande samt st\u00e4rka kols\u00e4nkorna, dvs. konstruktioner som binder kol fr\u00e5n atmosf\u00e4ren. \u00c5bo stadskoncern f\u00f6reg\u00e5r med gott exempel f\u00f6r alla akt\u00f6rer i regionen.<\/p>\n<p><strong>L\u00e4s mera:<\/strong><\/p>\n<p><a href=\"https:\/\/www.turku.fi\/sv\/kolneutraltabo\" target=\"_blank\" rel=\"noopener\">\u00c5bo stads m\u00e5l<\/a><br \/>\n<a href=\"https:\/\/www.turku.fi\/sites\/default\/files\/atoms\/files\/klimatplanen_2029.pdf\" target=\"_blank\" rel=\"noopener\">\u00c5bo stads klimatplan<\/a><\/p>\n<h3><span style=\"color: #008000\">Sammanfattning: Den gr\u00f6na \u00f6verg\u00e5ngen<\/span><\/h3>\n<ul>\n<li>Milj\u00f6kompetens \u00e4r inte en konkurrensf\u00f6rdel f\u00f6r f\u00f6retag, utan ett livsvillkor. D\u00e4rf\u00f6r m\u00e5ste yrkespersoner inom alla branscher l\u00e4ra sig att till\u00e4gna sig nya verksamhetss\u00e4tt och agera p\u00e5 ett h\u00e5llbart s\u00e4tt med beaktande av milj\u00f6aspekterna.<\/li>\n<li>L\u00e4roanstaltens milj\u00f6avtryck inneb\u00e4r att milj\u00f6kunniga studerande och yrkespersoner tar med sig sin milj\u00f6kompetens till arbetsplatserna och g\u00f6r f\u00f6retagens verksamhet h\u00e5llbarare.<\/li>\n<li>\u00c5bo stads ambiti\u00f6sa m\u00e5l f\u00f6r klimatet, den cirkul\u00e4ra ekonomin och milj\u00f6n g\u00e4ller hela stadsorganisationen \u2013 \u00e4ven \u00c5bo yrkesinstitut.<\/li>\n<\/ul>\n<h3><span style=\"color: #008000\">Navigering<\/span><\/h3>\n<ol>\n<li><a href=\"https:\/\/blog.edu.turku.fi\/kekeperehdytys\/1-den-grona-overgangen\/\">Den gr\u00f6na \u00f6verg\u00e5ngen vid TAI<\/a><\/li>\n<li><a href=\"https:\/\/blog.edu.turku.fi\/kekeperehdytys\/2-mal\/\">TAI:s m\u00e5l f\u00f6r h\u00e5llbar utveckling<\/a><\/li>\n<li><a href=\"https:\/\/blog.edu.turku.fi\/kekeperehdytys\/3-atgarder\/\">TAI:s h\u00e5llbarhets\u00e5tg\u00e4rder<\/a><\/li>\n<li><a href=\"https:\/\/blog.edu.turku.fi\/kekeperehdytys\/4-koldioxidvishet\/\">Koldioxidvishet<\/a><\/li>\n<li><a href=\"https:\/\/blog.edu.turku.fi\/kekeperehdytys\/5-cirkular-ekonomi\/\">Cirkul\u00e4r ekonomi<\/a><\/li>\n<li><a href=\"https:\/\/blog.edu.turku.fi\/kekeperehdytys\/6-undervisning\/\">H\u00e5llbar utveckling i undervisningen och studerandenas delaktighet<\/a><\/li>\n<li><a href=\"https:\/\/blog.edu.turku.fi\/kekeperehdytys\/7-uppfoljning\/\">Uppf\u00f6ljning av den h\u00e5llbara utvecklingen vid TAI<\/a><\/li>\n<\/ol>\n<p><strong><a href=\"https:\/\/blog.edu.turku.fi\/kekeperehdytys\/2-mal\/\"><span style=\"color: #008000\">N\u00e4sta sida<\/span><\/a><\/strong><\/p>\n","protected":false},"excerpt":{"rendered":"<p>TAI:s varum\u00e4rke och h\u00e5llbarhet TAI utbildar yrkespersoner inom olika branscher f\u00f6r arbetslivets behov. Det f\u00f6r\u00e4nderliga arbetslivet f\u00f6ruts\u00e4tter att studerandena har f\u00f6r\u00e4ndringsf\u00f6rm\u00e5ga och till\u00e4gnar sig nya f\u00e4rdigheter. Milj\u00f6kompetens \u00e4r inte l\u00e4ngre en konkurrensf\u00f6rdel f\u00f6r f\u00f6retag, utan ett livsvillkor som f\u00f6rv\u00e4ntas ocks\u00e5 av arbetstagarna. D\u00e4rf\u00f6r m\u00e5ste studerandena l\u00e4ra sig att agera h\u00e5llbart i sitt yrke med beaktande &hellip; <a href=\"https:\/\/blog.edu.turku.fi\/kekeperehdytys\/1-den-grona-overgangen\/\" class=\"more-link\">Jatka lukemista<span class=\"screen-reader-text\"> &#8221;1. Den gr\u00f6na \u00f6verg\u00e5ngen&#8221;<\/span><\/a><\/p>\n","protected":false},"author":3252,"featured_media":0,"parent":0,"menu_order":0,"comment_status":"closed","ping_status":"closed","template":"","meta":{"footnotes":""},"class_list":["post-464","page","type-page","status-publish","hentry"],"_links":{"self":[{"href":"https:\/\/blog.edu.turku.fi\/kekeperehdytys\/wp-json\/wp\/v2\/pages\/464","targetHints":{"allow":["GET"]}}],"collection":[{"href":"https:\/\/blog.edu.turku.fi\/kekeperehdytys\/wp-json\/wp\/v2\/pages"}],"about":[{"href":"https:\/\/blog.edu.turku.fi\/kekeperehdytys\/wp-json\/wp\/v2\/types\/page"}],"author":[{"embeddable":true,"href":"https:\/\/blog.edu.turku.fi\/kekeperehdytys\/wp-json\/wp\/v2\/users\/3252"}],"replies":[{"embeddable":true,"href":"https:\/\/blog.edu.turku.fi\/kekeperehdytys\/wp-json\/wp\/v2\/comments?post=464"}],"version-history":[{"count":5,"href":"https:\/\/blog.edu.turku.fi\/kekeperehdytys\/wp-json\/wp\/v2\/pages\/464\/revisions"}],"predecessor-version":[{"id":553,"href":"https:\/\/blog.edu.turku.fi\/kekeperehdytys\/wp-json\/wp\/v2\/pages\/464\/revisions\/553"}],"wp:attachment":[{"href":"https:\/\/blog.edu.turku.fi\/kekeperehdytys\/wp-json\/wp\/v2\/media?parent=464"}],"curies":[{"name":"wp","href":"https:\/\/api.w.org\/{rel}","templated":true}]}}