{"id":461,"date":"2023-12-21T15:01:47","date_gmt":"2023-12-21T13:01:47","guid":{"rendered":"https:\/\/blog.edu.turku.fi\/kekeperehdytys\/?page_id=461"},"modified":"2024-01-03T14:41:18","modified_gmt":"2024-01-03T12:41:18","slug":"1-startsidan","status":"publish","type":"page","link":"https:\/\/blog.edu.turku.fi\/kekeperehdytys\/1-startsidan\/","title":{"rendered":"Startsidan"},"content":{"rendered":"<p>Milj\u00f6kompetensen hos TAI:s personal st\u00e4rks med hj\u00e4lp av en utbildningsv\u00e4g f\u00f6r h\u00e5llbar utveckling. Alla som arbetar vid TAI avl\u00e4gger minst en h\u00e5llbarhetsutbildning p\u00e5 grundniv\u00e5, vilket inneb\u00e4r att man genomg\u00e5r Finlands milj\u00f6institut SYKLI:s utbildning Ammattilaisen k\u00e4denj\u00e4lki samt s\u00e4tter sig in i den h\u00e4r h\u00e5llbarhetsmaterial och spelar spelet relaterat till materialet.<\/p>\n<p><strong>Instruktioner:<\/strong><\/p>\n<ol>\n<li>Avl\u00e4gg kursen <a href=\"https:\/\/kadenjalki.fi\/kurssit\/\" target=\"_blank\" rel=\"noopener\"><em>Johdanto kest\u00e4v\u00e4\u00e4n kehitykseen<\/em><\/a> p\u00e5 webbplatsen <em>Ammattilaisen k\u00e4denj\u00e4lki<\/em>. Kursen ger dig omfattande baskunskaper om h\u00e5llbar utveckling och den gr\u00f6na \u00f6verg\u00e5ngen.<\/li>\n<li>Bekanta dig noggrant med inneh\u00e5llet och l\u00e4nkarna i det h\u00e4r h\u00e5llbarhetsmaterialet. H\u00e5llbarhetsmaterialet ber\u00e4ttar dig hur h\u00e5llbar utveckling beaktas i TAI:s verksamhet.<\/li>\n<li>Efter att du har bekantat dig med h\u00e5llbarhetsmaterialet, testa dina kunskaper genom att utf\u00f6ra <a href=\"https:\/\/blog.edu.turku.fi\/kekeperehdytys\/files\/2023\/12\/pin_code-1.pdf\">Seppo spelet<\/a>. N\u00e4r du har klarat av spelet har du utf\u00f6rt utbildningen.<\/li>\n<\/ol>\n<h3><span style=\"color: #008000\">Niv\u00e5erna i TAI:s introduktionsprogram i h\u00e5llbarhet<\/span><\/h3>\n<ul>\n<li><img loading=\"lazy\" decoding=\"async\" class=\"alignleft wp-image-74\" src=\"https:\/\/blog.edu.turku.fi\/kekeperehdytys\/files\/2023\/08\/Koulutuspolku-kuvitus-06-216x300.jpg\" alt=\"\" width=\"309\" height=\"429\" srcset=\"https:\/\/blog.edu.turku.fi\/kekeperehdytys\/files\/2023\/08\/Koulutuspolku-kuvitus-06-216x300.jpg 216w, https:\/\/blog.edu.turku.fi\/kekeperehdytys\/files\/2023\/08\/Koulutuspolku-kuvitus-06.jpg 737w\" sizes=\"auto, (max-width: 309px) 85vw, 309px\" \/><strong><span style=\"color: #ff0000\">Niv\u00e5 1:<\/span><\/strong> F\u00f6r alla<\/li>\n<li>Kursen &#8221;<em>Johdanto kest\u00e4v\u00e4\u00e4n kehitykseen<\/em>&#8221; p\u00e5 webbplatsen &#8221;<em>Ammattilaisen k\u00e4denj\u00e4lki<\/em>&#8221; och tillh\u00f6rande test<\/li>\n<li>Det h\u00e4r h\u00e5llbarhetsmaterialet och tillh\u00f6rande test<br \/>\n<span style=\"color: #ff0000\"><strong>Niv\u00e5 2<\/strong><\/span>: F\u00f6r personer som \u00e4r intresserade av att uppr\u00e4tth\u00e5lla h\u00e5llbarhets\u00e5tg\u00e4rder<\/li>\n<li>\u00c5bo stads utbildning Ekotukikoulutus<br \/>\n<strong><span style=\"color: #ff0000\">Niv\u00e5 3<\/span><\/strong>: F\u00f6r personer som \u00e4r intresserade av att utveckla h\u00e5llbarheten inom branschen<\/li>\n<li>Branschspecifika kurser och tester p\u00e5 webbplatsen Ammattilaisen k\u00e4denj\u00e4lki<br \/>\n<span style=\"color: #ff0000\"><strong>Niv\u00e5 4<\/strong><\/span>: F\u00f6r utvalda personer som f\u00f6rbinder sig till \u00f6vergripande utveckling<\/li>\n<li>Utbildning f\u00f6r milj\u00f6fostrare (specialyrkesexamen inom milj\u00f6branschen) med l\u00e4roavtal<\/li>\n<\/ul>\n<h3><span style=\"color: #008000\">H\u00e5llbarhetsmaterialets inneh\u00e5ll<\/span><\/h3>\n<ol>\n<li><a href=\"https:\/\/blog.edu.turku.fi\/kekeperehdytys\/1-den-grona-overgangen\/\">Den gr\u00f6na \u00f6verg\u00e5ngen vid TAI<\/a><\/li>\n<li><a href=\"https:\/\/blog.edu.turku.fi\/kekeperehdytys\/2-mal\/\">TAI:s m\u00e5l f\u00f6r h\u00e5llbar utveckling<\/a><\/li>\n<li><a href=\"https:\/\/blog.edu.turku.fi\/kekeperehdytys\/3-atgarder\/\">TAI:s h\u00e5llbarhets\u00e5tg\u00e4rder<\/a><\/li>\n<li><a href=\"https:\/\/blog.edu.turku.fi\/kekeperehdytys\/4-koldioxidvishet\/\">Koldioxidvishet<\/a><\/li>\n<li><a href=\"https:\/\/blog.edu.turku.fi\/kekeperehdytys\/5-cirkular-ekonomi\/\">Cirkul\u00e4r ekonomi<\/a><\/li>\n<li><a href=\"https:\/\/blog.edu.turku.fi\/kekeperehdytys\/6-undervisning\/\">H\u00e5llbar utveckling i undervisningen och studerandenas delaktighet<\/a><\/li>\n<li><a href=\"https:\/\/blog.edu.turku.fi\/kekeperehdytys\/7-uppfoljning\/\">Uppf\u00f6ljning av den h\u00e5llbara utvecklingen vid TAI<\/a><\/li>\n<\/ol>\n<h2><span style=\"color: #008000\"><a style=\"color: #008000\" href=\"https:\/\/blog.edu.turku.fi\/kekeperehdytys\/1-den-grona-overgangen\/\">N\u00e4sta sida<\/a><\/span><\/h2>\n","protected":false},"excerpt":{"rendered":"<p>Milj\u00f6kompetensen hos TAI:s personal st\u00e4rks med hj\u00e4lp av en utbildningsv\u00e4g f\u00f6r h\u00e5llbar utveckling. Alla som arbetar vid TAI avl\u00e4gger minst en h\u00e5llbarhetsutbildning p\u00e5 grundniv\u00e5, vilket inneb\u00e4r att man genomg\u00e5r Finlands milj\u00f6institut SYKLI:s utbildning Ammattilaisen k\u00e4denj\u00e4lki samt s\u00e4tter sig in i den h\u00e4r h\u00e5llbarhetsmaterial och spelar spelet relaterat till materialet. Instruktioner: Avl\u00e4gg kursen Johdanto kest\u00e4v\u00e4\u00e4n kehitykseen &hellip; <a href=\"https:\/\/blog.edu.turku.fi\/kekeperehdytys\/1-startsidan\/\" class=\"more-link\">Jatka lukemista<span class=\"screen-reader-text\"> &#8221;Startsidan&#8221;<\/span><\/a><\/p>\n","protected":false},"author":3252,"featured_media":0,"parent":0,"menu_order":0,"comment_status":"closed","ping_status":"closed","template":"","meta":{"footnotes":""},"class_list":["post-461","page","type-page","status-publish","hentry"],"_links":{"self":[{"href":"https:\/\/blog.edu.turku.fi\/kekeperehdytys\/wp-json\/wp\/v2\/pages\/461","targetHints":{"allow":["GET"]}}],"collection":[{"href":"https:\/\/blog.edu.turku.fi\/kekeperehdytys\/wp-json\/wp\/v2\/pages"}],"about":[{"href":"https:\/\/blog.edu.turku.fi\/kekeperehdytys\/wp-json\/wp\/v2\/types\/page"}],"author":[{"embeddable":true,"href":"https:\/\/blog.edu.turku.fi\/kekeperehdytys\/wp-json\/wp\/v2\/users\/3252"}],"replies":[{"embeddable":true,"href":"https:\/\/blog.edu.turku.fi\/kekeperehdytys\/wp-json\/wp\/v2\/comments?post=461"}],"version-history":[{"count":15,"href":"https:\/\/blog.edu.turku.fi\/kekeperehdytys\/wp-json\/wp\/v2\/pages\/461\/revisions"}],"predecessor-version":[{"id":585,"href":"https:\/\/blog.edu.turku.fi\/kekeperehdytys\/wp-json\/wp\/v2\/pages\/461\/revisions\/585"}],"wp:attachment":[{"href":"https:\/\/blog.edu.turku.fi\/kekeperehdytys\/wp-json\/wp\/v2\/media?parent=461"}],"curies":[{"name":"wp","href":"https:\/\/api.w.org\/{rel}","templated":true}]}}