{"id":30,"date":"2023-08-25T11:05:51","date_gmt":"2023-08-25T08:05:51","guid":{"rendered":"https:\/\/blog.edu.turku.fi\/kekeperehdytys\/?page_id=30"},"modified":"2023-11-09T11:11:19","modified_gmt":"2023-11-09T09:11:19","slug":"2-tai-kestavan-kehityksen-tavoitteet","status":"publish","type":"page","link":"https:\/\/blog.edu.turku.fi\/kekeperehdytys\/2-tai-kestavan-kehityksen-tavoitteet\/","title":{"rendered":"2. Tavoitteet"},"content":{"rendered":"<h1>TAI kest\u00e4v\u00e4n kehityksen tavoitteet<\/h1>\n<figure id=\"attachment_31\" aria-describedby=\"caption-attachment-31\" style=\"width: 263px\" class=\"wp-caption alignleft\"><a href=\"https:\/\/www.thinglink.com\/card\/1712797647015773028\"><img loading=\"lazy\" decoding=\"async\" class=\"wp-image-31\" src=\"https:\/\/blog.edu.turku.fi\/kekeperehdytys\/files\/2023\/08\/Kestu-polku-TAITO-kampus-pieni-18.8-241x300.png\" alt=\"\" width=\"263\" height=\"327\" srcset=\"https:\/\/blog.edu.turku.fi\/kekeperehdytys\/files\/2023\/08\/Kestu-polku-TAITO-kampus-pieni-18.8-241x300.png 241w, https:\/\/blog.edu.turku.fi\/kekeperehdytys\/files\/2023\/08\/Kestu-polku-TAITO-kampus-pieni-18.8.png 823w\" sizes=\"auto, (max-width: 263px) 85vw, 263px\" \/><\/a><figcaption id=\"caption-attachment-31\" class=\"wp-caption-text\">Linkki vuorovaikutteiseen kuvaan ThingLinkiss\u00e4: <a href=\"https:\/\/www.thinglink.com\/card\/1712797647015773028\">https:\/\/www.thinglink.com\/card\/1712797647015773028<\/a><\/figcaption><\/figure>\n<p>Turun ammatti-instituutissa halutaan huomioida kest\u00e4v\u00e4 kehitys ja tuoda se yh\u00e4 paremmin osaksi instituutin arkea. TAI:n kest\u00e4v\u00e4n kehityksen toimintakulttuuria on kehitetty KESTU &#8211; Kest\u00e4v\u00e4 tulevaisuuden ammattilaiset -hankkeessa (2022 &#8211; 2023).<br \/>\nKESTU-hankkeessa luotiin TAI:n kest\u00e4vyyssuunnitelma, jossa kuvataan TAI:n kest\u00e4vyystavoitteet ja vuosittaiset toimenpiteet tavoitteiden saavuttamiseksi.<br \/>\nTavoitteet ja toimenpiteet\u00a0 on kuvattu interaktiivisessa esityksess\u00e4, joka avautuu klikkaamalla viereist\u00e4 kuvaa. Esitykseen p\u00e4\u00e4see my\u00f6s TAI:n kotisivujen vastuullisuussivulta. Esityksen nappeja painamalla p\u00e4\u00e4set tutustumaan jokaisen vuoden toimenpiteisiin sek\u00e4 tavoitteisiin, joihin TAI t\u00e4ht\u00e4\u00e4 vuoteen 2027 menness\u00e4.<\/p>\n<h2><span style=\"color: #00a97a\">TAI:n kest\u00e4vyystavoitteet teemoittain<\/span><\/h2>\n<p><em><a href=\"https:\/\/blog.edu.turku.fi\/kekeperehdytys\/files\/2023\/11\/Kestavyyssuunnitelma-tavoitteet-taulukko-30.10.2023.pdf\"><img loading=\"lazy\" decoding=\"async\" class=\"alignleft wp-image-223 size-large\" src=\"https:\/\/blog.edu.turku.fi\/kekeperehdytys\/files\/2023\/10\/Kestavyyssuunnitelma-tavoitteet-taulukko-30.10.2023-1-1024x576.jpg\" alt=\"\" width=\"1024\" height=\"576\" srcset=\"https:\/\/blog.edu.turku.fi\/kekeperehdytys\/files\/2023\/10\/Kestavyyssuunnitelma-tavoitteet-taulukko-30.10.2023-1.jpg 1024w, https:\/\/blog.edu.turku.fi\/kekeperehdytys\/files\/2023\/10\/Kestavyyssuunnitelma-tavoitteet-taulukko-30.10.2023-1-300x169.jpg 300w\" sizes=\"auto, (max-width: 709px) 85vw, (max-width: 909px) 67vw, (max-width: 1362px) 62vw, 840px\" \/><\/a><br \/>\n<\/em><\/p>\n<p>&nbsp;<\/p>\n<h2><span style=\"color: #00a97a\">Ruoka<\/span><\/h2>\n<p data-ccp-props=\"{&quot;335551550&quot;:1,&quot;335551620&quot;:1,&quot;335559683&quot;:0,&quot;335559685&quot;:0,&quot;335559731&quot;:0,&quot;335559737&quot;:0,&quot;335562764&quot;:2,&quot;335562765&quot;:0.9,&quot;335562766&quot;:4,&quot;335562767&quot;:10,&quot;335562768&quot;:4,&quot;335562769&quot;:0}\"><strong>TAI:n\u00a0ja\u00a0KOPAn ruokapalveluiden tavoitteet:<\/strong>\u200b<\/p>\n<p><img loading=\"lazy\" decoding=\"async\" class=\"alignleft wp-image-142\" src=\"https:\/\/blog.edu.turku.fi\/kekeperehdytys\/files\/2023\/10\/Arjen-kestavyystoimenpiteet-kuvakkeet-01-241x300.png\" alt=\"\" width=\"125\" height=\"156\" srcset=\"https:\/\/blog.edu.turku.fi\/kekeperehdytys\/files\/2023\/10\/Arjen-kestavyystoimenpiteet-kuvakkeet-01-241x300.png 241w, https:\/\/blog.edu.turku.fi\/kekeperehdytys\/files\/2023\/10\/Arjen-kestavyystoimenpiteet-kuvakkeet-01-823x1024.png 823w, https:\/\/blog.edu.turku.fi\/kekeperehdytys\/files\/2023\/10\/Arjen-kestavyystoimenpiteet-kuvakkeet-01.png 1005w\" sizes=\"auto, (max-width: 125px) 85vw, 125px\" \/><\/p>\n<ul style=\"font-weight: 400\">\n<li data-aria-posinset=\"1\" data-aria-level=\"1\"><span data-usefontface=\"true\" data-contrast=\"none\">Ruokailevien opiskelijoiden m\u00e4\u00e4r\u00e4n lis\u00e4\u00e4minen<\/span>\u200b<\/li>\n<li data-aria-posinset=\"2\" data-aria-level=\"1\"><span data-usefontface=\"true\" data-contrast=\"none\">Opiskelijoiden osallisuuden lis\u00e4\u00e4minen ruokaraatien ja kyselyiden avulla<\/span>\u200b<\/li>\n<li data-aria-posinset=\"3\" data-aria-level=\"1\"><span data-usefontface=\"true\" data-contrast=\"none\">Paikalla olevien opiskelijoiden lukum\u00e4\u00e4r\u00e4n reaaliaikaisen tiedon saaminen <\/span><span data-usefontface=\"true\" data-contrast=\"none\">ruokapalveluiden k\u00e4ytt\u00f6\u00f6n\u00a0<\/span>\u200b<\/li>\n<li data-aria-posinset=\"4\" data-aria-level=\"1\"><span data-usefontface=\"true\" data-contrast=\"none\">H\u00e4vikin seuranta p\u00e4ivitt\u00e4in ja h\u00e4vikist\u00e4 viestiminen ruokailijoille\u00a0 <\/span>\u200b<\/li>\n<li data-aria-posinset=\"5\" data-aria-level=\"1\"><span data-usefontface=\"true\" data-contrast=\"none\">Hiilijalanj\u00e4ljen ilmoittaminen ruokalistamerkint\u00f6jen avulla ja hiilijalanj\u00e4ljen <\/span><span data-usefontface=\"true\" data-contrast=\"none\">pienennystavoitteen asettaminen\u00a0<\/span>\u200b<\/li>\n<li data-aria-posinset=\"6\" data-aria-level=\"1\"><span data-usefontface=\"true\" data-contrast=\"none\">Kasvipohjaisten ruuan k\u00e4yt\u00f6n lis\u00e4\u00e4minen ns. hybridireseptien kautta<\/span>\u200b<\/li>\n<li data-aria-posinset=\"7\" data-aria-level=\"1\"><span data-usefontface=\"true\" data-contrast=\"none\">Kasvisruoan kehitt\u00e4minen opiskelijoilta saadun palautteen perusteella <\/span>\u200b<\/li>\n<li data-aria-posinset=\"8\" data-aria-level=\"1\"><span data-usefontface=\"true\" data-contrast=\"none\">Kalaruokien m\u00e4\u00e4r\u00e4n lis\u00e4\u00e4minen opiskelijaruokapalveluiden ruokalistalle<\/span><\/li>\n<\/ul>\n<h2><span style=\"color: #00a97a\">Liikkuminen<\/span><\/h2>\n<p><img loading=\"lazy\" decoding=\"async\" class=\"alignleft wp-image-106\" src=\"https:\/\/blog.edu.turku.fi\/kekeperehdytys\/files\/2023\/08\/Arjen-kestavyystoimenpiteet-kuvakkeet-02-241x300.png\" alt=\"\" width=\"125\" height=\"156\" srcset=\"https:\/\/blog.edu.turku.fi\/kekeperehdytys\/files\/2023\/08\/Arjen-kestavyystoimenpiteet-kuvakkeet-02-241x300.png 241w, https:\/\/blog.edu.turku.fi\/kekeperehdytys\/files\/2023\/08\/Arjen-kestavyystoimenpiteet-kuvakkeet-02-823x1024.png 823w, https:\/\/blog.edu.turku.fi\/kekeperehdytys\/files\/2023\/08\/Arjen-kestavyystoimenpiteet-kuvakkeet-02.png 1005w\" sizes=\"auto, (max-width: 125px) 85vw, 125px\" \/><strong>Tavoitteet<\/strong>:<\/p>\n<ul>\n<li>Lihasvoimalla ja joukkoliikenteell\u00e4 kuljettujen koulu- ja ty\u00f6matkojen osuuden lis\u00e4\u00e4minen<\/li>\n<li>Saada jokaiseen koulutaloon merkitty py\u00f6r\u00e4parkki, jossa on mahdollisuus runkolukitukseen<\/li>\n<li>Opiskelijoiden ja henkil\u00f6st\u00f6n tietoisuuden lis\u00e4\u00e4minen liikkumisen ja eri liikkumismuotojen ymp\u00e4rist\u00f6vaikutuksista\u00a0 ja liikenneturvallisuudesta<\/li>\n<li>Henkil\u00f6st\u00f6n ja opiskelijoiden informoiminen bussipys\u00e4kkien, py\u00f6r\u00e4parkkien ja kulkureittien sijaineista<\/li>\n<li>Liikennes\u00e4\u00e4nt\u00f6jen noudattamisen varmistaminen ja liikenneturvallisuuden parantaminen koulutalojen l\u00e4heisyydess\u00e4<\/li>\n<\/ul>\n<h2><span style=\"color: #00a97a\">Energia ja vesi<\/span><\/h2>\n<p><em><img loading=\"lazy\" decoding=\"async\" class=\"alignleft wp-image-143\" src=\"https:\/\/blog.edu.turku.fi\/kekeperehdytys\/files\/2023\/10\/Arjen-kestavyystoimenpiteet-kuvakkeet-03-241x300.png\" alt=\"\" width=\"125\" height=\"156\" srcset=\"https:\/\/blog.edu.turku.fi\/kekeperehdytys\/files\/2023\/10\/Arjen-kestavyystoimenpiteet-kuvakkeet-03-241x300.png 241w, https:\/\/blog.edu.turku.fi\/kekeperehdytys\/files\/2023\/10\/Arjen-kestavyystoimenpiteet-kuvakkeet-03-823x1024.png 823w, https:\/\/blog.edu.turku.fi\/kekeperehdytys\/files\/2023\/10\/Arjen-kestavyystoimenpiteet-kuvakkeet-03.png 1005w\" sizes=\"auto, (max-width: 125px) 85vw, 125px\" \/><\/em><\/p>\n<p><strong>Tavoitteet:<\/strong><\/p>\n<ul>\n<li>Energiankulutuksen v\u00e4hent\u00e4minen koulutaloissa ja sen my\u00f6t\u00e4 TAI:n hiilijalanj\u00e4ljen pienent\u00e4minen perustelluilla ja kustannustehokkailla toimenpiteill\u00e4<\/li>\n<li>Vedenkulutuksen minimoiminen koulutaloissa.<\/li>\n<li>Tulevan TAITO-kampuksen energiatehokkuuden ja v\u00e4h\u00e4hiilisyyden varmistaminen<\/li>\n<li>\u00a0Uusiutuvien energial\u00e4hteiden hy\u00f6dynt\u00e4minen mahdollisuuksien mukaan<\/li>\n<li>Opiskelijoiden ymm\u00e4rryksen lis\u00e4\u00e4minen energian- ja vedenkulutuksen merkityksest\u00e4 ymp\u00e4rist\u00f6lle<\/li>\n<\/ul>\n<h2><span style=\"color: #00a97a\">J\u00e4tehuolto<\/span><\/h2>\n<p><img loading=\"lazy\" decoding=\"async\" class=\"alignleft wp-image-108\" src=\"https:\/\/blog.edu.turku.fi\/kekeperehdytys\/files\/2023\/08\/Arjen-kestavyystoimenpiteet-kuvakkeet-04-241x300.png\" alt=\"\" width=\"125\" height=\"156\" srcset=\"https:\/\/blog.edu.turku.fi\/kekeperehdytys\/files\/2023\/08\/Arjen-kestavyystoimenpiteet-kuvakkeet-04-241x300.png 241w, https:\/\/blog.edu.turku.fi\/kekeperehdytys\/files\/2023\/08\/Arjen-kestavyystoimenpiteet-kuvakkeet-04-823x1024.png 823w, https:\/\/blog.edu.turku.fi\/kekeperehdytys\/files\/2023\/08\/Arjen-kestavyystoimenpiteet-kuvakkeet-04.png 1005w\" sizes=\"auto, (max-width: 125px) 85vw, 125px\" \/><strong>Tavoitteet:<\/strong><\/p>\n<ul>\n<li>Opetuksessa muodostuvan j\u00e4tteen m\u00e4\u00e4r\u00e4n minimoiminen<\/li>\n<li>Kaikkien TAI:n koulutaloissa ja opetuksessa muodostuvien j\u00e4tteiden lajitteleminen j\u00e4tehuoltom\u00e4\u00e4r\u00e4ysten ja j\u00e4tehuoltolaind\u00e4\u00e4d\u00e4nn\u00f6n vaatimusten mukaisesti<\/li>\n<\/ul>\n<h2><span style=\"color: #00a97a\">Kooste: tavoitteet\u00a0<\/span><\/h2>\n<ul>\n<li><em>TAI on asettanut pitemm\u00e4n ja lyhyemm\u00e4n aikav\u00e4lin tavoitteita, joilla se pyrkii kehitt\u00e4m\u00e4\u00e4n omaa toimintaansa entist\u00e4 kest\u00e4v\u00e4mm\u00e4ksi.\u00a0<\/em><\/li>\n<li><em>Kest\u00e4vyystavoitteet liittyv\u00e4t TAI:n toimintakulttuuriin, opetukseen, henkil\u00f6st\u00f6\u00f6n, kumppanuuksiin ja hiiliviisauteen.\u00a0<\/em><\/li>\n<li><em>Jokaisen TAI:ssa ty\u00f6skentelev\u00e4n ja opiskelevan tulee huomioida kest\u00e4vyystavoitteet ja toimia niiden mukaisesti.<\/em><\/li>\n<\/ul>\n<p><a href=\"https:\/\/blog.edu.turku.fi\/kekeperehdytys\/1-vihrea-siirtyma-taissa\/\"><em><img loading=\"lazy\" decoding=\"async\" class=\"alignleft size-medium wp-image-420\" src=\"https:\/\/blog.edu.turku.fi\/kekeperehdytys\/files\/2023\/11\/nuoli-2-300x63.png\" alt=\"\" width=\"300\" height=\"63\" srcset=\"https:\/\/blog.edu.turku.fi\/kekeperehdytys\/files\/2023\/11\/nuoli-2-300x63.png 300w, https:\/\/blog.edu.turku.fi\/kekeperehdytys\/files\/2023\/11\/nuoli-2.png 974w\" sizes=\"auto, (max-width: 300px) 85vw, 300px\" \/><\/em><\/a><\/p>\n<p><a href=\"https:\/\/blog.edu.turku.fi\/kekeperehdytys\/3-arjen-kestavyystoimenpiteet\/\"><img loading=\"lazy\" decoding=\"async\" class=\"alignleft size-medium wp-image-410\" src=\"https:\/\/blog.edu.turku.fi\/kekeperehdytys\/files\/2023\/11\/nuoli-1-300x62.png\" alt=\"\" width=\"300\" height=\"62\" srcset=\"https:\/\/blog.edu.turku.fi\/kekeperehdytys\/files\/2023\/11\/nuoli-1-300x62.png 300w, https:\/\/blog.edu.turku.fi\/kekeperehdytys\/files\/2023\/11\/nuoli-1.png 974w\" sizes=\"auto, (max-width: 300px) 85vw, 300px\" \/><\/a><\/p>\n","protected":false},"excerpt":{"rendered":"<p>TAI kest\u00e4v\u00e4n kehityksen tavoitteet Turun ammatti-instituutissa halutaan huomioida kest\u00e4v\u00e4 kehitys ja tuoda se yh\u00e4 paremmin osaksi instituutin arkea. TAI:n kest\u00e4v\u00e4n kehityksen toimintakulttuuria on kehitetty KESTU &#8211; Kest\u00e4v\u00e4 tulevaisuuden ammattilaiset -hankkeessa (2022 &#8211; 2023). KESTU-hankkeessa luotiin TAI:n kest\u00e4vyyssuunnitelma, jossa kuvataan TAI:n kest\u00e4vyystavoitteet ja vuosittaiset toimenpiteet tavoitteiden saavuttamiseksi. Tavoitteet ja toimenpiteet\u00a0 on kuvattu interaktiivisessa esityksess\u00e4, joka avautuu &hellip; <a href=\"https:\/\/blog.edu.turku.fi\/kekeperehdytys\/2-tai-kestavan-kehityksen-tavoitteet\/\" class=\"more-link\">Jatka lukemista<span class=\"screen-reader-text\"> &#8221;2. Tavoitteet&#8221;<\/span><\/a><\/p>\n","protected":false},"author":3366,"featured_media":0,"parent":0,"menu_order":0,"comment_status":"closed","ping_status":"closed","template":"","meta":{"footnotes":""},"class_list":["post-30","page","type-page","status-publish","hentry"],"_links":{"self":[{"href":"https:\/\/blog.edu.turku.fi\/kekeperehdytys\/wp-json\/wp\/v2\/pages\/30","targetHints":{"allow":["GET"]}}],"collection":[{"href":"https:\/\/blog.edu.turku.fi\/kekeperehdytys\/wp-json\/wp\/v2\/pages"}],"about":[{"href":"https:\/\/blog.edu.turku.fi\/kekeperehdytys\/wp-json\/wp\/v2\/types\/page"}],"author":[{"embeddable":true,"href":"https:\/\/blog.edu.turku.fi\/kekeperehdytys\/wp-json\/wp\/v2\/users\/3366"}],"replies":[{"embeddable":true,"href":"https:\/\/blog.edu.turku.fi\/kekeperehdytys\/wp-json\/wp\/v2\/comments?post=30"}],"version-history":[{"count":49,"href":"https:\/\/blog.edu.turku.fi\/kekeperehdytys\/wp-json\/wp\/v2\/pages\/30\/revisions"}],"predecessor-version":[{"id":422,"href":"https:\/\/blog.edu.turku.fi\/kekeperehdytys\/wp-json\/wp\/v2\/pages\/30\/revisions\/422"}],"wp:attachment":[{"href":"https:\/\/blog.edu.turku.fi\/kekeperehdytys\/wp-json\/wp\/v2\/media?parent=30"}],"curies":[{"name":"wp","href":"https:\/\/api.w.org\/{rel}","templated":true}]}}