{"id":15,"date":"2023-08-25T11:30:15","date_gmt":"2023-08-25T08:30:15","guid":{"rendered":"https:\/\/blog.edu.turku.fi\/kekeperehdytys\/?page_id=15"},"modified":"2023-11-30T13:36:17","modified_gmt":"2023-11-30T11:36:17","slug":"1-vihrea-siirtyma-taissa","status":"publish","type":"page","link":"https:\/\/blog.edu.turku.fi\/kekeperehdytys\/1-vihrea-siirtyma-taissa\/","title":{"rendered":"1. Vihre\u00e4 siirtym\u00e4"},"content":{"rendered":"<h2><span style=\"color: #00a97a\">TAI:n br\u00e4ndi ja vastuullisuus<\/span><\/h2>\n<p>TAI kouluttaa eri alojen ammattilaisia ty\u00f6el\u00e4m\u00e4n tarpeisiin. Muuttuva ty\u00f6el\u00e4m\u00e4 edellytt\u00e4\u00e4 my\u00f6s opiskelijoilta muutoskyky\u00e4 ja uusien taitojen omaksumista. Ymp\u00e4rist\u00f6osaaminen ei en\u00e4\u00e4 ole yrityksille kilpailuvaltti vaan elinehto ja sit\u00e4 odotetaan my\u00f6s ty\u00f6ntekij\u00f6ilt\u00e4. Opiskelijoiden onkin opittava toimimaan ammatissaan vastuullisesti ja ymp\u00e4rist\u00f6n\u00e4k\u00f6kohdat huomioiden sek\u00e4 kyett\u00e4v\u00e4 omaksumaan uusia toimintatapoja muuttuvassa maailmassa.<\/p>\n<p>Oppilaitoksilla on valtava merkitys yritysten ymp\u00e4rist\u00f6osaamiselle ns. k\u00e4denj\u00e4ljen kautta. Kun oppilaitoksessa onnistutaan kouluttamaan ymp\u00e4rist\u00f6vastuun tuntevia ammattilaisia, he viev\u00e4t ymp\u00e4rist\u00f6osaamistaan ty\u00f6paikoille ja muuttavat yritysten toimintaa vastuullisemmaksi. T\u00e4m\u00e4n vuoksi on t\u00e4rke\u00e4\u00e4, ett\u00e4 vastuullisuus ja ymp\u00e4rist\u00f6osaaminen sis\u00e4ltyv\u00e4t kaikkeen opetukseen ja toimintaan TAI:ssa.<\/p>\n<p>Katso alta tai TAI:n youtubesta animaatio, jossa on esitetty miten TAI:n johdon nime\u00e4m\u00e4t nelj\u00e4 strategista painopistett\u00e4 linkittyv\u00e4t YK:n kest\u00e4v\u00e4n kehityksen tavoitteisiin. Strategiset painopisteet ohjaavat TAI:n toimintaa ja meist\u00e4 jokaisen tulee toimia niiden mukaisesti.<\/p>\n<p><a href=\"https:\/\/1drv.ms\/v\/s!Aq8ibf_jo6Pbg7pp3xwnOKEi--vLRQ?e=L9x4Mg\" target=\"_blank\" rel=\"noopener\"><img loading=\"lazy\" decoding=\"async\" class=\"wp-image-17 size-large\" src=\"https:\/\/blog.edu.turku.fi\/kekeperehdytys\/files\/2023\/08\/Agenda-2030-1024x576.png\" alt=\"\" width=\"1024\" height=\"576\" srcset=\"https:\/\/blog.edu.turku.fi\/kekeperehdytys\/files\/2023\/08\/Agenda-2030.png 1024w, https:\/\/blog.edu.turku.fi\/kekeperehdytys\/files\/2023\/08\/Agenda-2030-300x169.png 300w\" sizes=\"auto, (max-width: 709px) 85vw, (max-width: 909px) 67vw, (max-width: 1362px) 62vw, 840px\" \/><\/a><em>Kuvaa klikkaamalla voit katsoa videon,\u00a0<\/em><em>jossa esitet\u00e4\u00e4n TAI:n strategisten painopisteiden linkittyminen YK:n kest\u00e4v\u00e4n kehityksen tavoitteisiin<\/em><em>. Jos video ei aukea, p\u00e4\u00e4set katsomaan sen t\u00e4st\u00e4 linkist\u00e4: <a href=\"https:\/\/1drv.ms\/v\/s!Aq8ibf_jo6Pbg7pp3xwnOKEi--vLRQ?e=L9x4Mg\" target=\"_blank\" rel=\"noopener\">Agenda 2030.mp4<\/a><\/em><\/p>\n<h2><span style=\"color: #00a97a\">Turun kaupungin ilmastotavoitteet ja kiertotalouden tiekartta<\/span><\/h2>\n<p>Turku on asettanut tavoitteekseen olla hiilineutraali vuoteen 2029 menness\u00e4 ja siit\u00e4 eteenp\u00e4in ilmastopositiivinen. Ilmastopositiivisuus tarkoittaa sit\u00e4, ett\u00e4 kaupungin alueella ja sen toiminnoissa sidotaan enemm\u00e4n hiilt\u00e4 kuin sit\u00e4 p\u00e4\u00e4stet\u00e4\u00e4n ilmakeh\u00e4\u00e4n. Tavoite on kunnianhimoinen ja vaatii toimenpiteit\u00e4 koko kaupunkiorganisaatiossa.<\/p>\n<p>Kest\u00e4v\u00e4n kehityksen tavoitteet on sis\u00e4llytetty sek\u00e4 pormestariohjelmaan ett\u00e4 kaupunkistrategiaan. Kaupunginvaltuusto on hyv\u00e4ksynyt Turun ilmastosuunnitelman vuonna 2018 ja p\u00e4ivitt\u00e4nyt sit\u00e4 vuonna 2022. Tavoitteet koskevat kaikkia Turun kaupungin toimintoja \u2013 my\u00f6s ammatti-instituuttia.<\/p>\n<p>Kaupunki pyrkii hillitsem\u00e4\u00e4n ilmastonmuutosta erityisesti panostamalla hiilineutraaliin energiaj\u00e4rjestelm\u00e4\u00e4n, edist\u00e4m\u00e4ll\u00e4 v\u00e4h\u00e4hiilist\u00e4 liikkumista ja kest\u00e4v\u00e4\u00e4 kaupunkirakentamista, ja vahvistamalla hiilinieluja eli rakenteita, jotka sitovat hiilt\u00e4 ilmakeh\u00e4st\u00e4. Turun kaupunkikonserni n\u00e4ytt\u00e4\u00e4 toimenpiteiss\u00e4 esimerkki\u00e4 kaikille alueen toimijoille.<\/p>\n<p><strong>Lue lis\u00e4\u00e4: <\/strong><\/p>\n<ul>\n<li><span style=\"color: #ed1a3b\"><a style=\"color: #ed1a3b\" href=\"https:\/\/www.turku.fi\/hiilineutraaliturku\">Turun kaupungin ilmastotavoitteet<\/a><\/span><\/li>\n<li><span style=\"color: #ed1a3b\"><a style=\"color: #ed1a3b\" href=\"https:\/\/issuu.com\/turunviestinta\/docs\/turun_ilmastosuunnitelma_2029\">Turun kaupungin ilmastosuunnitelma <\/a>\u00a0<\/span><\/li>\n<li><span style=\"color: #ed1a3b\"><a style=\"color: #ed1a3b\" href=\"https:\/\/www.turku.fi\/sites\/default\/files\/atoms\/files\/turun_ilmastoraportti_2022_saavutettava.pdf\">Turun kaupungin ilmastoraportti 2022<\/a> \u00a0<\/span><\/li>\n<li><span style=\"color: #ed1a3b\"><a style=\"color: #ed1a3b\" href=\"https:\/\/www.turku.fi\/sites\/default\/files\/atoms\/files\/liite_1._turun_kiertotalouden_tiekartta_-_kohti_resurssiviisasta_yhteiskuntaa_2029_kh_1.11.2021.pdf\">Turun kaupungin kiertotalouden tiekartta<\/a>\u00a0<\/span><\/li>\n<\/ul>\n<h2><span style=\"color: #00a97a\">Kooste: Vihre\u00e4 siirtym\u00e4\u00a0<\/span><\/h2>\n<ul>\n<li><em>\u00a0Ymp\u00e4rist\u00f6osaaminen ei ole yrityksille kilpailuvaltti vaan elinehto. Sen vuoksi kaikkien alojen ammattilaisten pit\u00e4\u00e4 oppia omaksumaan uusia toimintatapoja ja toimimaan vastuullisesti ja ymp\u00e4rist\u00f6n\u00e4k\u00f6kohdat huomioiden. <\/em><\/li>\n<li><em>Oppilaitoksen ymp\u00e4rist\u00f6k\u00e4denj\u00e4lki tarkoittaa sit\u00e4, ett\u00e4 ymp\u00e4rist\u00f6osaavat opiskelijat ja ammattilaiset viev\u00e4t ymp\u00e4rist\u00f6osaamistaan ty\u00f6paikoille ja muuttavat yritysten toimintaa vastuullisemmaksi.\u00a0<\/em><\/li>\n<li><em>Turun kaupungin kunnianhimoiset ilmasto-, kiertotalous- ja ymp\u00e4rist\u00f6tavoitteet koskevat koko kaupunkiorganisaatiota &#8211; my\u00f6s Turun ammatti-instituuttia.<\/em><\/li>\n<\/ul>\n<p><a href=\"https:\/\/blog.edu.turku.fi\/kekeperehdytys\/\"><em> <img loading=\"lazy\" decoding=\"async\" class=\"alignleft size-medium wp-image-420\" src=\"https:\/\/blog.edu.turku.fi\/kekeperehdytys\/files\/2023\/11\/nuoli-2-300x63.png\" alt=\"\" width=\"300\" height=\"63\" srcset=\"https:\/\/blog.edu.turku.fi\/kekeperehdytys\/files\/2023\/11\/nuoli-2-300x63.png 300w, https:\/\/blog.edu.turku.fi\/kekeperehdytys\/files\/2023\/11\/nuoli-2.png 974w\" sizes=\"auto, (max-width: 300px) 85vw, 300px\" \/><\/em><\/a><\/p>\n<p><a href=\"https:\/\/blog.edu.turku.fi\/kekeperehdytys\/2-tai-kestavan-kehityksen-tavoitteet\/\"><img loading=\"lazy\" decoding=\"async\" class=\"alignleft size-medium wp-image-410\" src=\"https:\/\/blog.edu.turku.fi\/kekeperehdytys\/files\/2023\/11\/nuoli-1-300x62.png\" alt=\"\" width=\"300\" height=\"62\" srcset=\"https:\/\/blog.edu.turku.fi\/kekeperehdytys\/files\/2023\/11\/nuoli-1-300x62.png 300w, https:\/\/blog.edu.turku.fi\/kekeperehdytys\/files\/2023\/11\/nuoli-1.png 974w\" sizes=\"auto, (max-width: 300px) 85vw, 300px\" \/><\/a><\/p>\n","protected":false},"excerpt":{"rendered":"<p>TAI:n br\u00e4ndi ja vastuullisuus TAI kouluttaa eri alojen ammattilaisia ty\u00f6el\u00e4m\u00e4n tarpeisiin. Muuttuva ty\u00f6el\u00e4m\u00e4 edellytt\u00e4\u00e4 my\u00f6s opiskelijoilta muutoskyky\u00e4 ja uusien taitojen omaksumista. Ymp\u00e4rist\u00f6osaaminen ei en\u00e4\u00e4 ole yrityksille kilpailuvaltti vaan elinehto ja sit\u00e4 odotetaan my\u00f6s ty\u00f6ntekij\u00f6ilt\u00e4. Opiskelijoiden onkin opittava toimimaan ammatissaan vastuullisesti ja ymp\u00e4rist\u00f6n\u00e4k\u00f6kohdat huomioiden sek\u00e4 kyett\u00e4v\u00e4 omaksumaan uusia toimintatapoja muuttuvassa maailmassa. Oppilaitoksilla on valtava merkitys yritysten &hellip; <a href=\"https:\/\/blog.edu.turku.fi\/kekeperehdytys\/1-vihrea-siirtyma-taissa\/\" class=\"more-link\">Jatka lukemista<span class=\"screen-reader-text\"> &#8221;1. Vihre\u00e4 siirtym\u00e4&#8221;<\/span><\/a><\/p>\n","protected":false},"author":3366,"featured_media":0,"parent":0,"menu_order":0,"comment_status":"closed","ping_status":"closed","template":"","meta":{"footnotes":""},"class_list":["post-15","page","type-page","status-publish","hentry"],"_links":{"self":[{"href":"https:\/\/blog.edu.turku.fi\/kekeperehdytys\/wp-json\/wp\/v2\/pages\/15","targetHints":{"allow":["GET"]}}],"collection":[{"href":"https:\/\/blog.edu.turku.fi\/kekeperehdytys\/wp-json\/wp\/v2\/pages"}],"about":[{"href":"https:\/\/blog.edu.turku.fi\/kekeperehdytys\/wp-json\/wp\/v2\/types\/page"}],"author":[{"embeddable":true,"href":"https:\/\/blog.edu.turku.fi\/kekeperehdytys\/wp-json\/wp\/v2\/users\/3366"}],"replies":[{"embeddable":true,"href":"https:\/\/blog.edu.turku.fi\/kekeperehdytys\/wp-json\/wp\/v2\/comments?post=15"}],"version-history":[{"count":31,"href":"https:\/\/blog.edu.turku.fi\/kekeperehdytys\/wp-json\/wp\/v2\/pages\/15\/revisions"}],"predecessor-version":[{"id":234,"href":"https:\/\/blog.edu.turku.fi\/kekeperehdytys\/wp-json\/wp\/v2\/pages\/15\/revisions\/234"}],"wp:attachment":[{"href":"https:\/\/blog.edu.turku.fi\/kekeperehdytys\/wp-json\/wp\/v2\/media?parent=15"}],"curies":[{"name":"wp","href":"https:\/\/api.w.org\/{rel}","templated":true}]}}