{"id":111,"date":"2023-10-03T14:26:21","date_gmt":"2023-10-03T11:26:21","guid":{"rendered":"https:\/\/blog.edu.turku.fi\/kekeperehdytys\/?page_id=111"},"modified":"2024-01-03T10:38:59","modified_gmt":"2024-01-03T08:38:59","slug":"4-hiiliviisaus","status":"publish","type":"page","link":"https:\/\/blog.edu.turku.fi\/kekeperehdytys\/4-hiiliviisaus\/","title":{"rendered":"4. Hiiliviisaus"},"content":{"rendered":"<h2><img loading=\"lazy\" decoding=\"async\" class=\"size-medium wp-image-112 alignleft\" src=\"https:\/\/blog.edu.turku.fi\/kekeperehdytys\/files\/2023\/08\/kierratys-merkki-300x263.png\" alt=\"\" width=\"300\" height=\"263\" srcset=\"https:\/\/blog.edu.turku.fi\/kekeperehdytys\/files\/2023\/08\/kierratys-merkki-300x263.png 300w, https:\/\/blog.edu.turku.fi\/kekeperehdytys\/files\/2023\/08\/kierratys-merkki.png 800w\" sizes=\"auto, (max-width: 300px) 85vw, 300px\" \/><\/h2>\n<p><strong><span style=\"color: #00a97a\">Hiilijalanj\u00e4lki<\/span> <\/strong>= tuotteen\/toiminnan\/organisaation tuottamat kasvihuonekaasup\u00e4\u00e4st\u00f6t hiilidioksidiekvivalenteiksi (CO<sub>2<\/sub>e) muunnettuna.<br \/>\n<strong><span style=\"color: #00a97a\">Hiilinielu<\/span> <\/strong>= toiminto, joka sitoo hiilt\u00e4, esim. kasvillisuus, mets\u00e4, meri tms.<br \/>\n<strong><span style=\"color: #00a97a\">Hiilineutraalius<\/span> <\/strong>= tuote\/toiminta\/organisaatio tuottaa kasvihuonekaasuja korkeintaan yht\u00e4 paljon kuin se pystyy sitomaan niit\u00e4 hiilinieluihin.<br \/>\n<strong><span style=\"color: #00a97a\">Hiilinegatiivisuus<\/span> <\/strong>(=ilmastopositiivisuus) = tuote\/toiminta\/organisaatio poistaa hiilt\u00e4 ilmakeh\u00e4st\u00e4 eli k\u00e4yt\u00e4nn\u00f6ss\u00e4 sitoo enemm\u00e4n hiilt\u00e4 kuin p\u00e4\u00e4st\u00e4\u00e4 ilmakeh\u00e4\u00e4n.<br \/>\n<strong><span style=\"color: #00a97a\">P\u00e4\u00e4st\u00f6kerroin<\/span> <\/strong>= jonkin tuotteen tai palvelun aiheuttama kasvihuonekaasup\u00e4\u00e4st\u00f6 CO<sub>2<\/sub>-ekvivalentteina suhteessa toiminnalliseen yksikk\u00f6\u00f6n.<\/p>\n<p style=\"padding-left: 40px\">Esimerkkej\u00e4 p\u00e4\u00e4st\u00f6kertoimista:<br \/>\nNaudanliha: 24,9 kg CO<sub>2<\/sub>e\/kg<br \/>\nBensiini: 2,07 kg CO<sub>2<\/sub>e\/l<br \/>\nPolttokelpoinen j\u00e4te: 105,4kg CO<sub>2<\/sub>e\/tn<br \/>\nHenkil\u00f6autolla ajaminen: 159g CO<sub>2<\/sub>e\/km<\/p>\n<h2>Miksi organisaation hiilijalanj\u00e4lki pit\u00e4isi laskea?<\/h2>\n<ol>\n<li>Suomen valtion tavoitteena on olla hiilineutraali vuonna 2035<\/li>\n<li>Turun kaupungin tavoitteena on olla hiilineutraali vuonna 2029 ja siit\u00e4 eteenp\u00e4in ilmastopositiivinen (eli hiilinegatiivinen) <span style=\"color: #ed1a3b\"><a style=\"color: #ed1a3b\" href=\"https:\/\/www.youtube.com\/watch?v=FOSDzh-etsM\">Video: Onko Turku hiilineutraali 2029?<\/a><\/span><\/li>\n<li>Lains\u00e4\u00e4d\u00e4nt\u00f6 ja muut vaatimukset tulevat muuttumaan ja kiristym\u00e4\u00e4n<\/li>\n<li>Jotta ilmastovaikutusta voidaan pienent\u00e4\u00e4, pit\u00e4\u00e4 tiet\u00e4\u00e4, mist\u00e4 p\u00e4\u00e4st\u00f6t muodostuvat. T\u00e4ll\u00f6in pystyt\u00e4\u00e4n tekem\u00e4\u00e4n kustannustehokkaita ja oikein valittuja toimenpiteet sek\u00e4 seuraamaan niiden vaikutusta.<\/li>\n<\/ol>\n<h2>Organisaation hiilijalanj\u00e4ljen laskeminen<\/h2>\n<p>Laskentaan on olemassa kansainv\u00e4lisi\u00e4 standardeja, esimerkiksi Greenhouse Gas Protocol eli GHG-protokolla (k\u00e4ytetyin) ja ISO 14067.<\/p>\n<p>GHG-protokollan mukaan p\u00e4\u00e4st\u00f6t jaetaan kolmeen luokkaan (Scopet 1-3)<\/p>\n<ul>\n<li style=\"list-style-type: none\">\n<ul>\n<li style=\"list-style-type: none\">\n<ul>\n<li>Scope 1: suorat p\u00e4\u00e4st\u00f6t eli polttoaineet ja oma energiatuotanto<\/li>\n<li>Scope 2: Ostoenergian p\u00e4\u00e4st\u00f6t<\/li>\n<li>Scope 3: ep\u00e4suorat p\u00e4\u00e4st\u00f6t\n<p><figure id=\"attachment_140\" aria-describedby=\"caption-attachment-140\" style=\"width: 850px\" class=\"wp-caption alignleft\"><img loading=\"lazy\" decoding=\"async\" class=\"wp-image-140\" src=\"https:\/\/blog.edu.turku.fi\/kekeperehdytys\/files\/2023\/10\/hiilijalanjalki_ekokompassi-1024x724.png\" alt=\"\" width=\"850\" height=\"601\" srcset=\"https:\/\/blog.edu.turku.fi\/kekeperehdytys\/files\/2023\/10\/hiilijalanjalki_ekokompassi.png 1024w, https:\/\/blog.edu.turku.fi\/kekeperehdytys\/files\/2023\/10\/hiilijalanjalki_ekokompassi-300x212.png 300w\" sizes=\"auto, (max-width: 709px) 85vw, (max-width: 909px) 67vw, (max-width: 1362px) 62vw, 840px\" \/><figcaption id=\"caption-attachment-140\" class=\"wp-caption-text\">Kuvan l\u00e4hde: Ekokompassi<\/figcaption><\/figure><\/li>\n<\/ul>\n<\/li>\n<\/ul>\n<\/li>\n<\/ul>\n<h2>Hiilijalanj\u00e4ljen laskemisen haasteita<\/h2>\n<p>Eri organisaatioiden hiilijalanj\u00e4lki\u00e4 ei voi suoraan verrata kesken\u00e4\u00e4n, koska ne on voitu laskea eri menetelmi\u00e4, erilaisilla rajauksilla ja eri kertoimilla.<\/p>\n<p>Luotettavien p\u00e4\u00e4st\u00f6kertoimien saatavuus haastavaa. Kaikille tuotteille ei edes ole laskettu p\u00e4\u00e4st\u00f6kertoimia. Lis\u00e4ksi yritysten omille tuotteilleen ilmoittamat p\u00e4\u00e4st\u00f6kertoimet voivat olla ep\u00e4luotettavia ja puolueellisia.<\/p>\n<p><strong>Kannattaa muistaa, ett\u00e4 yleisesti ottaen hiilijalanj\u00e4lki on aina arvio, ei absoluuttinen totuus.<\/strong><\/p>\n<h2>TAI hiilijalanj\u00e4lki<\/h2>\n<p>TAI:n hiilijalanj\u00e4lki on laskettu vuosien 2021 ja 2022 osalta. Jotta hiilijalanj\u00e4ljest\u00e4 saadaan todenmukainen kuva, on se laskettava useammalta vuodelta. Vuonna 2021 koronapandemia vaikutti hiilijalanj\u00e4lkeen mm. v\u00e4hent\u00e4m\u00e4ll\u00e4 ty\u00f6matkoja. TAI:n hiilijalanj\u00e4ljen laskemisessa on k\u00e4ytetty VASKI-hankkeessa kehitetty\u00e4 laskuria.<\/p>\n<p>TAI:n hiilijalanj\u00e4lki oli vuonna 2021 noin 11 200 tn ja vuonna 2022 noin 10 700 tn CO<sub>2<\/sub>e. Suurin osa p\u00e4\u00e4st\u00f6ist\u00e4 syntyi koulutalojen l\u00e4mmityksest\u00e4 sek\u00e4 hankinnoista.\u00a0TAI:n hiilijalanj\u00e4lki tulee pienenem\u00e4\u00e4n merkitt\u00e4v\u00e4sti uuden nykyaikaisen TAITO-kampuksen<span style=\"font-size: 16px;font-weight: 400\">\u00a0valmistuessa.<\/span><\/p>\n<p><img loading=\"lazy\" decoding=\"async\" class=\"alignleft wp-image-452 size-large\" src=\"https:\/\/blog.edu.turku.fi\/kekeperehdytys\/files\/2023\/12\/Hiilijalanjalki-2021-reunat-cmyk1500x757-1024x540.jpg\" alt=\"\" width=\"1024\" height=\"540\" srcset=\"https:\/\/blog.edu.turku.fi\/kekeperehdytys\/files\/2023\/12\/Hiilijalanjalki-2021-reunat-cmyk1500x757.jpg 1024w, https:\/\/blog.edu.turku.fi\/kekeperehdytys\/files\/2023\/12\/Hiilijalanjalki-2021-reunat-cmyk1500x757-300x158.jpg 300w\" sizes=\"auto, (max-width: 709px) 85vw, (max-width: 909px) 67vw, (max-width: 1362px) 62vw, 840px\" \/><\/p>\n<p><img loading=\"lazy\" decoding=\"async\" class=\"alignleft wp-image-453 size-large\" src=\"https:\/\/blog.edu.turku.fi\/kekeperehdytys\/files\/2023\/12\/Hiilijalanjalki-2022-reunat-cmyk1500x757-1024x540.jpg\" alt=\"\" width=\"1024\" height=\"540\" srcset=\"https:\/\/blog.edu.turku.fi\/kekeperehdytys\/files\/2023\/12\/Hiilijalanjalki-2022-reunat-cmyk1500x757.jpg 1024w, https:\/\/blog.edu.turku.fi\/kekeperehdytys\/files\/2023\/12\/Hiilijalanjalki-2022-reunat-cmyk1500x757-300x158.jpg 300w\" sizes=\"auto, (max-width: 709px) 85vw, (max-width: 909px) 67vw, (max-width: 1362px) 62vw, 840px\" \/><\/p>\n<h2>Henkil\u00f6kohtainen hiilijalanj\u00e4lki<\/h2>\n<p>Suomalaisten hiilijalanj\u00e4lki on keskim\u00e4\u00e4rin noin 9600 tn CO2e vuodessa. Siit\u00e4 suurin osa muodostuu asumisesta, liikkumisesta ja ruokailusta.<\/p>\n<p>Oman hiilijalanj\u00e4ljen voi laskea\u00a0<a href=\"https:\/\/www.sitra.fi\/hankkeet\/elamantapatesti\/\" target=\"_blank\" rel=\"noopener\">Sitran kehitt\u00e4m\u00e4ll\u00e4 el\u00e4m\u00e4ntapatestill\u00e4<\/a>. Testist\u00e4 saa my\u00f6s vinkkej\u00e4 oman el\u00e4m\u00e4ntavan tuottamien p\u00e4\u00e4st\u00f6jen pienent\u00e4miseen. Vinkki: el\u00e4m\u00e4ntapatesti\u00e4 voi hy\u00f6dynt\u00e4\u00e4 my\u00f6s kest\u00e4v\u00e4n kehityksen opetuksessa!<\/p>\n<p><a href=\"https:\/\/blog.edu.turku.fi\/kekeperehdytys\/3-arjen-kestavyystoimenpiteet\/\"><img loading=\"lazy\" decoding=\"async\" class=\"alignleft wp-image-420 size-medium\" src=\"https:\/\/blog.edu.turku.fi\/kekeperehdytys\/files\/2023\/11\/nuoli-2-300x63.png\" alt=\"\" width=\"300\" height=\"63\" srcset=\"https:\/\/blog.edu.turku.fi\/kekeperehdytys\/files\/2023\/11\/nuoli-2-300x63.png 300w, https:\/\/blog.edu.turku.fi\/kekeperehdytys\/files\/2023\/11\/nuoli-2.png 974w\" sizes=\"auto, (max-width: 300px) 85vw, 300px\" \/><\/a><a href=\"https:\/\/blog.edu.turku.fi\/kekeperehdytys\/5-kiertotalous\/\"><img loading=\"lazy\" decoding=\"async\" class=\"alignleft wp-image-410 size-medium\" src=\"https:\/\/blog.edu.turku.fi\/kekeperehdytys\/files\/2023\/11\/nuoli-1-300x62.png\" alt=\"\" width=\"300\" height=\"62\" srcset=\"https:\/\/blog.edu.turku.fi\/kekeperehdytys\/files\/2023\/11\/nuoli-1-300x62.png 300w, https:\/\/blog.edu.turku.fi\/kekeperehdytys\/files\/2023\/11\/nuoli-1.png 974w\" sizes=\"auto, (max-width: 300px) 85vw, 300px\" \/><\/a><\/p>\n","protected":false},"excerpt":{"rendered":"<p>Hiilijalanj\u00e4lki = tuotteen\/toiminnan\/organisaation tuottamat kasvihuonekaasup\u00e4\u00e4st\u00f6t hiilidioksidiekvivalenteiksi (CO2e) muunnettuna. Hiilinielu = toiminto, joka sitoo hiilt\u00e4, esim. kasvillisuus, mets\u00e4, meri tms. Hiilineutraalius = tuote\/toiminta\/organisaatio tuottaa kasvihuonekaasuja korkeintaan yht\u00e4 paljon kuin se pystyy sitomaan niit\u00e4 hiilinieluihin. Hiilinegatiivisuus (=ilmastopositiivisuus) = tuote\/toiminta\/organisaatio poistaa hiilt\u00e4 ilmakeh\u00e4st\u00e4 eli k\u00e4yt\u00e4nn\u00f6ss\u00e4 sitoo enemm\u00e4n hiilt\u00e4 kuin p\u00e4\u00e4st\u00e4\u00e4 ilmakeh\u00e4\u00e4n. P\u00e4\u00e4st\u00f6kerroin = jonkin tuotteen tai palvelun aiheuttama &hellip; <a href=\"https:\/\/blog.edu.turku.fi\/kekeperehdytys\/4-hiiliviisaus\/\" class=\"more-link\">Jatka lukemista<span class=\"screen-reader-text\"> &#8221;4. Hiiliviisaus&#8221;<\/span><\/a><\/p>\n","protected":false},"author":3366,"featured_media":0,"parent":0,"menu_order":0,"comment_status":"closed","ping_status":"closed","template":"","meta":{"footnotes":""},"class_list":["post-111","page","type-page","status-publish","hentry"],"_links":{"self":[{"href":"https:\/\/blog.edu.turku.fi\/kekeperehdytys\/wp-json\/wp\/v2\/pages\/111","targetHints":{"allow":["GET"]}}],"collection":[{"href":"https:\/\/blog.edu.turku.fi\/kekeperehdytys\/wp-json\/wp\/v2\/pages"}],"about":[{"href":"https:\/\/blog.edu.turku.fi\/kekeperehdytys\/wp-json\/wp\/v2\/types\/page"}],"author":[{"embeddable":true,"href":"https:\/\/blog.edu.turku.fi\/kekeperehdytys\/wp-json\/wp\/v2\/users\/3366"}],"replies":[{"embeddable":true,"href":"https:\/\/blog.edu.turku.fi\/kekeperehdytys\/wp-json\/wp\/v2\/comments?post=111"}],"version-history":[{"count":25,"href":"https:\/\/blog.edu.turku.fi\/kekeperehdytys\/wp-json\/wp\/v2\/pages\/111\/revisions"}],"predecessor-version":[{"id":564,"href":"https:\/\/blog.edu.turku.fi\/kekeperehdytys\/wp-json\/wp\/v2\/pages\/111\/revisions\/564"}],"wp:attachment":[{"href":"https:\/\/blog.edu.turku.fi\/kekeperehdytys\/wp-json\/wp\/v2\/media?parent=111"}],"curies":[{"name":"wp","href":"https:\/\/api.w.org\/{rel}","templated":true}]}}