{"id":98,"date":"2026-03-12T13:36:02","date_gmt":"2026-03-12T11:36:02","guid":{"rendered":"https:\/\/blog.edu.turku.fi\/katedral\/?page_id=98"},"modified":"2026-04-15T14:33:08","modified_gmt":"2026-04-15T11:33:08","slug":"rektorer","status":"publish","type":"page","link":"https:\/\/blog.edu.turku.fi\/katedral\/rektorer\/","title":{"rendered":"Rektorer"},"content":{"rendered":"\n<h2 class=\"wp-block-heading\">REKTORER<\/h2>\n\n\n\n<h3 class=\"wp-block-heading\">Skolan och dess rektorer genom tiderna<\/h3>\n\n\n\n<p>CAPITULUM ECCLESIAE ABOENSIS SCHOLA CATHEDRALIS 1630<br>GYMNASIUM 1640<br>KATHEDRALSKOLA 1830<br>\u00c5BO GYMNASIUM 1872<br>SVENSKA KLASSISKA LYCEUM 1971<br>KATEDRALSKOLAN I \u00c5BO<\/p>\n\n\n\n<h3 class=\"wp-block-heading\">Skolans rektorer<\/h3>\n\n\n\n<p>1276 \u2014\u2013<br>c.-1350-1355 HENRIK TEMPIL<br>-1359- BIRGER<br>1432-1433 JAKOB R\u00d6D<br>-1480- MAGNUS JOHANNIS<br>-1509-1512- MATHIAS KURIN<br>(1524-1529 PEDER S\u00c4RKILAX)<br>1535-1539 TOMAS KEIJOI<br>1539-1548 MIKAEL AGRICOLA<br>1548-1554 PAUL JUUSTEN<br>1555-1559 ERIK H\u00c4RK\u00c4P\u00c4\u00c4<br>1559-1562 HENRIK JACOBI<br>1562-1568 ERIK H\u00c4RK\u00c4P\u00c4\u00c4<br>1568-1578 JAKOB FINNO<br>1578-1583 KRISTIAN AGRICOLA<br>1583-1588 JAKOB FINNO<br>1588-1595 GREGORIUS TEIT<br>1595-1609 MARKUS HELSINGIUS<br>1609-1615 JOAKIM STUTAEUS<br>1616-1630 GABRIEL MELARTOPAEUS<br>1630-1631 MARTIN STODIUS<br>1631-1632 ERIK FORTELIUS<br>1632-1634 BO\u00cbTIUS MURENIUS<br>1634-1637 MARTIN STODIUS<br>1637-1638 JOHANNES ORBERGIUS<br>1638-1640 GEORG ALANUS<br>1640-1649 SAMUEL HARTMAN<br>1649-1661 ANDREAS NYCOPENSIS<br>1661-1670 MATHIAS ROTHOVIUS<br>1670-1677 GABRIEL TAMMELIN<br>1677-1682 GABRIEL FORTELIUS<br>1682-1685 CHRISTIERN WALSTENIUS<br>1685-1697 ISAK PIHLMAN<br>1698-1710 HERMAN ROSS<br>1710-1722 JOHANNES ZIDB\u00c4CK<br>1722-1730 ANDREAS DEGERMAN<br>1730-1747 ISRAEL PELDAN<br>1747-1753 MARTIN GR\u00c5\u00c5<br>1753-1765 MARTIN CERENIUS<br>1765-1774 ANDREAS WETTERBLAD<br>1775-1799 NIKLAS TURDIN<br>(1798-1802 NILS GUSTAF BRANDER)<br>1800-1801 GUSTAF CHRONANDER<br>1802-1819 HENRIK REINHOLD B\u00c4CK<br>1820-1830 ERIK ELFGREN<br>1830-1831 ADAM EDMAN<br>1831-1832 JOHAN MATTIAS SUNDWALL<br>1832-1833 ERIK ELFGREN<br>1833-1834 GUSTAF WILHELM R\u00d6NNB\u00c4CK<br>1834-1835 CARL JOSEF ESTLANDER<br>1835-1836 EDVARD BERGENHEIM<br>1836-1837 ADAM EDMAN<br>1837-1838 ERIK ELFGREN<br>1838-1839 CARL JOSEF ESTLANDER<br>1839-1840 EDVARD BERGENHEIM<br>1840-1841 HENRIK HEIKEL<br>1841-1842 ADAM EDMAN<br>1842-1843 ERIK ELFGREN<br>1843-1850 EDVARD BERGENHEIM<br>1850-1858 FREDRIK HERTZBERG<br>1858-1872 FRANS HJELT<br>1872-1876 CARL JAKOB ARRHENIUS<br>1876-1886 TITUS REUTER<br>1886-1892 CARL JAKOB ARRHENIUS<br>1892-1903 EMIL AMNELL<br>1904-1907 KARL JULIUS HARTMAN<br>1907-1913 GUSTAF REINHOLD T\u00d6RNGREN<br>1913-1916 EMIL JALAVA<br>1916-1934 UNO BERGLUND<br>1934-1953 BRUNO SAX\u00c9N<br>1953-1959 ESKIL HUMMELSTEDT<br>1959-1975 AARRE HELANDER<br>1975-1976 BERIT BJ\u00d6RKL\u00d6F<br>1976-1988 BARBRO FONTELL<br>1988-2014 BERTEL WAHLSTR\u00d6M<br>2014- MARIANNE P\u00c4RN\u00c4NEN<\/p>\n","protected":false},"excerpt":{"rendered":"<p>REKTORER Skolan och dess rektorer genom tiderna CAPITULUM ECCLESIAE ABOENSIS SCHOLA CATHEDRALIS 1630GYMNASIUM 1640KATHEDRALSKOLA 1830\u00c5BO GYMNASIUM 1872SVENSKA KLASSISKA LYCEUM 1971KATEDRALSKOLAN &hellip; <\/p>\n","protected":false},"author":9,"featured_media":0,"parent":0,"menu_order":0,"comment_status":"closed","ping_status":"closed","template":"","meta":{"footnotes":""},"class_list":["post-98","page","type-page","status-publish","hentry","latest_post"],"_links":{"self":[{"href":"https:\/\/blog.edu.turku.fi\/katedral\/wp-json\/wp\/v2\/pages\/98","targetHints":{"allow":["GET"]}}],"collection":[{"href":"https:\/\/blog.edu.turku.fi\/katedral\/wp-json\/wp\/v2\/pages"}],"about":[{"href":"https:\/\/blog.edu.turku.fi\/katedral\/wp-json\/wp\/v2\/types\/page"}],"author":[{"embeddable":true,"href":"https:\/\/blog.edu.turku.fi\/katedral\/wp-json\/wp\/v2\/users\/9"}],"replies":[{"embeddable":true,"href":"https:\/\/blog.edu.turku.fi\/katedral\/wp-json\/wp\/v2\/comments?post=98"}],"version-history":[{"count":2,"href":"https:\/\/blog.edu.turku.fi\/katedral\/wp-json\/wp\/v2\/pages\/98\/revisions"}],"predecessor-version":[{"id":313,"href":"https:\/\/blog.edu.turku.fi\/katedral\/wp-json\/wp\/v2\/pages\/98\/revisions\/313"}],"wp:attachment":[{"href":"https:\/\/blog.edu.turku.fi\/katedral\/wp-json\/wp\/v2\/media?parent=98"}],"curies":[{"name":"wp","href":"https:\/\/api.w.org\/{rel}","templated":true}]}}