{"id":92,"date":"2026-03-12T13:35:30","date_gmt":"2026-03-12T11:35:30","guid":{"rendered":"https:\/\/blog.edu.turku.fi\/katedral\/?page_id=92"},"modified":"2026-04-15T13:49:02","modified_gmt":"2026-04-15T10:49:02","slug":"framtidsdagen","status":"publish","type":"page","link":"https:\/\/blog.edu.turku.fi\/katedral\/framtidsdagen\/","title":{"rendered":"Framtidsdagen"},"content":{"rendered":"\n<p>Framtidsdagen \u00e4r en av Katedralskolans \u00e5rligen \u00e5terkommande traditioner. Dagen syftar till att arbeta f\u00f6r en h\u00e5llbar framtid, st\u00e4rka de studerandes framtidsf\u00e4rdigheter och uppmuntra till att utveckla ett positivt och aktivt framtidsperspektiv.<\/p>\n\n\n\n<p>Den internationella Framtidsdagen firas f\u00f6rsta fredagen i mars. Teman och inneh\u00e5ll kretsar kring h\u00e5llbar utveckling och hur v\u00e5ra val, handlingar och v\u00e4rderingar p\u00e5verkar b\u00e5de v\u00e5r egen och andras framtid.<\/p>\n\n\n\n<figure class=\"wp-block-image size-full is-resized\"><img loading=\"lazy\" decoding=\"async\" width=\"1024\" height=\"725\" src=\"https:\/\/blog.edu.turku.fi\/katedral\/files\/2026\/04\/affisch_final-1.png\" alt=\"\" class=\"wp-image-287\" style=\"aspect-ratio:1.4124501855160094;width:697px;height:auto\" srcset=\"https:\/\/blog.edu.turku.fi\/katedral\/files\/2026\/04\/affisch_final-1.png 1024w, https:\/\/blog.edu.turku.fi\/katedral\/files\/2026\/04\/affisch_final-1-300x212.png 300w, https:\/\/blog.edu.turku.fi\/katedral\/files\/2026\/04\/affisch_final-1-768x544.png 768w\" sizes=\"auto, (max-width: 1024px) 100vw, 1024px\" \/><\/figure>\n\n\n\n<h3 class=\"wp-block-heading\">2026 &#8211; Tema: Framtidens intelligens och m\u00e4nsklighet<\/h3>\n\n\n\n<p>Framtidsdagen firades den 4.3.2026 i Logomo tillsammans med alla \u00c5bos gymnasier som en del av Katedralskolans 750-\u00e5rsjubileum. Dagen bj\u00f6d p\u00e5 inspirerande f\u00f6rel\u00e4sningar av Kattan-alumnen <strong>Peter Sarlin<\/strong> och <strong>Linda Mannila<\/strong>, som belyste AI, digital utveckling och framtidsperspektiv. Programmet i Logomo varvades med musik av Juccis-k\u00f6ren fr\u00e5n Puolalanm\u00e4en lukio. Efter lunch fortsatte arbetet i de egna gymnasierna genom framtidsverkst\u00e4der d\u00e4r de studerande f\u00f6rdjupade sig i dagens tema.<\/p>\n\n\n\n<hr class=\"wp-block-separator has-alpha-channel-opacity\" \/>\n\n\n\n<h3 class=\"wp-block-heading\">2025 \u2013 Tema: Fred<\/h3>\n\n\n\n<p>Hur kan vi genom aktiva handlingar bidra till en b\u00e4ttre och mer h\u00e5llbar framtid?<\/p>\n\n\n\n<p><strong>F\u00f6rel\u00e4sningar och inspirat\u00f6rer:<\/strong><\/p>\n\n\n\n<ul class=\"wp-block-list\">\n<li><strong>Karavanen till Ukraina<\/strong> \u2013 Magnus Londen<\/li>\n\n\n\n<li><strong>Futures Literacy \u00d7 Game Design<\/strong> \u2013 Martyn Richards, PhD Researcher<\/li>\n<\/ul>\n\n\n\n<p><strong>Arbete i framtidsverkst\u00e4der<\/strong><\/p>\n\n\n\n<p>De studerande arbetar kreativt genom att <strong>designa ett spelkoncept<\/strong> utg\u00e5ende fr\u00e5n framtidsfr\u00e5gor som de sj\u00e4lva upplever som viktiga.<\/p>\n\n\n\n<hr class=\"wp-block-separator has-alpha-channel-opacity\" \/>\n\n\n\n<h3 class=\"wp-block-heading\">2024 \u2013 Tema: AI<\/h3>\n\n\n\n<p>Vad inneb\u00e4r framtidst\u00e4nkande, och hur kan vi f\u00f6rh\u00e5lla oss till framtiden i en tid av snabb teknologisk utveckling?<\/p>\n\n\n\n<p><strong>F\u00f6rel\u00e4sningar och inspirat\u00f6rer:<\/strong><\/p>\n\n\n\n<ul class=\"wp-block-list\">\n<li><strong>Vad \u00e4r framtidst\u00e4nkande? Hur kan man t\u00e4nka kring framtiden?<\/strong><br>Heidi Enbacka, projektchef, Framtidslabbet<\/li>\n\n\n\n<li><strong>Teknologi, AI och geopolitik<\/strong><br>Stefan Lindstr\u00f6m, ambassad\u00f6r f\u00f6r digitalisering och nya teknologier, Utrikesministeriet<\/li>\n\n\n\n<li><strong>Hur kan AI anv\u00e4ndas f\u00f6r att hj\u00e4lpa andra \u2013 och hur kan AI anv\u00e4ndas p\u00e5 ett ansvarsfullt s\u00e4tt i studierna?<\/strong><br>Frida Hartman, civilingenj\u00f6r och mjukvaruutvecklare<\/li>\n<\/ul>\n\n\n\n<p><strong>Arbete i framtidsverkst\u00e4der<\/strong><\/p>\n\n\n\n<p>De studerande arbetar med <strong>framtidshjulet<\/strong> och utforskar hur artificiell intelligens kan p\u00e5verka livet efter gymnasiet. Fokus ligger p\u00e5 fr\u00e5gor som hur AI kan komma att p\u00e5verka <strong>utbildning, arbetsliv och vardag<\/strong>.<\/p>\n\n\n\n<p>Som avslutande uppgift skapar de en <strong>positiv framtidsnyhet om AI<\/strong>, baserad p\u00e5 de id\u00e9er och perspektiv som lyfts fram i framtidshjulet.<\/p>\n\n\n\n<hr class=\"wp-block-separator has-alpha-channel-opacity\" \/>\n\n\n\n<h3 class=\"wp-block-heading\">2023 \u2013 Tema: J\u00e4mlikhet<\/h3>\n\n\n\n<p>Vem drar upp riktlinjerna f\u00f6r din framtid \u2013 och vilka m\u00f6jligheter har olika m\u00e4nniskor att p\u00e5verka sina livsvillkor?<\/p>\n\n\n\n<p><strong>F\u00f6rel\u00e4sningar och inspirat\u00f6rer:<\/strong><\/p>\n\n\n\n<ul class=\"wp-block-list\">\n<li><strong>USA \u2013 klyftan mellan vackra ideal och krass verklighet<\/strong><br>Ville Hupa, journalist<\/li>\n\n\n\n<li><strong>Lycklighet<\/strong><br>Janina Andersson, verksamhetsledare, MML<\/li>\n<\/ul>\n\n\n\n<p><strong>Arbete i framtidsverkst\u00e4der<\/strong><\/p>\n\n\n\n<p>De studerande skapar gemensamma framtidsscenarier utg\u00e5ende fr\u00e5n sina visioner om ett <strong>j\u00e4mlikt och r\u00e4ttvist \u00f6nskesamh\u00e4lle<\/strong>. Scenarierna visualiseras kreativt i form av <strong>kollage<\/strong>.<\/p>\n\n\n\n<hr class=\"wp-block-separator has-alpha-channel-opacity\" \/>\n\n\n\n<h3 class=\"wp-block-heading\">2022 \u2013 Tema: Cirkul\u00e4r ekonomi<\/h3>\n\n\n\n<p>Varf\u00f6r beh\u00f6ver jag bry mig \u2013 och hur p\u00e5verkar cirkul\u00e4r ekonomi v\u00e5r gemensamma framtid?<\/p>\n\n\n\n<p><strong>F\u00f6rel\u00e4sningar och inspirat\u00f6rer:<\/strong><\/p>\n\n\n\n<ul class=\"wp-block-list\">\n<li><strong>The World After Coronavirus: The Future of the Green Economy<\/strong><br>Sandrine Dixson-Decl\u00e8ve, Club of Rome<\/li>\n\n\n\n<li><strong>Cirkul\u00e4r ekonomi och klimatansvar ur globala f\u00f6retags perspektiv<\/strong><br>Klaus Kotka, Country Manager, Apple<\/li>\n\n\n\n<li><strong>Cirkul\u00e4r ekonomi och jag<\/strong><br>PM Annina Kainu, \u00c5bo Akademi<\/li>\n<\/ul>\n\n\n\n<p><strong>Arbete i framtidsverkst\u00e4der<\/strong><\/p>\n\n\n\n<p>De studerande funderar kring hur <strong>cirkul\u00e4r ekonomi<\/strong> kan komma att p\u00e5verka b\u00e5de den egna och samh\u00e4llets framtid. Arbetet sker med hj\u00e4lp av <strong>framtidshjulet<\/strong>, och slutprodukten \u00e4r en <strong>TikTok-video<\/strong> d\u00e4r id\u00e9erna visualiseras p\u00e5 ett kreativt och engagerande s\u00e4tt.<\/p>\n\n\n\n<hr class=\"wp-block-separator has-alpha-channel-opacity\" \/>\n\n\n\n<h3 class=\"wp-block-heading\">2021 \u2013 Tema: Teknik och teknologi<\/h3>\n\n\n\n<p>Vem drar upp riktlinjerna f\u00f6r din framtid \u2013 och hur formas den av teknisk utveckling och innovation?<\/p>\n\n\n\n<p><strong>F\u00f6rel\u00e4sningar och inspirat\u00f6rer:<\/strong><\/p>\n\n\n\n<ul class=\"wp-block-list\">\n<li><strong>Nygamla knep f\u00f6r att l\u00f6sa m\u00e4nsklighetens energiproblem<\/strong><br>Marcus Rosenlund, vetenskapsredakt\u00f6r<\/li>\n\n\n\n<li><strong>Arbetets sp\u00e4nnande framtid med robotar<\/strong><br>Cristina Andersson, specialist inom AI, robotik och innovationsrelaterade fr\u00e5gor, tillsammans med sin son Nicholas, expert p\u00e5 robotik<\/li>\n<\/ul>\n\n\n\n<p><strong>Arbete i framtidsverkst\u00e4der<\/strong><\/p>\n\n\n\n<p>De studerande arbetar med <strong>framtidshjulet<\/strong> f\u00f6r att utforska hur teknik och teknologi kan p\u00e5verka framtidens arbetsliv, samh\u00e4lle och vardag.<\/p>\n\n\n\n<hr class=\"wp-block-separator has-alpha-channel-opacity\" \/>\n\n\n\n<h3 class=\"wp-block-heading\">2020 \u2013 Tema: Arbetslivskompetenser<\/h3>\n\n\n\n<p>Vilka kunskaper och f\u00e4rdigheter kommer du som studerande att beh\u00f6va i framtidens arbetsliv?<\/p>\n\n\n\n<p><strong>F\u00f6rel\u00e4sningar och inspirat\u00f6rer:<\/strong><\/p>\n\n\n\n<ul class=\"wp-block-list\">\n<li><strong>Hur trender kan p\u00e5verka arbetslivet och vilka kompetenser som beh\u00f6vs i framtiden<\/strong><br>Thomas Westerholm, Director, Laboratory of Business Disruption Research<\/li>\n\n\n\n<li><strong>V\u00e4rderingar \u2013 hur p\u00e5verkar de oss?<\/strong><br>Bi Puranen, Institutet f\u00f6r framtidsstudier i Stockholm, generalsekreterare f\u00f6r World Values Survey<\/li>\n<\/ul>\n\n\n\n<p><strong>Arbete i framtidsverkst\u00e4der<\/strong><\/p>\n\n\n\n<p>De studerande skapar <strong>framtidsprofiler<\/strong> genom att reflektera \u00f6ver sina egna kompetenser, styrkor och v\u00e4rderingar. Framtidsprofilerna sammanst\u00e4lls i form av en <strong>kort video, en dr\u00f6mkarta eller en presentation<\/strong>.<\/p>\n\n\n\n<hr class=\"wp-block-separator has-alpha-channel-opacity\" \/>\n\n\n\n<h3 class=\"wp-block-heading\">2019 \u2013 Hur kan du skapa dina framtider?<\/h3>\n\n\n\n<p>Hur kan du sj\u00e4lv p\u00e5verka och forma dina framtider \u2013 och hur kan skolan st\u00f6da dig i den processen?<\/p>\n\n\n\n<p><strong>F\u00f6rel\u00e4sningar och inspirat\u00f6rer:<\/strong><\/p>\n\n\n\n<ul class=\"wp-block-list\">\n<li>Professor <strong>John Eriksson<\/strong>, \u00c5bo Akademi<\/li>\n\n\n\n<li><strong>Stefan Wallin<\/strong>, ordf\u00f6rande f\u00f6r Riksdagens framtidsutskott<\/li>\n<\/ul>\n\n\n\n<p><strong>Arbete i framtidsverkst\u00e4der<\/strong><\/p>\n\n\n\n<p>De studerande arbetar med <strong>framtidshjulet<\/strong> utg\u00e5ende fr\u00e5n fr\u00e5gest\u00e4llningen:<br><em>Hur kan jag skapa mina framtider och hur kan Kattan utvecklas f\u00f6r att st\u00f6da mig, s\u00e5 att jag kan v\u00e4xa till den jag vill bli \u00e5r 2030?<\/em><\/p>\n","protected":false},"excerpt":{"rendered":"<p>Framtidsdagen \u00e4r en av Katedralskolans \u00e5rligen \u00e5terkommande traditioner. Dagen syftar till att arbeta f\u00f6r en h\u00e5llbar framtid, st\u00e4rka de studerandes &hellip; <\/p>\n","protected":false},"author":9,"featured_media":0,"parent":0,"menu_order":0,"comment_status":"closed","ping_status":"closed","template":"","meta":{"footnotes":""},"class_list":["post-92","page","type-page","status-publish","hentry","latest_post"],"_links":{"self":[{"href":"https:\/\/blog.edu.turku.fi\/katedral\/wp-json\/wp\/v2\/pages\/92","targetHints":{"allow":["GET"]}}],"collection":[{"href":"https:\/\/blog.edu.turku.fi\/katedral\/wp-json\/wp\/v2\/pages"}],"about":[{"href":"https:\/\/blog.edu.turku.fi\/katedral\/wp-json\/wp\/v2\/types\/page"}],"author":[{"embeddable":true,"href":"https:\/\/blog.edu.turku.fi\/katedral\/wp-json\/wp\/v2\/users\/9"}],"replies":[{"embeddable":true,"href":"https:\/\/blog.edu.turku.fi\/katedral\/wp-json\/wp\/v2\/comments?post=92"}],"version-history":[{"count":3,"href":"https:\/\/blog.edu.turku.fi\/katedral\/wp-json\/wp\/v2\/pages\/92\/revisions"}],"predecessor-version":[{"id":290,"href":"https:\/\/blog.edu.turku.fi\/katedral\/wp-json\/wp\/v2\/pages\/92\/revisions\/290"}],"wp:attachment":[{"href":"https:\/\/blog.edu.turku.fi\/katedral\/wp-json\/wp\/v2\/media?parent=92"}],"curies":[{"name":"wp","href":"https:\/\/api.w.org\/{rel}","templated":true}]}}