{"id":8,"date":"2026-01-14T13:11:06","date_gmt":"2026-01-14T11:11:06","guid":{"rendered":"https:\/\/blog.edu.turku.fi\/katedral\/?page_id=8"},"modified":"2026-03-30T10:28:12","modified_gmt":"2026-03-30T07:28:12","slug":"katedralskolan-750-ar","status":"publish","type":"page","link":"https:\/\/blog.edu.turku.fi\/katedral\/katedralskolan-750-ar\/","title":{"rendered":"Katedralskolan 750 \u00e5r"},"content":{"rendered":"\n<p><strong>Katedralskolan i \u00c5bo&nbsp;\u2013&nbsp;750<\/strong>&nbsp;<strong>\u00e5r&nbsp;av bildning och kulturarv&nbsp;i Finland<\/strong>&nbsp;<\/p>\n\n\n\n<p>Jubileums\u00e5ret 2026 bjuder p\u00e5 historisk&nbsp;tillbakablick,&nbsp;unika&nbsp;upplevelser och gemenskap&nbsp;<\/p>\n\n\n\n<p>\u00c5r 2026 markerar ett unikt kapitel i Finlands utbildningshistoria:&nbsp;Katedralskolan i \u00c5bo firar sitt&nbsp;750-\u00e5rsjubileum.&nbsp;Som landets \u00e4ldsta skola och en av Europas \u00e4ldsta utbildningsinstitutioner har&nbsp;katedralskolan&nbsp;haft en avg\u00f6rande roll&nbsp;f\u00f6r hela Finland&nbsp;i utvecklingen av&nbsp;samh\u00e4llet, bildningsidealet&nbsp;och kulturen&nbsp;fr\u00e5n medeltiden till idag.&nbsp;I f\u00f6rl\u00e4ngningen har b\u00e5de gamla \u00c5bo Akademi och Helsingfors universitet sina r\u00f6tter i Katedralskolan.&nbsp;<\/p>\n\n\n\n<p>Jubileums\u00e5ret uppm\u00e4rksammas genom en rad evenemang som lyfter fram skolans l\u00e5nga och betydelsefulla historia. Bakom satsningen st\u00e5r&nbsp;Katedralskolan<strong>&nbsp;i&nbsp;<\/strong>\u00c5bo&nbsp;tillsammans med&nbsp;alumnif\u00f6reningarna&nbsp;Katedralskolef\u00f6reningen<strong>&nbsp;i&nbsp;<\/strong>\u00c5bo&nbsp;rf.&nbsp;och&nbsp;Kamratf\u00f6rbundet&nbsp;Classicum&nbsp;rf. Evenemangen genomf\u00f6rs i n\u00e4ra samarbete med&nbsp;\u00c5bo stad,&nbsp;\u00c5bosamfundet&nbsp;och&nbsp;Turun&nbsp;Suurtori&nbsp;Keskiaika&nbsp;ry.&nbsp;<\/p>\n","protected":false},"excerpt":{"rendered":"<p>Katedralskolan i \u00c5bo&nbsp;\u2013&nbsp;750&nbsp;\u00e5r&nbsp;av bildning och kulturarv&nbsp;i Finland&nbsp; Jubileums\u00e5ret 2026 bjuder p\u00e5 historisk&nbsp;tillbakablick,&nbsp;unika&nbsp;upplevelser och gemenskap&nbsp; \u00c5r 2026 markerar ett unikt kapitel &hellip; <\/p>\n","protected":false},"author":9,"featured_media":274,"parent":0,"menu_order":0,"comment_status":"closed","ping_status":"closed","template":"","meta":{"footnotes":""},"class_list":["post-8","page","type-page","status-publish","has-post-thumbnail","hentry","latest_post"],"_links":{"self":[{"href":"https:\/\/blog.edu.turku.fi\/katedral\/wp-json\/wp\/v2\/pages\/8","targetHints":{"allow":["GET"]}}],"collection":[{"href":"https:\/\/blog.edu.turku.fi\/katedral\/wp-json\/wp\/v2\/pages"}],"about":[{"href":"https:\/\/blog.edu.turku.fi\/katedral\/wp-json\/wp\/v2\/types\/page"}],"author":[{"embeddable":true,"href":"https:\/\/blog.edu.turku.fi\/katedral\/wp-json\/wp\/v2\/users\/9"}],"replies":[{"embeddable":true,"href":"https:\/\/blog.edu.turku.fi\/katedral\/wp-json\/wp\/v2\/comments?post=8"}],"version-history":[{"count":3,"href":"https:\/\/blog.edu.turku.fi\/katedral\/wp-json\/wp\/v2\/pages\/8\/revisions"}],"predecessor-version":[{"id":277,"href":"https:\/\/blog.edu.turku.fi\/katedral\/wp-json\/wp\/v2\/pages\/8\/revisions\/277"}],"wp:featuredmedia":[{"embeddable":true,"href":"https:\/\/blog.edu.turku.fi\/katedral\/wp-json\/wp\/v2\/media\/274"}],"wp:attachment":[{"href":"https:\/\/blog.edu.turku.fi\/katedral\/wp-json\/wp\/v2\/media?parent=8"}],"curies":[{"name":"wp","href":"https:\/\/api.w.org\/{rel}","templated":true}]}}