{"id":67,"date":"2026-03-12T13:16:45","date_gmt":"2026-03-12T11:16:45","guid":{"rendered":"https:\/\/blog.edu.turku.fi\/katedral\/?page_id=67"},"modified":"2026-04-27T13:40:57","modified_gmt":"2026-04-27T10:40:57","slug":"stodfunktioner","status":"publish","type":"page","link":"https:\/\/blog.edu.turku.fi\/katedral\/stodfunktioner\/","title":{"rendered":"St\u00f6dfunktioner"},"content":{"rendered":"\n<p>En \u00f6versikt \u00f6ver st\u00f6dfunktionerna i Katedralskolan hittar du p\u00e5 den h\u00e4r l\u00e4nken:\u00a0<a href=\"https:\/\/blog.edu.turku.fi\/ohjaus-ja-tuki-lukioissa\/sv_SE\/lukiot-turussa\/katedralskolan-i-abo\/\" target=\"_blank\" rel=\"noreferrer noopener\">Handledning och st\u00f6d i gymnasiet<\/a><\/p>\n\n\n\n<h2 class=\"wp-block-heading\">Handledning<\/h2>\n\n\n\n<p>I gymnasiet kan du f\u00e5 st\u00f6d med studierna och studierelaterade fr\u00e5gor av studiehandledaren, grupphandledaren och naturligtvis av \u00e4mnesl\u00e4rarna.<\/p>\n\n\n\n<p>Vem som g\u00f6r vad inom handledningen kan du l\u00e4sa i <a href=\"https:\/\/drive.google.com\/file\/d\/169lRl2w1MAlobqpuiRG3Zi6bX302ecVg\/view\" data-type=\"link\" data-id=\"https:\/\/drive.google.com\/file\/d\/169lRl2w1MAlobqpuiRG3Zi6bX302ecVg\/view\">skolans l\u00e4roplan p\u00e5 sidorna 27-30.<\/a><\/p>\n\n\n\n<h2 class=\"wp-block-heading\">Studerandev\u00e5rd<\/h2>\n\n\n\n<p>Som enskild studerande har du r\u00e4tt till individuell studerandev\u00e5rd, dvs. studerandeh\u00e4lsov\u00e5rdstj\u00e4nster, psykolog- och kuratorstj\u00e4nster samt till yrkes\u00f6vergripande individuell studerandev\u00e5rd.<\/p>\n\n\n\n<p>Studerandev\u00e5rdstj\u00e4nsterna tillhandah\u00e5lls i studerandeh\u00e4lsov\u00e5rdens utrymmen i f\u00f6rsta v\u00e5ningen, ing\u00e5ng via A-trappan. Du kan l\u00e4sa p\u00e5 Wilma om h\u00e4lsov\u00e5rdarens och kuratorns mottagningstider.<\/p>\n\n\n\n<h2 class=\"wp-block-heading\">Studerandek\u00e5ren och tutorerna<\/h2>\n\n\n\n<p>kompletteras<\/p>\n\n\n\n<h2 class=\"wp-block-heading\">Studiesociala f\u00f6rm\u00e5ner<\/h2>\n\n\n\n<p>Information om studiest\u00f6d och resest\u00f6d hittar du p\u00e5&nbsp;<a href=\"http:\/\/www.kela.fi\/web\/sv\/studerande\">FPA:<\/a>s och&nbsp;<a href=\"http:\/\/www.foli.fi\/sv\/biljetter-och-priser\/blanketter\">F\u00d6LI<\/a>:s hemsidor. Studiehandledaren handl\u00e4gger \u00e4renden som har med studiest\u00f6det att g\u00f6ra och skolsekreteraren fr\u00e5gor som har med skolresor att g\u00f6ra.<\/p>\n\n\n\n<p><\/p>\n","protected":false},"excerpt":{"rendered":"<p>En \u00f6versikt \u00f6ver st\u00f6dfunktionerna i Katedralskolan hittar du p\u00e5 den h\u00e4r l\u00e4nken:\u00a0Handledning och st\u00f6d i gymnasiet Handledning I gymnasiet kan &hellip; <\/p>\n","protected":false},"author":9,"featured_media":0,"parent":0,"menu_order":0,"comment_status":"closed","ping_status":"closed","template":"","meta":{"footnotes":""},"class_list":["post-67","page","type-page","status-publish","hentry","latest_post"],"_links":{"self":[{"href":"https:\/\/blog.edu.turku.fi\/katedral\/wp-json\/wp\/v2\/pages\/67","targetHints":{"allow":["GET"]}}],"collection":[{"href":"https:\/\/blog.edu.turku.fi\/katedral\/wp-json\/wp\/v2\/pages"}],"about":[{"href":"https:\/\/blog.edu.turku.fi\/katedral\/wp-json\/wp\/v2\/types\/page"}],"author":[{"embeddable":true,"href":"https:\/\/blog.edu.turku.fi\/katedral\/wp-json\/wp\/v2\/users\/9"}],"replies":[{"embeddable":true,"href":"https:\/\/blog.edu.turku.fi\/katedral\/wp-json\/wp\/v2\/comments?post=67"}],"version-history":[{"count":4,"href":"https:\/\/blog.edu.turku.fi\/katedral\/wp-json\/wp\/v2\/pages\/67\/revisions"}],"predecessor-version":[{"id":390,"href":"https:\/\/blog.edu.turku.fi\/katedral\/wp-json\/wp\/v2\/pages\/67\/revisions\/390"}],"wp:attachment":[{"href":"https:\/\/blog.edu.turku.fi\/katedral\/wp-json\/wp\/v2\/media?parent=67"}],"curies":[{"name":"wp","href":"https:\/\/api.w.org\/{rel}","templated":true}]}}