{"id":65,"date":"2026-03-12T13:16:29","date_gmt":"2026-03-12T11:16:29","guid":{"rendered":"https:\/\/blog.edu.turku.fi\/katedral\/?page_id=65"},"modified":"2026-04-27T13:22:29","modified_gmt":"2026-04-27T10:22:29","slug":"franvaro","status":"publish","type":"page","link":"https:\/\/blog.edu.turku.fi\/katedral\/franvaro\/","title":{"rendered":"Fr\u00e5nvaro"},"content":{"rendered":"\n<h2 class=\"wp-block-heading\">N\u00e4rvaro och fr\u00e5nvaroregler<\/h2>\n\n\n\n<p>\u00c4ven i gymnasiet r\u00e5der det n\u00e4rvaroplikt. Som studerande har du skyldighet att delta i undervisningen och andra evenemang som ordnas inom ramen f\u00f6r skolans verksamhet. \u2026 om annat&nbsp;inte meddelats eller studeranden befriats fr\u00e5n deltagande. (enligt Gymnasielagen \u00a725)<\/p>\n\n\n\n<p>L\u00e4raren kontrollerar n\u00e4rvaron vid varje lektion och f\u00f6r in anteckningar om&nbsp;den studerandes&nbsp;fr\u00e5nvaro i Wilma.<\/p>\n\n\n<div class=\"lightweight-accordion\"><details><summary class=\"lightweight-accordion-title\"><span>Sjukfr\u00e5nvaro och -anm\u00e4lan<\/span><\/summary><div class=\"lightweight-accordion-body\">\n\n<p>Om en studerande \u00e4r fr\u00e5nvarande pga sjukdom meddelar v\u00e5rdnadshavaren om fr\u00e5nvaron via Wilma. \u00a0(Lektionsanteckningar -&gt; \u201dMeddela om fr\u00e5nvaro\u201d). Anm\u00e4lan g\u00e4ller\u00a0endast en dag (anm\u00e4lan som g\u00f6rs f\u00f6re kl. 12 g\u00e4ller samma dag, g\u00f6rs den efter kl. 12 g\u00e4ller den f\u00f6ljande dag).<\/p>\n\n\n\n<p>En studerande som blir sjuk under skoldagen m\u00e5ste anm\u00e4la sig till en l\u00e4rare eller till skolsekreteraren innan han eller hon g\u00e5r hem.<\/p>\n\n<\/div><\/details><\/div>\n\n<div class=\"lightweight-accordion\"><details><summary class=\"lightweight-accordion-title\"><span>Fr\u00e5nvaro av annan orsak<\/span><\/summary><div class=\"lightweight-accordion-body\">\n\n<p>Om en studerande m\u00e5ste&nbsp;vara borta av annan orsak ska v\u00e5rdnadshavaren i god tid ans\u00f6ka om lov via Wilma.<\/p>\n\n\n\n<p>Om fr\u00e5nvaron g\u00e4ller en eller flera skoldagar g\u00f6rs ans\u00f6kan elektroniskt, och hittas i Wilma under \u201dAns\u00f6kningar och beslut\u201d. Klicka p\u00e5 \u201dG\u00f6r en ny ans\u00f6kan\u201d och v\u00e4lj d\u00e4refter<\/p>\n\n\n\n<ul class=\"wp-block-list\">\n<li>1-3 dagars fr\u00e5nvaro eller<\/li>\n\n\n\n<li>\u00f6ver 3 dagars fr\u00e5nvaro.<\/li>\n<\/ul>\n\n\n\n<p>Om det handlar om enstaka lektioner r\u00e4cker det med att vara i direkt kontakt med l\u00e4raren.<\/p>\n\n<\/div><\/details><\/div>\n\n<div class=\"lightweight-accordion\"><details><summary class=\"lightweight-accordion-title\"><span>Fr\u00e5nvaro fr\u00e5n provtillf\u00e4lle<\/span><\/summary><div class=\"lightweight-accordion-body\">\n\n<p>N\u00e4r en studerande insjuknat inf\u00f6r ett prov eller en bed\u00f6md prestation, g\u00f6rs sjukanm\u00e4lan p\u00e5 samma s\u00e4tt som vid sjukfr\u00e5nvaro och -anm\u00e4lan, dvs. via Wilma.<\/p>\n\n<\/div><\/details><\/div>\n\n<div class=\"lightweight-accordion\"><details><summary class=\"lightweight-accordion-title\"><span>\u00d6vrigt<\/span><\/summary><div class=\"lightweight-accordion-body\">\n\n<p><em>Godtagbar fr\u00e5nvaro<\/em>&nbsp;\u00e4r bl.a. sjukdom, n\u00f6dv\u00e4ndiga tandl\u00e4karbes\u00f6k, l\u00e4karbes\u00f6k eller bes\u00f6k hos kuratorn eller h\u00e4lsov\u00e5rdaren, resa som man anh\u00e5llit om lov f\u00f6r, deltagande i annan verksamhet som ordnats av skolan, deltagande i tr\u00e4ning, t\u00e4vlingar eller l\u00e4ger f\u00f6r dem som \u00e4r med i idrottsakademins verksamhet, k\u00f6rprov.<\/p>\n\n\n\n<p><em>Icke godtagbar fr\u00e5nvaro&nbsp;<\/em>\u00e4r bl.a. k\u00f6rlektioner, l\u00e4sning inf\u00f6r prov, tr\u00e4ffar med v\u00e4nner, icke akuta l\u00e4kar- och tandl\u00e4karbes\u00f6k.<\/p>\n\n\n\n<p><strong><em>Olovlig fr\u00e5nvaro<\/em>&nbsp;och\/eller&nbsp;<em>f\u00f6r stort antal fr\u00e5nvarotimmar<\/em>&nbsp;kan leda till att ett studieavsnitt inte kan bed\u00f6mas.<\/strong>&nbsp;Studieavsnittet r\u00e4knas d\u00e5 som avbrutet och den studerande m\u00e5ste g\u00e5 om studieavsnittet.<\/p>\n\n\n\n<p>Studerande som har fyllt 18 \u00e5r har r\u00e4tt att sj\u00e4lv meddela om sjukfr\u00e5nvaro eller anh\u00e5lla om ledighet. Vid behov kan skolan kr\u00e4va intyg av h\u00e4lsov\u00e5rdspersonal eller f\u00f6r\u00e4lder.<\/p>\n\n\n\n<p><a href=\"https:\/\/drive.google.com\/file\/d\/18xvzgDn2vpYKZDAY_nNN6YF13jon4PW7\/view?usp=sharing\">https:\/\/drive.google.com\/file\/d\/18xvzgDn2vpYKZDAY_nNN6YF13jon4PW7\/view?usp=sharing<\/a><\/p>\n\n<\/div><\/details><\/div>","protected":false},"excerpt":{"rendered":"<p>N\u00e4rvaro och fr\u00e5nvaroregler \u00c4ven i gymnasiet r\u00e5der det n\u00e4rvaroplikt. Som studerande har du skyldighet att delta i undervisningen och andra &hellip; <\/p>\n","protected":false},"author":9,"featured_media":0,"parent":0,"menu_order":0,"comment_status":"closed","ping_status":"closed","template":"","meta":{"footnotes":""},"class_list":["post-65","page","type-page","status-publish","hentry","latest_post"],"_links":{"self":[{"href":"https:\/\/blog.edu.turku.fi\/katedral\/wp-json\/wp\/v2\/pages\/65","targetHints":{"allow":["GET"]}}],"collection":[{"href":"https:\/\/blog.edu.turku.fi\/katedral\/wp-json\/wp\/v2\/pages"}],"about":[{"href":"https:\/\/blog.edu.turku.fi\/katedral\/wp-json\/wp\/v2\/types\/page"}],"author":[{"embeddable":true,"href":"https:\/\/blog.edu.turku.fi\/katedral\/wp-json\/wp\/v2\/users\/9"}],"replies":[{"embeddable":true,"href":"https:\/\/blog.edu.turku.fi\/katedral\/wp-json\/wp\/v2\/comments?post=65"}],"version-history":[{"count":4,"href":"https:\/\/blog.edu.turku.fi\/katedral\/wp-json\/wp\/v2\/pages\/65\/revisions"}],"predecessor-version":[{"id":385,"href":"https:\/\/blog.edu.turku.fi\/katedral\/wp-json\/wp\/v2\/pages\/65\/revisions\/385"}],"wp:attachment":[{"href":"https:\/\/blog.edu.turku.fi\/katedral\/wp-json\/wp\/v2\/media?parent=65"}],"curies":[{"name":"wp","href":"https:\/\/api.w.org\/{rel}","templated":true}]}}