{"id":63,"date":"2026-03-12T13:16:11","date_gmt":"2026-03-12T11:16:11","guid":{"rendered":"https:\/\/blog.edu.turku.fi\/katedral\/?page_id=63"},"modified":"2026-04-23T16:04:29","modified_gmt":"2026-04-23T13:04:29","slug":"studentexamen","status":"publish","type":"page","link":"https:\/\/blog.edu.turku.fi\/katedral\/studentexamen\/","title":{"rendered":"Studentexamen"},"content":{"rendered":"\n<p>Gymnasiestudierna avslutas med studentexamen. F\u00f6r att dimitteras beh\u00f6ver den studerande bli godk\u00e4nd i studentexamen och dessutom avl\u00e4gga minst 150 studiepo\u00e4ng.<\/p>\n\n\n<div class=\"lightweight-accordion\"><details><summary class=\"lightweight-accordion-title\"><span>Hur \u00e4r studentexamen uppbyggd?<\/span><\/summary><div class=\"lightweight-accordion-body\">\n\n<p>Studentexamen best\u00e5r av minst\u00a0<em>fem<\/em>\u00a0prov, av vilka provet i modersm\u00e5let \u00e4r obligatoriskt f\u00f6r alla. De fyra \u00f6vriga proven v\u00e4ljer du fr\u00e5n minst tre olika \u00e4mnesgrupper: <br>matematik, det andra inhemska spr\u00e5ket (finska), fr\u00e4mmande spr\u00e5k och real\u00e4mne. Ett av de h\u00e4r proven ska vara p\u00e5 den mera kr\u00e4vande niv\u00e5n, dvs. A-niv\u00e5 i spr\u00e5ken eller l\u00e5ng l\u00e4rokurs i matematik.<\/p>\n\n\n\n<p>Du kan dessutom avl\u00e4gga ett eller flera extra prov ut\u00f6ver de h\u00e4r fem proven. Om du s\u00e5 vill kan du avl\u00e4gga prov av olika l\u00e4rokurser inom ett och samma prov, t.ex. b\u00e5de l\u00e5ng och kort matematik.<\/p>\n\n\n\n<p>Via&nbsp;<a rel=\"noreferrer noopener\" href=\"https:\/\/ilmo.ylioppilastutkinto.fi\/sv\" target=\"_blank\">den h\u00e4r l\u00e4nken<\/a>&nbsp;(som leder till Studentexamensn\u00e4mndens hemsida) kan du testa vilka provkombinationer som uppfyller dessa krav.<\/p>\n\n<\/div><\/details><\/div>\n\n<div class=\"lightweight-accordion\"><details><summary class=\"lightweight-accordion-title\"><span>N\u00e4r f\u00e5r du inleda skrivningarna?<\/span><\/summary><div class=\"lightweight-accordion-body\">\n\n<p>Du avg\u00f6r sj\u00e4lv n\u00e4r du p\u00e5b\u00f6rjar din studentexamen, om du skriver alla prov vid ett och samma tillf\u00e4lle eller om du sprider examen.<br>Om du v\u00e4ljer det senare alternativet, dvs. att sprida examen, har du r\u00e4tt att anv\u00e4nda upp till tre p\u00e5 varandra f\u00f6ljande examenstillf\u00e4llen (t.ex. v\u00e5r-h\u00f6st-v\u00e5r eller h\u00f6st-v\u00e5r-h\u00f6st). N\u00e4r du anm\u00e4ler dig till det f\u00f6rsta provtillf\u00e4llet r\u00e4knas det att du har p\u00e5b\u00f6rjat din examen. Planera d\u00e4rf\u00f6r dina studier s\u00e5 att du \u00e4r skrivber\u00e4ttigad och v\u00e4l f\u00f6rberedd d\u00e5 du deltar i skrivningarna.<\/p>\n\n\n\n<p>Om du sprider examen kr\u00e4ver studentexamensn\u00e4mnden att du g\u00f6r upp en skrivplan. Den hittar du bland blanketter i Wilma.<\/p>\n\n<\/div><\/details><\/div>\n\n<div class=\"lightweight-accordion\"><details><summary class=\"lightweight-accordion-title\"><span>N\u00e4r har du r\u00e4tt att delta i ett prov?<\/span><\/summary><div class=\"lightweight-accordion-body\">\n\n<p>Du \u00e4r skrivber\u00e4ttigad d\u00e5 du har l\u00e4st alla obligatoriska studier i skriv\u00e4mnet. I de korta fr\u00e4mmande spr\u00e5ken, d\u00e4r det saknas obligatoriska studieavsnitt, ska du ha l\u00e4st minst sex studiepo\u00e4ng f\u00f6r att f\u00e5 skriva studentexamensprovet i ett kort spr\u00e5k. <br>F\u00f6r att f\u00e5 delta i v\u00e5rens skrivningar ska de obligatoriska studierna vara avklarade senast i period 3 och inf\u00f6r h\u00f6stens skrivningar senast i period 5 f\u00f6reg\u00e5ende l\u00e4s\u00e5r.<\/p>\n\n<\/div><\/details><\/div>\n\n<div class=\"lightweight-accordion\"><details><summary class=\"lightweight-accordion-title\"><span>Vad baserar sig provuppgifterna p\u00e5?<\/span><\/summary><div class=\"lightweight-accordion-body\">\n\n<p>Provuppgifterna i studentexamen bygger p\u00e5 inneh\u00e5llet i de obligatoriska och nationella f\u00f6rdjupade studierna.<br>Det l\u00f6nar sig d\u00e4rf\u00f6r att l\u00e4sa alla f\u00f6rdjupade studier i skriv\u00e4mnet och helst ocks\u00e5 andra studier som st\u00f6der skriv\u00e4mnet, s\u00e5 att du med framg\u00e5ng klarar av att besvara \u00e4ven de \u00e4mnes\u00f6vergripande uppgifterna, som kan basera sig p\u00e5 m\u00e5ngsidig kompetens. Fr\u00e5ga g\u00e4rna dina l\u00e4rare om du \u00e4r os\u00e4ker p\u00e5 vilka studieavsnitt det l\u00f6nar sig att l\u00e4sa.<\/p>\n\n<\/div><\/details><\/div>\n\n<div class=\"lightweight-accordion\"><details><summary class=\"lightweight-accordion-title\"><span>Hur m\u00e5nga g\u00e5nger f\u00e5r du ta om ett prov?<\/span><\/summary><div class=\"lightweight-accordion-body\">\n\n<p>Du f\u00e5r ta om ett godk\u00e4nt prov hur m\u00e5nga g\u00e5nger som helst. Ett underk\u00e4nt prov, som kr\u00e4vs f\u00f6r att avl\u00e4gga examen, f\u00e5r du ta om tre g\u00e5nger vid de tre examenstillf\u00e4llen som omedelbart f\u00f6ljer p\u00e5 det tillf\u00e4lle d\u00e4r du blev underk\u00e4nd.<\/p>\n\n\n\n<p>Du f\u00e5r byta niv\u00e5 p\u00e5 ett underk\u00e4nt prov f\u00f6rutsatt att det i din examen ing\u00e5r ett annat prov p\u00e5 den mera kr\u00e4vande niv\u00e5n.<\/p>\n\n\n\n<p>Efter att du har avlagt studentexamen f\u00e5r du ta om ett underk\u00e4nt prov utan tidsbegr\u00e4nsningar.<\/p>\n\n<\/div><\/details><\/div>\n\n<div class=\"lightweight-accordion\"><details><summary class=\"lightweight-accordion-title\"><span>Vad b\u00f6r du k\u00e4nna till om real\u00e4mnesproven?<\/span><\/summary><div class=\"lightweight-accordion-body\">\n\n<p>Real\u00e4mnena \u00e4r uppdelade p\u00e5 tv\u00e5 skilda provdagar. Den ena provdagen skrivs psykologi, filosofi, historia, fysik och biologi, och den andra provdagen evangelisk-luthersk religion, ortodox religion, livs\u00e5sk\u00e5dningskunskap, samh\u00e4llsl\u00e4ra, kemi, geografi och h\u00e4lsokunskap.<\/p>\n\n\n\n<p>Du f\u00e5r delta i endast ett prov under en och samma provdag. Genom att sprida examen kan du avl\u00e4gga flera real\u00e4mnesprov.<\/p>\n\n<\/div><\/details><\/div>\n\n\n<h2 class=\"wp-block-heading\">Anm\u00e4lan och examensavgifter<\/h2>\n\n\n<div class=\"lightweight-accordion\"><details><summary class=\"lightweight-accordion-title\"><span>Hur anm\u00e4ler du dig till skrivningarna?<\/span><\/summary><div class=\"lightweight-accordion-body\">\n\n<p>Du anm\u00e4ler dig till studentexamen via Wilmas elektroniska blankett. Anm\u00e4lan \u00e4r bindande och efter att du har kruxat f\u00f6r att du har kontrollerat alla uppgifter trycker du p\u00e5 \u201dSpara\u201d och s\u00e5 \u00e4r allt klart.<\/p>\n\n\n\n<p>Anm\u00e4lningstiden f\u00f6r h\u00f6stens prov \u00e4r i slutet av maj och f\u00f6r v\u00e5rens prov mots slutet av november. Gymnasierna har r\u00e4tt att sj\u00e4lva best\u00e4mma n\u00e4r anm\u00e4lan senast ska l\u00e4mnas in, s\u00e5 f\u00f6lj med informationen p\u00e5 Wilma.<\/p>\n\n\n\n<p>Om du redan \u00e4r student och vill f\u00f6rs\u00f6ka h\u00f6ja ett vitsord eller komplettera din examen, kontakta kansliet i god tid!<\/p>\n\n<\/div><\/details><\/div>\n\n<div class=\"lightweight-accordion\"><details><summary class=\"lightweight-accordion-title\"><span>Hur mycket kostar det att delta och hur betalar jag avgifterna?<\/span><\/summary><div class=\"lightweight-accordion-body\">\n\n<p>Studerande som omfattas av den utvidgade l\u00e4roplikten \u00e4r ber\u00e4ttigade till avgiftsfrihet, vilket betyder att de fem f\u00f6rsta proven \u00e4r avgiftsfria. Blir du underk\u00e4nd i n\u00e5got av de h\u00e4r proven f\u00e5r du ta om provet utan att betala en provavgift.<\/p>\n\n\n\n<p>R\u00e4tten till avgiftsfria prov upph\u00f6r n\u00e4r du har avlagt studentexamen eller senast det kalender\u00e5r du fyller 20 \u00e5r.<\/p>\n\n\n\n<p>Om du avl\u00e4gger flera prov \u00e4n fem betalar du en avgift f\u00f6r ditt sj\u00e4tte, sjunde osv. prov. Den provspecifika avgiften h\u00f6sten 2024 \u00e4r enligt studentexamensn\u00e4mndens uppgifter 38 \u20ac. Staden sk\u00f6ter om faktureringen och ser till att summan \u00f6verf\u00f6rs till studentexamensn\u00e4mnden.<\/p>\n\n<\/div><\/details><\/div>\n\n<div class=\"lightweight-accordion\"><details><summary class=\"lightweight-accordion-title\"><span>Vad kan jag g\u00f6ra om jag \u00e4r missn\u00f6jd med bed\u00f6mningen?<\/span><\/summary><div class=\"lightweight-accordion-body\">\n\n<p>Om du \u00e4r missn\u00f6jd med bed\u00f6mningen har du r\u00e4tt att beg\u00e4ra ompr\u00f6vning. Beg\u00e4ran g\u00f6rs via studentexamensn\u00e4mndens tj\u00e4nst kokelas.ylioppilastutkinto.fi och kostar 56 euro fr\u00e5n och med h\u00f6sten 2024.<\/p>\n\n<\/div><\/details><\/div>\n\n\n<h2 class=\"wp-block-heading\">Specialarrangemang<\/h2>\n\n\n<div class=\"lightweight-accordion\"><details><summary class=\"lightweight-accordion-title\"><span>Vem kan ans\u00f6ka om specialarrangemang?<\/span><\/summary><div class=\"lightweight-accordion-body\">\n\n<p>Om du p\u00e5 grund av sjukdom, funktionsneds\u00e4ttning, en synnerligen sv\u00e5r livsst\u00edtuation, s\u00e4rskilda l\u00e4s- och skrivsv\u00e5righeter eller ett fr\u00e4mmande spr\u00e5k som modersm\u00e5l hindras att avl\u00e4gga studentexamen p\u00e5 samma s\u00e4tt som andra kan du ans\u00f6ka om specialarrangemang.<\/p>\n\n\n\n<p>Innan du b\u00f6rjar skaffa l\u00e4karintyg eller utl\u00e5tande \u00e4r det sk\u00e4l att diskutera med studiehandledaren eller speciall\u00e4raren f\u00f6r att ta reda p\u00e5 vilka behov du har, vilka specialarrangemang du eventuellt har r\u00e4tt till och vilka utl\u00e5tanden eller l\u00e4karintyg du i s\u00e5 fall beh\u00f6ver. Det \u00e4r du sj\u00e4lv (eller v\u00e5rdnadshavaren om du \u00e4r under 18 \u00e5r) som i god tid ska skaffa fram de utl\u00e5tanden eller l\u00e4karintyg som beh\u00f6vs. Observera att de utl\u00e5tanden som bifogas ans\u00f6kan ska vara utf\u00e4rdade under gymnasietiden och ans\u00f6kan ska vara inskickad till studentexamensn\u00e4mnden innan du deltar i ditt f\u00f6rsta studentexamensprov. Om du f\u00f6r f\u00f6rsta g\u00e5ngen deltar i ett prov p\u00e5 v\u00e5ren ska du l\u00e4mna in utl\u00e5tandena till speciall\u00e4raren senast den 23 november och om du inleder studentexamen p\u00e5 h\u00f6sten senast den 23 april.<\/p>\n\n<\/div><\/details><\/div>\n\n<div class=\"lightweight-accordion\"><details><summary class=\"lightweight-accordion-title\"><span>Vilken typ av specialarrangemang kan man ans\u00f6ka om?<\/span><\/summary><div class=\"lightweight-accordion-body\">\n\n<p>De specialarrangemang som studentexamensn\u00e4mnden kan bevilja \u00e4r<\/p>\n\n\n\n<ul class=\"wp-block-list\">\n<li>extra tid f\u00f6r att avl\u00e4gga ett prov (2 h)<\/li>\n\n\n\n<li>avskilt sm\u00e5gruppsrum (max \u00e5tta examinander i samma rum)<\/li>\n\n\n\n<li>utrymme f\u00f6r vila<\/li>\n\n\n\n<li>r\u00e4tt till st\u00f6rre teckenstorlek och st\u00f6rre bildsk\u00e4rm<\/li>\n<\/ul>\n\n\n\n<p>I vissa fall kan studerande dessutom ans\u00f6ka om att f\u00e5 anv\u00e4nda hj\u00e4lmedel f\u00f6r synskadade, att f\u00e5 prov med begr\u00e4nsat ljudmaterial eller att f\u00e5 anlita en assistent.<\/p>\n\n<\/div><\/details><\/div>\n\n<div class=\"lightweight-accordion\"><details><summary class=\"lightweight-accordion-title\"><span>Hur beaktas det h\u00e4r i bed\u00f6mningen?<\/span><\/summary><div class=\"lightweight-accordion-body\">\n\n<p>Sjukdom eller funktionshinder, l\u00e4s- och skrivsv\u00e5righeter eller en synnerligen sv\u00e5r livssituation kan beaktas i bed\u00f6mningen endast om du annars skulle f\u00e5 ett underk\u00e4nt vitsord i provet.<\/p>\n\n<\/div><\/details><\/div>\n\n\n<h2 class=\"wp-block-heading\">R\u00e5d och Info<\/h2>\n\n\n<div class=\"lightweight-accordion\"><details><summary class=\"lightweight-accordion-title\"><span>Allm\u00e4nna r\u00e5d med tanke p\u00e5 studieplaneringen och studentskrivningarna<\/span><\/summary><div class=\"lightweight-accordion-body\">\n\n<p>Fundera p\u00e5 vilka \u00e4mnen du \u00e4r mest intresserad av, vilka \u00e4mnen du tror att du har mest nytta av med tanke p\u00e5 fortsatta studier efter studentexamen.<\/p>\n\n\n\n<p>Planera d\u00e4refter ditt studieprogram s\u00e5 att du hinner l\u00e4sa de studieavsnitt som du \u00f6nskar avl\u00e4gga. Kom ocks\u00e5 ih\u00e5g att studentexamensprovet \u00e4r ett mognadsprov, d\u00e4r inte enbart dina kunskaper utan \u00e4ven ditt s\u00e4tt att behandla och framst\u00e4lla dina svar p\u00e5 bed\u00f6ms.<\/p>\n\n<\/div><\/details><\/div>\n\n<div class=\"lightweight-accordion\"><details><summary class=\"lightweight-accordion-title\"><span>Information om praktiska arrangemang under studentskrivningarna<\/span><\/summary><div class=\"lightweight-accordion-body\">\n\n<p>Studentexamensproven h\u00e5lls i gymnastiksalen och Agricolasalen. <\/p>\n\n\n\n<ul class=\"wp-block-list\">\n<li>Kom ih\u00e5g att komma i tid till studentskrivningarna! Du ska vara p\u00e5 plats och redo att g\u00e5 in i skrivsalen 8-tiden. N\u00e4rmare info skickas ut i Wilma. Brickor f\u00f6r medhavd mat osv. finns utanf\u00f6r skrivsalen.<\/li>\n\n\n\n<li>L\u00e4mna v\u00e4skan, v\u00e4rdesaker (telefonen, elektroniskt armband\u2026) osv. i ditt sk\u00e5p. P\u00e5f\u00f6ljderna av fusk eller f\u00f6rs\u00f6k till fusk leder till att du blir underk\u00e4nd i provet och f\u00f6rlorar r\u00e4tten att delta i \u00f6vriga prov under samma skrivtillf\u00e4lle. St\u00e4ng ocks\u00e5 av din mobil s\u00e5 den inte ringer i v\u00e4skan.<\/li>\n\n\n\n<li>Kom ih\u00e5g att ta bort etiketter fr\u00e5n flaskor, burkar och f\u00f6rpackningar eller tejpa \u00f6ver dem med t.ex. silvertejp. Maten ska vara i genomskinliga f\u00f6rpackningar som saknar text. Undvik ocks\u00e5 pennor och kl\u00e4der med text!<\/li>\n\n\n\n<li>Om du \u00e4r sjuk eller har andra f\u00f6rhinder skrivdagen ska du s\u00e5 fort som m\u00f6jligt meddela rektorn tfn 040 1713889 eller bitr\u00e4dande rektorn tfn 040 1907008.<\/li>\n\n\n\n<li>Kom ih\u00e5g att ta med all beh\u00f6vlig utrustning till de elektroniska proven.<\/li>\n<\/ul>\n\n<\/div><\/details><\/div>\n\n\n<h2 class=\"wp-block-heading\">L\u00e4nk till studentexamensn\u00e4mndens hemsida<\/h2>\n\n\n\n<p>P\u00e5 den h\u00e4r l\u00e4nken som g\u00e5r till\u00a0<a href=\"https:\/\/www.ylioppilastutkinto.fi\/sv\/utforandet-av-examen\" target=\"_blank\" rel=\"noreferrer noopener\"><strong><em>studentexamensn\u00e4mndens hemsida<\/em><\/strong>\u00a0<\/a>hittar du mera information om studentexamen, provdagar osv.<\/p>\n\n\n\n<p><\/p>\n","protected":false},"excerpt":{"rendered":"<p>Gymnasiestudierna avslutas med studentexamen. F\u00f6r att dimitteras beh\u00f6ver den studerande bli godk\u00e4nd i studentexamen och dessutom avl\u00e4gga minst 150 studiepo\u00e4ng. &hellip; <\/p>\n","protected":false},"author":9,"featured_media":0,"parent":0,"menu_order":0,"comment_status":"closed","ping_status":"closed","template":"","meta":{"footnotes":""},"class_list":["post-63","page","type-page","status-publish","hentry","latest_post"],"_links":{"self":[{"href":"https:\/\/blog.edu.turku.fi\/katedral\/wp-json\/wp\/v2\/pages\/63","targetHints":{"allow":["GET"]}}],"collection":[{"href":"https:\/\/blog.edu.turku.fi\/katedral\/wp-json\/wp\/v2\/pages"}],"about":[{"href":"https:\/\/blog.edu.turku.fi\/katedral\/wp-json\/wp\/v2\/types\/page"}],"author":[{"embeddable":true,"href":"https:\/\/blog.edu.turku.fi\/katedral\/wp-json\/wp\/v2\/users\/9"}],"replies":[{"embeddable":true,"href":"https:\/\/blog.edu.turku.fi\/katedral\/wp-json\/wp\/v2\/comments?post=63"}],"version-history":[{"count":4,"href":"https:\/\/blog.edu.turku.fi\/katedral\/wp-json\/wp\/v2\/pages\/63\/revisions"}],"predecessor-version":[{"id":359,"href":"https:\/\/blog.edu.turku.fi\/katedral\/wp-json\/wp\/v2\/pages\/63\/revisions\/359"}],"wp:attachment":[{"href":"https:\/\/blog.edu.turku.fi\/katedral\/wp-json\/wp\/v2\/media?parent=63"}],"curies":[{"name":"wp","href":"https:\/\/api.w.org\/{rel}","templated":true}]}}