{"id":61,"date":"2026-03-12T13:15:54","date_gmt":"2026-03-12T11:15:54","guid":{"rendered":"https:\/\/blog.edu.turku.fi\/katedral\/?page_id=61"},"modified":"2026-04-23T15:41:35","modified_gmt":"2026-04-23T12:41:35","slug":"bedomning","status":"publish","type":"page","link":"https:\/\/blog.edu.turku.fi\/katedral\/bedomning\/","title":{"rendered":"Bed\u00f6mning"},"content":{"rendered":"\n<p>Bed\u00f6mningen av ett studieavsnitt sker kontinuerligt under studiernas g\u00e5ng och efter avslutat studieavsnitt f\u00e5r du ett vitsord f\u00f6r dina studieprestationer.<br><br><strong>Principer f\u00f6r bed\u00f6mningen<\/strong> av ett studieavsnitt, klicka p\u00e5 l\u00e4nken f\u00f6r att f\u00f6rstora bilden.<\/p>\n\n\n\n<figure class=\"wp-block-image size-full is-resized\"><img loading=\"lazy\" decoding=\"async\" width=\"801\" height=\"505\" src=\"https:\/\/blog.edu.turku.fi\/katedral\/files\/2026\/04\/bedomning_av_studieavsnitt_sm.png\" alt=\"\" class=\"wp-image-351\" style=\"width:573px;height:auto\" srcset=\"https:\/\/blog.edu.turku.fi\/katedral\/files\/2026\/04\/bedomning_av_studieavsnitt_sm.png 801w, https:\/\/blog.edu.turku.fi\/katedral\/files\/2026\/04\/bedomning_av_studieavsnitt_sm-300x189.png 300w, https:\/\/blog.edu.turku.fi\/katedral\/files\/2026\/04\/bedomning_av_studieavsnitt_sm-768x484.png 768w\" sizes=\"auto, (max-width: 801px) 100vw, 801px\" \/><\/figure>\n\n\n\n<p><a href=\"https:\/\/blog.edu.turku.fi\/katedral\/files\/2026\/04\/bedomning_av_studieavsnitt2.pdf\">https:\/\/blog.edu.turku.fi\/katedral\/files\/2026\/04\/bedomning_av_studieavsnitt2.pdf<\/a><\/p>\n\n\n\n<h3 class=\"wp-block-heading\">H\u00f6jning av underk\u00e4nt vitsord<\/h3>\n\n\n<div class=\"lightweight-accordion\"><details><summary class=\"lightweight-accordion-title\"><span>H\u00f6jning av underk\u00e4nt vitsord<\/span><\/summary><div class=\"lightweight-accordion-body\">\n\n<p>Du ha r\u00e4tt att f\u00f6rs\u00f6ka h\u00f6ja ett underk\u00e4nt vitsord en g\u00e5ng<\/p>\n\n\n\n<ul class=\"wp-block-list\">\n<li>vid omtagningen efter den period d\u00e5 studieavsnittet g\u00e5tt<\/li>\n\n\n\n<li>i utv\u00e4rderingsveckan n\u00e4r\/om studieavsnittet g\u00e5r om<\/li>\n\n\n\n<li>genom att avl\u00e4gga studieavsnittet p\u00e5 nytt om det finns plats i gruppen.<\/li>\n<\/ul>\n\n\n\n<p>Om du inte lyckas bli godk\u00e4nd i omtagningsf\u00f6rs\u00f6ket, m\u00e5ste du g\u00e5 om studieavsnittet p\u00e5 nytt.<\/p>\n\n<\/div><\/details><\/div>\n\n<div class=\"lightweight-accordion\"><details><summary class=\"lightweight-accordion-title\"><span>H\u00f6jning av godk\u00e4nt vitsord<\/span><\/summary><div class=\"lightweight-accordion-body\">\n\n<p>Du har r\u00e4tt att f\u00f6rs\u00f6ka h\u00f6ja ett godk\u00e4nt vitsord en g\u00e5ng.<br>Studier som du har avlagt i P1-P3 kan du f\u00f6rs\u00f6ka h\u00f6ja i b\u00f6rjan av mars och studier som du har avlagt i P4-P5 i augusti. Du ska anm\u00e4la dig till h\u00f6jningsf\u00f6rs\u00f6ket via Wilma och du f\u00e5r anm\u00e4la dig till h\u00f6gst tv\u00e5 studieavsnitt per tillf\u00e4lle. Om du av n\u00e5gon anledning uteblir fr\u00e5n h\u00f6jningstillf\u00e4llet r\u00e4knas det som deltagande och du har d\u00e4rmed anv\u00e4nt dig av h\u00f6jningsf\u00f6rs\u00f6ket f\u00f6r studieavsnittet i fr\u00e5ga.<\/p>\n\n\n\n<p>Vissa studieavsnitt \u00e4r till sin natur s\u00e5dana att det inte g\u00e5r att h\u00f6ja vitsordet vid ett h\u00f6jningstillf\u00e4lle, utan du m\u00e5ste g\u00e5 studieavsnittet p\u00e5 nytt.<\/p>\n\n\n\n<p>Efter P3, d\u00e5 du har f\u00e5tt det prelimin\u00e4ra avg\u00e5ngsbetyget, kan du inte l\u00e4ngre f\u00f6rs\u00f6ka h\u00f6ja enskilda vitsord. Se texten om&nbsp;<em>H\u00f6jning av slutvitsordet<\/em>.<\/p>\n\n<\/div><\/details><\/div>\n\n<div class=\"lightweight-accordion\"><details><summary class=\"lightweight-accordion-title\"><span>Bed\u00f6mningen av en \u00e4mnesl\u00e4rokurs<\/span><\/summary><div class=\"lightweight-accordion-body\">\n\n<p>Slutvitsordet f\u00f6r l\u00e4rokursen i ett l\u00e4ro\u00e4mne fastst\u00e4lls som det aritmetiska medeltalet av vitsorden f\u00f6r de obligatoriska studier och de nationella valfria studier som den studerande har slutf\u00f6rt.<br>Slutvitsordet kan h\u00f6jas om den studerandes kunskaper och f\u00e4rdigheter \u00e4r b\u00e4ttre \u00e4n vad vitsorden skulle f\u00f6ruts\u00e4tta eller den studerande genom till\u00e4ggsprestationer i valfria studier visat b\u00e4ttre kunnande.<\/p>\n\n<\/div><\/details><\/div>\n\n<div class=\"lightweight-accordion\"><details><summary class=\"lightweight-accordion-title\"><span>H\u00f6jning av slutvitsordet<\/span><\/summary><div class=\"lightweight-accordion-body\">\n\n<p>Om du vill f\u00f6rs\u00f6ka h\u00f6ja slutvitsordet i ett l\u00e4ro\u00e4mne ska du anm\u00e4la om det till rektorn och \u00e4mnesl\u00e4raren senast i mars innan studentexamen inleds. Det frist\u00e5ende f\u00f6rh\u00f6ret h\u00e5lls sedan i april efter v\u00e5rens studentskrivningar.<\/p>\n\n<\/div><\/details><\/div>\n\n\n<p><\/p>\n","protected":false},"excerpt":{"rendered":"<p>Bed\u00f6mningen av ett studieavsnitt sker kontinuerligt under studiernas g\u00e5ng och efter avslutat studieavsnitt f\u00e5r du ett vitsord f\u00f6r dina studieprestationer. &hellip; <\/p>\n","protected":false},"author":9,"featured_media":0,"parent":0,"menu_order":0,"comment_status":"closed","ping_status":"closed","template":"","meta":{"footnotes":""},"class_list":["post-61","page","type-page","status-publish","hentry","latest_post"],"_links":{"self":[{"href":"https:\/\/blog.edu.turku.fi\/katedral\/wp-json\/wp\/v2\/pages\/61","targetHints":{"allow":["GET"]}}],"collection":[{"href":"https:\/\/blog.edu.turku.fi\/katedral\/wp-json\/wp\/v2\/pages"}],"about":[{"href":"https:\/\/blog.edu.turku.fi\/katedral\/wp-json\/wp\/v2\/types\/page"}],"author":[{"embeddable":true,"href":"https:\/\/blog.edu.turku.fi\/katedral\/wp-json\/wp\/v2\/users\/9"}],"replies":[{"embeddable":true,"href":"https:\/\/blog.edu.turku.fi\/katedral\/wp-json\/wp\/v2\/comments?post=61"}],"version-history":[{"count":4,"href":"https:\/\/blog.edu.turku.fi\/katedral\/wp-json\/wp\/v2\/pages\/61\/revisions"}],"predecessor-version":[{"id":354,"href":"https:\/\/blog.edu.turku.fi\/katedral\/wp-json\/wp\/v2\/pages\/61\/revisions\/354"}],"wp:attachment":[{"href":"https:\/\/blog.edu.turku.fi\/katedral\/wp-json\/wp\/v2\/media?parent=61"}],"curies":[{"name":"wp","href":"https:\/\/api.w.org\/{rel}","templated":true}]}}