{"id":59,"date":"2026-03-12T13:15:39","date_gmt":"2026-03-12T11:15:39","guid":{"rendered":"https:\/\/blog.edu.turku.fi\/katedral\/?page_id=59"},"modified":"2026-03-12T13:33:24","modified_gmt":"2026-03-12T11:33:24","slug":"studiegangen-glp-2021","status":"publish","type":"page","link":"https:\/\/blog.edu.turku.fi\/katedral\/studiegangen-glp-2021\/","title":{"rendered":"Studieg\u00e5ngen (GLP 2021)"},"content":{"rendered":"\n<h4 class=\"wp-block-heading\">\u00c4mnesval<\/h4>\n\n\n\n<div class=\"lightweight-accordion\"><details name=\"accordion-group-s6c8tsepv\"><summary class=\"lightweight-accordion-title\"><span>Hur m\u00e5nga studiepo\u00e4ng ska jag avl\u00e4gga per l\u00e4s\u00e5r?<\/span><\/summary><div class=\"lightweight-accordion-body\">\n\n<p>Enligt l\u00e4roplanen (GLP 2021) omfattar gymnasiets l\u00e4rokurs 150 studiepo\u00e4ng och gymnasiestudierna delas in i obligatoriska och valfria studier.<\/p>\n\n\n\n<p>F\u00f6r att avl\u00e4gga gymnasiet p\u00e5 tre \u00e5r rekommenderas en studietakt p\u00e5 ca 60 sp + 60 sp + 30 sp, vilket betyder att du avl\u00e4gger ca 60 sp det f\u00f6rsta \u00e5ret, ca 60 sp det andra och ca 30 sp det sista studie\u00e5ret. Vi rekommenderar i alla fall att du avl\u00e4gger lite flera studiepo\u00e4ng \u00e4n s\u00e5 de tv\u00e5 f\u00f6rsta \u00e5ren, s\u00e5 hinner du koncentrera dig b\u00e4ttre p\u00e5 de skrivf\u00f6rberedande studierna abi\u00e5ret!<\/p>\n\n\n\n<p>Under ditt f\u00f6rsta studie\u00e5r \u00e4r det \u00f6nskv\u00e4rt att du f\u00f6ljer den rekommenderade studieg\u00e5ngen f\u00f6r modersm\u00e5let, finska, engelska, matematik, gymnastik, musik, bildkonst och studiehandledning. I annat fall kan det senare bli sv\u00e5rt att f\u00e5 in studieavsnitten i schemat. Detsamma g\u00e4ller studierna i fysik och kemi samt i de valfria fr\u00e4mmande spr\u00e5ken. \u00d6vriga studierna v\u00e4ljer du enligt intresse och behov och hur de passar in i schemat.<\/p>\n\n\n\n<p>G\u00f6r \u00e4mnesvalen med eftertanke och planera ditt studieprogram omsorgsfullt, s\u00e5 att du hinner avl\u00e4gga alla de studier du \u00f6nskar f\u00e5 med i programmet innan du deltar i studentskrivningarna.<\/p>\n\n<\/div><\/details><\/div>\n\n<div class=\"lightweight-accordion\"><details name=\"accordion-group-s6c8tsepv\"><summary class=\"lightweight-accordion-title\"><span>Hur vet jag vilka studieavsnitt jag ska v\u00e4lja i spr\u00e5ken?<\/span><\/summary><div class=\"lightweight-accordion-body\">\n\n<p>S\u00e5 h\u00e4r v\u00e4ljer du r\u00e4tt niv\u00e5 p\u00e5 spr\u00e5kkurserna:<\/p>\n\n\n\n<p><strong>Finska<\/strong><\/p>\n\n\n\n<p>Om du i den grundl\u00e4ggande utbildningen har l\u00e4st finska<br>a) enligt den modersm\u00e5lsinriktade l\u00e4rokursen (\u201dmofi\u201d), ska du v\u00e4lja \u201dFIM\u201d b) enligt A-l\u00e4rokursen, ska du v\u00e4lja \u201dFINA\u201d.<\/p>\n\n\n\n<p><strong>Fr\u00e4mmande spr\u00e5k<\/strong><\/p>\n\n\n\n<p>Om du i den grundl\u00e4ggande utbildningen har l\u00e4st tyska eller franska<br>a) fr.o.m. \u00e5k 8 ska du forts\u00e4tta med B2-l\u00e4rokursen<br>b) fr.o.m. \u201dl\u00e5gstadiet\u201d rekommenderar vi att du forts\u00e4tta med TYB23 eller FRB23.<\/p>\n\n\n\n<p>Om du b\u00f6rjar l\u00e4sa tyska, franska, ryska eller latin som nyb\u00f6rjarspr\u00e5k i gymnasiet ska du v\u00e4lja B3-l\u00e4rokursen.<\/p>\n\n\n\n<p>OBS! Ryska, spanska, italienska och latin ordnas i samarbete med de finskspr\u00e5kiga gymnasierna.<\/p>\n\n<\/div><\/details><\/div>\n\n\n\n<p><\/p>\n\n\n\n<h4 class=\"wp-block-heading\">Avl\u00e4ggande av studierna i ett l\u00e4ro\u00e4mne<\/h4>\n\n\n\n<p>Du avl\u00e4gger studierna i ett l\u00e4ro\u00e4mne genom att delta i undervisningen n\u00e4r studieavsnitten g\u00e5r, genom att \u201dtenta\u201d studieavsnitten eller genom att avl\u00e4gga dem p\u00e5 distans.<\/p>\n\n\n\n<div class=\"lightweight-accordion\"><details name=\"accordion-group-z92pi8u5p\"><summary class=\"lightweight-accordion-title\"><span>Vad \u00e4r det vanligaste s\u00e4ttet att avl\u00e4gga studier p\u00e5?<\/span><\/summary><div class=\"lightweight-accordion-body\">\n\n<p>Det vanligaste s\u00e4ttet att avl\u00e4gga studier \u00e4r att delta i undervisningen n\u00e4r studieavsnittet g\u00e5r.<\/p>\n\n\n\n<p>De flesta obligatoriska studierna g\u00e5r tre g\u00e5nger, vilket underl\u00e4ttar m\u00f6jligheterna att f\u00e5 in studieavsnittet i schemat. Det \u00e4r endast i undantagsfall som vi rekommenderar att du avl\u00e4gger studieavsnitten sj\u00e4lvst\u00e4ndigt.<\/p>\n\n<\/div><\/details><\/div>\n\n<div class=\"lightweight-accordion\"><details name=\"accordion-group-z92pi8u5p\"><summary class=\"lightweight-accordion-title\"><span>N\u00e4r kan jag tenta ett studieavsnitt?<\/span><\/summary><div class=\"lightweight-accordion-body\">\n\n<p>Om du har tv\u00e5 studieavsnitt som g\u00e5r samtidigt i schemat kan du anh\u00e5lla om att f\u00e5 avl\u00e4gga det ena studieavsnittet som sj\u00e4lvstudier, dvs. att f\u00e5 \u201dtenta\u201d studieavsnittet.<\/p>\n\n\n\n<p>Innan du anh\u00e5ller om att f\u00e5 tenta studieavsnittet ska du f\u00f6rs\u00e4kra dig om att studierna kan avl\u00e4ggas sj\u00e4lvst\u00e4ndigt. T\u00e4nk ocks\u00e5 efter om du klarar av att studera mer eller mindre p\u00e5 egen hand. Fyll sedan i blanketten:<\/p>\n\n\n\n<p><strong><a href=\"https:\/\/info.edu.turku.fi\/katedral\/wp-content\/uploads\/2017\/08\/Anh%C3%A5llan-om-tentamensr%C3%A4tt.pdf\">Anh\u00e5llan om tentamensr\u00e4tt<\/a><\/strong><\/p>\n\n\n\n<p>senast tio dagar f\u00f6re den nya perioden b\u00f6rjar. Om du \u00f6nskar anh\u00e5lla om att f\u00e5 tenta ett studieavsnitt i period 1 ska du l\u00e4mna in anh\u00e5llan om tentamensr\u00e4tt senast den tredje skoldagen efter att l\u00e4s\u00e5ret har inletts. Om din anh\u00e5llan godk\u00e4nns av rektorn ska du kontakta \u00e4mnesl\u00e4raren f\u00f6r att f\u00e5 n\u00e4rmare instruktioner om hur du avl\u00e4gger studierna p\u00e5 egen hand.<\/p>\n\n\n\n<p><em>Observera<\/em>&nbsp;att ett studieavsnitt som du genomf\u00f6r p\u00e5 egen hand m\u00e5ste avl\u00e4ggas med godk\u00e4nt vitsord.<\/p>\n\n<\/div><\/details><\/div>\n\n<div class=\"lightweight-accordion\"><details name=\"accordion-group-z92pi8u5p\"><summary class=\"lightweight-accordion-title\"><span>Vad ska jag g\u00f6ra om jag vill avl\u00e4gga n\u00e4tstudier?<\/span><\/summary><div class=\"lightweight-accordion-body\">\n\n<p>Beroende p\u00e5 vilken n\u00e4tstudieavsnitt du vill avl\u00e4gga kan studieavsnittet vara avgiftsbelagd. B\u00f6rja d\u00e4rf\u00f6r med att kontakta studiehandledaren, som ger dig lov om du f\u00e5r g\u00e5 studieavsnittet eller inte, och som ocks\u00e5 kan ge r\u00e5d om hur du anm\u00e4ler dig till studierna.<\/p>\n\n\n\n<p>Du f\u00e5r naturligtvis g\u00e5 studier som du sj\u00e4lv bekostar, men h\u00f6r dig f\u00f6r hos studiehandledaren om studierna \u00e4r s\u00e5dana som kan tillgodor\u00e4knas innan du anm\u00e4ler dig till studieavsnitett och betalar eventuella avgifter.<\/p>\n\n<\/div><\/details><\/div>\n\n<div class=\"lightweight-accordion\"><details name=\"accordion-group-z92pi8u5p\"><summary class=\"lightweight-accordion-title\"><span>Kan jag avbryta ett studieavsnitt?<\/span><\/summary><div class=\"lightweight-accordion-body\">\n\n<p>Ja, det kan du g\u00f6ra genom att meddela din l\u00e4rare senast 10 arbetsdagar efter att studierna b\u00f6rjat. Det g\u00e5r inte att stryka studieavsnitten senare, men innan du g\u00f6r det l\u00f6nar det sig att kontrollera om studierna g\u00e5r flera g\u00e5nger, s\u00e5 att du inte \u00e4ventyrar dina m\u00f6jligheter att avl\u00e4gga studieavsnittet i ett senare skede. Det h\u00e4r \u00e4r speciellt viktigt att t\u00e4nka p\u00e5 om det g\u00e4ller obligatoriska studier, som g\u00e5r i slutet av l\u00e4s\u00e5ret. Om du medvetet f\u00f6rs\u00e4tter dig i en s\u00e5dan situation \u00e4r det p\u00e5 ditt eget ansvar att avl\u00e4gga studierna vid ett annat gymnasium eller p\u00e5 annat s\u00e4tt.<\/p>\n\n<\/div><\/details><\/div>\n\n<div class=\"lightweight-accordion\"><details name=\"accordion-group-z92pi8u5p\"><summary class=\"lightweight-accordion-title\"><span>Kan jag be om att ett underk\u00e4nd studieavsnitt stryks fr\u00e5n betyget?<\/span><\/summary><div class=\"lightweight-accordion-body\">\n\n<p>Ja. Det \u00e4r m\u00f6jligt att i efterhand stryka s\u00e5dana\u00a0<em>nationella valfria studier<\/em>\u00a0som du har avlagt med\u00a0<em>underk\u00e4nt<\/em>\u00a0resultat. Om du beg\u00e4r att ett underk\u00e4nt studieavsnitt stryks f\u00f6rlorar du i s\u00e5 fall studiepo\u00e4ngen f\u00f6r de strukna studierna. Vi rekommenderar, d\u00e4rf\u00f6r, att du beg\u00e4r om att f\u00e5 ett underk\u00e4nt nationellt studieavsnitt struket f\u00f6rst n\u00e4r du ser att det totala antalet studiepo\u00e4ng r\u00e4cker till (b\u00e5de totalt sett och naturligtvis p\u00e5 \u00e4mnesniv\u00e5).<\/p>\n\n<\/div><\/details><\/div>\n\n\n\n<p><\/p>\n\n\n\n<h4 class=\"wp-block-heading\">Slutf\u00f6rande av studierna<\/h4>\n\n\n\n<div class=\"lightweight-accordion\"><details name=\"accordion-group-dcqqlsary\"><summary class=\"lightweight-accordion-title\"><span>Vad ska jag t\u00e4nka p\u00e5 i slutskedet av studierna?<\/span><\/summary><div class=\"lightweight-accordion-body\">\n\n<p>Innan du inleder abi\u00e5ret \u00e4r det bra att kontrollera att du har avlagt alla obligatoriska studier eller att de ing\u00e5r i dina \u00e4mnessval f\u00f6r det kommande l\u00e4s\u00e5ret.<\/p>\n\n\n\n<p>Under abi\u00e5ret har du tre perioder p\u00e5 dig att avl\u00e4gga de \u00e5terst\u00e5ende studierna och du borde vara klar med allt efter period 3.<\/p>\n\n<\/div><\/details><\/div>\n\n<div class=\"lightweight-accordion\"><details name=\"accordion-group-dcqqlsary\"><summary class=\"lightweight-accordion-title\"><span>Vad kr\u00e4vs f\u00f6r att bli dimitterad?<\/span><\/summary><div class=\"lightweight-accordion-body\">\n\n<p>F\u00f6r att f\u00e5 gymnasiets avg\u00e5ngsbetyg kr\u00e4vs att du \u00e4r godk\u00e4nd i gymnasiets l\u00e4rokurs, dvs. att du har avlagt minst 150 studiepo\u00e4ng, \u00e4r godk\u00e4nd i de enskilda l\u00e4ro\u00e4mnena och har avlagt minst 20 studiepo\u00e4ng riksomfattande valfria studier.<\/p>\n\n\n\n<p>F\u00f6r att f\u00e5 ett studentexamensbetyg ska du ha avlagt fem prov med godk\u00e4nda vitsord.<\/p>\n\n\n\n<p>N\u00e4r b\u00e5da de h\u00e4r kraven har uppfyllts har du r\u00e4tt att bli dimitterad vid h\u00f6st- eller v\u00e5rdimissionen.<\/p>\n\n<\/div><\/details><\/div>\n","protected":false},"excerpt":{"rendered":"<p>\u00c4mnesval Avl\u00e4ggande av studierna i ett l\u00e4ro\u00e4mne Du avl\u00e4gger studierna i ett l\u00e4ro\u00e4mne genom att delta i undervisningen n\u00e4r studieavsnitten &hellip; <\/p>\n","protected":false},"author":9,"featured_media":0,"parent":0,"menu_order":0,"comment_status":"closed","ping_status":"closed","template":"","meta":{"footnotes":""},"class_list":["post-59","page","type-page","status-publish","hentry","latest_post"],"_links":{"self":[{"href":"https:\/\/blog.edu.turku.fi\/katedral\/wp-json\/wp\/v2\/pages\/59","targetHints":{"allow":["GET"]}}],"collection":[{"href":"https:\/\/blog.edu.turku.fi\/katedral\/wp-json\/wp\/v2\/pages"}],"about":[{"href":"https:\/\/blog.edu.turku.fi\/katedral\/wp-json\/wp\/v2\/types\/page"}],"author":[{"embeddable":true,"href":"https:\/\/blog.edu.turku.fi\/katedral\/wp-json\/wp\/v2\/users\/9"}],"replies":[{"embeddable":true,"href":"https:\/\/blog.edu.turku.fi\/katedral\/wp-json\/wp\/v2\/comments?post=59"}],"version-history":[{"count":7,"href":"https:\/\/blog.edu.turku.fi\/katedral\/wp-json\/wp\/v2\/pages\/59\/revisions"}],"predecessor-version":[{"id":82,"href":"https:\/\/blog.edu.turku.fi\/katedral\/wp-json\/wp\/v2\/pages\/59\/revisions\/82"}],"wp:attachment":[{"href":"https:\/\/blog.edu.turku.fi\/katedral\/wp-json\/wp\/v2\/media?parent=59"}],"curies":[{"name":"wp","href":"https:\/\/api.w.org\/{rel}","templated":true}]}}