{"id":391,"date":"2026-04-27T13:44:12","date_gmt":"2026-04-27T10:44:12","guid":{"rendered":"https:\/\/blog.edu.turku.fi\/katedral\/?page_id=391"},"modified":"2026-04-27T14:44:00","modified_gmt":"2026-04-27T11:44:00","slug":"handlingsplaner","status":"publish","type":"page","link":"https:\/\/blog.edu.turku.fi\/katedral\/handlingsplaner\/","title":{"rendered":"Handlingsplaner"},"content":{"rendered":"\n<p>H\u00e4r kan du bekanta dig med de handlingsplaner och styrdokument som vi f\u00f6ljer i v\u00e5r verksamhet.<\/p>\n\n\n\n<ul class=\"wp-block-list\">\n<li><a href=\"https:\/\/blog.edu.turku.fi\/katedral\/jamstalldhets-och-likabehandlingsplanen-for-katedralskolan-i-abo\/\">J\u00e4mst\u00e4lldhets- och likabehandlingsplan f\u00f6r Katedralskolan i \u00c5bo 2023-2025<\/a><\/li>\n\n\n\n<li><a href=\"https:\/\/blog.edu.turku.fi\/katedral\/ordningsregler\/\">Ordningsregler f\u00f6r gymnasierna i \u00c5bo 2023<\/a><\/li>\n\n\n\n<li><a href=\"https:\/\/blog.edu.turku.fi\/katedral\/disciplinara-atgarder-och-tillhorande-forfaringssatt\/\">\u00c5bogymnasiernas plan och anvisningar om anv\u00e4ndningen av disciplin\u00e4ra \u00e5tg\u00e4rder och tillh\u00f6rande f\u00f6rfaringss\u00e4tt<\/a><\/li>\n\n\n\n<li><a href=\"https:\/\/blog.edu.turku.fi\/katedral\/antimobbningsplan-och-krisplan\/\">Gymnasieutbildningens antimobbningsplan<\/a><\/li>\n<\/ul>\n","protected":false},"excerpt":{"rendered":"<p>H\u00e4r kan du bekanta dig med de handlingsplaner och styrdokument som vi f\u00f6ljer i v\u00e5r verksamhet.<\/p>\n","protected":false},"author":2601,"featured_media":0,"parent":0,"menu_order":0,"comment_status":"closed","ping_status":"closed","template":"","meta":{"footnotes":""},"class_list":["post-391","page","type-page","status-publish","hentry","latest_post"],"_links":{"self":[{"href":"https:\/\/blog.edu.turku.fi\/katedral\/wp-json\/wp\/v2\/pages\/391","targetHints":{"allow":["GET"]}}],"collection":[{"href":"https:\/\/blog.edu.turku.fi\/katedral\/wp-json\/wp\/v2\/pages"}],"about":[{"href":"https:\/\/blog.edu.turku.fi\/katedral\/wp-json\/wp\/v2\/types\/page"}],"author":[{"embeddable":true,"href":"https:\/\/blog.edu.turku.fi\/katedral\/wp-json\/wp\/v2\/users\/2601"}],"replies":[{"embeddable":true,"href":"https:\/\/blog.edu.turku.fi\/katedral\/wp-json\/wp\/v2\/comments?post=391"}],"version-history":[{"count":6,"href":"https:\/\/blog.edu.turku.fi\/katedral\/wp-json\/wp\/v2\/pages\/391\/revisions"}],"predecessor-version":[{"id":431,"href":"https:\/\/blog.edu.turku.fi\/katedral\/wp-json\/wp\/v2\/pages\/391\/revisions\/431"}],"wp:attachment":[{"href":"https:\/\/blog.edu.turku.fi\/katedral\/wp-json\/wp\/v2\/media?parent=391"}],"curies":[{"name":"wp","href":"https:\/\/api.w.org\/{rel}","templated":true}]}}