{"id":16,"date":"2026-01-14T13:12:21","date_gmt":"2026-01-14T11:12:21","guid":{"rendered":"https:\/\/blog.edu.turku.fi\/katedral\/?page_id=16"},"modified":"2026-05-11T13:27:37","modified_gmt":"2026-05-11T10:27:37","slug":"personal","status":"publish","type":"page","link":"https:\/\/blog.edu.turku.fi\/katedral\/personal\/","title":{"rendered":"Personal"},"content":{"rendered":"\n<figure class=\"wp-block-image size-full\"><img loading=\"lazy\" decoding=\"async\" width=\"700\" height=\"458\" src=\"https:\/\/blog.edu.turku.fi\/katedral\/files\/2026\/05\/lararfoto2025.jpg\" alt=\"\" class=\"wp-image-442\" srcset=\"https:\/\/blog.edu.turku.fi\/katedral\/files\/2026\/05\/lararfoto2025.jpg 700w, https:\/\/blog.edu.turku.fi\/katedral\/files\/2026\/05\/lararfoto2025-300x196.jpg 300w\" sizes=\"auto, (max-width: 700px) 100vw, 700px\" \/><figcaption class=\"wp-element-caption\">Katedralskolans l\u00e4rare h\u00f6sten 2025<\/figcaption><\/figure>\n\n\n\n<h2 class=\"wp-block-heading\">PERSONAL<\/h2>\n\n\n\n<p><strong>Rektor:<\/strong>&nbsp;Marianne P\u00e4rn\u00e4nen. Tfn 040 1713889<\/p>\n\n\n\n<p><strong>Bitr\u00e4dande rektor:<\/strong>&nbsp;Lena Malmio. Tfn 040 1907008<\/p>\n\n\n\n<p><strong>Studiehandledare:<\/strong>&nbsp;Inka Halkivaha. Tfn 040 1385299, som bl.a. sk\u00f6ter om ans\u00f6kningar om studiest\u00f6d.&nbsp;<\/p>\n\n\n\n<p><strong>Speciall\u00e4rare:&nbsp;<\/strong>Michaela Nordling. Tfn 044 9074264<\/p>\n\n\n\n<p><strong>Skolkurator:&nbsp;<\/strong>Siri Nyberg, \u00e4r p\u00e5 plats i skolan onsdagar-fredagar.<\/p>\n\n\n\n<p>N\u00e5s via Wilma, eller per telefon p\u00e5 nummer: 044 9021444.<br>e-post; fornamn.efternamn@varha.fi<\/p>\n\n\n\n<p><strong>Studiepsykolog:<\/strong>&nbsp;Rebecca Karlsson \u00e4r p\u00e5 plats i skolan m\u00e5ndagar och tisdagar.<\/p>\n\n\n\n<p>N\u00e5s via Wilma, per e-post (fornamn.efternamn@varha.fi), eller via telefon p\u00e5 nummer: 0406149869.<\/p>\n\n\n\n<p><strong>H\u00e4lsov\u00e5rdare:<\/strong>&nbsp;Jennifer Gr\u00f6nholm \u00e4r p\u00e5 plats m\u00e5ndag-fredag. H\u00e4lsov\u00e5rdaren har \u00f6ppen mottagning varje dag kl 8:00-8:30 och 11:00-11:30 (fredagar endast kl 11:00-11:30), d\u00e5 man kan komma till mottagningen utan tidsbokning.&nbsp;<br>H\u00e4lsov\u00e5rdaren n\u00e5s via Wilma, per e-post, eller via telefon p\u00e5 nummer: 040 5409726. Telefontid 13:00-13:30, man kan \u00e4ven l\u00e4mna ringbud per sms.&nbsp;<br>e-post; fornamn.efternamn@varha.fi<\/p>\n\n\n\n<p><strong>Kansliet<\/strong>: Skolsekreterare Anna Nyman. Tfn 040 8098210<\/p>\n\n\n\n<p>L\u00e4rarnas e-post adresser: fornamn.efternamn@edu.turku.fi<\/p>\n\n\n\n<h3 class=\"wp-block-heading\">L\u00e4rare&nbsp;<\/h3>\n\n\n\n<figure class=\"wp-block-table\"><table class=\"has-fixed-layout\"><tbody><tr><td class=\"has-text-align-center\" data-align=\"center\"><strong>Efternamn<\/strong><\/td><td class=\"has-text-align-center\" data-align=\"center\"><strong>Tilltalsnamn<\/strong><\/td><td class=\"has-text-align-center\" data-align=\"center\"><strong>L\u00e4ro\u00e4mne<\/strong><\/td><\/tr><tr><td class=\"has-text-align-center\" data-align=\"center\">Brink<\/td><td class=\"has-text-align-center\" data-align=\"center\">Maria<\/td><td class=\"has-text-align-center\" data-align=\"center\">kemi, matematik<\/td><\/tr><tr><td class=\"has-text-align-center\" data-align=\"center\">Ekblad<\/td><td class=\"has-text-align-center\" data-align=\"center\">Kristina<\/td><td class=\"has-text-align-center\" data-align=\"center\">engelska<\/td><\/tr><tr><td class=\"has-text-align-center\" data-align=\"center\">Engblom<\/td><td class=\"has-text-align-center\" data-align=\"center\">Melker<\/td><td class=\"has-text-align-center\" data-align=\"center\">matematik<\/td><\/tr><tr><td class=\"has-text-align-center\" data-align=\"center\">Enstr\u00f6m<\/td><td class=\"has-text-align-center\" data-align=\"center\">Christoffer<\/td><td class=\"has-text-align-center\" data-align=\"center\">historia, samh\u00e4llsl\u00e4ra<\/td><\/tr><tr><td class=\"has-text-align-center\" data-align=\"center\">Gustafsson<\/td><td class=\"has-text-align-center\" data-align=\"center\">Ylva<\/td><td class=\"has-text-align-center\" data-align=\"center\">filosofi och livs\u00e5sk\u00e5dningskunskap<\/td><\/tr><tr><td class=\"has-text-align-center\" data-align=\"center\">Halkivaha<\/td><td class=\"has-text-align-center\" data-align=\"center\">Inka<\/td><td class=\"has-text-align-center\" data-align=\"center\">studiehandledning&nbsp;<\/td><\/tr><tr><td class=\"has-text-align-center\" data-align=\"center\">H\u00e5kans<\/td><td class=\"has-text-align-center\" data-align=\"center\">Frida<\/td><td class=\"has-text-align-center\" data-align=\"center\">modersm\u00e5l och litteratur<\/td><\/tr><tr><td class=\"has-text-align-center\" data-align=\"center\">Jutila<\/td><td class=\"has-text-align-center\" data-align=\"center\">Riikka<\/td><td class=\"has-text-align-center\" data-align=\"center\">finska, musik<\/td><\/tr><tr><td class=\"has-text-align-center\" data-align=\"center\">Karhunen<\/td><td class=\"has-text-align-center\" data-align=\"center\">Jasper<\/td><td class=\"has-text-align-center\" data-align=\"center\">historia, samh\u00e4llsl\u00e4ra, filosofi<\/td><\/tr><tr><td class=\"has-text-align-center\" data-align=\"center\">Korin-Niemi<\/td><td class=\"has-text-align-center\" data-align=\"center\">Mikaela<\/td><td class=\"has-text-align-center\" data-align=\"center\">biologi, geografi<\/td><\/tr><tr><td class=\"has-text-align-center\" data-align=\"center\">Korkiala<\/td><td class=\"has-text-align-center\" data-align=\"center\">Matilda Bei<\/td><td class=\"has-text-align-center\" data-align=\"center\">finska<\/td><\/tr><tr><td class=\"has-text-align-center\" data-align=\"center\">Lindblad<\/td><td class=\"has-text-align-center\" data-align=\"center\">Annika<\/td><td class=\"has-text-align-center\" data-align=\"center\">matematik<\/td><\/tr><tr><td class=\"has-text-align-center\" data-align=\"center\">Lindstr\u00f6m*)<\/td><td class=\"has-text-align-center\" data-align=\"center\">Benita<\/td><td class=\"has-text-align-center\" data-align=\"center\">tyska, franska<\/td><\/tr><tr><td class=\"has-text-align-center\" data-align=\"center\">Lundstr\u00f6m<\/td><td class=\"has-text-align-center\" data-align=\"center\">Maria<\/td><td class=\"has-text-align-center\" data-align=\"center\">modersm\u00e5l och litteratur<\/td><\/tr><tr><td class=\"has-text-align-center\" data-align=\"center\">Malmio<\/td><td class=\"has-text-align-center\" data-align=\"center\">Lena<\/td><td class=\"has-text-align-center\" data-align=\"center\">bildkonst, data f\u00f6r ettor<\/td><\/tr><tr><td class=\"has-text-align-center\" data-align=\"center\">Myrskog<\/td><td class=\"has-text-align-center\" data-align=\"center\">Carolina<\/td><td class=\"has-text-align-center\" data-align=\"center\">religion<\/td><\/tr><tr><td class=\"has-text-align-center\" data-align=\"center\">Myrttinen<\/td><td class=\"has-text-align-center\" data-align=\"center\">Jutta<\/td><td class=\"has-text-align-center\" data-align=\"center\">engelska<\/td><\/tr><tr><td class=\"has-text-align-center\" data-align=\"center\">Nordling<\/td><td class=\"has-text-align-center\" data-align=\"center\">Michaela<\/td><td class=\"has-text-align-center\" data-align=\"center\">specialundervisning, Studera STARKT<\/td><\/tr><tr><td class=\"has-text-align-center\" data-align=\"center\">Norrgrann<\/td><td class=\"has-text-align-center\" data-align=\"center\">Herman<\/td><td class=\"has-text-align-center\" data-align=\"center\">fysik, matematik, data f\u00f6r ettor<\/td><\/tr><tr><td class=\"has-text-align-center\" data-align=\"center\">Rancken<\/td><td class=\"has-text-align-center\" data-align=\"center\">Emelie<\/td><td class=\"has-text-align-center\" data-align=\"center\">h\u00e4lsokunskap, gymnastik och studiehandledning (tj\u00e4nstledig)<\/td><\/tr><tr><td class=\"has-text-align-center\" data-align=\"center\">Sandell<\/td><td class=\"has-text-align-center\" data-align=\"center\">Synn\u00f6ve<\/td><td class=\"has-text-align-center\" data-align=\"center\">religion, psykologi<\/td><\/tr><tr><td class=\"has-text-align-center\" data-align=\"center\">Sandqvist<\/td><td class=\"has-text-align-center\" data-align=\"center\">Katja<\/td><td class=\"has-text-align-center\" data-align=\"center\">modersm\u00e5l och litteratur<\/td><\/tr><tr><td class=\"has-text-align-center\" data-align=\"center\">Simons<\/td><td class=\"has-text-align-center\" data-align=\"center\">Henrika<\/td><td class=\"has-text-align-center\" data-align=\"center\">modersm\u00e5l och litteratur (tj\u00e4nstledig)<\/td><\/tr><tr><td class=\"has-text-align-center\" data-align=\"center\">Sj\u00f6str\u00f6m<\/td><td class=\"has-text-align-center\" data-align=\"center\">Marikki<\/td><td class=\"has-text-align-center\" data-align=\"center\">finska<\/td><\/tr><tr><td class=\"has-text-align-center\" data-align=\"center\">Stenvall<\/td><td class=\"has-text-align-center\" data-align=\"center\">Carl-Gustaf<\/td><td class=\"has-text-align-center\" data-align=\"center\">biologi och geografi<\/td><\/tr><tr><td class=\"has-text-align-center\" data-align=\"center\">Kuusisto<\/td><td class=\"has-text-align-center\" data-align=\"center\">Aku<\/td><td class=\"has-text-align-center\" data-align=\"center\">koordinator f\u00f6r \u00c5boregionens Idrottsakademi<\/td><\/tr><\/tbody><\/table><\/figure>\n\n\n\n<p>*) handhar internationella \u00e4renden som g\u00e4ller intyg f\u00f6r utlandet och t.ex. rekommendationer f\u00f6r ans\u00f6kan om utlandsstipendium<\/p>\n\n\n\n<h3 class=\"wp-block-heading\">Grupphandledare l\u00e4s\u00e5ret 2025-2026<\/h3>\n\n\n\n<p><strong>1a&nbsp;<\/strong>Annika Lindblad<\/p>\n\n\n\n<p><strong>1b<\/strong>&nbsp;Benita Lindstr\u00f6m<\/p>\n\n\n\n<p><strong>1c<\/strong>&nbsp;Christoffer Enstr\u00f6m<\/p>\n\n\n\n<p><strong>1d<\/strong>&nbsp;Frida H\u00e5kans<\/p>\n\n\n\n<p><strong>1e<\/strong>&nbsp;Emelie Rancken (vikarieras av Kristina Ekblad)<\/p>\n\n\n\n<p><strong>2a<\/strong>&nbsp;Marikki Sj\u00f6str\u00f6m<\/p>\n\n\n\n<p><strong>2b<\/strong>&nbsp;Maria Brink<\/p>\n\n\n\n<p><strong>2c<\/strong>&nbsp;Jutta Myrttinen<\/p>\n\n\n\n<p><strong>2d&nbsp;<\/strong>Herman Norrgrann<\/p>\n\n\n\n<p><strong>3a<\/strong>&nbsp;Mikaela Korin-Niemi<\/p>\n\n\n\n<p><strong>3b<\/strong>&nbsp;Maria Lundstr\u00f6m<\/p>\n\n\n\n<p><strong>3c<\/strong>&nbsp;Jasper Karhunen<\/p>\n\n\n\n<p><strong>3d&nbsp;<\/strong>Riikka Jutila<\/p>\n\n\n\n<p><strong>3f<\/strong>&nbsp;Kristina Ekblad<\/p>\n","protected":false},"excerpt":{"rendered":"<p>PERSONAL Rektor:&nbsp;Marianne P\u00e4rn\u00e4nen. Tfn 040 1713889 Bitr\u00e4dande rektor:&nbsp;Lena Malmio. Tfn 040 1907008 Studiehandledare:&nbsp;Inka Halkivaha. Tfn 040 1385299, som bl.a. sk\u00f6ter &hellip; <\/p>\n","protected":false},"author":9,"featured_media":0,"parent":0,"menu_order":0,"comment_status":"closed","ping_status":"closed","template":"","meta":{"footnotes":""},"class_list":["post-16","page","type-page","status-publish","hentry","latest_post"],"_links":{"self":[{"href":"https:\/\/blog.edu.turku.fi\/katedral\/wp-json\/wp\/v2\/pages\/16","targetHints":{"allow":["GET"]}}],"collection":[{"href":"https:\/\/blog.edu.turku.fi\/katedral\/wp-json\/wp\/v2\/pages"}],"about":[{"href":"https:\/\/blog.edu.turku.fi\/katedral\/wp-json\/wp\/v2\/types\/page"}],"author":[{"embeddable":true,"href":"https:\/\/blog.edu.turku.fi\/katedral\/wp-json\/wp\/v2\/users\/9"}],"replies":[{"embeddable":true,"href":"https:\/\/blog.edu.turku.fi\/katedral\/wp-json\/wp\/v2\/comments?post=16"}],"version-history":[{"count":2,"href":"https:\/\/blog.edu.turku.fi\/katedral\/wp-json\/wp\/v2\/pages\/16\/revisions"}],"predecessor-version":[{"id":444,"href":"https:\/\/blog.edu.turku.fi\/katedral\/wp-json\/wp\/v2\/pages\/16\/revisions\/444"}],"wp:attachment":[{"href":"https:\/\/blog.edu.turku.fi\/katedral\/wp-json\/wp\/v2\/media?parent=16"}],"curies":[{"name":"wp","href":"https:\/\/api.w.org\/{rel}","templated":true}]}}