{"id":130,"date":"2026-03-12T16:23:46","date_gmt":"2026-03-12T14:23:46","guid":{"rendered":"https:\/\/blog.edu.turku.fi\/katedral\/?page_id=130"},"modified":"2026-05-12T08:29:54","modified_gmt":"2026-05-12T05:29:54","slug":"information-om-amnesvisa-studier","status":"publish","type":"page","link":"https:\/\/blog.edu.turku.fi\/katedral\/information-om-amnesvisa-studier\/","title":{"rendered":"Information om \u00e4mnesvisa studier"},"content":{"rendered":"\n<p>H\u00e4r hittar du information om de studieavsnitt som \u00e4r intressanta och relevanta under f\u00f6rsta \u00e5ret i Katedralskolan och beskrivningar av de olika \u00e4mnena. Informationen \u00e4r riktad speciellt till nior som s\u00f6ker till oss och funderar \u00f6ver sina studieval.<\/p>\n\n\n\n<div class=\"wp-block-media-text is-stacked-on-mobile\" style=\"grid-template-columns:32% auto\"><figure class=\"wp-block-media-text__media\"><a href=\"https:\/\/blog.edu.turku.fi\/katedral\/modersmal-och-litteratur-det-andra-inhemska-spraket-och-frammande-sprak\/\"><img loading=\"lazy\" decoding=\"async\" width=\"600\" height=\"442\" src=\"https:\/\/blog.edu.turku.fi\/katedral\/files\/2026\/05\/image-600x442.png\" alt=\"\" class=\"wp-image-453 size-full\" srcset=\"https:\/\/blog.edu.turku.fi\/katedral\/files\/2026\/05\/image.png 600w, https:\/\/blog.edu.turku.fi\/katedral\/files\/2026\/05\/image-300x221.png 300w\" sizes=\"auto, (max-width: 600px) 100vw, 600px\" \/><\/a><\/figure><div class=\"wp-block-media-text__content\">\n<p><a href=\"https:\/\/blog.edu.turku.fi\/katedral\/modersmal-och-litteratur-det-andra-inhemska-spraket-och-frammande-sprak\/\" data-type=\"page\" data-id=\"456\">Studier i modersm\u00e5l och litteratur, det andra inhemska spr\u00e5ket och fr\u00e4mmande spr\u00e5k<\/a><\/p>\n<\/div><\/div>\n\n\n\n<hr class=\"wp-block-separator has-alpha-channel-opacity\" \/>\n\n\n\n<div class=\"wp-block-media-text is-stacked-on-mobile\" style=\"grid-template-columns:32% auto\"><figure class=\"wp-block-media-text__media\"><a href=\"https:\/\/blog.edu.turku.fi\/katedral\/matematisk-naturvetenskapliga-studier\/\"><img loading=\"lazy\" decoding=\"async\" width=\"600\" height=\"442\" src=\"https:\/\/blog.edu.turku.fi\/katedral\/files\/2026\/05\/ma_nave-600x442.jpg\" alt=\"\" class=\"wp-image-454 size-full\" srcset=\"https:\/\/blog.edu.turku.fi\/katedral\/files\/2026\/05\/ma_nave.jpg 600w, https:\/\/blog.edu.turku.fi\/katedral\/files\/2026\/05\/ma_nave-300x221.jpg 300w\" sizes=\"auto, (max-width: 600px) 100vw, 600px\" \/><\/a><\/figure><div class=\"wp-block-media-text__content\">\n<p><a href=\"https:\/\/blog.edu.turku.fi\/katedral\/matematisk-naturvetenskapliga-studier\/\" data-type=\"page\" data-id=\"460\">Matematisk-naturvetenskapliga studier<\/a><\/p>\n<\/div><\/div>\n\n\n\n<hr class=\"wp-block-separator has-alpha-channel-opacity\" \/>\n\n\n\n<div class=\"wp-block-media-text is-stacked-on-mobile\" style=\"grid-template-columns:32% auto\"><figure class=\"wp-block-media-text__media\"><a href=\"https:\/\/blog.edu.turku.fi\/katedral\/humanistisk-samhalleliga-studier\/\"><img loading=\"lazy\" decoding=\"async\" width=\"600\" height=\"442\" src=\"https:\/\/blog.edu.turku.fi\/katedral\/files\/2026\/05\/hum.jpg\" alt=\"\" class=\"wp-image-464 size-full\" srcset=\"https:\/\/blog.edu.turku.fi\/katedral\/files\/2026\/05\/hum.jpg 600w, https:\/\/blog.edu.turku.fi\/katedral\/files\/2026\/05\/hum-300x221.jpg 300w\" sizes=\"auto, (max-width: 600px) 100vw, 600px\" \/><\/a><\/figure><div class=\"wp-block-media-text__content\">\n<p><a href=\"https:\/\/blog.edu.turku.fi\/katedral\/humanistisk-samhalleliga-studier\/\" data-type=\"page\" data-id=\"471\">Humanistisk-samh\u00e4lleliga&nbsp;studier<\/a><\/p>\n<\/div><\/div>\n\n\n\n<hr class=\"wp-block-separator has-alpha-channel-opacity\" \/>\n\n\n\n<div class=\"wp-block-media-text is-stacked-on-mobile\" style=\"grid-template-columns:32% auto\"><figure class=\"wp-block-media-text__media\"><a href=\"https:\/\/blog.edu.turku.fi\/katedral\/studier-i-konst-och-fardighetsamnen\/\"><img loading=\"lazy\" decoding=\"async\" width=\"600\" height=\"442\" src=\"https:\/\/blog.edu.turku.fi\/katedral\/files\/2026\/05\/kogymu-600x442.jpg\" alt=\"\" class=\"wp-image-466 size-full\" srcset=\"https:\/\/blog.edu.turku.fi\/katedral\/files\/2026\/05\/kogymu.jpg 600w, https:\/\/blog.edu.turku.fi\/katedral\/files\/2026\/05\/kogymu-300x221.jpg 300w\" sizes=\"auto, (max-width: 600px) 100vw, 600px\" \/><\/a><\/figure><div class=\"wp-block-media-text__content\">\n<p><a href=\"https:\/\/blog.edu.turku.fi\/katedral\/studier-i-konst-och-fardighetsamnen\/\" data-type=\"page\" data-id=\"475\">Studier i konst- och f\u00e4rdighets\u00e4mnen<\/a><\/p>\n<\/div><\/div>\n\n\n\n<hr class=\"wp-block-separator has-alpha-channel-opacity\" \/>\n\n\n\n<div class=\"wp-block-media-text is-stacked-on-mobile\" style=\"grid-template-columns:32% auto\"><figure class=\"wp-block-media-text__media\"><a href=\"https:\/\/blog.edu.turku.fi\/katedral\/studiehandledning\/\"><img loading=\"lazy\" decoding=\"async\" width=\"600\" height=\"442\" src=\"https:\/\/blog.edu.turku.fi\/katedral\/files\/2026\/05\/stu_hand.jpg\" alt=\"\" class=\"wp-image-468 size-full\" srcset=\"https:\/\/blog.edu.turku.fi\/katedral\/files\/2026\/05\/stu_hand.jpg 600w, https:\/\/blog.edu.turku.fi\/katedral\/files\/2026\/05\/stu_hand-300x221.jpg 300w\" sizes=\"auto, (max-width: 600px) 100vw, 600px\" \/><\/a><\/figure><div class=\"wp-block-media-text__content\">\n<p><a href=\"https:\/\/blog.edu.turku.fi\/katedral\/studiehandledning\/\" data-type=\"link\" data-id=\"https:\/\/blog.edu.turku.fi\/katedral\/studiehandledning\/\">Studiehandledning<\/a><\/p>\n<\/div><\/div>\n","protected":false},"excerpt":{"rendered":"<p>H\u00e4r hittar du information om de studieavsnitt som \u00e4r intressanta och relevanta under f\u00f6rsta \u00e5ret i Katedralskolan och beskrivningar av &hellip; <\/p>\n","protected":false},"author":9,"featured_media":0,"parent":0,"menu_order":0,"comment_status":"closed","ping_status":"closed","template":"","meta":{"footnotes":""},"class_list":["post-130","page","type-page","status-publish","hentry","latest_post"],"_links":{"self":[{"href":"https:\/\/blog.edu.turku.fi\/katedral\/wp-json\/wp\/v2\/pages\/130","targetHints":{"allow":["GET"]}}],"collection":[{"href":"https:\/\/blog.edu.turku.fi\/katedral\/wp-json\/wp\/v2\/pages"}],"about":[{"href":"https:\/\/blog.edu.turku.fi\/katedral\/wp-json\/wp\/v2\/types\/page"}],"author":[{"embeddable":true,"href":"https:\/\/blog.edu.turku.fi\/katedral\/wp-json\/wp\/v2\/users\/9"}],"replies":[{"embeddable":true,"href":"https:\/\/blog.edu.turku.fi\/katedral\/wp-json\/wp\/v2\/comments?post=130"}],"version-history":[{"count":11,"href":"https:\/\/blog.edu.turku.fi\/katedral\/wp-json\/wp\/v2\/pages\/130\/revisions"}],"predecessor-version":[{"id":483,"href":"https:\/\/blog.edu.turku.fi\/katedral\/wp-json\/wp\/v2\/pages\/130\/revisions\/483"}],"wp:attachment":[{"href":"https:\/\/blog.edu.turku.fi\/katedral\/wp-json\/wp\/v2\/media?parent=130"}],"curies":[{"name":"wp","href":"https:\/\/api.w.org\/{rel}","templated":true}]}}