{"id":12,"date":"2026-01-14T13:11:35","date_gmt":"2026-01-14T11:11:35","guid":{"rendered":"https:\/\/blog.edu.turku.fi\/katedral\/?page_id=12"},"modified":"2026-03-12T13:14:48","modified_gmt":"2026-03-12T11:14:48","slug":"studier","status":"publish","type":"page","link":"https:\/\/blog.edu.turku.fi\/katedral\/studier\/","title":{"rendered":"Studier"},"content":{"rendered":"\n<p>P\u00e5 de h\u00e4r sidorna hittar du information om \u00e4mnesval, bed\u00f6mning, studentexamen, n\u00e4rvaro och fr\u00e5nvaroregler samt l\u00e4nkar till sidor med information om olika st\u00f6dfunktioner.<\/p>\n\n\n\n<figure class=\"wp-block-image\"><a href=\"https:\/\/info.edu.turku.fi\/katedral\/wp-content\/uploads\/2023\/11\/Katedralskolan-i-Abo.pdf\"><img decoding=\"async\" src=\"https:\/\/info.edu.turku.fi\/katedral\/wp-content\/uploads\/2021\/01\/glp2021.jpg\" alt=\"en person som talar till ungdomar\" class=\"wp-image-2427\"\/><\/a><figcaption class=\"wp-element-caption\"><a href=\"https:\/\/info.edu.turku.fi\/katedral\/wp-content\/uploads\/2023\/11\/Katedralskolan-i-Abo.pdf\"><strong><em>GLP<\/em><\/strong>&nbsp;<strong><em>2021<\/em><\/strong><\/a><\/figcaption><\/figure>\n","protected":false},"excerpt":{"rendered":"<p>P\u00e5 de h\u00e4r sidorna hittar du information om \u00e4mnesval, bed\u00f6mning, studentexamen, n\u00e4rvaro och fr\u00e5nvaroregler samt l\u00e4nkar till sidor med information &hellip; <\/p>\n","protected":false},"author":9,"featured_media":42,"parent":0,"menu_order":0,"comment_status":"closed","ping_status":"closed","template":"","meta":{"footnotes":""},"class_list":["post-12","page","type-page","status-publish","has-post-thumbnail","hentry","latest_post"],"_links":{"self":[{"href":"https:\/\/blog.edu.turku.fi\/katedral\/wp-json\/wp\/v2\/pages\/12","targetHints":{"allow":["GET"]}}],"collection":[{"href":"https:\/\/blog.edu.turku.fi\/katedral\/wp-json\/wp\/v2\/pages"}],"about":[{"href":"https:\/\/blog.edu.turku.fi\/katedral\/wp-json\/wp\/v2\/types\/page"}],"author":[{"embeddable":true,"href":"https:\/\/blog.edu.turku.fi\/katedral\/wp-json\/wp\/v2\/users\/9"}],"replies":[{"embeddable":true,"href":"https:\/\/blog.edu.turku.fi\/katedral\/wp-json\/wp\/v2\/comments?post=12"}],"version-history":[{"count":2,"href":"https:\/\/blog.edu.turku.fi\/katedral\/wp-json\/wp\/v2\/pages\/12\/revisions"}],"predecessor-version":[{"id":58,"href":"https:\/\/blog.edu.turku.fi\/katedral\/wp-json\/wp\/v2\/pages\/12\/revisions\/58"}],"wp:featuredmedia":[{"embeddable":true,"href":"https:\/\/blog.edu.turku.fi\/katedral\/wp-json\/wp\/v2\/media\/42"}],"wp:attachment":[{"href":"https:\/\/blog.edu.turku.fi\/katedral\/wp-json\/wp\/v2\/media?parent=12"}],"curies":[{"name":"wp","href":"https:\/\/api.w.org\/{rel}","templated":true}]}}