{"id":117,"date":"2026-03-12T16:21:32","date_gmt":"2026-03-12T14:21:32","guid":{"rendered":"https:\/\/blog.edu.turku.fi\/katedral\/?page_id=117"},"modified":"2026-05-11T13:20:07","modified_gmt":"2026-05-11T10:20:07","slug":"fornyade-forhor-och-hojningsforsok","status":"publish","type":"page","link":"https:\/\/blog.edu.turku.fi\/katedral\/fornyade-forhor-och-hojningsforsok\/","title":{"rendered":"F\u00f6rnyade f\u00f6rh\u00f6r och h\u00f6jningsf\u00f6rs\u00f6k"},"content":{"rendered":"\n<h1 class=\"wp-block-heading\">L\u00e4s\u00e5ret 2025-2026<\/h1>\n\n\n\n<h3 class=\"wp-block-heading\">F\u00f6rnyade f\u00f6rh\u00f6r<\/h3>\n\n\n\n<figure class=\"wp-block-table\"><table class=\"has-fixed-layout\"><tbody><tr><td class=\"has-text-align-center\" data-align=\"center\">Omtagning efter<\/td><td class=\"has-text-align-center\" data-align=\"center\">Datum f\u00f6r omtagning<\/td><td class=\"has-text-align-center\" data-align=\"center\">Anm\u00e4lan via Wilma senast<\/td><\/tr><tr><td class=\"has-text-align-center\" data-align=\"center\">P1<\/td><td class=\"has-text-align-center\" data-align=\"center\">on 22.10.2025 kl. 15.00<\/td><td class=\"has-text-align-center\" data-align=\"center\">m\u00e5 20.10.2025<\/td><\/tr><tr><td class=\"has-text-align-center\" data-align=\"center\">P2<\/td><td class=\"has-text-align-center\" data-align=\"center\">on 10.12.2025 kl. 15.00<\/td><td class=\"has-text-align-center\" data-align=\"center\">m\u00e5 8.12.2025<\/td><\/tr><tr><td class=\"has-text-align-center\" data-align=\"center\">P3<\/td><td class=\"has-text-align-center\" data-align=\"center\">on 25.2.2026 kl. 15.00<\/td><td class=\"has-text-align-center\" data-align=\"center\">m\u00e5 23.2.2026<\/td><\/tr><tr><td class=\"has-text-align-center\" data-align=\"center\">P4<\/td><td class=\"has-text-align-center\" data-align=\"center\">on 15.4.2026 kl. 15.00<\/td><td class=\"has-text-align-center\" data-align=\"center\">m\u00e5 13.4.2026<\/td><\/tr><tr><td class=\"has-text-align-center\" data-align=\"center\">P5<\/td><td class=\"has-text-align-center\" data-align=\"center\">ti 2.6.2026 kl. 9.00<\/td><td class=\"has-text-align-center\" data-align=\"center\">s\u00f6 31.5.2026<\/td><\/tr><\/tbody><\/table><\/figure>\n\n\n\n<h3 class=\"wp-block-heading\">H\u00f6jningsf\u00f6rs\u00f6k<\/h3>\n\n\n\n<figure class=\"wp-block-table\"><table class=\"has-fixed-layout\"><tbody><tr><td class=\"has-text-align-center\" data-align=\"center\">H\u00f6jningsf\u00f6rs\u00f6k efter<\/td><td class=\"has-text-align-center\" data-align=\"center\">Datum<\/td><td class=\"has-text-align-center\" data-align=\"center\">Anm\u00e4lan via Wilma senast<\/td><\/tr><tr><td class=\"has-text-align-center\" data-align=\"center\">P4-P5 (l\u00e5 2024-2025)<\/td><td class=\"has-text-align-center\" data-align=\"center\">on 27.8.2025 kl. 15.00<\/td><td class=\"has-text-align-center\" data-align=\"center\">s\u00f6 24.8.2025<\/td><\/tr><tr><td class=\"has-text-align-center\" data-align=\"center\">P1-P3<\/td><td class=\"has-text-align-center\" data-align=\"center\">on 4.3.2026 kl 15.00<\/td><td class=\"has-text-align-center\" data-align=\"center\">s\u00f6 1.3.2026<\/td><\/tr><tr><td class=\"has-text-align-center\" data-align=\"center\">P4-P5<\/td><td class=\"has-text-align-center\" data-align=\"center\">on 26.8.2026 kl 15.00<\/td><td class=\"has-text-align-center\" data-align=\"center\">s\u00f6 23.8.2026<\/td><\/tr><\/tbody><\/table><\/figure>\n\n\n\n<p>OBS!<\/p>\n\n\n\n<p>\u2013 du kan f\u00f6rs\u00f6ka h\u00f6ja ett godk\u00e4nt studieavsnittsvitsord endast en g\u00e5ng<br>\u2013 om du har anm\u00e4lt dig till h\u00f6jningsf\u00f6rs\u00f6ket och uteblir r\u00e4knas det som ett f\u00f6rs\u00f6k, och efter det har du inte l\u00e4ngre r\u00e4tt att anm\u00e4la dig till ett nytt h\u00f6jningsf\u00f6rs\u00f6k<br>\u2013 du kan anm\u00e4la dig till max. tv\u00e5 studieavsnitt\/tillf\u00e4lle<br>\u2013 vissa studier \u00e4r till sin natur s\u00e5dana att det inte g\u00e5r att f\u00f6rs\u00f6ka h\u00f6ja vitsordet vid ett h\u00f6jningsf\u00f6rs\u00f6k, utan kr\u00e4ver \u00e4ven andra insatser. Du kan d\u00e5 vara tvungen att g\u00e5 om studieavsnittet i sin helhet.<\/p>\n\n\n\n<p>Du anm\u00e4ler dig till omtagningen&nbsp;och h\u00f6jningsf\u00f6rs\u00f6ket via&nbsp;<strong>Tenter<\/strong>-fliker i Wilma.<\/p>\n","protected":false},"excerpt":{"rendered":"<p>L\u00e4s\u00e5ret 2025-2026 F\u00f6rnyade f\u00f6rh\u00f6r Omtagning efter Datum f\u00f6r omtagning Anm\u00e4lan via Wilma senast P1 on 22.10.2025 kl. 15.00 m\u00e5 20.10.2025 &hellip; <\/p>\n","protected":false},"author":9,"featured_media":0,"parent":0,"menu_order":0,"comment_status":"closed","ping_status":"closed","template":"","meta":{"footnotes":""},"class_list":["post-117","page","type-page","status-publish","hentry","latest_post"],"_links":{"self":[{"href":"https:\/\/blog.edu.turku.fi\/katedral\/wp-json\/wp\/v2\/pages\/117","targetHints":{"allow":["GET"]}}],"collection":[{"href":"https:\/\/blog.edu.turku.fi\/katedral\/wp-json\/wp\/v2\/pages"}],"about":[{"href":"https:\/\/blog.edu.turku.fi\/katedral\/wp-json\/wp\/v2\/types\/page"}],"author":[{"embeddable":true,"href":"https:\/\/blog.edu.turku.fi\/katedral\/wp-json\/wp\/v2\/users\/9"}],"replies":[{"embeddable":true,"href":"https:\/\/blog.edu.turku.fi\/katedral\/wp-json\/wp\/v2\/comments?post=117"}],"version-history":[{"count":2,"href":"https:\/\/blog.edu.turku.fi\/katedral\/wp-json\/wp\/v2\/pages\/117\/revisions"}],"predecessor-version":[{"id":438,"href":"https:\/\/blog.edu.turku.fi\/katedral\/wp-json\/wp\/v2\/pages\/117\/revisions\/438"}],"wp:attachment":[{"href":"https:\/\/blog.edu.turku.fi\/katedral\/wp-json\/wp\/v2\/media?parent=117"}],"curies":[{"name":"wp","href":"https:\/\/api.w.org\/{rel}","templated":true}]}}