{"id":102,"date":"2026-03-12T13:37:01","date_gmt":"2026-03-12T11:37:01","guid":{"rendered":"https:\/\/blog.edu.turku.fi\/katedral\/?page_id=102"},"modified":"2026-04-15T15:50:03","modified_gmt":"2026-04-15T12:50:03","slug":"arsberattelser","status":"publish","type":"page","link":"https:\/\/blog.edu.turku.fi\/katedral\/arsberattelser\/","title":{"rendered":"\u00c5rsber\u00e4ttelser"},"content":{"rendered":"\n<p>H\u00e4r hittar du l\u00e4nkar till \u00e5rsber\u00e4ttelserna<\/p>\n\n\n\n<h2 class=\"wp-block-heading\">\u00c5rsber\u00e4ttelsen 2024-2025<\/h2>\n\n\n<div class=\"wp-block-image\">\n<figure class=\"alignright size-medium is-resized\"><a href=\"https:\/\/drive.google.com\/file\/d\/1v3xlI0IwZXMcVexLpvoiG9oivXBXsWUm\/view?usp=sharing\"><img loading=\"lazy\" decoding=\"async\" width=\"210\" height=\"300\" src=\"https:\/\/blog.edu.turku.fi\/katedral\/files\/2026\/04\/image-210x300.png\" alt=\"\" class=\"wp-image-325\" style=\"aspect-ratio:0.7000139333983558;width:138px;height:auto\" srcset=\"https:\/\/blog.edu.turku.fi\/katedral\/files\/2026\/04\/image-210x300.png 210w, https:\/\/blog.edu.turku.fi\/katedral\/files\/2026\/04\/image.png 554w\" sizes=\"auto, (max-width: 210px) 100vw, 210px\" \/><\/a><\/figure>\n<\/div>\n\n\n<p class=\"has-text-align-center\"><a href=\"https:\/\/drive.google.com\/file\/d\/1gU3x8KAooIIFNFemLWGVfl6kn0ntJwZZ\/view?usp=sharing\">\u00c5rsber\u00e4ttelse 2024-2025<\/a><\/p>\n\n\n\n<h2 class=\"wp-block-heading\">\u00c5rsber\u00e4ttelsen 2023-2024<\/h2>\n\n\n\n<p class=\"has-text-align-center\"><a href=\"https:\/\/drive.google.com\/file\/d\/1v3xlI0IwZXMcVexLpvoiG9oivXBXsWUm\/view?usp=sharing\">L\u00e4nk till \u00e5rsber\u00e4ttelsen 2023 &#8211; 2024 PDF-fil<\/a><\/p>\n\n\n\n<h2 class=\"wp-block-heading\">\u00c5rsber\u00e4ttelsen 2022 \u2013 2023<\/h2>\n\n\n<div class=\"wp-block-image\">\n<figure class=\"alignright size-medium is-resized\"><a href=\"https:\/\/drive.google.com\/file\/d\/1VOgxopswAxxa-M_Yt9KqOU9QOjAUvS-4\/view?usp=sharing\"><img loading=\"lazy\" decoding=\"async\" width=\"217\" height=\"300\" src=\"https:\/\/blog.edu.turku.fi\/katedral\/files\/2026\/04\/image-1-217x300.png\" alt=\"\" class=\"wp-image-326\" style=\"aspect-ratio:0.7233434763708626;width:135px;height:auto\" srcset=\"https:\/\/blog.edu.turku.fi\/katedral\/files\/2026\/04\/image-1-217x300.png 217w, https:\/\/blog.edu.turku.fi\/katedral\/files\/2026\/04\/image-1.png 526w\" sizes=\"auto, (max-width: 217px) 100vw, 217px\" \/><\/a><\/figure>\n<\/div>\n\n\n<p class=\"has-text-align-center\"><a href=\"https:\/\/drive.google.com\/file\/d\/1VOgxopswAxxa-M_Yt9KqOU9QOjAUvS-4\/view?usp=sharing\" data-type=\"link\" data-id=\"https:\/\/drive.google.com\/file\/d\/1VOgxopswAxxa-M_Yt9KqOU9QOjAUvS-4\/view?usp=sharing\">L\u00e4nk till \u00e5rsber\u00e4ttelsen 2022 &#8211; 2023 PDF-fil<\/a><\/p>\n\n\n\n<p><\/p>\n","protected":false},"excerpt":{"rendered":"<p>H\u00e4r hittar du l\u00e4nkar till \u00e5rsber\u00e4ttelserna \u00c5rsber\u00e4ttelsen 2024-2025 \u00c5rsber\u00e4ttelse 2024-2025 \u00c5rsber\u00e4ttelsen 2023-2024 L\u00e4nk till \u00e5rsber\u00e4ttelsen 2023 &#8211; 2024 PDF-fil \u00c5rsber\u00e4ttelsen &hellip; <\/p>\n","protected":false},"author":9,"featured_media":0,"parent":0,"menu_order":0,"comment_status":"closed","ping_status":"closed","template":"","meta":{"footnotes":""},"class_list":["post-102","page","type-page","status-publish","hentry","latest_post"],"_links":{"self":[{"href":"https:\/\/blog.edu.turku.fi\/katedral\/wp-json\/wp\/v2\/pages\/102","targetHints":{"allow":["GET"]}}],"collection":[{"href":"https:\/\/blog.edu.turku.fi\/katedral\/wp-json\/wp\/v2\/pages"}],"about":[{"href":"https:\/\/blog.edu.turku.fi\/katedral\/wp-json\/wp\/v2\/types\/page"}],"author":[{"embeddable":true,"href":"https:\/\/blog.edu.turku.fi\/katedral\/wp-json\/wp\/v2\/users\/9"}],"replies":[{"embeddable":true,"href":"https:\/\/blog.edu.turku.fi\/katedral\/wp-json\/wp\/v2\/comments?post=102"}],"version-history":[{"count":5,"href":"https:\/\/blog.edu.turku.fi\/katedral\/wp-json\/wp\/v2\/pages\/102\/revisions"}],"predecessor-version":[{"id":333,"href":"https:\/\/blog.edu.turku.fi\/katedral\/wp-json\/wp\/v2\/pages\/102\/revisions\/333"}],"wp:attachment":[{"href":"https:\/\/blog.edu.turku.fi\/katedral\/wp-json\/wp\/v2\/media?parent=102"}],"curies":[{"name":"wp","href":"https:\/\/api.w.org\/{rel}","templated":true}]}}