{"id":10,"date":"2026-01-14T13:11:19","date_gmt":"2026-01-14T11:11:19","guid":{"rendered":"https:\/\/blog.edu.turku.fi\/katedral\/?page_id=10"},"modified":"2026-03-31T14:17:44","modified_gmt":"2026-03-31T11:17:44","slug":"om-skolan","status":"publish","type":"page","link":"https:\/\/blog.edu.turku.fi\/katedral\/om-skolan\/","title":{"rendered":"Om oss"},"content":{"rendered":"\n<h2 class=\"wp-block-heading\">Katedralskolan i \u00c5bo<\/h2>\n\n\n\n<p>\u00e4r det enda svenskspr\u00e5kiga gymnasiet i \u00c5bo. Sina anor r\u00e4knar Katedralskolan fr\u00e5n den medeltida katedralskola som man antar har grundlagts \u00e5r 1276. I dagsl\u00e4ge har Katedralskolan ca 370 studerande och 26 l\u00e4rare.<\/p>\n\n\n\n<p>Katedralskolan i \u00c5bo \u00e4r k\u00e4nd f\u00f6r sin h\u00f6gklassiga undervisning och h\u00f6r till de fr\u00e4msta gymnasierna i Finland. Gymnasieutbildningen \u00e4r h\u00f6gskolef\u00f6rberedande och organiserad enligt det \u00e5rskursl\u00f6sa systemet.<\/p>\n\n\n\n<p>Skolbyggnaden grundrenoverades \u00e5ren 2014-2016 och \u00e5terfick d\u00e5 sin forna glans och prakt. Den pietetsfullt renoverade byggnaden har utrustats med toppmodern teknik och utg\u00f6r en inspirerande studiemilj\u00f6 f\u00f6r alla dem som har n\u00f6jet att studera eller undervisa vid Katedralskolan. Inredningen har planerats utg\u00e5ende fr\u00e5n 2016 \u00e5rs l\u00e4roplan f\u00f6r gymnasiet och erbjuder d\u00e4rf\u00f6r p\u00e5 allehanda flexibla l\u00f6sningar. Hela skolbyggnaden utg\u00f6r de facto olika slag av studiemilj\u00f6er, d\u00e4r de studerande kan studera i grupp, enskilt eller i team, under l\u00e4rarhandledning eller sj\u00e4lvst\u00e4ndigt.<\/p>\n\n\n\n<p>Katedralskolan i \u00c5bo \u00e4r ett gymnasium med siktet inst\u00e4llt p\u00e5 framtiden och med en engagerad undervisningspersonal.<\/p>\n\n\n\n<p>Undervisningen f\u00f6ljer den senaste i kraftvarande l\u00e4roplanen (GLP2021) och timf\u00f6rdelningarna. Bland de \u00e4mnen som undervisas r\u00e4knas f\u00f6rutom flera fr\u00e4mmande spr\u00e5k, ocks\u00e5 matematiken och real\u00e4mnena ha sin givna plats i undervisningen. Trots att de teoretiska \u00e4mnena \u00f6verv\u00e4ger i Katedralskolans l\u00e4roplan, kan de studerande utveckla sig ocks\u00e5 inom idrott, musik och bildkonst. Katedralskolan samarbetar med \u00c5boregionens idrottsakademi och kan erbjuda elitidrottare m\u00f6jligheter att kombinera idrott med studier. Inom skolidrotten har Katedralskolan haft stora framg\u00e5ngar i bl.a. fotboll, innebandy och handboll. I musiken kan de studerande avl\u00e4gga skolvisa till\u00e4mpade kurser och d\u00e5 och d\u00e5 s\u00e4tter de upp en musikal. I bildkonsten brukar de flesta studerande som har valt f\u00f6rdjupade kurser avl\u00e4gga gymnasiediplomet, som de f\u00e5r ett s\u00e4rskilt betyg f\u00f6r.<\/p>\n\n\n\n<h3 class=\"wp-block-heading\">V\u00e5r v\u00e4rdegrund<\/h3>\n\n\n\n<p>V\u00e4rderingar som styr v\u00e5r verksamhet och vardag i gymnasiet:<\/p>\n\n\n\n<p><strong>Kunskap &amp; kreativitet<\/strong><br>\u2022 Vi str\u00e4var efter en bred syn p\u00e5 kunskap och v\u00e4rdes\u00e4tter f\u00f6rutom klassiska \u00e4mneskunskaper \u00e4ven andra kunskaper, f\u00e4rdigheter, kompetenser och insikter.<br>\u2022 Vi str\u00e4var efter att fr\u00e4mja ett positivt f\u00f6rh\u00e5llningss\u00e4tt till l\u00e4rande.<br>\u2022 Vi str\u00e4var efter att de studerande utvecklar sin sj\u00e4lvk\u00e4nnedom och medvetenhet om sig sj\u00e4lva som l\u00e4rande individer.<\/p>\n\n\n\n<p><strong>Gemenskap<\/strong><br>\u2022 Vi str\u00e4var efter en verksamhetskultur som genomsyras av h\u00e4nsyn, respekt, gl\u00e4dje, trygghet och inkludering.<br>\u2022 Vi str\u00e4var efter att de studerande utvecklar ett sunt f\u00f6rh\u00e5llningss\u00e4tt till sig sj\u00e4lva och andra.<br>\u2022 Vi str\u00e4var efter att arbeta medvetet med j\u00e4mst\u00e4lldhet och likabehandling.<\/p>\n\n\n\n<p><strong>Delaktighet &amp; aktivitet<\/strong><br>\u2022 Vi str\u00e4var efter att de studerande f\u00e5r en \u00f6kad f\u00f6rst\u00e5else och uppskattning f\u00f6r omv\u00e4rlden och milj\u00f6n.<br>\u2022 Vi str\u00e4var efter att uppmuntra de studerande att aktivt delta och engagera sig i gymnasiets verksamhet samt i andra samh\u00e4lleliga fr\u00e5gor b\u00e5de lokalt och globalt.<br>\u2022 Tillsammans \u00e4r vi starka!<\/p>\n\n\n\n<p><a href=\"https:\/\/info.edu.turku.fi\/katedral\/wp-content\/uploads\/2023\/11\/Katedralskolan-i-Abo.pdf\">L\u00e4roplan f\u00f6r Katedralskolan i \u00c5bo (GLP2021)<\/a><\/p>\n","protected":false},"excerpt":{"rendered":"<p>Katedralskolan i \u00c5bo \u00e4r det enda svenskspr\u00e5kiga gymnasiet i \u00c5bo. Sina anor r\u00e4knar Katedralskolan fr\u00e5n den medeltida katedralskola som man &hellip; <\/p>\n","protected":false},"author":9,"featured_media":279,"parent":0,"menu_order":0,"comment_status":"closed","ping_status":"closed","template":"","meta":{"footnotes":""},"class_list":["post-10","page","type-page","status-publish","has-post-thumbnail","hentry","latest_post"],"_links":{"self":[{"href":"https:\/\/blog.edu.turku.fi\/katedral\/wp-json\/wp\/v2\/pages\/10","targetHints":{"allow":["GET"]}}],"collection":[{"href":"https:\/\/blog.edu.turku.fi\/katedral\/wp-json\/wp\/v2\/pages"}],"about":[{"href":"https:\/\/blog.edu.turku.fi\/katedral\/wp-json\/wp\/v2\/types\/page"}],"author":[{"embeddable":true,"href":"https:\/\/blog.edu.turku.fi\/katedral\/wp-json\/wp\/v2\/users\/9"}],"replies":[{"embeddable":true,"href":"https:\/\/blog.edu.turku.fi\/katedral\/wp-json\/wp\/v2\/comments?post=10"}],"version-history":[{"count":3,"href":"https:\/\/blog.edu.turku.fi\/katedral\/wp-json\/wp\/v2\/pages\/10\/revisions"}],"predecessor-version":[{"id":181,"href":"https:\/\/blog.edu.turku.fi\/katedral\/wp-json\/wp\/v2\/pages\/10\/revisions\/181"}],"wp:featuredmedia":[{"embeddable":true,"href":"https:\/\/blog.edu.turku.fi\/katedral\/wp-json\/wp\/v2\/media\/279"}],"wp:attachment":[{"href":"https:\/\/blog.edu.turku.fi\/katedral\/wp-json\/wp\/v2\/media?parent=10"}],"curies":[{"name":"wp","href":"https:\/\/api.w.org\/{rel}","templated":true}]}}