{"id":800,"date":"2018-08-23T11:05:56","date_gmt":"2018-08-23T08:05:56","guid":{"rendered":"https:\/\/blog.edu.turku.fi\/katariina\/?page_id=800"},"modified":"2025-06-18T11:05:02","modified_gmt":"2025-06-18T08:05:02","slug":"koulukuljetus","status":"publish","type":"page","link":"https:\/\/blog.edu.turku.fi\/katariina\/koulukuljetus\/","title":{"rendered":"Koulukuljetus"},"content":{"rendered":"<p><strong>KOULUKULJETUS<\/strong><\/p>\n<p>Koulukuljetuksia hoitavat <strong>Anne Helin, 040 352 1884 <\/strong>ja<strong> Riikka Nautela-Sk\u00f6n, 044 907 4491<\/strong><\/p>\n<p>Soittoaika koulun kuljetusvastaaville aamuisin 7:30 &#8211; 8:00<\/p>\n<p>Koulup\u00e4iv\u00e4n aikana Anne ja Riikka ovat oppitunneilla.<\/p>\n<p>Voit my\u00f6s j\u00e4tt\u00e4\u00e4 viestin tai soittopyynn\u00f6n s\u00e4hk\u00f6postiin:&nbsp;<a href=\"http:\/\/katariinan.koulu.kuljetukset%40edu.turku.fi\/\">katariinan.koulu.kuljetukset@edu.turku.fi<\/a><\/p>\n<p><strong>Tallentakaa oman lapsen taksin puhelinnumero puhelimeen. Jos taksi ei tule aamulla, soittakaa suoraan taksiin.<\/strong> Sen j\u00e4lkeen voi laittaa viestin tai soittaa aamukerhoon tai opettajalle, ett\u00e4 taksi on my\u00f6h\u00e4ss\u00e4.&nbsp;<\/p>\n<p><strong>Jos oppilas sairastuu eik\u00e4 voi l\u00e4hte\u00e4 kouluun, ilmoita aamun poissaolo edellisen\u00e4 iltana kouluun.fi-palvelun kautta. Aamulla tulevat peruutukset pit\u00e4\u00e4 tehd\u00e4 tekstiviestill\u00e4 Taxidatan numeroon,<br \/>\n<\/strong><strong>puh. 040 485 5458<\/strong><\/p>\n<p>Kouluun.fi-palvelusta voi my\u00f6s tarkistaa lapsen taksiaikataulun<strong>. <\/strong>Kouluun.fi -palvelun saa k\u00e4ytt\u00f6\u00f6n seuraavasta linkist\u00e4:&nbsp;<a href=\"https:\/\/forms.office.com\/e\/vh3LFAabyh\">https:\/\/forms.office.com\/e\/vh3LFAabyh<\/a><\/p>\n<p>&nbsp;<\/p>\n<p>Koulukuljetuksista vastaa:<\/p>\n<p>Taxidata, puh. 040 485 5458<\/p>\n<p>&nbsp;<\/p>\n","protected":false},"excerpt":{"rendered":"<p>KOULUKULJETUS Koulukuljetuksia hoitavat Anne Helin, 040 352 1884 ja Riikka Nautela-Sk\u00f6n, 044 907 4491 Soittoaika koulun kuljetusvastaaville aamuisin 7:30 &#8211; 8:00 Koulup\u00e4iv\u00e4n aikana Anne ja Riikka ovat oppitunneilla. Voit my\u00f6s j\u00e4tt\u00e4\u00e4 viestin tai soittopyynn\u00f6n s\u00e4hk\u00f6postiin:&nbsp;katariinan.koulu.kuljetukset@edu.turku.fi Tallentakaa oman lapsen taksin puhelinnumero puhelimeen. Jos taksi ei tule aamulla, soittakaa suoraan taksiin. Sen j\u00e4lkeen voi laittaa viestin tai &hellip; <a href=\"https:\/\/blog.edu.turku.fi\/katariina\/koulukuljetus\/\" class=\"more-link\">Jatka lukemista<span class=\"screen-reader-text\"> &#8221;Koulukuljetus&#8221;<\/span><\/a><\/p>\n","protected":false},"author":3354,"featured_media":0,"parent":0,"menu_order":0,"comment_status":"closed","ping_status":"closed","template":"","meta":{"ngg_post_thumbnail":0,"footnotes":""},"class_list":["post-800","page","type-page","status-publish","hentry"],"_links":{"self":[{"href":"https:\/\/blog.edu.turku.fi\/katariina\/wp-json\/wp\/v2\/pages\/800","targetHints":{"allow":["GET"]}}],"collection":[{"href":"https:\/\/blog.edu.turku.fi\/katariina\/wp-json\/wp\/v2\/pages"}],"about":[{"href":"https:\/\/blog.edu.turku.fi\/katariina\/wp-json\/wp\/v2\/types\/page"}],"author":[{"embeddable":true,"href":"https:\/\/blog.edu.turku.fi\/katariina\/wp-json\/wp\/v2\/users\/3354"}],"replies":[{"embeddable":true,"href":"https:\/\/blog.edu.turku.fi\/katariina\/wp-json\/wp\/v2\/comments?post=800"}],"version-history":[{"count":28,"href":"https:\/\/blog.edu.turku.fi\/katariina\/wp-json\/wp\/v2\/pages\/800\/revisions"}],"predecessor-version":[{"id":1609,"href":"https:\/\/blog.edu.turku.fi\/katariina\/wp-json\/wp\/v2\/pages\/800\/revisions\/1609"}],"wp:attachment":[{"href":"https:\/\/blog.edu.turku.fi\/katariina\/wp-json\/wp\/v2\/media?parent=800"}],"curies":[{"name":"wp","href":"https:\/\/api.w.org\/{rel}","templated":true}]}}