{"id":79,"date":"2014-12-18T09:49:30","date_gmt":"2014-12-18T07:49:30","guid":{"rendered":"https:\/\/blog.edu.turku.fi\/katariina\/?page_id=79"},"modified":"2025-08-15T10:15:43","modified_gmt":"2025-08-15T07:15:43","slug":"tukiyhdistys","status":"publish","type":"page","link":"https:\/\/blog.edu.turku.fi\/katariina\/tukiyhdistys\/","title":{"rendered":"VANHEMPAINYHDISTYS"},"content":{"rendered":"<div>\n<h3>KATARIINAN KOULUN TUKI RY<\/h3>\n<\/div>\n<div>\n<p>Katariinan koulu j\u00e4rjest\u00e4\u00e4 vuosittain kev\u00e4tretki\u00e4 tai opintoretki\u00e4 koulun oppilaille. Retkien toteutus on mahdollista vain huoltajien ja henkil\u00f6kunnan yhteisty\u00f6ll\u00e4.<\/p>\n<p>Katariinan tuki ry. kokoontuu noin kerran kuussa koululla. Mik\u00e4li olet kiinnostunut toiminnasta, ole yhteydess\u00e4 kouluun. Kaikki Katariinan koulun vanhemmat ovat tervetulleita kokouksiin, vaikka eiv\u00e4t olisikaan hallituksen j\u00e4seni\u00e4.<\/p>\n<\/div>\n<div>\n<div>&nbsp;<\/div>\n<\/div>\n<div>\n<p>&nbsp;<\/p>\n<\/div>\n","protected":false},"excerpt":{"rendered":"<p>KATARIINAN KOULUN TUKI RY Katariinan koulu j\u00e4rjest\u00e4\u00e4 vuosittain kev\u00e4tretki\u00e4 tai opintoretki\u00e4 koulun oppilaille. Retkien toteutus on mahdollista vain huoltajien ja henkil\u00f6kunnan yhteisty\u00f6ll\u00e4. Katariinan tuki ry. kokoontuu noin kerran kuussa koululla. Mik\u00e4li olet kiinnostunut toiminnasta, ole yhteydess\u00e4 kouluun. Kaikki Katariinan koulun vanhemmat ovat tervetulleita kokouksiin, vaikka eiv\u00e4t olisikaan hallituksen j\u00e4seni\u00e4. &nbsp; &nbsp;<\/p>\n","protected":false},"author":3354,"featured_media":0,"parent":0,"menu_order":0,"comment_status":"closed","ping_status":"closed","template":"","meta":{"ngg_post_thumbnail":0,"footnotes":""},"class_list":["post-79","page","type-page","status-publish","hentry"],"_links":{"self":[{"href":"https:\/\/blog.edu.turku.fi\/katariina\/wp-json\/wp\/v2\/pages\/79","targetHints":{"allow":["GET"]}}],"collection":[{"href":"https:\/\/blog.edu.turku.fi\/katariina\/wp-json\/wp\/v2\/pages"}],"about":[{"href":"https:\/\/blog.edu.turku.fi\/katariina\/wp-json\/wp\/v2\/types\/page"}],"author":[{"embeddable":true,"href":"https:\/\/blog.edu.turku.fi\/katariina\/wp-json\/wp\/v2\/users\/3354"}],"replies":[{"embeddable":true,"href":"https:\/\/blog.edu.turku.fi\/katariina\/wp-json\/wp\/v2\/comments?post=79"}],"version-history":[{"count":22,"href":"https:\/\/blog.edu.turku.fi\/katariina\/wp-json\/wp\/v2\/pages\/79\/revisions"}],"predecessor-version":[{"id":1624,"href":"https:\/\/blog.edu.turku.fi\/katariina\/wp-json\/wp\/v2\/pages\/79\/revisions\/1624"}],"wp:attachment":[{"href":"https:\/\/blog.edu.turku.fi\/katariina\/wp-json\/wp\/v2\/media?parent=79"}],"curies":[{"name":"wp","href":"https:\/\/api.w.org\/{rel}","templated":true}]}}