{"id":1527,"date":"2024-08-26T13:47:45","date_gmt":"2024-08-26T10:47:45","guid":{"rendered":"https:\/\/blog.edu.turku.fi\/katariina\/?page_id=1527"},"modified":"2025-02-27T08:42:41","modified_gmt":"2025-02-27T06:42:41","slug":"poissaolot","status":"publish","type":"page","link":"https:\/\/blog.edu.turku.fi\/katariina\/opetus-2\/poissaolot\/","title":{"rendered":"Poissaolot"},"content":{"rendered":"<p>Huoltajan on huolehdittava, ett\u00e4 oppilaan oppivelvollisuus tulee suoritettua.<br \/>\nHuoltajan tulee ilmoittaa lapsensa poissaolosta mahdollisimman pian<br \/>\nensimm\u00e4isen poissaolop\u00e4iv\u00e4n aamuna opettajalle kouluun. Ilmoittaa voi<br \/>\nsoittamalla, tekstiviestill\u00e4 tai Wilman kautta.<\/p>\n<p>Mik\u00e4li oppilas on koulusta poissa muusta syyst\u00e4 kuin sairaudesta, lupa<br \/>\npoissaoloon tulee pyyt\u00e4\u00e4 etuk\u00e4teen.<\/p>\n<h3>Ohjeet huoltajalle oppilaan poissaolopyynt\u00f6\u00e4 varten Wilmassa:<\/h3>\n<p>1. Kirjaudu Wilmaan. HUOM! \u00c4l\u00e4 k\u00e4yt\u00e4 Wilma-sovellusta, vaan<br \/>\nkirjaudu Wilmaan nettiselaimella osoitteessa <a href=\"https:\/\/turku.inschool.fi\/\">https:\/\/turku.inschool.fi\/<\/a><\/p>\n<p>2. Valitse otsikko <strong>HAKEMUKSET JA P\u00c4\u00c4T\u00d6KSET<\/strong><\/p>\n<p>3. Valitse <strong>TEE UUSI HAKEMUS<br \/>\n<\/strong><br \/>\n4. Valitse joko <strong>Poissaolopyynt\u00f6 1\u20133<\/strong> p\u00e4iv\u00e4\u00e4 tai <strong>Poissaolopyynt\u00f6 yli 3 <\/strong><strong>p\u00e4iv\u00e4\u00e4<br \/>\n<\/strong><br \/>\n5. T\u00e4yt\u00e4 lomake ja <strong>TALLENNA.<\/strong><\/p>\n<p>Poissaolopyynt\u00f6 menee automaattisesti hyv\u00e4ksytt\u00e4v\u00e4ksi oikealle henkil\u00f6lle<br \/>\n(opettaja\/rehtori). My\u00f6nnetty poissaolo n\u00e4kyy oppilaan Wilma-tiedoissa.<\/p>\n<p>Luvan enint\u00e4\u00e4n kolmen p\u00e4iv\u00e4n poissaoloon my\u00f6nt\u00e4\u00e4 luokanvalvoja.<br \/>\nKolmea p\u00e4iv\u00e4\u00e4 pidemm\u00e4t poissaolot my\u00f6nt\u00e4\u00e4 rehtori; poissaolopyynn\u00f6n<br \/>\nk\u00e4sittelee t\u00e4ll\u00f6inkin ensin opettaja ja t\u00e4m\u00e4n j\u00e4lkeen p\u00e4\u00e4t\u00f6ksen tekee rehtori<br \/>\nOppilaan tulee etuk\u00e4teen sopia poissaolon aikana suoritettavista<br \/>\nkouluteht\u00e4vist\u00e4 ja kokeista ym. opettajien kanssa ja huolehtia niiden<br \/>\ntekemisest\u00e4.<\/p>\n<p>Koulusta oppilaiden k\u00e4ytt\u00f6\u00f6n saatuja iPadeja tai kannettavia tietokoneita ei<br \/>\nsaa vied\u00e4 ulkomaille; laitteet tulee j\u00e4tt\u00e4\u00e4 kouluun ulkomaan matkan ajaksi.<\/p>\n<h3>Poissaoloihin puuttuminen<\/h3>\n<p>Tutustu koulupoissaoloihin puuttumiseen ja koulupudokkuuden<br \/>\nennaltaehk\u00e4isyyn Turun peruskouluissa <a href=\"https:\/\/www.turku.fi\/perusopetus\/koulupoissaolot\">t\u00e4\u00e4lt\u00e4<\/a>.&nbsp;<\/p>\n<p>&nbsp;<\/p>\n","protected":false},"excerpt":{"rendered":"<p>Huoltajan on huolehdittava, ett\u00e4 oppilaan oppivelvollisuus tulee suoritettua. Huoltajan tulee ilmoittaa lapsensa poissaolosta mahdollisimman pian ensimm\u00e4isen poissaolop\u00e4iv\u00e4n aamuna opettajalle kouluun. Ilmoittaa voi soittamalla, tekstiviestill\u00e4 tai Wilman kautta. Mik\u00e4li oppilas on koulusta poissa muusta syyst\u00e4 kuin sairaudesta, lupa poissaoloon tulee pyyt\u00e4\u00e4 etuk\u00e4teen. Ohjeet huoltajalle oppilaan poissaolopyynt\u00f6\u00e4 varten Wilmassa: 1. Kirjaudu Wilmaan. HUOM! \u00c4l\u00e4 k\u00e4yt\u00e4 Wilma-sovellusta, vaan &hellip; <a href=\"https:\/\/blog.edu.turku.fi\/katariina\/opetus-2\/poissaolot\/\" class=\"more-link\">Jatka lukemista<span class=\"screen-reader-text\"> &#8221;Poissaolot&#8221;<\/span><\/a><\/p>\n","protected":false},"author":3354,"featured_media":0,"parent":1274,"menu_order":2,"comment_status":"closed","ping_status":"closed","template":"","meta":{"ngg_post_thumbnail":0,"footnotes":""},"class_list":["post-1527","page","type-page","status-publish","hentry"],"_links":{"self":[{"href":"https:\/\/blog.edu.turku.fi\/katariina\/wp-json\/wp\/v2\/pages\/1527","targetHints":{"allow":["GET"]}}],"collection":[{"href":"https:\/\/blog.edu.turku.fi\/katariina\/wp-json\/wp\/v2\/pages"}],"about":[{"href":"https:\/\/blog.edu.turku.fi\/katariina\/wp-json\/wp\/v2\/types\/page"}],"author":[{"embeddable":true,"href":"https:\/\/blog.edu.turku.fi\/katariina\/wp-json\/wp\/v2\/users\/3354"}],"replies":[{"embeddable":true,"href":"https:\/\/blog.edu.turku.fi\/katariina\/wp-json\/wp\/v2\/comments?post=1527"}],"version-history":[{"count":9,"href":"https:\/\/blog.edu.turku.fi\/katariina\/wp-json\/wp\/v2\/pages\/1527\/revisions"}],"predecessor-version":[{"id":1577,"href":"https:\/\/blog.edu.turku.fi\/katariina\/wp-json\/wp\/v2\/pages\/1527\/revisions\/1577"}],"up":[{"embeddable":true,"href":"https:\/\/blog.edu.turku.fi\/katariina\/wp-json\/wp\/v2\/pages\/1274"}],"wp:attachment":[{"href":"https:\/\/blog.edu.turku.fi\/katariina\/wp-json\/wp\/v2\/media?parent=1527"}],"curies":[{"name":"wp","href":"https:\/\/api.w.org\/{rel}","templated":true}]}}