{"id":1359,"date":"2022-08-18T15:26:22","date_gmt":"2022-08-18T12:26:22","guid":{"rendered":"https:\/\/blog.edu.turku.fi\/katariina\/?page_id=1359"},"modified":"2026-04-14T12:46:07","modified_gmt":"2026-04-14T09:46:07","slug":"henkilokunta","status":"publish","type":"page","link":"https:\/\/blog.edu.turku.fi\/katariina\/yhteystiedot-2\/henkilokunta\/","title":{"rendered":"Henkil\u00f6kunta"},"content":{"rendered":"<h2>Katariinan koulu lv. 2025-2026<\/h2>\n<p><strong>Rehtori&nbsp;&nbsp;&nbsp;&nbsp;&nbsp;&nbsp;&nbsp;&nbsp;&nbsp;&nbsp;&nbsp;&nbsp;&nbsp; <\/strong><\/p>\n<p>Tuomas Nummela, 050 432 3628 &nbsp; &nbsp; &nbsp; &nbsp; &nbsp; &nbsp; &nbsp; &nbsp; &nbsp; &nbsp; &nbsp; &nbsp; &nbsp; &nbsp; &nbsp;<\/p>\n<p><strong>Apulaisrehtori&nbsp;&nbsp;&nbsp;&nbsp;&nbsp;&nbsp;&nbsp;&nbsp;&nbsp;&nbsp;&nbsp;&nbsp;&nbsp;&nbsp;&nbsp;&nbsp;&nbsp;&nbsp;&nbsp;&nbsp;&nbsp;&nbsp;&nbsp;&nbsp;&nbsp;&nbsp;&nbsp; <\/strong><\/p>\n<p>Veera Gustafsson, 044 907 4626<\/p>\n<p><strong>Koulusihteeri<\/strong><\/p>\n<p>Emmi Levy, 044 907 2344<\/p>\n<p>&nbsp;<\/p>\n<p><strong>Aamu- ja iltap\u00e4iv\u00e4toiminta, <\/strong>044 907 4047<\/p>\n<p><strong>Aamu- ja iltap\u00e4iv\u00e4toiminnan vastaavat ohjaajat:<\/strong><\/p>\n<p>Sari Ristolainen, 044 907 3601<\/p>\n<p>Nina Maltby, 040 765 1445<\/p>\n<p>&nbsp;<\/p>\n<p>Koulun henkil\u00f6kunnan s\u00e4hk\u00f6postiosoitteet ovat muotoa&nbsp;<strong><span style=\"text-decoration: underline\"><em>etunimi.sukunimi@edu.turku.fi<\/em><\/span><\/strong><\/p>\n<p>&nbsp;<\/p>\n<p><span style=\"text-decoration: underline\">Oppilashuolto <\/span>&nbsp; &nbsp; &nbsp; &nbsp; &nbsp; &nbsp; &nbsp; &nbsp; &nbsp; &nbsp; &nbsp; &nbsp; &nbsp; &nbsp; &nbsp; &nbsp; &nbsp; &nbsp; &nbsp; &nbsp; &nbsp; &nbsp; &nbsp;&nbsp;<\/p>\n<p><strong>Terveydenhoitaja<\/strong>&nbsp;<\/p>\n<p>Jenni Haaksi, 044 907 3282<\/p>\n<p><strong>Koulupsykologi<\/strong><\/p>\n<p>Raisa Hilakari, 044 750 9245<\/p>\n<p><strong>Psykiatrinen sairaanhoitaja&nbsp;<\/strong><\/p>\n<p>Jonna Sorri<\/p>\n<p><strong>Koulukuraattori<\/strong>&nbsp;&nbsp;&nbsp;&nbsp;&nbsp;&nbsp;&nbsp;&nbsp;&nbsp;&nbsp;&nbsp;&nbsp;&nbsp;&nbsp;&nbsp;&nbsp;&nbsp;&nbsp;&nbsp;&nbsp;&nbsp;&nbsp;&nbsp;&nbsp;&nbsp;<\/p>\n<p>Marina Harjunp\u00e4\u00e4, 040 621 0714<\/p>\n<p>&nbsp;<\/p>\n<p>Oppilashuollon henkil\u00f6kunnan s\u00e4hk\u00f6postiosoitteet ovat muotoa: <strong><u>etunimi.sukunimi@varha.fi<\/u><\/strong><\/p>\n<p>&nbsp;<\/p>\n<p><strong>Kiinteist\u00f6nhoitaja<\/strong>&nbsp; &nbsp; &nbsp; &nbsp; &nbsp; &nbsp;&nbsp;<\/p>\n<p>Pekka Rautsala, 050 590 7459<\/p>\n<h3><strong>Luokanvalvojat 2025-2026<\/strong><\/h3>\n<p><strong>1A <\/strong><\/p>\n<p>Tiina Andersson, 040 352 0874<\/p>\n<p><strong>1B<\/strong><\/p>\n<p>Katriina Tuominen, 040 352 0809<\/p>\n<p><strong>2A<\/strong><\/p>\n<p>Noora Hietanen, 044 907 4935<br \/>\nsijaisena Marja Vitkala 13.4. alkaen, 044 720 0140<\/p>\n<p><strong>2B<\/strong><\/p>\n<p>Sari Joutsa, 040 352 0312<\/p>\n<p><strong>3A<\/strong><\/p>\n<p>Ville Pajakkala, 040 352 0323<\/p>\n<p><strong>3B<\/strong><\/p>\n<p>Laura Sipola, 040 185 4751<\/p>\n<p><strong>3C<\/strong><\/p>\n<p>Annika Lilja, 040 147 5723<\/p>\n<p><strong>4A <\/strong><\/p>\n<p>Ioanna Petriotis, 044 907 4421<\/p>\n<p><strong>4B<\/strong><\/p>\n<p>Jim Mirel, 044 907 5713<br \/>\nsijaisena Juuso Kurokallio 16.3. alkaen, 044 907 3871<\/p>\n<p><strong>4C<\/strong><\/p>\n<p>Noora Koskenoja, 040 352 0951<\/p>\n<p><strong>5A<\/strong><\/p>\n<p>Pekka Vaaherkumpu, 044 907 4466<\/p>\n<p><strong>5B<\/strong><\/p>\n<p>Maria Voipio, 040 352 0719<\/p>\n<p><strong>6A<\/strong><\/p>\n<p>Iiris Kangas, 040 197 0906<\/p>\n<p><strong>6B<\/strong><\/p>\n<p>Sampo Olkinuora, 040 352 0913<\/p>\n<p><strong>6C<\/strong><\/p>\n<p>Paul Kankaanranta, 040 352 0729<\/p>\n<p><strong>6D<\/strong><\/p>\n<p>Katariina Hyle, 040 352 0372<\/p>\n<p><strong>7A<\/strong><\/p>\n<p>Maiju Airaksinen, 040 671 9618<\/p>\n<p><strong>7B<\/strong><\/p>\n<p>Mikko Ylikojola, 044 907 4754<\/p>\n<p><strong>7C<\/strong><\/p>\n<p>Viljami Hotanen, 040 352 0317<br \/>\nsijaisena Jaakko M\u00e4kinen 7.1. alkaen, 044 907 4276<\/p>\n<p><strong>7D<\/strong><\/p>\n<p>Ilkka Saariranta, 044 907 4479<\/p>\n<p><strong>8A<\/strong><\/p>\n<p>Tiina Leiponen-Kurola, 044 907 3024<\/p>\n<p><strong>8B<\/strong><\/p>\n<p>Olli V\u00e4rre, 044 907 4391<\/p>\n<p><strong>8C<\/strong><\/p>\n<p>Ilari Lehtonen, 044 907 4487<\/p>\n<p><strong>8D<\/strong><\/p>\n<p>Anu Saari, 044 907 4485<\/p>\n<p><b>9A<\/b><\/p>\n<p>Ilari Kallioj\u00e4rvi, 044 907 4046<\/p>\n<p><strong>9B<\/strong><\/p>\n<p>Marko Brusila, 044 907 5434<\/p>\n<p><strong>9C<\/strong><\/p>\n<p>Lauri Saarikoski, 044 907 3020<\/p>\n<p><b>9D<\/b><\/p>\n<p>Outi Jalassuo, 044 907 4470<\/p>\n<p><strong>9E<\/strong><\/p>\n<p>Matti Aho, 044 907 5646<\/p>\n<p><strong>5-9T&nbsp;<\/strong><\/p>\n<p>Nina Saine, 040 635 0263<\/p>\n<p><strong>VALMO<\/strong><\/p>\n<p>Sanna Ik\u00e4valko, 040 352 0337<\/p>\n<p>&nbsp;<\/p>\n<p>&nbsp;<\/p>\n<p><strong>MUU OPETUSHENKIL\u00d6ST\u00d6<\/strong><\/p>\n<p><strong>Petra Hirvonen<\/strong><\/p>\n<p>Erityisopettaja, 044 907 4463<\/p>\n<p><strong>Marjukka Tarkki<\/strong><\/p>\n<p>Erityisopettaja, 044 907 5435<\/p>\n<p><b>Tiina Sundell<\/b><\/p>\n<p>Ruotsin kieli, Englannin kieli, 044 907 4613<\/p>\n<p><strong>Waltteri Arikka<\/strong><\/p>\n<p>K\u00e4sity\u00f6, Fysiikka ja kemia,&nbsp; 040 186 8602<\/p>\n<p><strong>Annamari \u00d6hman<\/strong><\/p>\n<p>Suomi toisena kielen\u00e4, 044 907 5276<\/p>\n<p><strong>Mika Sova<\/strong><\/p>\n<p>OPO, 044&nbsp;907 4460<\/p>\n<p>&nbsp;<\/p>\n<p><strong>Koulunk\u00e4ynninohjaajien yhteystiedot l\u00f6ytyv\u00e4t Wilmasta.<\/strong><\/p>\n<p>&nbsp;<\/p>\n","protected":false},"excerpt":{"rendered":"<p>Katariinan koulu lv. 2025-2026 Rehtori&nbsp;&nbsp;&nbsp;&nbsp;&nbsp;&nbsp;&nbsp;&nbsp;&nbsp;&nbsp;&nbsp;&nbsp;&nbsp; Tuomas Nummela, 050 432 3628 &nbsp; &nbsp; &nbsp; &nbsp; &nbsp; &nbsp; &nbsp; &nbsp; &nbsp; &nbsp; &nbsp; &nbsp; &nbsp; &nbsp; &nbsp; Apulaisrehtori&nbsp;&nbsp;&nbsp;&nbsp;&nbsp;&nbsp;&nbsp;&nbsp;&nbsp;&nbsp;&nbsp;&nbsp;&nbsp;&nbsp;&nbsp;&nbsp;&nbsp;&nbsp;&nbsp;&nbsp;&nbsp;&nbsp;&nbsp;&nbsp;&nbsp;&nbsp;&nbsp; Veera Gustafsson, 044 907 4626 Koulusihteeri Emmi Levy, 044 907 2344 &nbsp; Aamu- ja iltap\u00e4iv\u00e4toiminta, 044 907 4047 Aamu- ja iltap\u00e4iv\u00e4toiminnan vastaavat ohjaajat: Sari Ristolainen, 044 907 3601 Nina &hellip; <a href=\"https:\/\/blog.edu.turku.fi\/katariina\/yhteystiedot-2\/henkilokunta\/\" class=\"more-link\">Jatka lukemista<span class=\"screen-reader-text\"> &#8221;Henkil\u00f6kunta&#8221;<\/span><\/a><\/p>\n","protected":false},"author":3354,"featured_media":0,"parent":794,"menu_order":0,"comment_status":"closed","ping_status":"closed","template":"","meta":{"ngg_post_thumbnail":0,"footnotes":""},"class_list":["post-1359","page","type-page","status-publish","hentry"],"_links":{"self":[{"href":"https:\/\/blog.edu.turku.fi\/katariina\/wp-json\/wp\/v2\/pages\/1359","targetHints":{"allow":["GET"]}}],"collection":[{"href":"https:\/\/blog.edu.turku.fi\/katariina\/wp-json\/wp\/v2\/pages"}],"about":[{"href":"https:\/\/blog.edu.turku.fi\/katariina\/wp-json\/wp\/v2\/types\/page"}],"author":[{"embeddable":true,"href":"https:\/\/blog.edu.turku.fi\/katariina\/wp-json\/wp\/v2\/users\/3354"}],"replies":[{"embeddable":true,"href":"https:\/\/blog.edu.turku.fi\/katariina\/wp-json\/wp\/v2\/comments?post=1359"}],"version-history":[{"count":90,"href":"https:\/\/blog.edu.turku.fi\/katariina\/wp-json\/wp\/v2\/pages\/1359\/revisions"}],"predecessor-version":[{"id":1661,"href":"https:\/\/blog.edu.turku.fi\/katariina\/wp-json\/wp\/v2\/pages\/1359\/revisions\/1661"}],"up":[{"embeddable":true,"href":"https:\/\/blog.edu.turku.fi\/katariina\/wp-json\/wp\/v2\/pages\/794"}],"wp:attachment":[{"href":"https:\/\/blog.edu.turku.fi\/katariina\/wp-json\/wp\/v2\/media?parent=1359"}],"curies":[{"name":"wp","href":"https:\/\/api.w.org\/{rel}","templated":true}]}}