{"id":1274,"date":"2021-08-18T11:49:54","date_gmt":"2021-08-18T08:49:54","guid":{"rendered":"https:\/\/blog.edu.turku.fi\/katariina\/?page_id=1274"},"modified":"2025-02-27T08:34:25","modified_gmt":"2025-02-27T06:34:25","slug":"opetus-2","status":"publish","type":"page","link":"https:\/\/blog.edu.turku.fi\/katariina\/opetus-2\/","title":{"rendered":"Kasvatus ja opetus"},"content":{"rendered":"<h1 class=\"entry-title\">Koulun OPS&nbsp;<\/h1>\n<div class=\"entry-content\">\n<div class=\"entry-content\">\n<h5><a class=\"customize-unpreviewable\" href=\"https:\/\/blog.edu.turku.fi\/ops2016\/files\/2015\/04\/KATARIINA-OPS-2016.pdf\">Katariinan koulun opetussunnitelma (pdf)<\/a><\/h5>\n<p>Tietoa opiskelusta ja oppiaineista Turun perusopetuksessa l\u00f6yd\u00e4t <a class=\"customize-unpreviewable\" href=\"https:\/\/www.turku.fi\/perusopetus\/opiskelu-ja-oppiaineet\" target=\"_blank\" rel=\"noopener noreferrer\">t\u00e4\u00e4lt\u00e4.<\/a><\/p>\n<p>Turun OPS2016 \u2013 Tietopankki- ja esi- ja perusopetuksen opetussuunnitelmista l\u00f6ytyy&nbsp;<a class=\"customize-unpreviewable\" href=\"https:\/\/blog.edu.turku.fi\/ops2016\/\" target=\"_blank\" rel=\"noopener\">t\u00e4\u00e4lt\u00e4.<\/a><\/p>\n<p>&nbsp;<\/p>\n<h3><strong>ARVOTAVARAT JA K\u00c4NNYKK\u00c4ETIKETTI<\/strong><\/h3>\n<p>Katariinan koulun ohje on, ett\u00e4 k\u00e4nnyk\u00f6it\u00e4 tai muuta arvokasta ei tuoda kouluun. Vastuu k\u00e4nnyk\u00e4n, arvoesineiden tai rahan katoamisesta tai rikkoontumisesta on kodilla.<\/p>\n<\/div>\n<\/div>\n","protected":false},"excerpt":{"rendered":"<p>Koulun OPS&nbsp; Katariinan koulun opetussunnitelma (pdf) Tietoa opiskelusta ja oppiaineista Turun perusopetuksessa l\u00f6yd\u00e4t t\u00e4\u00e4lt\u00e4. Turun OPS2016 \u2013 Tietopankki- ja esi- ja perusopetuksen opetussuunnitelmista l\u00f6ytyy&nbsp;t\u00e4\u00e4lt\u00e4. &nbsp; ARVOTAVARAT JA K\u00c4NNYKK\u00c4ETIKETTI Katariinan koulun ohje on, ett\u00e4 k\u00e4nnyk\u00f6it\u00e4 tai muuta arvokasta ei tuoda kouluun. Vastuu k\u00e4nnyk\u00e4n, arvoesineiden tai rahan katoamisesta tai rikkoontumisesta on kodilla.<\/p>\n","protected":false},"author":3354,"featured_media":0,"parent":0,"menu_order":0,"comment_status":"closed","ping_status":"closed","template":"","meta":{"ngg_post_thumbnail":0,"footnotes":""},"class_list":["post-1274","page","type-page","status-publish","hentry"],"_links":{"self":[{"href":"https:\/\/blog.edu.turku.fi\/katariina\/wp-json\/wp\/v2\/pages\/1274","targetHints":{"allow":["GET"]}}],"collection":[{"href":"https:\/\/blog.edu.turku.fi\/katariina\/wp-json\/wp\/v2\/pages"}],"about":[{"href":"https:\/\/blog.edu.turku.fi\/katariina\/wp-json\/wp\/v2\/types\/page"}],"author":[{"embeddable":true,"href":"https:\/\/blog.edu.turku.fi\/katariina\/wp-json\/wp\/v2\/users\/3354"}],"replies":[{"embeddable":true,"href":"https:\/\/blog.edu.turku.fi\/katariina\/wp-json\/wp\/v2\/comments?post=1274"}],"version-history":[{"count":12,"href":"https:\/\/blog.edu.turku.fi\/katariina\/wp-json\/wp\/v2\/pages\/1274\/revisions"}],"predecessor-version":[{"id":1576,"href":"https:\/\/blog.edu.turku.fi\/katariina\/wp-json\/wp\/v2\/pages\/1274\/revisions\/1576"}],"wp:attachment":[{"href":"https:\/\/blog.edu.turku.fi\/katariina\/wp-json\/wp\/v2\/media?parent=1274"}],"curies":[{"name":"wp","href":"https:\/\/api.w.org\/{rel}","templated":true}]}}