{"id":8,"date":"2019-02-28T13:12:47","date_gmt":"2019-02-28T11:12:47","guid":{"rendered":"https:\/\/blog.edu.turku.fi\/kastunpk\/?page_id=8"},"modified":"2019-02-28T17:34:36","modified_gmt":"2019-02-28T15:34:36","slug":"ajankohtaista","status":"publish","type":"page","link":"https:\/\/blog.edu.turku.fi\/kastunpk\/ajankohtaista\/","title":{"rendered":"Ajankohtaista"},"content":{"rendered":"<p>Kastun p\u00e4iv\u00e4koti aloitti toimintansa 14.1.2019. Ryhm\u00e4t ovat rauhassa aloittaneet toimintansa tutustumalla sek\u00e4 uusiin kavereihin ett\u00e4 tiloihin.\u00a0<img loading=\"lazy\" decoding=\"async\" class=\"aligncenter size-large wp-image-83\" src=\"https:\/\/blog.edu.turku.fi\/kastunpk\/files\/2019\/02\/pienennetty-1024x643.jpg\" alt=\"\" width=\"1024\" height=\"643\" srcset=\"https:\/\/blog.edu.turku.fi\/kastunpk\/files\/2019\/02\/pienennetty-1024x643.jpg 1024w, https:\/\/blog.edu.turku.fi\/kastunpk\/files\/2019\/02\/pienennetty-300x188.jpg 300w, https:\/\/blog.edu.turku.fi\/kastunpk\/files\/2019\/02\/pienennetty.jpg 1032w\" sizes=\"auto, (max-width: 709px) 85vw, (max-width: 909px) 67vw, (max-width: 1362px) 62vw, 840px\" \/><img loading=\"lazy\" decoding=\"async\" class=\"alignleft wp-image-148 size-medium\" src=\"https:\/\/blog.edu.turku.fi\/kastunpk\/files\/2019\/02\/IMG_7769-e1551366286150-225x300.jpg\" alt=\"\" width=\"225\" height=\"300\" srcset=\"https:\/\/blog.edu.turku.fi\/kastunpk\/files\/2019\/02\/IMG_7769-e1551366286150-225x300.jpg 225w, https:\/\/blog.edu.turku.fi\/kastunpk\/files\/2019\/02\/IMG_7769-e1551366286150-768x1024.jpg 768w, https:\/\/blog.edu.turku.fi\/kastunpk\/files\/2019\/02\/IMG_7769-e1551366286150-1200x1600.jpg 1200w, https:\/\/blog.edu.turku.fi\/kastunpk\/files\/2019\/02\/IMG_7769-e1551366286150.jpg 1536w\" sizes=\"auto, (max-width: 225px) 85vw, 225px\" \/><img loading=\"lazy\" decoding=\"async\" class=\"alignright size-medium wp-image-149\" src=\"https:\/\/blog.edu.turku.fi\/kastunpk\/files\/2019\/02\/IMG_7763-e1551366193917-225x300.jpg\" alt=\"\" width=\"225\" height=\"300\" srcset=\"https:\/\/blog.edu.turku.fi\/kastunpk\/files\/2019\/02\/IMG_7763-e1551366193917-225x300.jpg 225w, https:\/\/blog.edu.turku.fi\/kastunpk\/files\/2019\/02\/IMG_7763-e1551366193917-768x1024.jpg 768w, https:\/\/blog.edu.turku.fi\/kastunpk\/files\/2019\/02\/IMG_7763-e1551366193917-1200x1600.jpg 1200w, https:\/\/blog.edu.turku.fi\/kastunpk\/files\/2019\/02\/IMG_7763-e1551366193917.jpg 1536w\" sizes=\"auto, (max-width: 225px) 85vw, 225px\" \/><\/p>\n<p>&nbsp;<\/p>\n<p>&nbsp;<\/p>\n<p><img loading=\"lazy\" decoding=\"async\" class=\"aligncenter size-large wp-image-158\" src=\"https:\/\/blog.edu.turku.fi\/kastunpk\/files\/2019\/02\/IMG_5719-1024x768.jpg\" alt=\"\" width=\"1024\" height=\"768\" srcset=\"https:\/\/blog.edu.turku.fi\/kastunpk\/files\/2019\/02\/IMG_5719-1024x768.jpg 1024w, https:\/\/blog.edu.turku.fi\/kastunpk\/files\/2019\/02\/IMG_5719-300x225.jpg 300w, https:\/\/blog.edu.turku.fi\/kastunpk\/files\/2019\/02\/IMG_5719.jpg 2048w\" sizes=\"auto, (max-width: 709px) 85vw, (max-width: 909px) 67vw, (max-width: 1362px) 62vw, 840px\" \/><\/p>\n","protected":false},"excerpt":{"rendered":"<p>Kastun p\u00e4iv\u00e4koti aloitti toimintansa 14.1.2019. Ryhm\u00e4t ovat rauhassa aloittaneet toimintansa tutustumalla sek\u00e4 uusiin kavereihin ett\u00e4 tiloihin.\u00a0 &nbsp; &nbsp;<\/p>\n","protected":false},"author":2625,"featured_media":0,"parent":0,"menu_order":0,"comment_status":"closed","ping_status":"closed","template":"","meta":{"footnotes":""},"class_list":["post-8","page","type-page","status-publish","hentry"],"_links":{"self":[{"href":"https:\/\/blog.edu.turku.fi\/kastunpk\/wp-json\/wp\/v2\/pages\/8","targetHints":{"allow":["GET"]}}],"collection":[{"href":"https:\/\/blog.edu.turku.fi\/kastunpk\/wp-json\/wp\/v2\/pages"}],"about":[{"href":"https:\/\/blog.edu.turku.fi\/kastunpk\/wp-json\/wp\/v2\/types\/page"}],"author":[{"embeddable":true,"href":"https:\/\/blog.edu.turku.fi\/kastunpk\/wp-json\/wp\/v2\/users\/2625"}],"replies":[{"embeddable":true,"href":"https:\/\/blog.edu.turku.fi\/kastunpk\/wp-json\/wp\/v2\/comments?post=8"}],"version-history":[{"count":2,"href":"https:\/\/blog.edu.turku.fi\/kastunpk\/wp-json\/wp\/v2\/pages\/8\/revisions"}],"predecessor-version":[{"id":162,"href":"https:\/\/blog.edu.turku.fi\/kastunpk\/wp-json\/wp\/v2\/pages\/8\/revisions\/162"}],"wp:attachment":[{"href":"https:\/\/blog.edu.turku.fi\/kastunpk\/wp-json\/wp\/v2\/media?parent=8"}],"curies":[{"name":"wp","href":"https:\/\/api.w.org\/{rel}","templated":true}]}}