{"id":58,"date":"2019-02-28T13:21:46","date_gmt":"2019-02-28T11:21:46","guid":{"rendered":"https:\/\/blog.edu.turku.fi\/kastunpk\/?page_id=58"},"modified":"2022-08-17T17:16:29","modified_gmt":"2022-08-17T14:16:29","slug":"paivaryhmat","status":"publish","type":"page","link":"https:\/\/blog.edu.turku.fi\/kastunpk\/paivaryhmat\/","title":{"rendered":"Ryhm\u00e4t"},"content":{"rendered":"<p><strong>P\u00e4iv\u00e4hoitoryhm\u00e4t<\/strong><\/p>\n<p>Syd\u00e4nk\u00e4vyt: 040 623 3805<\/p>\n<p>Hopeahavut: 040 623 2621<\/p>\n<p>Satusilmut: 040 623 4043<\/p>\n<p>Taikaterhot:\u00a0040 623 3623<\/p>\n<p>&nbsp;<\/p>\n<p><strong>Vuorohoitoryhm\u00e4t<\/strong><\/p>\n<p>Kultakirsikat: 040 632 8856<\/p>\n<p>Runotaimet: 040 6688 528<\/p>\n<p>Villiviikunat: 040 623 4236<\/p>\n<p>&nbsp;<\/p>\n<p><strong>Esiopetus Raunistulan koululla<br \/>\n<\/strong><\/p>\n<p>Kastanjat: 040 867 4328<\/p>\n<p>Tammenterhot: 040 196 4655<\/p>\n<p>&nbsp;<\/p>\n<p>&nbsp;<\/p>\n<p>&nbsp;<\/p>\n<p>&nbsp;<\/p>\n<p>&nbsp;<\/p>\n","protected":false},"excerpt":{"rendered":"<p>P\u00e4iv\u00e4hoitoryhm\u00e4t Syd\u00e4nk\u00e4vyt: 040 623 3805 Hopeahavut: 040 623 2621 Satusilmut: 040 623 4043 Taikaterhot:\u00a0040 623 3623 &nbsp; Vuorohoitoryhm\u00e4t Kultakirsikat: 040 632 8856 Runotaimet: 040 6688 528 Villiviikunat: 040 623 4236 &nbsp; Esiopetus Raunistulan koululla Kastanjat: 040 867 4328 Tammenterhot: 040 196 4655 &nbsp; &nbsp; &nbsp; &nbsp; &nbsp;<\/p>\n","protected":false},"author":2618,"featured_media":0,"parent":0,"menu_order":0,"comment_status":"closed","ping_status":"closed","template":"","meta":{"footnotes":""},"class_list":["post-58","page","type-page","status-publish","hentry"],"_links":{"self":[{"href":"https:\/\/blog.edu.turku.fi\/kastunpk\/wp-json\/wp\/v2\/pages\/58","targetHints":{"allow":["GET"]}}],"collection":[{"href":"https:\/\/blog.edu.turku.fi\/kastunpk\/wp-json\/wp\/v2\/pages"}],"about":[{"href":"https:\/\/blog.edu.turku.fi\/kastunpk\/wp-json\/wp\/v2\/types\/page"}],"author":[{"embeddable":true,"href":"https:\/\/blog.edu.turku.fi\/kastunpk\/wp-json\/wp\/v2\/users\/2618"}],"replies":[{"embeddable":true,"href":"https:\/\/blog.edu.turku.fi\/kastunpk\/wp-json\/wp\/v2\/comments?post=58"}],"version-history":[{"count":10,"href":"https:\/\/blog.edu.turku.fi\/kastunpk\/wp-json\/wp\/v2\/pages\/58\/revisions"}],"predecessor-version":[{"id":1368,"href":"https:\/\/blog.edu.turku.fi\/kastunpk\/wp-json\/wp\/v2\/pages\/58\/revisions\/1368"}],"wp:attachment":[{"href":"https:\/\/blog.edu.turku.fi\/kastunpk\/wp-json\/wp\/v2\/media?parent=58"}],"curies":[{"name":"wp","href":"https:\/\/api.w.org\/{rel}","templated":true}]}}