{"id":52,"date":"2019-02-28T13:20:11","date_gmt":"2019-02-28T11:20:11","guid":{"rendered":"https:\/\/blog.edu.turku.fi\/kastunpk\/?page_id=52"},"modified":"2025-10-07T11:08:13","modified_gmt":"2025-10-07T08:08:13","slug":"johtajat","status":"publish","type":"page","link":"https:\/\/blog.edu.turku.fi\/kastunpk\/johtajat\/","title":{"rendered":"Johtajat"},"content":{"rendered":"<p><strong>P\u00e4iv\u00e4kodin johtaja<\/strong><\/p>\n<p>Samppa Stenros<strong><br \/>\n<\/strong>samppa.stenros@edu.turku.fi<br \/>\n040 579 2515<\/p>\n<p><strong>P\u00e4iv\u00e4kodin varajohtajat<\/strong><\/p>\n<p>Asta Erjomaa<br \/>\nasta.erjomaa@edu.turku.fi<br \/>\n<span data-olk-copy-source=\"MessageBody\">044 4936 435<\/span><\/p>\n<p>Peppiina Laihonen<br \/>\npeppiina.laihonen@edu.turku.fi<br \/>\n040 3534 136<\/p>\n<p>&nbsp;<\/p>\n<p>&nbsp;<\/p>\n","protected":false},"excerpt":{"rendered":"<p>P\u00e4iv\u00e4kodin johtaja Samppa Stenros samppa.stenros@edu.turku.fi 040 579 2515 P\u00e4iv\u00e4kodin varajohtajat Asta Erjomaa asta.erjomaa@edu.turku.fi 044 4936 435 Peppiina Laihonen peppiina.laihonen@edu.turku.fi 040 3534 136 &nbsp; &nbsp;<\/p>\n","protected":false},"author":2618,"featured_media":0,"parent":0,"menu_order":0,"comment_status":"closed","ping_status":"closed","template":"","meta":{"footnotes":""},"class_list":["post-52","page","type-page","status-publish","hentry"],"_links":{"self":[{"href":"https:\/\/blog.edu.turku.fi\/kastunpk\/wp-json\/wp\/v2\/pages\/52","targetHints":{"allow":["GET"]}}],"collection":[{"href":"https:\/\/blog.edu.turku.fi\/kastunpk\/wp-json\/wp\/v2\/pages"}],"about":[{"href":"https:\/\/blog.edu.turku.fi\/kastunpk\/wp-json\/wp\/v2\/types\/page"}],"author":[{"embeddable":true,"href":"https:\/\/blog.edu.turku.fi\/kastunpk\/wp-json\/wp\/v2\/users\/2618"}],"replies":[{"embeddable":true,"href":"https:\/\/blog.edu.turku.fi\/kastunpk\/wp-json\/wp\/v2\/comments?post=52"}],"version-history":[{"count":21,"href":"https:\/\/blog.edu.turku.fi\/kastunpk\/wp-json\/wp\/v2\/pages\/52\/revisions"}],"predecessor-version":[{"id":1405,"href":"https:\/\/blog.edu.turku.fi\/kastunpk\/wp-json\/wp\/v2\/pages\/52\/revisions\/1405"}],"wp:attachment":[{"href":"https:\/\/blog.edu.turku.fi\/kastunpk\/wp-json\/wp\/v2\/media?parent=52"}],"curies":[{"name":"wp","href":"https:\/\/api.w.org\/{rel}","templated":true}]}}