{"id":166,"date":"2019-03-01T15:39:19","date_gmt":"2019-03-01T13:39:19","guid":{"rendered":"https:\/\/blog.edu.turku.fi\/kastunpk\/?page_id=166"},"modified":"2022-08-17T17:23:34","modified_gmt":"2022-08-17T14:23:34","slug":"paivakodin-esittely","status":"publish","type":"page","link":"https:\/\/blog.edu.turku.fi\/kastunpk\/paivakodin-esittely\/","title":{"rendered":"P\u00e4iv\u00e4kodin esittely"},"content":{"rendered":"<p><img loading=\"lazy\" decoding=\"async\" class=\"alignright wp-image-692 size-medium\" src=\"https:\/\/blog.edu.turku.fi\/kastunpk\/files\/2019\/09\/4bf273f2-42f4-48d1-9619-9e443f8431fa-300x225.jpg\" alt=\"\" width=\"300\" height=\"225\" srcset=\"https:\/\/blog.edu.turku.fi\/kastunpk\/files\/2019\/09\/4bf273f2-42f4-48d1-9619-9e443f8431fa-300x225.jpg 300w, https:\/\/blog.edu.turku.fi\/kastunpk\/files\/2019\/09\/4bf273f2-42f4-48d1-9619-9e443f8431fa-1024x768.jpg 1024w, https:\/\/blog.edu.turku.fi\/kastunpk\/files\/2019\/09\/4bf273f2-42f4-48d1-9619-9e443f8431fa.jpg 800w\" sizes=\"auto, (max-width: 300px) 85vw, 300px\" \/>Kastun p\u00e4iv\u00e4koti avattiin Py\u00f6r\u00e4m\u00e4entielle tammikuussa 2019.<\/p>\n<p>P\u00e4iv\u00e4koti sijaitsee hyvien kulkuyhteyksien p\u00e4\u00e4ss\u00e4 rauhallisella alueella. Kastun p\u00e4iv\u00e4kodissa on 7 ryhm\u00e4\u00e4, joista 3 tarjoaa vuorohoitoa. Lis\u00e4ksi p\u00e4iv\u00e4kotiimme kuuluvat Raunistulan koulussa toimivat 2 esiopetusryhm\u00e4\u00e4 sek\u00e4 urheiluleikkikerho, jossa on tarjolla mukavaa tekemist\u00e4 3-5-vuotiaille.<\/p>\n<p>&nbsp;<\/p>\n<p><img loading=\"lazy\" decoding=\"async\" class=\"wp-image-148 size-medium alignright\" src=\"https:\/\/blog.edu.turku.fi\/kastunpk\/files\/2019\/02\/IMG_7769-e1551366286150-225x300.jpg\" alt=\"\" width=\"225\" height=\"300\" srcset=\"https:\/\/blog.edu.turku.fi\/kastunpk\/files\/2019\/02\/IMG_7769-e1551366286150-225x300.jpg 225w, https:\/\/blog.edu.turku.fi\/kastunpk\/files\/2019\/02\/IMG_7769-e1551366286150-768x1024.jpg 768w, https:\/\/blog.edu.turku.fi\/kastunpk\/files\/2019\/02\/IMG_7769-e1551366286150-1200x1600.jpg 1200w, https:\/\/blog.edu.turku.fi\/kastunpk\/files\/2019\/02\/IMG_7769-e1551366286150.jpg 1536w\" sizes=\"auto, (max-width: 225px) 85vw, 225px\" \/>P\u00e4iv\u00e4kotimme tilat sek\u00e4 l\u00e4hiymp\u00e4rist\u00f6 luovat monipuoliset oppimismahdollisuudet kaiken ik\u00e4isille. P\u00e4iv\u00e4kodissamme on sali, josta l\u00f6ytyy monipuolisesti erilaisia liikuntav\u00e4lineit\u00e4 innostamaan liikkumaan. Salissa pidet\u00e4\u00e4n my\u00f6s lauluhetki\u00e4 , joilla p\u00e4\u00e4st\u00e4\u00e4n laulamisen lis\u00e4ksi testailemaan erilaisia soittimia yhdess\u00e4. Pihamme on suuri ja maastoltaan monipuolinen, jotta jokaiselle l\u00f6ytyy omanlaista puuhaa. Lis\u00e4ksi vierest\u00e4 l\u00f6ytyy urheilukentti\u00e4 ja puistoaluetta, jotka tuovat taas erilaisia oppimismahdollisuuksia. Jokaisesta ryhm\u00e4st\u00e4 l\u00f6ytyy my\u00f6s \u00e4lytaulu, joilla mahdollistetaan eri-ik\u00e4isten lasten tieto- &amp; viestint\u00e4teknologian opettelu.<\/p>\n<p>&nbsp;<\/p>\n<p>Panostamme Kastun p\u00e4iv\u00e4kodissa liikkumaan innostamiseen ja monipuoliseen kielen rikastuttamiseen. T\u00e4rke\u00e4\u00e4 on j\u00e4rjest\u00e4\u00e4 lasten ik\u00e4tasoa vastaavaa mielek\u00e4st\u00e4 toimintaa ja luoda p\u00e4ivitt\u00e4in mahdollisuuksia oppimisen ilolle.<img loading=\"lazy\" decoding=\"async\" class=\"alignright wp-image-84 size-large\" src=\"https:\/\/blog.edu.turku.fi\/kastunpk\/files\/2019\/02\/pienennetty2-1024x683.jpg\" alt=\"\" width=\"1024\" height=\"683\" srcset=\"https:\/\/blog.edu.turku.fi\/kastunpk\/files\/2019\/02\/pienennetty2-1024x683.jpg 1024w, https:\/\/blog.edu.turku.fi\/kastunpk\/files\/2019\/02\/pienennetty2-300x200.jpg 300w, https:\/\/blog.edu.turku.fi\/kastunpk\/files\/2019\/02\/pienennetty2.jpg 1311w\" sizes=\"auto, (max-width: 709px) 85vw, (max-width: 909px) 67vw, (max-width: 1362px) 62vw, 840px\" \/><\/p>\n<p>&nbsp;<\/p>\n","protected":false},"excerpt":{"rendered":"<p>Kastun p\u00e4iv\u00e4koti avattiin Py\u00f6r\u00e4m\u00e4entielle tammikuussa 2019. P\u00e4iv\u00e4koti sijaitsee hyvien kulkuyhteyksien p\u00e4\u00e4ss\u00e4 rauhallisella alueella. Kastun p\u00e4iv\u00e4kodissa on 7 ryhm\u00e4\u00e4, joista 3 tarjoaa vuorohoitoa. Lis\u00e4ksi p\u00e4iv\u00e4kotiimme kuuluvat Raunistulan koulussa toimivat 2 esiopetusryhm\u00e4\u00e4 sek\u00e4 urheiluleikkikerho, jossa on tarjolla mukavaa tekemist\u00e4 3-5-vuotiaille. &nbsp; P\u00e4iv\u00e4kotimme tilat sek\u00e4 l\u00e4hiymp\u00e4rist\u00f6 luovat monipuoliset oppimismahdollisuudet kaiken ik\u00e4isille. P\u00e4iv\u00e4kodissamme on sali, josta l\u00f6ytyy monipuolisesti erilaisia &hellip; <a href=\"https:\/\/blog.edu.turku.fi\/kastunpk\/paivakodin-esittely\/\" class=\"more-link\">Jatka lukemista<span class=\"screen-reader-text\"> &#8221;P\u00e4iv\u00e4kodin esittely&#8221;<\/span><\/a><\/p>\n","protected":false},"author":2618,"featured_media":0,"parent":0,"menu_order":0,"comment_status":"closed","ping_status":"closed","template":"","meta":{"footnotes":""},"class_list":["post-166","page","type-page","status-publish","hentry"],"_links":{"self":[{"href":"https:\/\/blog.edu.turku.fi\/kastunpk\/wp-json\/wp\/v2\/pages\/166","targetHints":{"allow":["GET"]}}],"collection":[{"href":"https:\/\/blog.edu.turku.fi\/kastunpk\/wp-json\/wp\/v2\/pages"}],"about":[{"href":"https:\/\/blog.edu.turku.fi\/kastunpk\/wp-json\/wp\/v2\/types\/page"}],"author":[{"embeddable":true,"href":"https:\/\/blog.edu.turku.fi\/kastunpk\/wp-json\/wp\/v2\/users\/2618"}],"replies":[{"embeddable":true,"href":"https:\/\/blog.edu.turku.fi\/kastunpk\/wp-json\/wp\/v2\/comments?post=166"}],"version-history":[{"count":15,"href":"https:\/\/blog.edu.turku.fi\/kastunpk\/wp-json\/wp\/v2\/pages\/166\/revisions"}],"predecessor-version":[{"id":1370,"href":"https:\/\/blog.edu.turku.fi\/kastunpk\/wp-json\/wp\/v2\/pages\/166\/revisions\/1370"}],"wp:attachment":[{"href":"https:\/\/blog.edu.turku.fi\/kastunpk\/wp-json\/wp\/v2\/media?parent=166"}],"curies":[{"name":"wp","href":"https:\/\/api.w.org\/{rel}","templated":true}]}}