{"id":14,"date":"2019-02-28T13:13:36","date_gmt":"2019-02-28T11:13:36","guid":{"rendered":"https:\/\/blog.edu.turku.fi\/kastunpk\/?page_id=14"},"modified":"2022-06-06T11:34:20","modified_gmt":"2022-06-06T08:34:20","slug":"yhteystiedot","status":"publish","type":"page","link":"https:\/\/blog.edu.turku.fi\/kastunpk\/yhteystiedot\/","title":{"rendered":"Yhteystiedot"},"content":{"rendered":"<p>Py\u00f6r\u00e4m\u00e4entie 4, 20300 Turku<\/p>\n<p>Puhelinnumerot:<\/p>\n<p><a href=\"https:\/\/blog.edu.turku.fi\/kastunpk\/johtajat\/\">Johtajat<\/a><\/p>\n<p><a href=\"https:\/\/blog.edu.turku.fi\/kastunpk\/paivaryhmat\/\">P\u00e4iv\u00e4ryhm\u00e4t<\/a><\/p>\n<p><a href=\"https:\/\/blog.edu.turku.fi\/kastunpk\/vuorohoitoryhmat\/\">Vuorohoitoryhm\u00e4t<\/a><\/p>\n<p><a href=\"https:\/\/blog.edu.turku.fi\/kastunpk\/esiopetus\/\">Esiopetus<\/a><\/p>\n<p>&nbsp;<\/p>\n","protected":false},"excerpt":{"rendered":"<p>Py\u00f6r\u00e4m\u00e4entie 4, 20300 Turku Puhelinnumerot: Johtajat P\u00e4iv\u00e4ryhm\u00e4t Vuorohoitoryhm\u00e4t Esiopetus &nbsp;<\/p>\n","protected":false},"author":2618,"featured_media":0,"parent":0,"menu_order":0,"comment_status":"closed","ping_status":"closed","template":"","meta":{"footnotes":""},"class_list":["post-14","page","type-page","status-publish","hentry"],"_links":{"self":[{"href":"https:\/\/blog.edu.turku.fi\/kastunpk\/wp-json\/wp\/v2\/pages\/14","targetHints":{"allow":["GET"]}}],"collection":[{"href":"https:\/\/blog.edu.turku.fi\/kastunpk\/wp-json\/wp\/v2\/pages"}],"about":[{"href":"https:\/\/blog.edu.turku.fi\/kastunpk\/wp-json\/wp\/v2\/types\/page"}],"author":[{"embeddable":true,"href":"https:\/\/blog.edu.turku.fi\/kastunpk\/wp-json\/wp\/v2\/users\/2618"}],"replies":[{"embeddable":true,"href":"https:\/\/blog.edu.turku.fi\/kastunpk\/wp-json\/wp\/v2\/comments?post=14"}],"version-history":[{"count":5,"href":"https:\/\/blog.edu.turku.fi\/kastunpk\/wp-json\/wp\/v2\/pages\/14\/revisions"}],"predecessor-version":[{"id":1351,"href":"https:\/\/blog.edu.turku.fi\/kastunpk\/wp-json\/wp\/v2\/pages\/14\/revisions\/1351"}],"wp:attachment":[{"href":"https:\/\/blog.edu.turku.fi\/kastunpk\/wp-json\/wp\/v2\/media?parent=14"}],"curies":[{"name":"wp","href":"https:\/\/api.w.org\/{rel}","templated":true}]}}