{"id":132,"date":"2019-02-28T15:10:48","date_gmt":"2019-02-28T13:10:48","guid":{"rendered":"https:\/\/blog.edu.turku.fi\/kastunpk\/?page_id=132"},"modified":"2023-06-20T14:18:06","modified_gmt":"2023-06-20T11:18:06","slug":"urheiluleikkikoulu","status":"publish","type":"page","link":"https:\/\/blog.edu.turku.fi\/kastunpk\/urheiluleikkikoulu\/","title":{"rendered":"Urheiluleikkikerho Kanervat"},"content":{"rendered":"<p>Urheiluleikkikerho Kanervat: 040 623 2747<br \/>\n&#8211; peppiina.laihonen@edu.turku.fi<\/p>\n<p>Parhaiten saatte meid\u00e4t kiinni s\u00e4hk\u00f6postilla tai arkisin klo:8-9 ja klo:12-13,<br \/>\nToiminta-aikana olemme vain ryhm\u00e4n k\u00e4yt\u00f6ss\u00e4.<\/p>\n<p>Kanervien touhuja p\u00e4ivitell\u00e4\u00e4n aktiivisemmin Instagramin puolella @urheiluleikkikerhokanervat!<\/p>\n<p><a href=\"https:\/\/blog.edu.turku.fi\/kastunpk-kanervat\/info\/\">Urheiluleikkikerho Info<\/a><\/p>\n","protected":false},"excerpt":{"rendered":"<p>Urheiluleikkikerho Kanervat: 040 623 2747 &#8211; peppiina.laihonen@edu.turku.fi Parhaiten saatte meid\u00e4t kiinni s\u00e4hk\u00f6postilla tai arkisin klo:8-9 ja klo:12-13, Toiminta-aikana olemme vain ryhm\u00e4n k\u00e4yt\u00f6ss\u00e4. Kanervien touhuja p\u00e4ivitell\u00e4\u00e4n aktiivisemmin Instagramin puolella @urheiluleikkikerhokanervat! Urheiluleikkikerho Info<\/p>\n","protected":false},"author":2618,"featured_media":0,"parent":0,"menu_order":0,"comment_status":"closed","ping_status":"closed","template":"","meta":{"footnotes":""},"class_list":["post-132","page","type-page","status-publish","hentry"],"_links":{"self":[{"href":"https:\/\/blog.edu.turku.fi\/kastunpk\/wp-json\/wp\/v2\/pages\/132","targetHints":{"allow":["GET"]}}],"collection":[{"href":"https:\/\/blog.edu.turku.fi\/kastunpk\/wp-json\/wp\/v2\/pages"}],"about":[{"href":"https:\/\/blog.edu.turku.fi\/kastunpk\/wp-json\/wp\/v2\/types\/page"}],"author":[{"embeddable":true,"href":"https:\/\/blog.edu.turku.fi\/kastunpk\/wp-json\/wp\/v2\/users\/2618"}],"replies":[{"embeddable":true,"href":"https:\/\/blog.edu.turku.fi\/kastunpk\/wp-json\/wp\/v2\/comments?post=132"}],"version-history":[{"count":16,"href":"https:\/\/blog.edu.turku.fi\/kastunpk\/wp-json\/wp\/v2\/pages\/132\/revisions"}],"predecessor-version":[{"id":1389,"href":"https:\/\/blog.edu.turku.fi\/kastunpk\/wp-json\/wp\/v2\/pages\/132\/revisions\/1389"}],"wp:attachment":[{"href":"https:\/\/blog.edu.turku.fi\/kastunpk\/wp-json\/wp\/v2\/media?parent=132"}],"curies":[{"name":"wp","href":"https:\/\/api.w.org\/{rel}","templated":true}]}}