{"id":12,"date":"2019-02-28T13:13:26","date_gmt":"2019-02-28T11:13:26","guid":{"rendered":"https:\/\/blog.edu.turku.fi\/kastunpk\/?page_id=12"},"modified":"2019-12-12T16:20:58","modified_gmt":"2019-12-12T14:20:58","slug":"hyva-tietaa","status":"publish","type":"page","link":"https:\/\/blog.edu.turku.fi\/kastunpk\/hyva-tietaa\/","title":{"rendered":"Meid\u00e4n p\u00e4iv\u00e4koti"},"content":{"rendered":"<p><a href=\"https:\/\/blog.edu.turku.fi\/kastunpk\/paivakodin-esittely\/\">P\u00e4iv\u00e4kodin esittely<\/a><\/p>\n<p><a href=\"https:\/\/blog.edu.turku.fi\/kastunpk\/toiminta-ajatus-arvot\/\">Toiminta-ajatus &amp; arvot<\/a><\/p>\n<p><a href=\"https:\/\/blog.edu.turku.fi\/kastunpk\/arki\/\">Arki<\/a><\/p>\n","protected":false},"excerpt":{"rendered":"<p>P\u00e4iv\u00e4kodin esittely Toiminta-ajatus &amp; arvot Arki<\/p>\n","protected":false},"author":2625,"featured_media":0,"parent":0,"menu_order":0,"comment_status":"closed","ping_status":"closed","template":"","meta":{"footnotes":""},"class_list":["post-12","page","type-page","status-publish","hentry"],"_links":{"self":[{"href":"https:\/\/blog.edu.turku.fi\/kastunpk\/wp-json\/wp\/v2\/pages\/12","targetHints":{"allow":["GET"]}}],"collection":[{"href":"https:\/\/blog.edu.turku.fi\/kastunpk\/wp-json\/wp\/v2\/pages"}],"about":[{"href":"https:\/\/blog.edu.turku.fi\/kastunpk\/wp-json\/wp\/v2\/types\/page"}],"author":[{"embeddable":true,"href":"https:\/\/blog.edu.turku.fi\/kastunpk\/wp-json\/wp\/v2\/users\/2625"}],"replies":[{"embeddable":true,"href":"https:\/\/blog.edu.turku.fi\/kastunpk\/wp-json\/wp\/v2\/comments?post=12"}],"version-history":[{"count":9,"href":"https:\/\/blog.edu.turku.fi\/kastunpk\/wp-json\/wp\/v2\/pages\/12\/revisions"}],"predecessor-version":[{"id":953,"href":"https:\/\/blog.edu.turku.fi\/kastunpk\/wp-json\/wp\/v2\/pages\/12\/revisions\/953"}],"wp:attachment":[{"href":"https:\/\/blog.edu.turku.fi\/kastunpk\/wp-json\/wp\/v2\/media?parent=12"}],"curies":[{"name":"wp","href":"https:\/\/api.w.org\/{rel}","templated":true}]}}