{"id":7,"date":"2020-03-09T13:40:37","date_gmt":"2020-03-09T11:40:37","guid":{"rendered":"https:\/\/blog.edu.turku.fi\/kastunpk-kanervat\/?page_id=7"},"modified":"2024-01-24T13:11:01","modified_gmt":"2024-01-24T11:11:01","slug":"info","status":"publish","type":"page","link":"https:\/\/blog.edu.turku.fi\/kastunpk-kanervat\/info\/","title":{"rendered":"Info"},"content":{"rendered":"<p>Urheiluleikkikerho Kanervat: 040 623 2747<\/p>\n<p>Parhaiten saatte meid\u00e4t kiinni arkisin klo:8-9 ja klo:12-13,<br \/>\nToiminta-aikana, olemme vain ryhm\u00e4n k\u00e4yt\u00f6ss\u00e4.<\/p>\n<p><strong>INFO: <\/strong><\/p>\n<p>3-5- VUOTIAILLE LAPSILLE, ARKISIN KLO: 9-12<\/p>\n<p>Urheiluleikkikerhotoiminta on tarkoitettu 3-5 -vuotiaille lapsille. Kerho toimii p\u00e4\u00e4s\u00e4\u00e4nt\u00f6isesti ulkona, Raunistulan koulun ja Kastun p\u00e4iv\u00e4kodin ymp\u00e4rist\u00f6ss\u00e4 arkip\u00e4ivisin klo: 9.00-12.00. Hy\u00f6dynn\u00e4mme toiminnassamme l\u00e4hiymp\u00e4rist\u00f6n metsi\u00e4, kentti\u00e4 ja puistoja. Mahdollisuuksien mukaan k\u00e4yt\u00e4mme my\u00f6s Alfan liikuntakeskuksen saleja, Impivaaran liikuntakeskuksen ymp\u00e4rist\u00f6\u00e4 sek\u00e4 Kupittaan urheiluhallia. Rankkasateella ja kovilla pakkasilla toimimme sis\u00e4tiloissa.<\/p>\n<p>Toimintaa ohjaa Turun kaupungin varhaiskasvatussuunnitelma. Toiminta on suunniteltua ja tavoitteellista. Ohjatun toiminnan toteutukseen vaikuttaa paljon ryhm\u00e4n lasten mielenkiinnonkohteet ja ryhm\u00e4n rakenne. Toiminnasta vastaa varhaiskasvatuksen opettaja sek\u00e4 varhaiskasvatuksen lastenhoitaja.<\/p>\n<p><strong>Urheiluleikkikerhon toiminta on maksutonta.<\/strong><\/p>\n<p>Urheiluleikkikerhon tavoitteena<br \/>\n\u2022 Lapsi saa suunniteltua varhaiskasvatusta. Suunnittelussa huomioidaan lasten kehitystasot ja vuodenajat ymp\u00e4rist\u00f6ss\u00e4<br \/>\n\u2022 Lapsi oppii sosiaalisia taitoja esim. toimimaan ryhm\u00e4ss\u00e4 sek\u00e4 saa uusia leikkikavereita<br \/>\n\u2022 Lapsi kokee ja oppii uusia asioita turvallisessa ja monimuotoisissa oppimisymp\u00e4rist\u00f6iss\u00e4<br \/>\n\u2022 Lapsi saa uusia ja positiivisia kokemuksia liikkumisesta<br \/>\n\u2022 Lapsi oppii toimimaan luonnossa<br \/>\n\u2022 Iloinen ja hyvinvoiva lapsi<br \/>\n\u2022 Vanhemmille mahdollisuus vaikuttaa ja osallistua toimintaan<br \/>\n\u2022 Vanhemmille sosiaalisia kontakteja sek\u00e4 ideoita arkiliikuntaan perheen kanssa<\/p>\n<p>Mit\u00e4 lapsi tarvitsee urheiluleikkikerhossa?<br \/>\n\u2022 S\u00e4\u00e4nmukaiset ulkoiluvarusteet, varavaatteita. Kerrospukeutuminen tulee tutuksi.<br \/>\n\u2022 Hyv\u00e4t keng\u00e4t<br \/>\n\u2022 Reppu. Lapsen selk\u00e4\u00e4n sopiva, rintanauhakiinnityksell\u00e4 varustettu.<br \/>\n\u2022 Pienet, terveelliset ja roskattomat ev\u00e4\u00e4t<br \/>\n\u2022 Vesipullo<br \/>\n\u2022 Nen\u00e4liinoja<br \/>\n\u2022 Istuinalusta (esim. telttapatjan palanen)<br \/>\n\u2022 Sis\u00e4toimintap\u00e4ivin\u00e4: sis\u00e4tossut\/-keng\u00e4t<br \/>\n\u2022 Kylmin\u00e4 p\u00e4ivin\u00e4: sormikkaat (ruokailuun) ja varak\u00e4sineet<br \/>\n\u2022 Rohkeutta ja heitt\u00e4ytymist\u00e4 kokeilla uusia seikkailuja ryhm\u00e4n kanssa<\/p>\n<p>Aamulla ennen leikkikerhoon tuloa kotona; riitt\u00e4v\u00e4 aamiainen ja WC-k\u00e4ynti. Toimimme p\u00e4\u00e4s\u00e4\u00e4nt\u00f6isesti ulkona, joten meill\u00e4 ei ole mahdollista k\u00e4ytt\u00e4\u00e4 wc-tiloja. Tullessasi leikkikerhoon tervehdimme ja\u00a0 vaihdamme samalla kuulumiset.<\/p>\n<p>Viikko-ohjelman toimitamme vanhemmille s\u00e4hk\u00f6postitse. \u00c4killiset muutokset p\u00e4iv\u00e4n ohjelmaan infoamme tekstiviestitse.<\/p>\n<p>Urheiluleikkikerhon p\u00e4iv\u00e4n tapahtumia voitte kerrata lapsen kanssa instagramista.<\/p>\n<p>Ilmoita lapsen poissaolosta tekstiviestill\u00e4 tai s\u00e4hk\u00f6postitse. Toivomme, ett\u00e4 saamme tiedon poissaoloista ja sairastumisista leikkikerhoon. Sairasta lasta ei saa tuoda leikkikerhoon. Jos lapsi sairastuu leikkikerhop\u00e4iv\u00e4n aikana, ilmoitamme siit\u00e4 heti vanhemmille.<\/p>\n<p>Henkil\u00f6kunnalla on vaitiolovelvollisuus perhett\u00e4 ja lastasi koskevissa asioissa. Vanhempien ja henkil\u00f6kunnan avoin ja luottamuksellinen suhde on perustana lapsen hyvinvoinnille ja turvallisuuden tunteelle leikkikerhop\u00e4iv\u00e4n aikana.<\/p>\n<p>Tervetuloa kerhoon!<\/p>\n","protected":false},"excerpt":{"rendered":"<p>Urheiluleikkikerho Kanervat: 040 623 2747 Parhaiten saatte meid\u00e4t kiinni arkisin klo:8-9 ja klo:12-13, Toiminta-aikana, olemme vain ryhm\u00e4n k\u00e4yt\u00f6ss\u00e4. INFO: 3-5- VUOTIAILLE LAPSILLE, ARKISIN KLO: 9-12 Urheiluleikkikerhotoiminta on tarkoitettu 3-5 -vuotiaille lapsille. Kerho toimii p\u00e4\u00e4s\u00e4\u00e4nt\u00f6isesti ulkona, Raunistulan koulun ja Kastun p\u00e4iv\u00e4kodin ymp\u00e4rist\u00f6ss\u00e4 arkip\u00e4ivisin klo: 9.00-12.00. Hy\u00f6dynn\u00e4mme toiminnassamme l\u00e4hiymp\u00e4rist\u00f6n metsi\u00e4, kentti\u00e4 ja puistoja. Mahdollisuuksien mukaan k\u00e4yt\u00e4mme my\u00f6s &hellip; <a href=\"https:\/\/blog.edu.turku.fi\/kastunpk-kanervat\/info\/\" class=\"more-link\">Jatka lukemista<span class=\"screen-reader-text\"> &#8221;Info&#8221;<\/span><\/a><\/p>\n","protected":false},"author":2618,"featured_media":0,"parent":0,"menu_order":1,"comment_status":"closed","ping_status":"closed","template":"","meta":{"footnotes":""},"class_list":["post-7","page","type-page","status-publish","hentry"],"_links":{"self":[{"href":"https:\/\/blog.edu.turku.fi\/kastunpk-kanervat\/wp-json\/wp\/v2\/pages\/7","targetHints":{"allow":["GET"]}}],"collection":[{"href":"https:\/\/blog.edu.turku.fi\/kastunpk-kanervat\/wp-json\/wp\/v2\/pages"}],"about":[{"href":"https:\/\/blog.edu.turku.fi\/kastunpk-kanervat\/wp-json\/wp\/v2\/types\/page"}],"author":[{"embeddable":true,"href":"https:\/\/blog.edu.turku.fi\/kastunpk-kanervat\/wp-json\/wp\/v2\/users\/2618"}],"replies":[{"embeddable":true,"href":"https:\/\/blog.edu.turku.fi\/kastunpk-kanervat\/wp-json\/wp\/v2\/comments?post=7"}],"version-history":[{"count":9,"href":"https:\/\/blog.edu.turku.fi\/kastunpk-kanervat\/wp-json\/wp\/v2\/pages\/7\/revisions"}],"predecessor-version":[{"id":2773,"href":"https:\/\/blog.edu.turku.fi\/kastunpk-kanervat\/wp-json\/wp\/v2\/pages\/7\/revisions\/2773"}],"wp:attachment":[{"href":"https:\/\/blog.edu.turku.fi\/kastunpk-kanervat\/wp-json\/wp\/v2\/media?parent=7"}],"curies":[{"name":"wp","href":"https:\/\/api.w.org\/{rel}","templated":true}]}}