{"id":2757,"date":"2023-09-26T15:34:23","date_gmt":"2023-09-26T12:34:23","guid":{"rendered":"https:\/\/blog.edu.turku.fi\/kastunpk-kanervat\/?page_id=2757"},"modified":"2023-09-26T15:36:52","modified_gmt":"2023-09-26T12:36:52","slug":"kanervien-touhut-2023-2024","status":"publish","type":"page","link":"https:\/\/blog.edu.turku.fi\/kastunpk-kanervat\/kanervien-touhut-2023-2024\/","title":{"rendered":"Kanervien touhut 2023-2024"},"content":{"rendered":"<h1 style=\"text-align: center\">Kanervien elokuu<\/h1>\n<p>&nbsp;<\/p>\n<p style=\"text-align: center\">Elokuussa Kanervissa leikittiin paljon ulkona, auringossa ja sateella<\/p>\n<p>&nbsp;<\/p>\n<p style=\"text-align: center\"><img loading=\"lazy\" decoding=\"async\" class=\"alignnone size-medium wp-image-2756\" src=\"https:\/\/blog.edu.turku.fi\/kastunpk-kanervat\/files\/2023\/09\/WhatsApp-Image-2023-09-20-at-14.46.43-225x300.jpeg\" alt=\"\" width=\"225\" height=\"300\" srcset=\"https:\/\/blog.edu.turku.fi\/kastunpk-kanervat\/files\/2023\/09\/WhatsApp-Image-2023-09-20-at-14.46.43-225x300.jpeg 225w, https:\/\/blog.edu.turku.fi\/kastunpk-kanervat\/files\/2023\/09\/WhatsApp-Image-2023-09-20-at-14.46.43.jpeg 375w\" sizes=\"auto, (max-width: 225px) 85vw, 225px\" \/> <img loading=\"lazy\" decoding=\"async\" class=\"alignnone size-medium wp-image-2755\" src=\"https:\/\/blog.edu.turku.fi\/kastunpk-kanervat\/files\/2023\/09\/WhatsApp-Image-2023-09-20-at-14.46.43-1-225x300.jpeg\" alt=\"\" width=\"225\" height=\"300\" srcset=\"https:\/\/blog.edu.turku.fi\/kastunpk-kanervat\/files\/2023\/09\/WhatsApp-Image-2023-09-20-at-14.46.43-1-225x300.jpeg 225w, https:\/\/blog.edu.turku.fi\/kastunpk-kanervat\/files\/2023\/09\/WhatsApp-Image-2023-09-20-at-14.46.43-1.jpeg 375w\" sizes=\"auto, (max-width: 225px) 85vw, 225px\" \/> <img loading=\"lazy\" decoding=\"async\" class=\"alignnone size-medium wp-image-2754\" src=\"https:\/\/blog.edu.turku.fi\/kastunpk-kanervat\/files\/2023\/09\/WhatsApp-Image-2023-09-20-at-14.46.44-225x300.jpeg\" alt=\"\" width=\"225\" height=\"300\" srcset=\"https:\/\/blog.edu.turku.fi\/kastunpk-kanervat\/files\/2023\/09\/WhatsApp-Image-2023-09-20-at-14.46.44-225x300.jpeg 225w, https:\/\/blog.edu.turku.fi\/kastunpk-kanervat\/files\/2023\/09\/WhatsApp-Image-2023-09-20-at-14.46.44.jpeg 375w\" sizes=\"auto, (max-width: 225px) 85vw, 225px\" \/><\/p>\n<p>&nbsp;<\/p>\n<p style=\"text-align: center\"><img loading=\"lazy\" decoding=\"async\" class=\"alignnone size-medium wp-image-2753\" src=\"https:\/\/blog.edu.turku.fi\/kastunpk-kanervat\/files\/2023\/09\/WhatsApp-Image-2023-09-20-at-14.46.44-1-225x300.jpeg\" alt=\"\" width=\"225\" height=\"300\" srcset=\"https:\/\/blog.edu.turku.fi\/kastunpk-kanervat\/files\/2023\/09\/WhatsApp-Image-2023-09-20-at-14.46.44-1-225x300.jpeg 225w, https:\/\/blog.edu.turku.fi\/kastunpk-kanervat\/files\/2023\/09\/WhatsApp-Image-2023-09-20-at-14.46.44-1.jpeg 375w\" sizes=\"auto, (max-width: 225px) 85vw, 225px\" \/> <img loading=\"lazy\" decoding=\"async\" class=\"alignnone size-medium wp-image-2752\" src=\"https:\/\/blog.edu.turku.fi\/kastunpk-kanervat\/files\/2023\/09\/WhatsApp-Image-2023-09-20-at-14.46.45-225x300.jpeg\" alt=\"\" width=\"225\" height=\"300\" srcset=\"https:\/\/blog.edu.turku.fi\/kastunpk-kanervat\/files\/2023\/09\/WhatsApp-Image-2023-09-20-at-14.46.45-225x300.jpeg 225w, https:\/\/blog.edu.turku.fi\/kastunpk-kanervat\/files\/2023\/09\/WhatsApp-Image-2023-09-20-at-14.46.45.jpeg 375w\" sizes=\"auto, (max-width: 225px) 85vw, 225px\" \/> <img loading=\"lazy\" decoding=\"async\" class=\"alignnone size-medium wp-image-2714\" src=\"https:\/\/blog.edu.turku.fi\/kastunpk-kanervat\/files\/2023\/09\/WhatsApp-Image-2023-09-20-at-14.47.15-4-225x300.jpeg\" alt=\"\" width=\"225\" height=\"300\" srcset=\"https:\/\/blog.edu.turku.fi\/kastunpk-kanervat\/files\/2023\/09\/WhatsApp-Image-2023-09-20-at-14.47.15-4-225x300.jpeg 225w, https:\/\/blog.edu.turku.fi\/kastunpk-kanervat\/files\/2023\/09\/WhatsApp-Image-2023-09-20-at-14.47.15-4.jpeg 375w\" sizes=\"auto, (max-width: 225px) 85vw, 225px\" \/><\/p>\n<p><img loading=\"lazy\" decoding=\"async\" class=\"alignnone size-medium wp-image-2749 aligncenter\" src=\"https:\/\/blog.edu.turku.fi\/kastunpk-kanervat\/files\/2023\/09\/WhatsApp-Image-2023-09-20-at-14.46.45-3-225x300.jpeg\" alt=\"\" width=\"225\" height=\"300\" srcset=\"https:\/\/blog.edu.turku.fi\/kastunpk-kanervat\/files\/2023\/09\/WhatsApp-Image-2023-09-20-at-14.46.45-3-225x300.jpeg 225w, https:\/\/blog.edu.turku.fi\/kastunpk-kanervat\/files\/2023\/09\/WhatsApp-Image-2023-09-20-at-14.46.45-3.jpeg 375w\" sizes=\"auto, (max-width: 225px) 85vw, 225px\" \/><\/p>\n<p style=\"text-align: center\">Tehtiin myrskylt\u00e4 suojaava maja<\/p>\n<p>&nbsp;<\/p>\n<p style=\"text-align: center\">Pelasimme jalkapalloa<\/p>\n<p>&nbsp;<\/p>\n<p style=\"text-align: center\"><img loading=\"lazy\" decoding=\"async\" class=\"alignnone size-medium wp-image-2747\" src=\"https:\/\/blog.edu.turku.fi\/kastunpk-kanervat\/files\/2023\/09\/WhatsApp-Image-2023-09-20-at-14.46.50-225x300.jpeg\" alt=\"\" width=\"225\" height=\"300\" srcset=\"https:\/\/blog.edu.turku.fi\/kastunpk-kanervat\/files\/2023\/09\/WhatsApp-Image-2023-09-20-at-14.46.50-225x300.jpeg 225w, https:\/\/blog.edu.turku.fi\/kastunpk-kanervat\/files\/2023\/09\/WhatsApp-Image-2023-09-20-at-14.46.50.jpeg 375w\" sizes=\"auto, (max-width: 225px) 85vw, 225px\" \/> <img loading=\"lazy\" decoding=\"async\" class=\"alignnone size-medium wp-image-2746\" src=\"https:\/\/blog.edu.turku.fi\/kastunpk-kanervat\/files\/2023\/09\/WhatsApp-Image-2023-09-20-at-14.46.51-225x300.jpeg\" alt=\"\" width=\"225\" height=\"300\" srcset=\"https:\/\/blog.edu.turku.fi\/kastunpk-kanervat\/files\/2023\/09\/WhatsApp-Image-2023-09-20-at-14.46.51-225x300.jpeg 225w, https:\/\/blog.edu.turku.fi\/kastunpk-kanervat\/files\/2023\/09\/WhatsApp-Image-2023-09-20-at-14.46.51.jpeg 375w\" sizes=\"auto, (max-width: 225px) 85vw, 225px\" \/><\/p>\n<p>&nbsp;<\/p>\n<p style=\"text-align: center\">Teimme ihanan retken Ruissaloon vesibussilla<\/p>\n<p>&nbsp;<\/p>\n<p style=\"text-align: center\"><img loading=\"lazy\" decoding=\"async\" class=\"alignnone size-medium wp-image-2738\" src=\"https:\/\/blog.edu.turku.fi\/kastunpk-kanervat\/files\/2023\/09\/WhatsApp-Image-2023-09-20-at-14.47.11-300x225.jpeg\" alt=\"\" width=\"300\" height=\"225\" srcset=\"https:\/\/blog.edu.turku.fi\/kastunpk-kanervat\/files\/2023\/09\/WhatsApp-Image-2023-09-20-at-14.47.11-300x225.jpeg 300w, https:\/\/blog.edu.turku.fi\/kastunpk-kanervat\/files\/2023\/09\/WhatsApp-Image-2023-09-20-at-14.47.11.jpeg 500w\" sizes=\"auto, (max-width: 300px) 85vw, 300px\" \/> <img loading=\"lazy\" decoding=\"async\" class=\"alignnone size-medium wp-image-2734\" src=\"https:\/\/blog.edu.turku.fi\/kastunpk-kanervat\/files\/2023\/09\/WhatsApp-Image-2023-09-20-at-14.47.12-3-225x300.jpeg\" alt=\"\" width=\"225\" height=\"300\" srcset=\"https:\/\/blog.edu.turku.fi\/kastunpk-kanervat\/files\/2023\/09\/WhatsApp-Image-2023-09-20-at-14.47.12-3-225x300.jpeg 225w, https:\/\/blog.edu.turku.fi\/kastunpk-kanervat\/files\/2023\/09\/WhatsApp-Image-2023-09-20-at-14.47.12-3.jpeg 375w\" sizes=\"auto, (max-width: 225px) 85vw, 225px\" \/><\/p>\n<p>&nbsp;<\/p>\n<p style=\"text-align: center\">Askartelimme dinoja ja Rainbow dash -poneja<\/p>\n<p>&nbsp;<\/p>\n<p style=\"text-align: center\"><img loading=\"lazy\" decoding=\"async\" class=\"alignnone size-medium wp-image-2758\" src=\"https:\/\/blog.edu.turku.fi\/kastunpk-kanervat\/files\/2023\/09\/WhatsApp-Image-2023-09-20-at-14.47.15-4-1-225x300.jpeg\" alt=\"\" width=\"225\" height=\"300\" srcset=\"https:\/\/blog.edu.turku.fi\/kastunpk-kanervat\/files\/2023\/09\/WhatsApp-Image-2023-09-20-at-14.47.15-4-1-225x300.jpeg 225w, https:\/\/blog.edu.turku.fi\/kastunpk-kanervat\/files\/2023\/09\/WhatsApp-Image-2023-09-20-at-14.47.15-4-1.jpeg 375w\" sizes=\"auto, (max-width: 225px) 85vw, 225px\" \/> <img loading=\"lazy\" decoding=\"async\" class=\"alignnone size-medium wp-image-2759\" src=\"https:\/\/blog.edu.turku.fi\/kastunpk-kanervat\/files\/2023\/09\/WhatsApp-Image-2023-09-20-at-14.47.15-3-1-225x300.jpeg\" alt=\"\" width=\"225\" height=\"300\" srcset=\"https:\/\/blog.edu.turku.fi\/kastunpk-kanervat\/files\/2023\/09\/WhatsApp-Image-2023-09-20-at-14.47.15-3-1-225x300.jpeg 225w, https:\/\/blog.edu.turku.fi\/kastunpk-kanervat\/files\/2023\/09\/WhatsApp-Image-2023-09-20-at-14.47.15-3-1.jpeg 375w\" sizes=\"auto, (max-width: 225px) 85vw, 225px\" \/> <img loading=\"lazy\" decoding=\"async\" class=\"alignnone size-medium wp-image-2760\" src=\"https:\/\/blog.edu.turku.fi\/kastunpk-kanervat\/files\/2023\/09\/WhatsApp-Image-2023-09-20-at-14.47.15-2-1-225x300.jpeg\" alt=\"\" width=\"225\" height=\"300\" srcset=\"https:\/\/blog.edu.turku.fi\/kastunpk-kanervat\/files\/2023\/09\/WhatsApp-Image-2023-09-20-at-14.47.15-2-1-225x300.jpeg 225w, https:\/\/blog.edu.turku.fi\/kastunpk-kanervat\/files\/2023\/09\/WhatsApp-Image-2023-09-20-at-14.47.15-2-1.jpeg 375w\" sizes=\"auto, (max-width: 225px) 85vw, 225px\" \/><\/p>\n<p>&nbsp;<\/p>\n<p style=\"text-align: center\"><img loading=\"lazy\" decoding=\"async\" class=\"alignnone size-medium wp-image-2761\" src=\"https:\/\/blog.edu.turku.fi\/kastunpk-kanervat\/files\/2023\/09\/WhatsApp-Image-2023-09-20-at-14.47.15-1-1-225x300.jpeg\" alt=\"\" width=\"225\" height=\"300\" srcset=\"https:\/\/blog.edu.turku.fi\/kastunpk-kanervat\/files\/2023\/09\/WhatsApp-Image-2023-09-20-at-14.47.15-1-1-225x300.jpeg 225w, https:\/\/blog.edu.turku.fi\/kastunpk-kanervat\/files\/2023\/09\/WhatsApp-Image-2023-09-20-at-14.47.15-1-1.jpeg 375w\" sizes=\"auto, (max-width: 225px) 85vw, 225px\" \/> <img loading=\"lazy\" decoding=\"async\" class=\"alignnone size-medium wp-image-2762\" src=\"https:\/\/blog.edu.turku.fi\/kastunpk-kanervat\/files\/2023\/09\/WhatsApp-Image-2023-09-20-at-14.47.15-7-225x300.jpeg\" alt=\"\" width=\"225\" height=\"300\" srcset=\"https:\/\/blog.edu.turku.fi\/kastunpk-kanervat\/files\/2023\/09\/WhatsApp-Image-2023-09-20-at-14.47.15-7-225x300.jpeg 225w, https:\/\/blog.edu.turku.fi\/kastunpk-kanervat\/files\/2023\/09\/WhatsApp-Image-2023-09-20-at-14.47.15-7.jpeg 375w\" sizes=\"auto, (max-width: 225px) 85vw, 225px\" \/><\/p>\n<p>&nbsp;<\/p>\n<p style=\"text-align: center\">Mets\u00e4ss\u00e4 toteutimme upean taiden\u00e4yttelyn<\/p>\n<p>&nbsp;<\/p>\n<p style=\"text-align: center\"><img loading=\"lazy\" decoding=\"async\" class=\"alignnone size-medium wp-image-2724\" src=\"https:\/\/blog.edu.turku.fi\/kastunpk-kanervat\/files\/2023\/09\/WhatsApp-Image-2023-09-20-at-14.47.14-1-225x300.jpeg\" alt=\"\" width=\"225\" height=\"300\" srcset=\"https:\/\/blog.edu.turku.fi\/kastunpk-kanervat\/files\/2023\/09\/WhatsApp-Image-2023-09-20-at-14.47.14-1-225x300.jpeg 225w, https:\/\/blog.edu.turku.fi\/kastunpk-kanervat\/files\/2023\/09\/WhatsApp-Image-2023-09-20-at-14.47.14-1.jpeg 375w\" sizes=\"auto, (max-width: 225px) 85vw, 225px\" \/> <img loading=\"lazy\" decoding=\"async\" class=\"alignnone size-medium wp-image-2723\" src=\"https:\/\/blog.edu.turku.fi\/kastunpk-kanervat\/files\/2023\/09\/WhatsApp-Image-2023-09-20-at-14.47.14-2-225x300.jpeg\" alt=\"\" width=\"225\" height=\"300\" srcset=\"https:\/\/blog.edu.turku.fi\/kastunpk-kanervat\/files\/2023\/09\/WhatsApp-Image-2023-09-20-at-14.47.14-2-225x300.jpeg 225w, https:\/\/blog.edu.turku.fi\/kastunpk-kanervat\/files\/2023\/09\/WhatsApp-Image-2023-09-20-at-14.47.14-2.jpeg 375w\" sizes=\"auto, (max-width: 225px) 85vw, 225px\" \/> <img loading=\"lazy\" decoding=\"async\" class=\"alignnone size-medium wp-image-2722\" src=\"https:\/\/blog.edu.turku.fi\/kastunpk-kanervat\/files\/2023\/09\/WhatsApp-Image-2023-09-20-at-14.47.14-3-225x300.jpeg\" alt=\"\" width=\"225\" height=\"300\" srcset=\"https:\/\/blog.edu.turku.fi\/kastunpk-kanervat\/files\/2023\/09\/WhatsApp-Image-2023-09-20-at-14.47.14-3-225x300.jpeg 225w, https:\/\/blog.edu.turku.fi\/kastunpk-kanervat\/files\/2023\/09\/WhatsApp-Image-2023-09-20-at-14.47.14-3.jpeg 375w\" sizes=\"auto, (max-width: 225px) 85vw, 225px\" \/><\/p>\n<p style=\"text-align: center\"><img loading=\"lazy\" decoding=\"async\" class=\"alignnone size-medium wp-image-2721\" src=\"https:\/\/blog.edu.turku.fi\/kastunpk-kanervat\/files\/2023\/09\/WhatsApp-Image-2023-09-20-at-14.47.14-4-240x300.jpeg\" alt=\"\" width=\"240\" height=\"300\" srcset=\"https:\/\/blog.edu.turku.fi\/kastunpk-kanervat\/files\/2023\/09\/WhatsApp-Image-2023-09-20-at-14.47.14-4-240x300.jpeg 240w, https:\/\/blog.edu.turku.fi\/kastunpk-kanervat\/files\/2023\/09\/WhatsApp-Image-2023-09-20-at-14.47.14-4.jpeg 400w\" sizes=\"auto, (max-width: 240px) 85vw, 240px\" \/> <img loading=\"lazy\" decoding=\"async\" class=\"alignnone size-medium wp-image-2719\" src=\"https:\/\/blog.edu.turku.fi\/kastunpk-kanervat\/files\/2023\/09\/WhatsApp-Image-2023-09-20-at-14.47.14-6-240x300.jpeg\" alt=\"\" width=\"240\" height=\"300\" srcset=\"https:\/\/blog.edu.turku.fi\/kastunpk-kanervat\/files\/2023\/09\/WhatsApp-Image-2023-09-20-at-14.47.14-6-240x300.jpeg 240w, https:\/\/blog.edu.turku.fi\/kastunpk-kanervat\/files\/2023\/09\/WhatsApp-Image-2023-09-20-at-14.47.14-6.jpeg 400w\" sizes=\"auto, (max-width: 240px) 85vw, 240px\" \/> <img loading=\"lazy\" decoding=\"async\" class=\"alignnone size-medium wp-image-2718\" src=\"https:\/\/blog.edu.turku.fi\/kastunpk-kanervat\/files\/2023\/09\/WhatsApp-Image-2023-09-20-at-14.47.15-225x300.jpeg\" alt=\"\" width=\"225\" height=\"300\" srcset=\"https:\/\/blog.edu.turku.fi\/kastunpk-kanervat\/files\/2023\/09\/WhatsApp-Image-2023-09-20-at-14.47.15-225x300.jpeg 225w, https:\/\/blog.edu.turku.fi\/kastunpk-kanervat\/files\/2023\/09\/WhatsApp-Image-2023-09-20-at-14.47.15.jpeg 375w\" sizes=\"auto, (max-width: 225px) 85vw, 225px\" \/><\/p>\n<p><img loading=\"lazy\" decoding=\"async\" class=\"alignnone size-medium wp-image-2720 aligncenter\" src=\"https:\/\/blog.edu.turku.fi\/kastunpk-kanervat\/files\/2023\/09\/WhatsApp-Image-2023-09-20-at-14.47.14-5-240x300.jpeg\" alt=\"\" width=\"240\" height=\"300\" srcset=\"https:\/\/blog.edu.turku.fi\/kastunpk-kanervat\/files\/2023\/09\/WhatsApp-Image-2023-09-20-at-14.47.14-5-240x300.jpeg 240w, https:\/\/blog.edu.turku.fi\/kastunpk-kanervat\/files\/2023\/09\/WhatsApp-Image-2023-09-20-at-14.47.14-5.jpeg 400w\" sizes=\"auto, (max-width: 240px) 85vw, 240px\" \/><\/p>\n<p>&nbsp;<\/p>\n<p style=\"text-align: center\">Luettiin l\u00e4hes p\u00e4ivitt\u00e4in satuja ja k\u00e4vimme my\u00f6s lasten kanssa kirjastossa<\/p>\n<p>&nbsp;<\/p>\n<p style=\"text-align: center\"><img loading=\"lazy\" decoding=\"async\" class=\"alignnone size-medium wp-image-2745\" src=\"https:\/\/blog.edu.turku.fi\/kastunpk-kanervat\/files\/2023\/09\/WhatsApp-Image-2023-09-20-at-14.46.53-1-225x300.jpeg\" alt=\"\" width=\"225\" height=\"300\" srcset=\"https:\/\/blog.edu.turku.fi\/kastunpk-kanervat\/files\/2023\/09\/WhatsApp-Image-2023-09-20-at-14.46.53-1-225x300.jpeg 225w, https:\/\/blog.edu.turku.fi\/kastunpk-kanervat\/files\/2023\/09\/WhatsApp-Image-2023-09-20-at-14.46.53-1.jpeg 375w\" sizes=\"auto, (max-width: 225px) 85vw, 225px\" \/> <img loading=\"lazy\" decoding=\"async\" class=\"alignnone size-medium wp-image-2725\" src=\"https:\/\/blog.edu.turku.fi\/kastunpk-kanervat\/files\/2023\/09\/WhatsApp-Image-2023-09-20-at-14.47.14-225x300.jpeg\" alt=\"\" width=\"225\" height=\"300\" srcset=\"https:\/\/blog.edu.turku.fi\/kastunpk-kanervat\/files\/2023\/09\/WhatsApp-Image-2023-09-20-at-14.47.14-225x300.jpeg 225w, https:\/\/blog.edu.turku.fi\/kastunpk-kanervat\/files\/2023\/09\/WhatsApp-Image-2023-09-20-at-14.47.14.jpeg 375w\" sizes=\"auto, (max-width: 225px) 85vw, 225px\" \/> <img loading=\"lazy\" decoding=\"async\" class=\"alignnone size-medium wp-image-2737\" src=\"https:\/\/blog.edu.turku.fi\/kastunpk-kanervat\/files\/2023\/09\/WhatsApp-Image-2023-09-20-at-14.47.12-225x300.jpeg\" alt=\"\" width=\"225\" height=\"300\" srcset=\"https:\/\/blog.edu.turku.fi\/kastunpk-kanervat\/files\/2023\/09\/WhatsApp-Image-2023-09-20-at-14.47.12-225x300.jpeg 225w, https:\/\/blog.edu.turku.fi\/kastunpk-kanervat\/files\/2023\/09\/WhatsApp-Image-2023-09-20-at-14.47.12.jpeg 375w\" sizes=\"auto, (max-width: 225px) 85vw, 225px\" \/><\/p>\n<p><img loading=\"lazy\" decoding=\"async\" class=\"alignnone size-medium wp-image-2726 aligncenter\" src=\"https:\/\/blog.edu.turku.fi\/kastunpk-kanervat\/files\/2023\/09\/WhatsApp-Image-2023-09-20-at-14.47.13-6-225x300.jpeg\" alt=\"\" width=\"225\" height=\"300\" srcset=\"https:\/\/blog.edu.turku.fi\/kastunpk-kanervat\/files\/2023\/09\/WhatsApp-Image-2023-09-20-at-14.47.13-6-225x300.jpeg 225w, https:\/\/blog.edu.turku.fi\/kastunpk-kanervat\/files\/2023\/09\/WhatsApp-Image-2023-09-20-at-14.47.13-6.jpeg 375w\" sizes=\"auto, (max-width: 225px) 85vw, 225px\" \/><\/p>\n<p style=\"text-align: center\">Seikkailimme Kupittaan seikkailupuistossa ja ihmeteltiin el\u00e4imi\u00e4<\/p>\n<p style=\"text-align: center\"><img loading=\"lazy\" decoding=\"async\" class=\"alignnone size-medium wp-image-2711\" src=\"https:\/\/blog.edu.turku.fi\/kastunpk-kanervat\/files\/2023\/09\/WhatsApp-Image-2023-09-20-at-14.47.16-225x300.jpeg\" alt=\"\" width=\"225\" height=\"300\" srcset=\"https:\/\/blog.edu.turku.fi\/kastunpk-kanervat\/files\/2023\/09\/WhatsApp-Image-2023-09-20-at-14.47.16-225x300.jpeg 225w, https:\/\/blog.edu.turku.fi\/kastunpk-kanervat\/files\/2023\/09\/WhatsApp-Image-2023-09-20-at-14.47.16.jpeg 375w\" sizes=\"auto, (max-width: 225px) 85vw, 225px\" \/> <img loading=\"lazy\" decoding=\"async\" class=\"alignnone size-medium wp-image-2708\" src=\"https:\/\/blog.edu.turku.fi\/kastunpk-kanervat\/files\/2023\/09\/WhatsApp-Image-2023-09-20-at-14.47.19-1-225x300.jpeg\" alt=\"\" width=\"225\" height=\"300\" srcset=\"https:\/\/blog.edu.turku.fi\/kastunpk-kanervat\/files\/2023\/09\/WhatsApp-Image-2023-09-20-at-14.47.19-1-225x300.jpeg 225w, https:\/\/blog.edu.turku.fi\/kastunpk-kanervat\/files\/2023\/09\/WhatsApp-Image-2023-09-20-at-14.47.19-1.jpeg 375w\" sizes=\"auto, (max-width: 225px) 85vw, 225px\" \/><\/p>\n<p>&nbsp;<\/p>\n<p style=\"text-align: center\">Leikimme yhteisi\u00e4 leikkej\u00e4<\/p>\n<p style=\"text-align: center\">\u00a0<img loading=\"lazy\" decoding=\"async\" class=\"alignnone size-medium wp-image-2768\" src=\"https:\/\/blog.edu.turku.fi\/kastunpk-kanervat\/files\/2023\/09\/WhatsApp-Image-2023-09-20-at-14.47.20-1-1-225x300.jpeg\" alt=\"\" width=\"225\" height=\"300\" srcset=\"https:\/\/blog.edu.turku.fi\/kastunpk-kanervat\/files\/2023\/09\/WhatsApp-Image-2023-09-20-at-14.47.20-1-1-225x300.jpeg 225w, https:\/\/blog.edu.turku.fi\/kastunpk-kanervat\/files\/2023\/09\/WhatsApp-Image-2023-09-20-at-14.47.20-1-1.jpeg 375w\" sizes=\"auto, (max-width: 225px) 85vw, 225px\" \/><\/p>\n<p style=\"text-align: center\">P\u00e4\u00e4simme toisen kerran leikkim\u00e4\u00e4n tiedehenkil\u00f6\u00e4 Steamin tiedepajaan<\/p>\n<p style=\"text-align: center\"><img loading=\"lazy\" decoding=\"async\" class=\"alignnone size-medium wp-image-2733\" src=\"https:\/\/blog.edu.turku.fi\/kastunpk-kanervat\/files\/2023\/09\/WhatsApp-Image-2023-09-20-at-14.47.12-4-225x300.jpeg\" alt=\"\" width=\"225\" height=\"300\" srcset=\"https:\/\/blog.edu.turku.fi\/kastunpk-kanervat\/files\/2023\/09\/WhatsApp-Image-2023-09-20-at-14.47.12-4-225x300.jpeg 225w, https:\/\/blog.edu.turku.fi\/kastunpk-kanervat\/files\/2023\/09\/WhatsApp-Image-2023-09-20-at-14.47.12-4.jpeg 375w\" sizes=\"auto, (max-width: 225px) 85vw, 225px\" \/> <img loading=\"lazy\" decoding=\"async\" class=\"alignnone size-medium wp-image-2732\" src=\"https:\/\/blog.edu.turku.fi\/kastunpk-kanervat\/files\/2023\/09\/WhatsApp-Image-2023-09-20-at-14.47.13-225x300.jpeg\" alt=\"\" width=\"225\" height=\"300\" srcset=\"https:\/\/blog.edu.turku.fi\/kastunpk-kanervat\/files\/2023\/09\/WhatsApp-Image-2023-09-20-at-14.47.13-225x300.jpeg 225w, https:\/\/blog.edu.turku.fi\/kastunpk-kanervat\/files\/2023\/09\/WhatsApp-Image-2023-09-20-at-14.47.13.jpeg 375w\" sizes=\"auto, (max-width: 225px) 85vw, 225px\" \/> <img loading=\"lazy\" decoding=\"async\" class=\"alignnone size-medium wp-image-2731\" src=\"https:\/\/blog.edu.turku.fi\/kastunpk-kanervat\/files\/2023\/09\/WhatsApp-Image-2023-09-20-at-14.47.13-1-225x300.jpeg\" alt=\"\" width=\"225\" height=\"300\" srcset=\"https:\/\/blog.edu.turku.fi\/kastunpk-kanervat\/files\/2023\/09\/WhatsApp-Image-2023-09-20-at-14.47.13-1-225x300.jpeg 225w, https:\/\/blog.edu.turku.fi\/kastunpk-kanervat\/files\/2023\/09\/WhatsApp-Image-2023-09-20-at-14.47.13-1.jpeg 375w\" sizes=\"auto, (max-width: 225px) 85vw, 225px\" \/><\/p>\n<p style=\"text-align: center\"><img loading=\"lazy\" decoding=\"async\" class=\"alignnone size-medium wp-image-2730\" src=\"https:\/\/blog.edu.turku.fi\/kastunpk-kanervat\/files\/2023\/09\/WhatsApp-Image-2023-09-20-at-14.47.13-2-225x300.jpeg\" alt=\"\" width=\"225\" height=\"300\" srcset=\"https:\/\/blog.edu.turku.fi\/kastunpk-kanervat\/files\/2023\/09\/WhatsApp-Image-2023-09-20-at-14.47.13-2-225x300.jpeg 225w, https:\/\/blog.edu.turku.fi\/kastunpk-kanervat\/files\/2023\/09\/WhatsApp-Image-2023-09-20-at-14.47.13-2.jpeg 375w\" sizes=\"auto, (max-width: 225px) 85vw, 225px\" \/> <img loading=\"lazy\" decoding=\"async\" class=\"alignnone size-medium wp-image-2729\" src=\"https:\/\/blog.edu.turku.fi\/kastunpk-kanervat\/files\/2023\/09\/WhatsApp-Image-2023-09-20-at-14.47.13-3-225x300.jpeg\" alt=\"\" width=\"225\" height=\"300\" srcset=\"https:\/\/blog.edu.turku.fi\/kastunpk-kanervat\/files\/2023\/09\/WhatsApp-Image-2023-09-20-at-14.47.13-3-225x300.jpeg 225w, https:\/\/blog.edu.turku.fi\/kastunpk-kanervat\/files\/2023\/09\/WhatsApp-Image-2023-09-20-at-14.47.13-3.jpeg 375w\" sizes=\"auto, (max-width: 225px) 85vw, 225px\" \/> <img loading=\"lazy\" decoding=\"async\" class=\"alignnone size-medium wp-image-2728\" src=\"https:\/\/blog.edu.turku.fi\/kastunpk-kanervat\/files\/2023\/09\/WhatsApp-Image-2023-09-20-at-14.47.13-4-225x300.jpeg\" alt=\"\" width=\"225\" height=\"300\" srcset=\"https:\/\/blog.edu.turku.fi\/kastunpk-kanervat\/files\/2023\/09\/WhatsApp-Image-2023-09-20-at-14.47.13-4-225x300.jpeg 225w, https:\/\/blog.edu.turku.fi\/kastunpk-kanervat\/files\/2023\/09\/WhatsApp-Image-2023-09-20-at-14.47.13-4.jpeg 375w\" sizes=\"auto, (max-width: 225px) 85vw, 225px\" \/><\/p>\n<p><img loading=\"lazy\" decoding=\"async\" class=\"alignnone size-medium wp-image-2727 aligncenter\" src=\"https:\/\/blog.edu.turku.fi\/kastunpk-kanervat\/files\/2023\/09\/WhatsApp-Image-2023-09-20-at-14.47.13-5-225x300.jpeg\" alt=\"\" width=\"225\" height=\"300\" srcset=\"https:\/\/blog.edu.turku.fi\/kastunpk-kanervat\/files\/2023\/09\/WhatsApp-Image-2023-09-20-at-14.47.13-5-225x300.jpeg 225w, https:\/\/blog.edu.turku.fi\/kastunpk-kanervat\/files\/2023\/09\/WhatsApp-Image-2023-09-20-at-14.47.13-5.jpeg 375w\" sizes=\"auto, (max-width: 225px) 85vw, 225px\" \/><\/p>\n<p>&nbsp;<\/p>\n<p>&nbsp;<\/p>\n","protected":false},"excerpt":{"rendered":"<p>Kanervien elokuu &nbsp; Elokuussa Kanervissa leikittiin paljon ulkona, auringossa ja sateella &nbsp; &nbsp; Tehtiin myrskylt\u00e4 suojaava maja &nbsp; Pelasimme jalkapalloa &nbsp; &nbsp; Teimme ihanan retken Ruissaloon vesibussilla &nbsp; &nbsp; Askartelimme dinoja ja Rainbow dash -poneja &nbsp; &nbsp; &nbsp; Mets\u00e4ss\u00e4 toteutimme upean taiden\u00e4yttelyn &nbsp; &nbsp; Luettiin l\u00e4hes p\u00e4ivitt\u00e4in satuja ja k\u00e4vimme my\u00f6s lasten kanssa kirjastossa &nbsp; &hellip; <a href=\"https:\/\/blog.edu.turku.fi\/kastunpk-kanervat\/kanervien-touhut-2023-2024\/\" class=\"more-link\">Jatka lukemista<span class=\"screen-reader-text\"> &#8221;Kanervien touhut 2023-2024&#8221;<\/span><\/a><\/p>\n","protected":false},"author":3292,"featured_media":0,"parent":0,"menu_order":0,"comment_status":"closed","ping_status":"closed","template":"","meta":{"footnotes":""},"class_list":["post-2757","page","type-page","status-publish","hentry"],"_links":{"self":[{"href":"https:\/\/blog.edu.turku.fi\/kastunpk-kanervat\/wp-json\/wp\/v2\/pages\/2757","targetHints":{"allow":["GET"]}}],"collection":[{"href":"https:\/\/blog.edu.turku.fi\/kastunpk-kanervat\/wp-json\/wp\/v2\/pages"}],"about":[{"href":"https:\/\/blog.edu.turku.fi\/kastunpk-kanervat\/wp-json\/wp\/v2\/types\/page"}],"author":[{"embeddable":true,"href":"https:\/\/blog.edu.turku.fi\/kastunpk-kanervat\/wp-json\/wp\/v2\/users\/3292"}],"replies":[{"embeddable":true,"href":"https:\/\/blog.edu.turku.fi\/kastunpk-kanervat\/wp-json\/wp\/v2\/comments?post=2757"}],"version-history":[{"count":2,"href":"https:\/\/blog.edu.turku.fi\/kastunpk-kanervat\/wp-json\/wp\/v2\/pages\/2757\/revisions"}],"predecessor-version":[{"id":2771,"href":"https:\/\/blog.edu.turku.fi\/kastunpk-kanervat\/wp-json\/wp\/v2\/pages\/2757\/revisions\/2771"}],"wp:attachment":[{"href":"https:\/\/blog.edu.turku.fi\/kastunpk-kanervat\/wp-json\/wp\/v2\/media?parent=2757"}],"curies":[{"name":"wp","href":"https:\/\/api.w.org\/{rel}","templated":true}]}}