{"id":49,"date":"2015-10-29T10:44:45","date_gmt":"2015-10-29T08:44:45","guid":{"rendered":"https:\/\/blog.edu.turku.fi\/kaskenmaenphy\/?page_id=49"},"modified":"2024-09-05T15:46:45","modified_gmt":"2024-09-05T12:46:45","slug":"paivankukat","status":"publish","type":"page","link":"https:\/\/blog.edu.turku.fi\/kaskenmaenphy\/ryhmat\/paivankukat\/","title":{"rendered":"P\u00e4iv\u00e4nkukat"},"content":{"rendered":"<p>P\u00e4iv\u00e4nkukat on 6-vuotiaiden lasten vuorohoitoryhm\u00e4.<\/p>\n","protected":false},"excerpt":{"rendered":"<p>P\u00e4iv\u00e4nkukat on 6-vuotiaiden lasten vuorohoitoryhm\u00e4.<\/p>\n","protected":false},"author":3423,"featured_media":0,"parent":30,"menu_order":0,"comment_status":"closed","ping_status":"closed","template":"","meta":{"footnotes":""},"class_list":["post-49","page","type-page","status-publish","hentry"],"_links":{"self":[{"href":"https:\/\/blog.edu.turku.fi\/kaskenmaenphy\/wp-json\/wp\/v2\/pages\/49","targetHints":{"allow":["GET"]}}],"collection":[{"href":"https:\/\/blog.edu.turku.fi\/kaskenmaenphy\/wp-json\/wp\/v2\/pages"}],"about":[{"href":"https:\/\/blog.edu.turku.fi\/kaskenmaenphy\/wp-json\/wp\/v2\/types\/page"}],"author":[{"embeddable":true,"href":"https:\/\/blog.edu.turku.fi\/kaskenmaenphy\/wp-json\/wp\/v2\/users\/3423"}],"replies":[{"embeddable":true,"href":"https:\/\/blog.edu.turku.fi\/kaskenmaenphy\/wp-json\/wp\/v2\/comments?post=49"}],"version-history":[{"count":9,"href":"https:\/\/blog.edu.turku.fi\/kaskenmaenphy\/wp-json\/wp\/v2\/pages\/49\/revisions"}],"predecessor-version":[{"id":536,"href":"https:\/\/blog.edu.turku.fi\/kaskenmaenphy\/wp-json\/wp\/v2\/pages\/49\/revisions\/536"}],"up":[{"embeddable":true,"href":"https:\/\/blog.edu.turku.fi\/kaskenmaenphy\/wp-json\/wp\/v2\/pages\/30"}],"wp:attachment":[{"href":"https:\/\/blog.edu.turku.fi\/kaskenmaenphy\/wp-json\/wp\/v2\/media?parent=49"}],"curies":[{"name":"wp","href":"https:\/\/api.w.org\/{rel}","templated":true}]}}