{"id":2,"date":"2015-10-29T09:59:02","date_gmt":"2015-10-29T07:59:02","guid":{"rendered":"https:\/\/blog.edu.turku.fi\/kaskenmaenphy\/?page_id=2"},"modified":"2024-09-05T16:08:29","modified_gmt":"2024-09-05T13:08:29","slug":"yhteystiedot","status":"publish","type":"page","link":"https:\/\/blog.edu.turku.fi\/kaskenmaenphy\/yhteystiedot\/","title":{"rendered":"Yhteystiedot"},"content":{"rendered":"<p>Akselintie 11, 20200 Turku<\/p>\n<p>P\u00e4iv\u00e4kodinjohtajat Heidi Hirvonen, p. 044 9072818<br \/>\nja Laura Lepp\u00e4koski, p. 040 6325976<\/p>\n<p style=\"text-align: left\">Ryhmien puhelinnumerot:<br \/>\nP\u00e4iv\u00e4nkukat 040 1982763 (esiopetus)<br \/>\nSinikellot 050 3967036<br \/>\nKissantassut 040 1982\u00a0 653<br \/>\nRuusunnuput 040 1982 124<br \/>\nMets\u00e4t\u00e4hdet 044 9074042<\/p>\n<p style=\"text-align: left\">\n","protected":false},"excerpt":{"rendered":"<p>Akselintie 11, 20200 Turku P\u00e4iv\u00e4kodinjohtajat Heidi Hirvonen, p. 044 9072818 ja Laura Lepp\u00e4koski, p. 040 6325976 Ryhmien puhelinnumerot: P\u00e4iv\u00e4nkukat 040 1982763 (esiopetus) Sinikellot 050 3967036 Kissantassut 040 1982\u00a0 653 Ruusunnuput 040 1982 124 Mets\u00e4t\u00e4hdet 044 9074042<\/p>\n","protected":false},"author":3423,"featured_media":0,"parent":0,"menu_order":3,"comment_status":"closed","ping_status":"open","template":"","meta":{"footnotes":""},"class_list":["post-2","page","type-page","status-publish","hentry"],"_links":{"self":[{"href":"https:\/\/blog.edu.turku.fi\/kaskenmaenphy\/wp-json\/wp\/v2\/pages\/2","targetHints":{"allow":["GET"]}}],"collection":[{"href":"https:\/\/blog.edu.turku.fi\/kaskenmaenphy\/wp-json\/wp\/v2\/pages"}],"about":[{"href":"https:\/\/blog.edu.turku.fi\/kaskenmaenphy\/wp-json\/wp\/v2\/types\/page"}],"author":[{"embeddable":true,"href":"https:\/\/blog.edu.turku.fi\/kaskenmaenphy\/wp-json\/wp\/v2\/users\/3423"}],"replies":[{"embeddable":true,"href":"https:\/\/blog.edu.turku.fi\/kaskenmaenphy\/wp-json\/wp\/v2\/comments?post=2"}],"version-history":[{"count":14,"href":"https:\/\/blog.edu.turku.fi\/kaskenmaenphy\/wp-json\/wp\/v2\/pages\/2\/revisions"}],"predecessor-version":[{"id":542,"href":"https:\/\/blog.edu.turku.fi\/kaskenmaenphy\/wp-json\/wp\/v2\/pages\/2\/revisions\/542"}],"wp:attachment":[{"href":"https:\/\/blog.edu.turku.fi\/kaskenmaenphy\/wp-json\/wp\/v2\/media?parent=2"}],"curies":[{"name":"wp","href":"https:\/\/api.w.org\/{rel}","templated":true}]}}