{"id":881,"date":"2019-10-02T20:26:52","date_gmt":"2019-10-02T17:26:52","guid":{"rendered":"https:\/\/blog.edu.turku.fi\/karttanyt\/?page_id=881"},"modified":"2020-04-15T14:05:54","modified_gmt":"2020-04-15T11:05:54","slug":"maantieto","status":"publish","type":"page","link":"https:\/\/blog.edu.turku.fi\/karttanyt\/oppiaineet\/maantieto\/","title":{"rendered":"Maantieto ja biologia"},"content":{"rendered":"<p>Maantiedossa ja biologiassa kartat ovat olennainen osa opintoja. Tutustu karttapalveluiden hy\u00f6dynt\u00e4miseen maantiedon ja biologian opetuksessa alla olevien teht\u00e4vien avulla.<\/p>\n<h2><img loading=\"lazy\" decoding=\"async\" class=\"alignnone wp-image-1042 \" src=\"https:\/\/blog.edu.turku.fi\/karttanyt\/files\/2019\/12\/chris-lawton-KpBXAOs80YI-unsplash.jpg\" alt=\"\" width=\"715\" height=\"477\" srcset=\"https:\/\/blog.edu.turku.fi\/karttanyt\/files\/2019\/12\/chris-lawton-KpBXAOs80YI-unsplash.jpg 2048w, https:\/\/blog.edu.turku.fi\/karttanyt\/files\/2019\/12\/chris-lawton-KpBXAOs80YI-unsplash-300x200.jpg 300w, https:\/\/blog.edu.turku.fi\/karttanyt\/files\/2019\/12\/chris-lawton-KpBXAOs80YI-unsplash-1024x683.jpg 1024w\" sizes=\"auto, (max-width: 715px) 100vw, 715px\" \/><\/h2>\n<div id=\"accordion-1\" class=\"accordion no-js\"><\/p>\n<h2>\n\t\t\t\t\t<h3 role=\"button\" id=\"accordion-1-t1\" class=\"accordion-title js-accordion-controller\" aria-controls=\"accordion-1-c1\" aria-expanded=\"false\" tabindex=\"0\">\n\t\t\t\t1. Teht\u00e4v\u00e4: Kent\u00e4lle kartan kanssa\t\t\t<\/h3>\n\t\t\n\t\t<div id=\"accordion-1-c1\" class=\"accordion-content\" aria-hidden=\"true\">\n\t\t\t<\/h2>\n<p>PlantSnap on kasvien ja sienien tunnistukseen kehitetty mobiilisovellus, jonka avulla voit maastossa tunnistaa eri lajeja ottamalla kasvista kuvan. Tutki-ominaisuudella p\u00e4\u00e4set my\u00f6s sijoittamaan eri lajeja kartalle. Tutustu sovellukseen <a href=\"https:\/\/play.google.com\/store\/apps\/details?id=com.fws.plantsnap2&amp;hl=fi\" target=\"_blank\" rel=\"noopener noreferrer\">Google Play -kaupassa<\/a>.<\/p>\n<p>Tutustu my\u00f6s kentt\u00e4tutkimuksen toteuttamiseen ArcGIS Onlinen avulla <a href=\"https:\/\/www.youtube.com\/watch?v=GZ6ffCziZMo&amp;feature=youtu.be&amp;fbclid=IwAR0djCvS8x_8JKVLDq7_RH4T8Pk5-eSs2gtqnSBbZPfpuRttD74x26BDkzg\" target=\"_blank\" rel=\"noopener noreferrer\">Kartta.nyt-webinaarissa<\/a><\/p>\n<p>\t\t<\/div>\n\n\t\t<\/p>\n<h2>\n\t\t\t\t\t<h3 role=\"button\" id=\"accordion-1-t2\" class=\"accordion-title js-accordion-controller\" aria-controls=\"accordion-1-c2\" aria-expanded=\"false\" tabindex=\"0\">\n\t\t\t\t2. Teht\u00e4v\u00e4: J\u00e4k\u00e4l\u00e4 bioindikaattorina\t\t\t<\/h3>\n\t\t\n\t\t<div id=\"accordion-1-c2\" class=\"accordion-content\" aria-hidden=\"true\">\n\t\t\t<\/h2>\n<p>Hauska j\u00e4k\u00e4l\u00e4projekti on suunnattu yl\u00e4kouluun tai lukioon biologian ja maantieteen oppiaineisiin. Tutustu tarkemmin teht\u00e4v\u00e4\u00e4n <a href=\"http:\/\/www.paikkaoppi.fi\/fi\/jakalatutkimus\/\" target=\"_blank\" rel=\"noopener noreferrer\">t\u00e4st\u00e4 linkist\u00e4<\/a><\/p>\n<p>\t\t<\/div>\n\n\t\t<\/p>\n<p><\/div>\n<h2>Muita karttapalveluja<\/h2>\n<p>Koordinaatistojen opetteluun: <a href=\"https:\/\/www.maanmittauslaitos.fi\/karttapaikka\">Karttapaikka.fi<\/a><\/p>\n<p>Voit hakea karttoja koko Suomesta mm. paikannimill\u00e4 ja koordinaateilla, ja voit vaihtaa koordinaatistoja. My\u00f6s omien kohteiden merkint\u00e4 onnistuu.<\/p>\n<div id=\"js_3s7\" class=\"_5pbx userContent _3576\" data-testid=\"post_message\" data-ft=\"{&quot;tn&quot;:&quot;K&quot;}\">\n<p>Mittakaavan opetteluun: <a href=\"https:\/\/retkikartta.fi\/\">Retkikartta.fi -palvelu<\/a><\/p>\n<p>Mets\u00e4hallituksen maksuton Retkikartta tarjoaa helpon tavan tarkastella karttojen mittakaavaa. Toiminto on samanlainen kuin vanhan PaikkaOpin mittakaavaty\u00f6kalu.<\/p>\n<p>&nbsp;<\/p>\n<\/div>\n<div class=\"_3x-2\" data-ft=\"{&quot;tn&quot;:&quot;H&quot;}\">\n<div data-ft=\"{&quot;tn&quot;:&quot;H&quot;}\">\n<div class=\"mtm\">\n<div>\n<div class=\"_5cq3 _1ktf\" data-ft=\"{&quot;tn&quot;:&quot;E&quot;}\">\n<div id=\"u_jsonp_15_1o\" class=\"uiScaledImageContainer _4-ep\"><\/div>\n<\/div>\n<\/div>\n<\/div>\n<\/div>\n<\/div>\n","protected":false},"excerpt":{"rendered":"<p>Maantiedossa ja biologiassa kartat ovat olennainen osa opintoja. Tutustu karttapalveluiden hy\u00f6dynt\u00e4miseen maantiedon ja biologian opetuksessa alla olevien teht\u00e4vien avulla. Muita karttapalveluja Koordinaatistojen opetteluun: Karttapaikka.fi Voit hakea karttoja koko Suomesta mm. paikannimill\u00e4 ja koordinaateilla, ja voit vaihtaa koordinaatistoja. My\u00f6s omien kohteiden merkint\u00e4 onnistuu. Mittakaavan opetteluun: Retkikartta.fi -palvelu Mets\u00e4hallituksen maksuton Retkikartta tarjoaa helpon tavan tarkastella karttojen mittakaavaa. &hellip; <\/p>\n<p class=\"link-more\"><a href=\"https:\/\/blog.edu.turku.fi\/karttanyt\/oppiaineet\/maantieto\/\" class=\"more-link\">Jatka lukemista<span class=\"screen-reader-text\"> &#8221;Maantieto ja biologia&#8221;<\/span><\/a><\/p>\n","protected":false},"author":1206,"featured_media":0,"parent":467,"menu_order":0,"comment_status":"closed","ping_status":"closed","template":"","meta":{"footnotes":""},"class_list":["post-881","page","type-page","status-publish","hentry","entry"],"_links":{"self":[{"href":"https:\/\/blog.edu.turku.fi\/karttanyt\/wp-json\/wp\/v2\/pages\/881","targetHints":{"allow":["GET"]}}],"collection":[{"href":"https:\/\/blog.edu.turku.fi\/karttanyt\/wp-json\/wp\/v2\/pages"}],"about":[{"href":"https:\/\/blog.edu.turku.fi\/karttanyt\/wp-json\/wp\/v2\/types\/page"}],"author":[{"embeddable":true,"href":"https:\/\/blog.edu.turku.fi\/karttanyt\/wp-json\/wp\/v2\/users\/1206"}],"replies":[{"embeddable":true,"href":"https:\/\/blog.edu.turku.fi\/karttanyt\/wp-json\/wp\/v2\/comments?post=881"}],"version-history":[{"count":10,"href":"https:\/\/blog.edu.turku.fi\/karttanyt\/wp-json\/wp\/v2\/pages\/881\/revisions"}],"predecessor-version":[{"id":1148,"href":"https:\/\/blog.edu.turku.fi\/karttanyt\/wp-json\/wp\/v2\/pages\/881\/revisions\/1148"}],"up":[{"embeddable":true,"href":"https:\/\/blog.edu.turku.fi\/karttanyt\/wp-json\/wp\/v2\/pages\/467"}],"wp:attachment":[{"href":"https:\/\/blog.edu.turku.fi\/karttanyt\/wp-json\/wp\/v2\/media?parent=881"}],"curies":[{"name":"wp","href":"https:\/\/api.w.org\/{rel}","templated":true}]}}