{"id":87,"date":"2018-09-21T14:42:24","date_gmt":"2018-09-21T11:42:24","guid":{"rendered":"https:\/\/blog.edu.turku.fi\/karttanyt\/?page_id=87"},"modified":"2022-04-20T10:18:23","modified_gmt":"2022-04-20T07:18:23","slug":"etusivu","status":"publish","type":"page","link":"https:\/\/blog.edu.turku.fi\/karttanyt\/","title":{"rendered":"Etusivu"},"content":{"rendered":"<p><span data-contrast=\"auto\">Kartta.nyt 2.0 -sivusto on lasten ja nuorten kriittisen geomedialukutaidon tutkimustiimin tiedotuskanavana.<\/span><span data-ccp-props=\"{&quot;201341983&quot;:0,&quot;335559739&quot;:160,&quot;335559740&quot;:259}\"> Tiimi toimii Helsingin yliopiston maantieteen yksik\u00f6ss\u00e4. Lue lis\u00e4\u00e4 <a href=\"https:\/\/blog.edu.turku.fi\/karttanyt\/kartta-nyt\/\">ryhm\u00e4n toiminnasta.<\/a><\/span><\/p>\n<p><span data-ccp-props=\"{&quot;201341983&quot;:0,&quot;335559739&quot;:160,&quot;335559740&quot;:259}\">Sivustolla jaetaan tietoa uudesta tutkimuksesta ja t\u00e4ydennyskoulutus<\/span><span data-contrast=\"auto\">materiaaleista kriittisen geomedialukutaidon opetuksen tueksi.<\/span><\/p>\n","protected":false},"excerpt":{"rendered":"<p>Kartta.nyt 2.0 -sivusto on lasten ja nuorten kriittisen geomedialukutaidon tutkimustiimin tiedotuskanavana. Tiimi toimii Helsingin yliopiston maantieteen yksik\u00f6ss\u00e4. Lue lis\u00e4\u00e4 ryhm\u00e4n toiminnasta. Sivustolla jaetaan tietoa uudesta tutkimuksesta ja t\u00e4ydennyskoulutusmateriaaleista kriittisen geomedialukutaidon opetuksen tueksi.<\/p>\n","protected":false},"author":1206,"featured_media":1480,"parent":0,"menu_order":0,"comment_status":"closed","ping_status":"closed","template":"","meta":{"footnotes":""},"class_list":["post-87","page","type-page","status-publish","has-post-thumbnail","hentry","entry"],"_links":{"self":[{"href":"https:\/\/blog.edu.turku.fi\/karttanyt\/wp-json\/wp\/v2\/pages\/87","targetHints":{"allow":["GET"]}}],"collection":[{"href":"https:\/\/blog.edu.turku.fi\/karttanyt\/wp-json\/wp\/v2\/pages"}],"about":[{"href":"https:\/\/blog.edu.turku.fi\/karttanyt\/wp-json\/wp\/v2\/types\/page"}],"author":[{"embeddable":true,"href":"https:\/\/blog.edu.turku.fi\/karttanyt\/wp-json\/wp\/v2\/users\/1206"}],"replies":[{"embeddable":true,"href":"https:\/\/blog.edu.turku.fi\/karttanyt\/wp-json\/wp\/v2\/comments?post=87"}],"version-history":[{"count":50,"href":"https:\/\/blog.edu.turku.fi\/karttanyt\/wp-json\/wp\/v2\/pages\/87\/revisions"}],"predecessor-version":[{"id":1799,"href":"https:\/\/blog.edu.turku.fi\/karttanyt\/wp-json\/wp\/v2\/pages\/87\/revisions\/1799"}],"wp:featuredmedia":[{"embeddable":true,"href":"https:\/\/blog.edu.turku.fi\/karttanyt\/wp-json\/wp\/v2\/media\/1480"}],"wp:attachment":[{"href":"https:\/\/blog.edu.turku.fi\/karttanyt\/wp-json\/wp\/v2\/media?parent=87"}],"curies":[{"name":"wp","href":"https:\/\/api.w.org\/{rel}","templated":true}]}}