{"id":726,"date":"2019-07-01T12:52:13","date_gmt":"2019-07-01T09:52:13","guid":{"rendered":"https:\/\/blog.edu.turku.fi\/karttanyt\/?page_id=726"},"modified":"2021-11-20T11:58:17","modified_gmt":"2021-11-20T09:58:17","slug":"artikkelit","status":"publish","type":"page","link":"https:\/\/blog.edu.turku.fi\/karttanyt\/artikkelit\/","title":{"rendered":"Artikkelit"},"content":{"rendered":"<h4>Paikkatieto<\/h4>\n<p>Mit\u00e4 paikkatieto tarkoittaa?<a href=\"https:\/\/blog.edu.turku.fi\/karttanyt\/kartat\/paikkatieto\/\"> Lue lis\u00e4\u00e4.<\/a><\/p>\n<p><em>Krista Koskelo, Turun yliopisto<br \/>\n<\/em><\/p>\n<p>&nbsp;<\/p>\n<h4>Karttapalvelut<\/h4>\n<p>Millaisia karttapalveluita on olemassa? <a href=\"https:\/\/blog.edu.turku.fi\/karttanyt\/karttapalvelu\/\">Lue lis\u00e4\u00e4.<\/a><\/p>\n<p><em>Ari \u00d6ysti, Maanmittauslaitos<\/em><\/p>\n<p>&nbsp;<\/p>\n<h4>Paikkatiedon ja kartan k\u00e4sitteet 3.-6.-luokkalaisille<\/h4>\n<p>Miten selitet\u00e4\u00e4n kartta ja paikkatieto alakoululaiselle? Lue <a href=\"https:\/\/blog.edu.turku.fi\/karttanyt\/kartta_alakoululaiset\/\">t\u00e4\u00e4lt\u00e4.<\/a><\/p>\n<p><em>Tua Nyl\u00e9n, Helsingin yliopisto<\/em><\/p>\n<p>&nbsp;<\/p>\n<h4>Avoin paikkatieto ja sen hy\u00f6dynt\u00e4minen<\/h4>\n<p>Mit\u00e4 tarkoittaa avoin paikkatieto ja miten sit\u00e4 voidaan hy\u00f6dynt\u00e4\u00e4? <a href=\"https:\/\/blog.edu.turku.fi\/karttanyt\/kartat\/avoin-paikkatieto-ja-sen-hyodyntaminen\/\">Lue lis\u00e4\u00e4.<\/a><\/p>\n<p><em>Marjanna Kaate<\/em><\/p>\n<p>&nbsp;<\/p>\n<h4>Kartta-aineistojen lisenssi- ja k\u00e4ytt\u00f6ehdot<\/h4>\n<p>Kun k\u00e4yt\u00e4t digitaalisia paikkatietoaineistoja eri karttapalveluista on t\u00e4rke\u00e4\u00e4 tiet\u00e4\u00e4 k\u00e4ytett\u00e4v\u00e4n aineiston lisenssi- ja k\u00e4ytt\u00f6ehdot. <a href=\"https:\/\/blog.edu.turku.fi\/karttanyt\/kartat\/paikkatieto\/karttojen-lisenssi-ja-kayttoehdot\/\">Lue mit\u00e4 ne ovat.<\/a><\/p>\n<p><em>Ari \u00d6ysti, Maanmittauslaitos<\/em><\/p>\n<p>&nbsp;<\/p>\n<h4><strong>Kartta-aineistojen k\u00e4ytt\u00f6tavat<\/strong><\/h4>\n<p>Teknisesti karttoja voi k\u00e4ytt\u00e4\u00e4 kolmella tavalla: aineistontuottajan palvelimella, rajapintapalveluiden kautta tai lataamalla omalle laitteelle. <a href=\"https:\/\/blog.edu.turku.fi\/karttanyt\/artikkelit\/karttojen-kayttotavat\/\">Lue lis\u00e4\u00e4.<\/a><\/p>\n<p><em>Ari \u00d6ysti, Maanmittauslaitos<\/em><\/p>\n<p>&nbsp;<\/p>\n<h4>Ilma- ja satelliittikuvat<\/h4>\n<p>Olet varmasti n\u00e4hnyt ilma- ja satelliittikuvia karttapalveluissa. Ne on toteutettu kaukokartoittamalla ymp\u00e4rist\u00f6\u00e4. Lue mit\u00e4 <a href=\"https:\/\/blog.edu.turku.fi\/karttanyt\/kartat\/paikkatieto\/kaukokartoitus\/\">kaukokartoitus<\/a> tarkoittaa.<\/p>\n<p><em>Suvi Hatunen, Suomen ymp\u00e4rist\u00f6keskus<\/em><\/p>\n<p>&nbsp;<\/p>\n<h4>Metatieto<\/h4>\n<p>Metatieto tarkoittaa arkikielell\u00e4 aineistojen kuvauksista tai lis\u00e4tiedoista. <a href=\"https:\/\/blog.edu.turku.fi\/karttanyt\/kartat\/paikkatieto\/metatieto\/\">Lue metatiedosta.<\/a><\/p>\n<p><em>Kaisu Harju, Suomen ymp\u00e4rist\u00f6keskus<\/em><\/p>\n<p>&nbsp;<\/p>\n<h4><strong>3D-paikkatietoaineistot<\/strong><\/h4>\n<p>Ymp\u00e4rist\u00f6\u00e4 mallinnetaan yh\u00e4 enemm\u00e4n 3D:n\u00e4. <a href=\"https:\/\/blog.edu.turku.fi\/karttanyt\/artikkelit\/3d-paikkatietoaineistot\/\">Lue mit\u00e4 t\u00e4m\u00e4 tarkoittaa,<\/a> ja mit\u00e4 hy\u00f6ty\u00e4 mallinnoksesta on.<\/p>\n<p><em>Hanna Visuri, Maanmittauslaitos<\/em><\/p>\n<p>&nbsp;<\/p>\n<p>&nbsp;<\/p>\n<p>&nbsp;<\/p>\n","protected":false},"excerpt":{"rendered":"<p>Paikkatieto Mit\u00e4 paikkatieto tarkoittaa? Lue lis\u00e4\u00e4. Krista Koskelo, Turun yliopisto &nbsp; Karttapalvelut Millaisia karttapalveluita on olemassa? Lue lis\u00e4\u00e4. Ari \u00d6ysti, Maanmittauslaitos &nbsp; Paikkatiedon ja kartan k\u00e4sitteet 3.-6.-luokkalaisille Miten selitet\u00e4\u00e4n kartta ja paikkatieto alakoululaiselle? Lue t\u00e4\u00e4lt\u00e4. Tua Nyl\u00e9n, Helsingin yliopisto &nbsp; Avoin paikkatieto ja sen hy\u00f6dynt\u00e4minen Mit\u00e4 tarkoittaa avoin paikkatieto ja miten sit\u00e4 voidaan hy\u00f6dynt\u00e4\u00e4? Lue &hellip; <\/p>\n<p class=\"link-more\"><a href=\"https:\/\/blog.edu.turku.fi\/karttanyt\/artikkelit\/\" class=\"more-link\">Jatka lukemista<span class=\"screen-reader-text\"> &#8221;Artikkelit&#8221;<\/span><\/a><\/p>\n","protected":false},"author":1206,"featured_media":0,"parent":0,"menu_order":6,"comment_status":"closed","ping_status":"closed","template":"","meta":{"footnotes":""},"class_list":["post-726","page","type-page","status-publish","hentry","entry"],"_links":{"self":[{"href":"https:\/\/blog.edu.turku.fi\/karttanyt\/wp-json\/wp\/v2\/pages\/726","targetHints":{"allow":["GET"]}}],"collection":[{"href":"https:\/\/blog.edu.turku.fi\/karttanyt\/wp-json\/wp\/v2\/pages"}],"about":[{"href":"https:\/\/blog.edu.turku.fi\/karttanyt\/wp-json\/wp\/v2\/types\/page"}],"author":[{"embeddable":true,"href":"https:\/\/blog.edu.turku.fi\/karttanyt\/wp-json\/wp\/v2\/users\/1206"}],"replies":[{"embeddable":true,"href":"https:\/\/blog.edu.turku.fi\/karttanyt\/wp-json\/wp\/v2\/comments?post=726"}],"version-history":[{"count":29,"href":"https:\/\/blog.edu.turku.fi\/karttanyt\/wp-json\/wp\/v2\/pages\/726\/revisions"}],"predecessor-version":[{"id":1733,"href":"https:\/\/blog.edu.turku.fi\/karttanyt\/wp-json\/wp\/v2\/pages\/726\/revisions\/1733"}],"wp:attachment":[{"href":"https:\/\/blog.edu.turku.fi\/karttanyt\/wp-json\/wp\/v2\/media?parent=726"}],"curies":[{"name":"wp","href":"https:\/\/api.w.org\/{rel}","templated":true}]}}