{"id":717,"date":"2019-06-26T15:38:26","date_gmt":"2019-06-26T12:38:26","guid":{"rendered":"https:\/\/blog.edu.turku.fi\/karttanyt\/?page_id=717"},"modified":"2019-07-01T13:09:33","modified_gmt":"2019-07-01T10:09:33","slug":"kaukokartoitus","status":"publish","type":"page","link":"https:\/\/blog.edu.turku.fi\/karttanyt\/kartat\/paikkatieto\/kaukokartoitus\/","title":{"rendered":"Kaukokartoitus"},"content":{"rendered":"<h3>Mit\u00e4 kaukokartoitus on?<\/h3>\n<p>Eri karttapalveluissa olet varmasti n\u00e4hnyt ilma- ja satelliittikuvia eri alueilta. Kaukokartoituksessa tietoa ker\u00e4t\u00e4\u00e4n p\u00e4\u00e4asiassa satelliiteissa, lentokoneissa ja nykyisin my\u00f6s droneissa olevista mittalaitteista eli instrumenteista. Tiedonkeruun tuloksena syntyv\u00e4t ilma- ja satelliittikuvat.<\/p>\n<p><em>Kaukokartoitus,<\/em> englanniksi <em>remote sensing<\/em> <em>(rs)<\/em> tai<em> earth observation (eo)<\/em>, eli <em>kaukohavainnointi<\/em> tarkoittaa kohteen ominaisuuksien mittaamista s\u00e4hk\u00f6magneettisten aaltojen avulla ilman fyysist\u00e4 kosketusta kohteeseen.<\/p>\n<p>&nbsp;<\/p>\n<figure id=\"attachment_723\" aria-describedby=\"caption-attachment-723\" style=\"width: 800px\" class=\"wp-caption alignnone\"><img loading=\"lazy\" decoding=\"async\" class=\"wp-image-723\" src=\"https:\/\/blog.edu.turku.fi\/karttanyt\/files\/2019\/06\/gmaps-satelliittikuva-1024x616.jpg\" alt=\"\" width=\"800\" height=\"481\" srcset=\"https:\/\/blog.edu.turku.fi\/karttanyt\/files\/2019\/06\/gmaps-satelliittikuva-1024x616.jpg 1024w, https:\/\/blog.edu.turku.fi\/karttanyt\/files\/2019\/06\/gmaps-satelliittikuva-300x181.jpg 300w, https:\/\/blog.edu.turku.fi\/karttanyt\/files\/2019\/06\/gmaps-satelliittikuva.jpg 1218w\" sizes=\"auto, (max-width: 800px) 100vw, 800px\" \/><figcaption id=\"caption-attachment-723\" class=\"wp-caption-text\">Satelliittikuva Google Maps -palvelussa Turun keskusta-alueesta.<\/figcaption><\/figure>\n<p>Katso<a href=\"https:\/\/youtu.be\/VjdRGuWuLfE\"> Youtube -video<\/a> Helsingin yliopistossa toteutetusta kaukokartoitustutkimuksesta, josa droneilla kuvatusta aineistosta tuotetaan malleja maan pinnanmuodoista ja kasvillisuudesta. N\u00e4it\u00e4 eritt\u00e4in tarkkoja maisemamalleja voidaan tarkastella esimerkiksi virtuaalisessa todellisuudessa.<\/p>\n<p>Erityyppisten maastokohteiden s\u00e4hk\u00f6iset, fysikaaliset, kemialliset ja geometriset ominaisuudet vaikuttavat siihen, miten ne heijastavat s\u00e4hk\u00f6magneettista s\u00e4teily\u00e4, esimerkiksi n\u00e4kyv\u00e4n valon aallonpituuksia ja infrapuna-aallonpituuksia. Kohteiden tunnettujen heijastusominaisuuksien avulla voidaan mitata my\u00f6s kohteiden muita ominaisuuksia.<\/p>\n<p>Satelliiteissa tai lentokoneissa olevat instrumentit havaitsevat maata yleens\u00e4 usealla eri aallonpituusalueella eli kanavalla. Kanavien lukum\u00e4\u00e4r\u00e4 ja niiden aallonpituusalueet vaihtelevat eri instrumenttien v\u00e4lill\u00e4. Eri kanavat n\u00e4ytt\u00e4v\u00e4t kuvattavan kohteen eri tavoin, jolloin tiettyj\u00e4 kanavia kannattaa hy\u00f6dynt\u00e4\u00e4 yhdenlaisten ja toisia kanavia toisenlaisten kohteiden ja ilmi\u00f6iden tutkimiseen.<\/p>\n<h3>Kaukokartoituksen toimintaperiaatteet<\/h3>\n<p>Kaukokartoituksessa k\u00e4ytet\u00e4\u00e4n hyv\u00e4ksi kohteen heijastamaa tai l\u00e4hett\u00e4m\u00e4\u00e4 s\u00e4hk\u00f6magneettista s\u00e4teily\u00e4. Yleisimmin mitataan jotain seuraavista:<\/p>\n<ul>\n<li>kohteesta heijastunutta auringon s\u00e4teily\u00e4<\/li>\n<li>mittalaitteen itse l\u00e4hett\u00e4m\u00e4\u00e4 ja kohteen heijastamaa s\u00e4teily\u00e4<\/li>\n<li>kohteen l\u00e4mp\u00f6s\u00e4teily\u00e4<\/li>\n<\/ul>\n<p>Maastokohteita mittaavan instrumentin ja mitattavan kohteen v\u00e4lill\u00e4 s\u00e4teily kulkee ilmakeh\u00e4n l\u00e4pi, mik\u00e4 muuttaa s\u00e4teilyn ominaisuuksia kuten suuntaa, voimakkuutta tai spektrist\u00e4 jakaumaa.<\/p>\n<p>Ilmakeh\u00e4n vaikutusta s\u00e4teilyyn pyrit\u00e4\u00e4n mallintamaan ja siit\u00e4 aiheutuvia virheit\u00e4 korjaamaan. Pilvet ovat optisten instrumenttien suurin murhe, koska ne est\u00e4v\u00e4t n\u00e4kyvyyden maanpinnalle. Ne pit\u00e4\u00e4 tunnistaa ja poistaa kuvista. Toiset aktiiviset kaukokartoitusinstrumentit, kuten tutkat, n\u00e4kev\u00e4t pilvien l\u00e4pi.<\/p>\n<p>Instrumentit jaetaan<em> aktiivisiin<\/em> ja <em>passiivisiin<\/em> sen mukaisesti l\u00e4hett\u00e4\u00e4k\u00f6 instrumentti itse s\u00e4hk\u00f6magneettista s\u00e4teily\u00e4 vai ei. Aktiiviset instrumentit l\u00e4hett\u00e4v\u00e4t s\u00e4teily\u00e4 itse ja mittaavat takaisin heijastuneen ja sironneen s\u00e4teilyn m\u00e4\u00e4r\u00e4\u00e4. T\u00e4llaisia ovat mm. mikroaalto- ja lasertutkat.<\/p>\n<p>Passiiviset instrumentit mittaavat kohteesta heijastunutta tai sen l\u00e4hett\u00e4m\u00e4\u00e4 s\u00e4teily\u00e4, kuten n\u00e4kyv\u00e4n valon, infrapunan ja termisen (l\u00e4mp\u00f6-) alueen s\u00e4teily\u00e4. T\u00e4llaisia ovat erilaiset kamerat, keilaimet, radiometrit ja spektrometrit.<\/p>\n<p>&nbsp;<\/p>\n<p><img loading=\"lazy\" decoding=\"async\" class=\"alignnone size-full wp-image-721\" src=\"https:\/\/blog.edu.turku.fi\/karttanyt\/files\/2019\/06\/kk-1.jpg\" alt=\"\" width=\"423\" height=\"196\" srcset=\"https:\/\/blog.edu.turku.fi\/karttanyt\/files\/2019\/06\/kk-1.jpg 423w, https:\/\/blog.edu.turku.fi\/karttanyt\/files\/2019\/06\/kk-1-300x139.jpg 300w\" sizes=\"auto, (max-width: 423px) 100vw, 423px\" \/><\/p>\n<p><em>Passiivisen kaukokartoitusinstrumentin toimintaperiaate: 1) s\u00e4teilyn l\u00e4hde (aurinko) 2) maanpinnalta heijastunut s\u00e4teily 3) instrumentti joka vastaanottaa s\u00e4teilyn 4) datan vastaanotto ja prosessointi maassa<\/em><\/p>\n<p><img loading=\"lazy\" decoding=\"async\" class=\"alignnone size-full wp-image-722\" src=\"https:\/\/blog.edu.turku.fi\/karttanyt\/files\/2019\/06\/kk-2.jpg\" alt=\"\" width=\"425\" height=\"195\" srcset=\"https:\/\/blog.edu.turku.fi\/karttanyt\/files\/2019\/06\/kk-2.jpg 425w, https:\/\/blog.edu.turku.fi\/karttanyt\/files\/2019\/06\/kk-2-300x138.jpg 300w\" sizes=\"auto, (max-width: 425px) 100vw, 425px\" \/><\/p>\n<p><em>Aktiivisen kaukokartoitusinstrumentin toimintaperiaate: 1) s\u00e4teilyn l\u00e4hde (instrumentti) 2) maanpinnalta heijastunut s\u00e4teily 3) instrumentti my\u00f6s vastaanottaa s\u00e4teilyn 4) datan vastaanotto ja prosessointi maassa<\/em><\/p>\n<p><em>Kuva pohjautuu k\u00e4ytt\u00e4j\u00e4n Arkarjun1 kuvaan (Wikimedia Commons), lisenssill\u00e4 CC-BY-SA-3.0 <\/em><\/p>\n<h3><\/h3>\n<h3>Satelliittikuvien erotuskyky eli resoluutio<\/h3>\n<p>Satelliittikuvien resoluutiolla tarkoitetaan useimmiten maastoerotuskyky\u00e4 (spatiaalinen erotuskyky) eli pienimm\u00e4n erottuvan kohteen kokoa. Erotuskyvyll\u00e4 voidaan tarkoittaa my\u00f6s spektraalista, radiometrist\u00e4 tai temporaalista erotuskyky\u00e4. Spektraalisella erotuskyvyll\u00e4 tarkoitetaan instrumentin kyky\u00e4 havaita eri aallonpituusalueita, eli k\u00e4yt\u00e4nn\u00f6ss\u00e4 aallonpituusalueiden (kanavien) m\u00e4\u00e4r\u00e4 ja leveys. Radiometrinen resoluutio taas tarkoittaa instrumentin kyky\u00e4 tallettaa maastokohteesta tullut s\u00e4teily eli kuinka hyvin s\u00e4teilyn intensiteetin erot erottuvat. Temporaalinen erotuskyky kertoo sen, kuinka usein satelliitti kuvaa samaa aluetta maanpinnalla.<\/p>\n<p><em>Suvi Hatunen, Suomen ymp\u00e4rist\u00f6keskus<\/em><\/p>\n<p><em>T\u00e4m\u00e4 teksti perustuu Jenni Attilan (SYKE) ja Markus T\u00f6rm\u00e4n (SYKE) opetusmateriaaleihin<\/em><\/p>\n<h3><\/h3>\n<h3>Linkkej\u00e4 kaukokartoitustuotteisiin<\/h3>\n<p>Sentinel-satelliittikuvien lataus- ja katselupalvelu:<\/p>\n<p><a href=\"https:\/\/apps.sentinel-hub.com\/eo-browser\">https:\/\/apps.sentinel-hub.com\/eo-browser<\/a><\/p>\n<p>Sentinel2 satelliittikuvapeittojen katselupalvelu (2016 &amp; 2018):<\/p>\n<p><a href=\"https:\/\/s2maps.eu\/\">https:\/\/s2maps.eu\/<\/a><\/p>\n<p>SYKEn Tarkka-karttapalvelu satelliittikuvien ja SYKEn kaukokartoitustuotteiden katseluun:<\/p>\n<p><a href=\"http:\/\/www.syke.fi\/tarkka\">http:\/\/www.syke.fi\/tarkka<\/a><\/p>\n<p>&nbsp;<\/p>\n<p>&nbsp;<\/p>\n<p>&nbsp;<\/p>\n<p>&nbsp;<\/p>\n<p>&nbsp;<\/p>\n","protected":false},"excerpt":{"rendered":"<p>Mit\u00e4 kaukokartoitus on? Eri karttapalveluissa olet varmasti n\u00e4hnyt ilma- ja satelliittikuvia eri alueilta. Kaukokartoituksessa tietoa ker\u00e4t\u00e4\u00e4n p\u00e4\u00e4asiassa satelliiteissa, lentokoneissa ja nykyisin my\u00f6s droneissa olevista mittalaitteista eli instrumenteista. Tiedonkeruun tuloksena syntyv\u00e4t ilma- ja satelliittikuvat. Kaukokartoitus, englanniksi remote sensing (rs) tai earth observation (eo), eli kaukohavainnointi tarkoittaa kohteen ominaisuuksien mittaamista s\u00e4hk\u00f6magneettisten aaltojen avulla ilman fyysist\u00e4 kosketusta kohteeseen. &hellip; <\/p>\n<p class=\"link-more\"><a href=\"https:\/\/blog.edu.turku.fi\/karttanyt\/kartat\/paikkatieto\/kaukokartoitus\/\" class=\"more-link\">Jatka lukemista<span class=\"screen-reader-text\"> &#8221;Kaukokartoitus&#8221;<\/span><\/a><\/p>\n","protected":false},"author":1206,"featured_media":0,"parent":55,"menu_order":0,"comment_status":"closed","ping_status":"closed","template":"","meta":{"footnotes":""},"class_list":["post-717","page","type-page","status-publish","hentry","entry"],"_links":{"self":[{"href":"https:\/\/blog.edu.turku.fi\/karttanyt\/wp-json\/wp\/v2\/pages\/717","targetHints":{"allow":["GET"]}}],"collection":[{"href":"https:\/\/blog.edu.turku.fi\/karttanyt\/wp-json\/wp\/v2\/pages"}],"about":[{"href":"https:\/\/blog.edu.turku.fi\/karttanyt\/wp-json\/wp\/v2\/types\/page"}],"author":[{"embeddable":true,"href":"https:\/\/blog.edu.turku.fi\/karttanyt\/wp-json\/wp\/v2\/users\/1206"}],"replies":[{"embeddable":true,"href":"https:\/\/blog.edu.turku.fi\/karttanyt\/wp-json\/wp\/v2\/comments?post=717"}],"version-history":[{"count":4,"href":"https:\/\/blog.edu.turku.fi\/karttanyt\/wp-json\/wp\/v2\/pages\/717\/revisions"}],"predecessor-version":[{"id":730,"href":"https:\/\/blog.edu.turku.fi\/karttanyt\/wp-json\/wp\/v2\/pages\/717\/revisions\/730"}],"up":[{"embeddable":true,"href":"https:\/\/blog.edu.turku.fi\/karttanyt\/wp-json\/wp\/v2\/pages\/55"}],"wp:attachment":[{"href":"https:\/\/blog.edu.turku.fi\/karttanyt\/wp-json\/wp\/v2\/media?parent=717"}],"curies":[{"name":"wp","href":"https:\/\/api.w.org\/{rel}","templated":true}]}}