{"id":649,"date":"2019-06-13T15:39:46","date_gmt":"2019-06-13T12:39:46","guid":{"rendered":"https:\/\/blog.edu.turku.fi\/karttanyt\/?page_id=649"},"modified":"2020-10-30T17:42:34","modified_gmt":"2020-10-30T15:42:34","slug":"karttapalvelu","status":"publish","type":"page","link":"https:\/\/blog.edu.turku.fi\/karttanyt\/artikkelit\/karttapalvelu\/","title":{"rendered":"Karttapalvelu"},"content":{"rendered":"<h1>Mik\u00e4 on karttapalvelu?<\/h1>\n<p>Karttapalvelu on paikkoihin liittyv\u00e4\u00e4 tietoa v\u00e4litt\u00e4v\u00e4 palvelu verkossa. Karttapalveluiden tiedoista voidaan tehd\u00e4 erilaisia karttoja.<\/p>\n<p class=\" wp-image-504\" title=\"Verkkopohjaisia paikkatieto- ja karttapalveluita.\">Kartta on aina yleistys sit\u00e4 kuvaavasta ymp\u00e4rist\u00f6st\u00e4. Erityisesti paperikartasta on karsittu ymp\u00e4rist\u00f6\u00f6n liittyv\u00e4\u00e4 yksityiskohtaista tietoa, jotta se on riitt\u00e4v\u00e4n selke\u00e4 lukea. S\u00e4hk\u00f6isten karttapalveluiden etu verrattuna paperikarttoihin on se, ett\u00e4 niiden sis\u00e4lt\u00e4m\u00e4st\u00e4 suuresta tietom\u00e4\u00e4r\u00e4st\u00e4 voidaan valikoida tarvittava osa esitett\u00e4v\u00e4ksi.<\/p>\n<p class=\" wp-image-504\" title=\"Verkkopohjaisia paikkatieto- ja karttapalveluita.\">Karttapalveluihin on kehitetty monia erilaisia ty\u00f6kaluja, joiden avulla voidaan mm.<\/p>\n<div class=\"ng-scope\">\n<div class=\"textbox-wrapper wrapper\">\n<ul>\n<li class=\"textbox ng-binding\">mitata kohteiden v\u00e4lisi\u00e4 et\u00e4isyyksi\u00e4<\/li>\n<li>hakea ominaisuuksiltaan tietynlaisia kohteita<\/li>\n<li>selvitt\u00e4\u00e4 reittej\u00e4<\/li>\n<li>tarkastella kohteen ominaisuuksia<\/li>\n<li>hakea tietyll\u00e4 et\u00e4isyydell\u00e4 olevat kohteita<\/li>\n<li>tarkastella ilmi\u00f6n levinneisyytt\u00e4<\/li>\n<li>tarkastella ilmi\u00f6iden\/prosessien v\u00e4lisi\u00e4 syy-seuraussuhteita<\/li>\n<\/ul>\n<\/div>\n<\/div>\n<p>Karttapalvelut eroavat paljon k\u00e4ytt\u00f6ominaisuuksiensa mukaan. Erilaisilla k\u00e4ytt\u00e4j\u00e4ryhmill\u00e4 painottuvat erilaiset k\u00e4ytt\u00f6tarpeet. Palvelut voivat toimia esimerkiksi<\/p>\n<ul>\n<li>onlinella tai offlinella eli verkkoyhteyden kanssa vai ilman sit\u00e4<\/li>\n<li>mobiilisti tai desktopissa, eli liikkuessasi eri paikoissa tai ty\u00f6p\u00f6yd\u00e4n \u00e4\u00e4ress\u00e4 p\u00f6yt\u00e4koneella tai kannettavalla tietokoneella<\/li>\n<li>yhteistoiminnallisena tai yksil\u00f6kartoituksena<\/li>\n<\/ul>\n<p>Lis\u00e4ksi karttapalvelut eroavat:<\/p>\n<ul>\n<li>kartta-aineistojen m\u00e4\u00e4r\u00e4ss\u00e4 ja laadussa<\/li>\n<li>sen suhteen, millaista aineistoa omiin karttoihin voi liitt\u00e4\u00e4. Voiko niihin yhdist\u00e4\u00e4 esimerkiksi kuvia, videoita, \u00e4\u00e4nt\u00e4 ja miss\u00e4 formaateissa.<\/li>\n<li>sen suhteen, mitk\u00e4 ovat esitysten jakamismahdollisuudet. Voiko itse tehtyj\u00e4 karttaesityksi\u00e4 jakaa, ja jos voi niin miten ja kenelle.<\/li>\n<\/ul>\n<p>&nbsp;<\/p>\n<h1>Eri k\u00e4ytt\u00e4j\u00e4ryhmille suunnatut karttapalvelut<\/h1>\n<p>Miksi tarvitaan niin paljon erilaisia karttapalveluita? Onhan olemassa helppok\u00e4ytt\u00f6inen Google Maps. Miksei se riit\u00e4?<\/p>\n<p>Google on kansainv\u00e4linen yritys, jonka tavoitteet ovat kaupalliset. Sen toimintaa m\u00e4\u00e4ritt\u00e4\u00e4 yrityksen kotimaan Yhdysvaltojen lains\u00e4\u00e4d\u00e4nt\u00f6. Google Maps ei tuota suomalaisia kartta-aineistoja riitt\u00e4v\u00e4ll\u00e4 tarkkuudella. Esimerkiksi suomalaisissa kunnissa sijaitsevien tontttien rajatietoja ei l\u00f6ydy Google Mapsista. Se on yleiskarttapalvelu, mutta on paljon toiminnallisuuksia, joita sill\u00e4 ei voi toteuttaa. Ajatellaan esimerkiksi yksinkertaisten paikkatietoanalyysien tekemist\u00e4, joka ei onnistu Google Mapsilla, mutta kyll\u00e4kin esimerkiksi suomalaisella Paikkatietoikkunalla. Google Mapsiin laaditun kartan omistusoikeus on yhti\u00f6ll\u00e4, eik\u00e4 yksitt\u00e4inen k\u00e4ytt\u00e4j\u00e4 v\u00e4ltt\u00e4m\u00e4tt\u00e4 tied\u00e4, mihin h\u00e4nen karttapalveluun tallentamansa tiedot lopulta p\u00e4\u00e4tyv\u00e4t.<\/p>\n<p>Karttapalveluita tehd\u00e4\u00e4n monille eri k\u00e4ytt\u00e4j\u00e4ryhmille. Lis\u00e4ksi eri karttojen tuottajilla on omat tavoitteensa, joiden mukaan he palveluita tuottavat.<\/p>\n<p>Esimerkiksi Maanmittauslaitos Suomen valtion organisaationa palvelee suomalaisia tuottamalla tarkkaa ja ajanmukaista paikkatietoa Suomesta. Mill\u00e4\u00e4n muulla taholla ei ole t\u00e4llaista velvoitetta.<\/p>\n<p>Eri k\u00e4ytt\u00e4j\u00e4ryhmist\u00e4 esimerkkein\u00e4 ovat eri alojen ammattilaiset, harrastajaryhm\u00e4t, liikenteess\u00e4 liikkuvat ja opiskelijat, joista jokainen ryhm\u00e4 hy\u00f6tyy juuri heille kehitetyst\u00e4 karttapalvelusta.<\/p>\n<p>Esimerkkej\u00e4 eri k\u00e4ytt\u00e4j\u00e4ryhmille suunnatuista karttapalveluista.<\/p>\n<ul>\n<li>Ammattilaisille mm. kaavoittajille, maank\u00e4yt\u00f6nsuunnittelijoille ja luontoharrastajille suunnattu <em>Maankamara.fi<\/em> -palvelu. Sielt\u00e4 k\u00e4ytt\u00e4j\u00e4 l\u00f6yt\u00e4\u00e4 muun muassa maa- ja kallioper\u00e4karttoja sek\u00e4 korkeusmalleja. Ty\u00f6kaluina on piirtoty\u00f6kalut, kirjanmerkki ja mahdollisuus tulostaa kartta eri muodoissa.<\/li>\n<li>Kaikille avoimessa ja maksuttomassa <em>Karttapaikassa<\/em> voi katsoa Maanmittauslaitoksen maastokarttoja, ilmakuvia ja taustakarttoja. Karttapaikan ty\u00f6kaluilla voi hakea karttoja koko Suomesta mm. paikannimill\u00e4 ja koordinaateilla. Lis\u00e4t\u00e4 pistekohteita kartalle ja mitata et\u00e4isyyksi\u00e4 ja pinta-aloja. Tarkemmissa mittakaavoissa kartoille saa n\u00e4kyviin my\u00f6s kiinteist\u00f6jaotuksen.<\/li>\n<li>Veneilij\u00f6ille ja retkeilij\u00f6ille suunnattu <em>Mappe.fi <\/em>on osittain maksuton palvelu. Se tarjoaa viimeisimm\u00e4t versiot maasto- ja retkikartoista, tarkat ilmakuvat koko Suomen alueelta ja retkireittej\u00e4. Ty\u00f6kaluna on paikannus.<\/li>\n<\/ul>\n<h2><\/h2>\n<h1>Ketk\u00e4 karttoja tuottavat<\/h1>\n<h2>Organisaatioiden tuottamat kartat<\/h2>\n<p>Suomesta karttoja tuottavat useat kansalliset ja kansainv\u00e4liset tahot. Amerikkalaisl\u00e4ht\u00f6inen, monikansallinen Internetiin liittyviin palveluihin keskittynyt teknologiayritys Google tuottaa Google Maps-karttapalvelua. Sen kartat ovat paljon k\u00e4ytettyj\u00e4 helppok\u00e4ytt\u00f6isyytens\u00e4 ja maailmanlaajuisen kattavuutensa ansiosta.<\/p>\n<p>Bing Kartat on Microsoftin tuottama karttapalvelu, joka toimii osana Bing-hakukonetta. HERE on er\u00e4iden saksalaisten autonvalmistajien tuottama ilmainen karttapalvelu. Se tarjoaa katseltavaksi mm. maasto-, satelliitti- ja 3D-karttoja.<\/p>\n<p>Suomessa suurin karttojen ja paikkatietoaineistojen tuottaja on valtion omistama Maanmittauslaitos, joka <span class=\"st\">tuottaa kansalaisille ja organisaatioille maan k\u00e4ytt\u00f6\u00f6n ja hy\u00f6dynt\u00e4miseen tarvittavaa tietoa<\/span>. Maanmittauslaitoksen tuottamia kartta- ja paikkatietoaineistoja hy\u00f6dynt\u00e4v\u00e4t niin kansalaiset kuin julkiset ja yksityiset organisaatiot.<\/p>\n<p>Maanmittauslaitoksen tuottamat aineistot ovat my\u00f6s monien eri tahojen kartta- tai paikkatietopalveluiden pohjana. Esimerkiksi oppimisk\u00e4ytt\u00f6\u00f6n kehitetyn PaikkaOpin kartta-aineisto tulee Maanmittauslaitokselta ja SYKEN (Suomen ymp\u00e4rist\u00f6keskuksen) eri ymp\u00e4rist\u00f6teemoihin keskittyv\u00e4t kartat ja palvelut on tehty Maanmittauslaitoksen peruskartta-aineistojen p\u00e4\u00e4lle.<\/p>\n<figure id=\"attachment_1289\" aria-describedby=\"caption-attachment-1289\" style=\"width: 961px\" class=\"wp-caption aligncenter\"><img loading=\"lazy\" decoding=\"async\" class=\"wp-image-1289 size-large\" src=\"https:\/\/blog.edu.turku.fi\/karttanyt\/files\/2020\/10\/syken_paikkatietoportaali-961x577.jpg\" alt=\"\" width=\"961\" height=\"577\" srcset=\"https:\/\/blog.edu.turku.fi\/karttanyt\/files\/2020\/10\/syken_paikkatietoportaali.jpg 961w, https:\/\/blog.edu.turku.fi\/karttanyt\/files\/2020\/10\/syken_paikkatietoportaali-300x180.jpg 300w\" sizes=\"auto, (max-width: 961px) 100vw, 961px\" \/><figcaption id=\"caption-attachment-1289\" class=\"wp-caption-text\">Suomen ymp\u00e4rist\u00f6keskuksen paikkatietoportaaliin on koottu SYKEn tarjoamia paikkatietopalveluita ja -sovelluksia.<\/figcaption><\/figure>\n<p>Suuria suomalaisia paikkatietoaineistojen tuottajia ovat sellaiset kansalliset organisaatiot kuten Suomen ymp\u00e4rist\u00f6keskus SYKE, joka valtion asiantuntijaorganisaationa tuottaa yhteiskunnan kest\u00e4v\u00e4n kehityksen kannalta tarpeellista tietoa ymp\u00e4rist\u00f6st\u00e4.<\/p>\n<p>Pienempi\u00e4 karttojen tuottajia on paljon. Kunnat tuottavat omien kuntalaistensa, yritysten ja yhdistysten kannalta tarpeellista paikkatietoaineistoa. My\u00f6s yritykset tuottavat omia kartta-aineistojaan.<\/p>\n<h2><\/h2>\n<h2>Yksityishenkil\u00f6iden tuottamat kartat<\/h2>\n<p>Open Street Map on <span class=\" UFICommentActorAndBody\"><span class=\"UFICommentBody\">\u201dkarttojen Wikipedia\u201d. Se on tavallisten ihmisten luoma maailmankartta. Sit\u00e4 toteutetaan <span data-ft=\"{&quot;tn&quot;:&quot;K&quot;}\"><span class=\"UFICommentBody _1n4g\">joukkoistamalla, joten kuka tahansa voi osallistua sen tuottamiseen. <\/span><\/span>Palvelun k\u00e4ytt\u00e4minen on ilmaista avoimen lisenssin ansiosta. <\/span><\/span><\/p>\n<p>Nykyisin kuka tahansa pystyy tekem\u00e4\u00e4n joko kartan tai pienimuotoisen karttapalvelun. Kun merkitset Google My Mapsiin retkikohteita, olet tehnyt oman kartan. PaikkaOpissa ryhm\u00e4t voivat tehd\u00e4 yhteisi\u00e4 karttaesityksi\u00e4. Kaikille avoimessa Maanmittauslaitoksen tarjoamassa palvelussa Paikkatietoikkunassa voit tehd\u00e4 omalle verkkosivullesi upotetun &#8221;minikarttapalvelun&#8221;, johon voit valita ty\u00f6kaluja ja kartan esitystapaa. Kouluilla maksuttomassa ArcGIS Onlinessa on my\u00f6s mahdollisuus tehd\u00e4 erilaisia omia karttapalveluita.<\/p>\n<h2><\/h2>\n<h1>Kartta-aineistojen k\u00e4ytt\u00f6\u00f6nottotavat<\/h1>\n<p>S\u00e4hk\u00f6isen kartan k\u00e4ytt\u00e4j\u00e4lle ei aina v\u00e4ltt\u00e4m\u00e4tt\u00e4 ole selv\u00e4\u00e4, miss\u00e4 kartta-aineisto fyysisesti on, kun se n\u00e4kyy h\u00e4nen laitteessaan. T\u00e4m\u00e4n ymm\u00e4rt\u00e4minen on merkityksellist\u00e4 silloin kun verkkoyhteys katkeaa tai kun t\u00e4ytyy etsi\u00e4 uusia karttoja. K\u00e4ytt\u00f6\u00f6nottotavat eroavat toisistaan sen suhteen, miss\u00e4 kartta-aineistoa k\u00e4ytet\u00e4\u00e4n; aineistontuottajan palvelimella vai omalla koneella. K\u00e4ytt\u00f6\u00f6nottovaihtoehtoja on kolme:<\/p>\n<ul>\n<li>kartat aineistontuottajan palvelimella<\/li>\n<li>rajapintakarttapalvelu<\/li>\n<li>latauspalvelut<\/li>\n<\/ul>\n<p>&nbsp;<\/p>\n<h2>Kartat aineistontuottajan palvelimella<\/h2>\n<p>Aineistontuottajan palvelimella py\u00f6riv\u00e4 karttapalvelu on k\u00e4ytt\u00e4j\u00e4n kannalta helpoin k\u00e4ytt\u00e4\u00e4. Palvelu toimii joko nettiselaimella tai mobiilisovelluksella. K\u00e4ytt\u00e4j\u00e4 ei tarvitse t\u00e4t\u00e4 varten omaa paikkatieto-ohjelmaa (GIS-ohjelmaa). K\u00e4ytt\u00e4j\u00e4 saa paikkatietoaineistot <em>vain katseltavaksi<\/em> karttapalvelun kautta.<\/p>\n<p>T\u00e4llaisessa karttapalvelussa on yleens\u00e4 karttan\u00e4kym\u00e4ikkuna ja muutamia perustoimintoja, kuten esimerkiksi karttatasojen valinta, zoomaus ja et\u00e4\u00e4nnytt\u00e4minen ja kartalla siirtyminen.<\/p>\n<p>K\u00e4ytt\u00e4j\u00e4 voi tallentaa kartalle omia kohteita ja jakaa karttan\u00e4kymi\u00e4, mutta h\u00e4n ei yleens\u00e4 saa ladattua tuottamaansa karttaa ulos palvelusta, tai se tapahtuu hyvin rajatuin ehdoin.<\/p>\n<p><img loading=\"lazy\" decoding=\"async\" class=\"alignnone size-full wp-image-702\" src=\"https:\/\/blog.edu.turku.fi\/karttanyt\/files\/2019\/06\/ainaistgotuottajapalvelu_kuva.jpg\" alt=\"\" width=\"1379\" height=\"377\" srcset=\"https:\/\/blog.edu.turku.fi\/karttanyt\/files\/2019\/06\/ainaistgotuottajapalvelu_kuva.jpg 1379w, https:\/\/blog.edu.turku.fi\/karttanyt\/files\/2019\/06\/ainaistgotuottajapalvelu_kuva-300x82.jpg 300w, https:\/\/blog.edu.turku.fi\/karttanyt\/files\/2019\/06\/ainaistgotuottajapalvelu_kuva-1024x280.jpg 1024w\" sizes=\"auto, (max-width: 1379px) 100vw, 1379px\" \/><\/p>\n<p><strong>Esimerkkej\u00e4 karttapalveluista, joissa tieto aineistontuottajan palvelimella:<\/strong><\/p>\n<p>Kansallinen paikkatietoportaali Paikkatietoikkuna sis\u00e4lt\u00e4\u00e4 noin 60 suomalaisen paikkatietoaineistojen tuottajan noin 1600 karttatasoa eri paikkatietoaineistoista. Paikkatietoikkunaan k\u00e4ytt\u00e4j\u00e4 voi tuoda my\u00f6s omia paikkatietoaineistoja ja esitt\u00e4\u00e4 niit\u00e4 muiden karttatasojen kanssa. Paikkatietoikkunassa k\u00e4ytt\u00e4j\u00e4 voi luoda teemakarttoja esim. Paikkatietoikkunasta saatavista Tilastokeskuksen kunnittaisista tilastoista.<\/p>\n<p>Paikkatietoikkuna: https:\/\/kartta.paikkatietoikkuna.fi\/<\/p>\n<p>Maanmittauslaitoksen Karttapaikka: <a href=\"http:\/\/www.karttapaikka.fi\">www.karttapaikka.fi<\/a><\/p>\n<p>Google Maps: \u00a0<a href=\"http:\/\/www.google.fi\/maps\">www.google.fi\/maps<\/a><\/p>\n<p>OpenStreetMap: \u00a0<a href=\"https:\/\/www.openstreetmap.org\">https:\/\/www.openstreetmap.org<\/a><\/p>\n<p>&nbsp;<\/p>\n<h2>Rajapintakarttapalvelu<\/h2>\n<p>Monet paikkatietoaineistojen tuottajat, kuten kunnat ja organisaatiot tarjoavat kartta-aineistoja rajapintapalveluiden kautta. T\u00e4ll\u00f6in k\u00e4ytt\u00e4j\u00e4 voi hakea rajapinnan kautta kartat k\u00e4ytt\u00f6\u00f6ns\u00e4 itselleen tuttuun paikkatieto-ohjelmaan ty\u00f6stett\u00e4v\u00e4ksi tai vain katsottavaksi.<\/p>\n<p>K\u00e4ytt\u00e4j\u00e4 tarvitsee siis k\u00e4ytt\u00f6\u00f6ns\u00e4 paikkatieto-ohjelman, johon h\u00e4n hakee kartta-aineiston rajapinnan kautta joltain. Paikkatietoaineistojen k\u00e4ytt\u00f6 karttapalvelun rajapintayhteydell\u00e4 edellytt\u00e4\u00e4, ett\u00e4<\/p>\n<ol>\n<li>k\u00e4ytt\u00e4j\u00e4ll\u00e4 on koneelleen ladattuna jokin paikkatieto-ohjelma (GIS-ohjelma), esimerkiksi QGIS, tai verkossa toimiva ArcGis Online ja<\/li>\n<li>k\u00e4ytt\u00e4j\u00e4n paikkatieto-ohjelma sis\u00e4lt\u00e4\u00e4 toiminnon, jolla rajapintaan voi kytkeyty\u00e4<\/li>\n<\/ol>\n<p>Rajapinta\u00a0on ohjelmointiliit\u00e4nt\u00e4, joka sallii useiden sovellusten kommunikoida toistensa kanssa. Rajapinnasta tai ohjelmointirajapinnasta k\u00e4ytet\u00e4\u00e4n toisinaan lyhennett\u00e4 <em>API<\/em>. Se on lyhenne sanoista <em>Application Programming Interface.<\/em><\/p>\n<p>Rajapintoja on eri tyyppisi\u00e4. Paikkatietoaineiston tuottajan verkkosivuilta l\u00f6ytyy luettelo siit\u00e4 mit\u00e4 paikkatietoaineistoja on saatavilla rajapintayhteydell\u00e4 ja n\u00e4iden rajapintojen URL-osoitteet sek\u00e4 mink\u00e4 tyyppinen rajapinta on.<\/p>\n<p>&nbsp;<\/p>\n<p><img loading=\"lazy\" decoding=\"async\" class=\"alignnone size-full wp-image-700\" src=\"https:\/\/blog.edu.turku.fi\/karttanyt\/files\/2019\/06\/rajapintapalvelu_kuva.jpg\" alt=\"\" width=\"1364\" height=\"418\" srcset=\"https:\/\/blog.edu.turku.fi\/karttanyt\/files\/2019\/06\/rajapintapalvelu_kuva.jpg 1364w, https:\/\/blog.edu.turku.fi\/karttanyt\/files\/2019\/06\/rajapintapalvelu_kuva-300x92.jpg 300w, https:\/\/blog.edu.turku.fi\/karttanyt\/files\/2019\/06\/rajapintapalvelu_kuva-1024x314.jpg 1024w\" sizes=\"auto, (max-width: 1364px) 100vw, 1364px\" \/><\/p>\n<p>Eri paikkatietoaineistojen tuottajilla on vaihtelevaa k\u00e4yt\u00e4nt\u00f6\u00e4 rajapintojen k\u00e4ytt\u00f6ehdoissa. Joihinkin rajapintoihin kytkeytymiseen riitt\u00e4\u00e4 pelkk\u00e4 rajapinnan URL-osoite. Joidenkin rajapintojen k\u00e4ytt\u00f6 voi edellytt\u00e4\u00e4 ett\u00e4 k\u00e4ytt\u00e4j\u00e4 tekee sopimuksen rajapinnan tarjoajan kanssa.<\/p>\n<p>Rajapinnan k\u00e4ytt\u00f6sopimus voi olla ilmainen tai maksullinen mutta k\u00e4ytt\u00f6sopimuksellinen rajapinta edellytt\u00e4\u00e4 k\u00e4ytt\u00e4j\u00e4tunnusta ja salasanaa jolla k\u00e4ytt\u00e4j\u00e4 voi kytkeyty\u00e4 rajapintaan ja k\u00e4ytt\u00e4j\u00e4tunnuksen ja salasanan saa kun tekee sopimuksen rajapinnan tarjoajan kanssa.<\/p>\n<p>Rajapintojen kautta saatavien paikkatietoaineistojen k\u00e4ytt\u00f6\u00f6n liittyv\u00e4t ehdot on luettavissa rajapintojen tarjoajien verkkosivuilla.<\/p>\n<p><a href=\"https:\/\/blog.edu.turku.fi\/karttanyt\/artikkelit\/tietoa-rajapinnoista\/\">Lue lis\u00e4\u00e4 rajapinnoista.<\/a><\/p>\n<p>&nbsp;<\/p>\n<p><strong>Esimerkki rajapintapalvelusta:<\/strong><\/p>\n<p>Maanmittauslaitoksen <em>Paikkatietoalusta<\/em> on palvelukokonaisuus, joka edist\u00e4\u00e4 paikkatietojen tehok\u00e4ytt\u00f6\u00e4 tarjoamalla yhdest\u00e4 paikasta eri tahojen tuottamaa paikkatietoa rajapintojen kautta. Se my\u00f6s yhten\u00e4ist\u00e4\u00e4 eri muodoissa tuotettua paikkatietoa ja varmistaa sen laatua.<\/p>\n<p>&nbsp;<\/p>\n<h2>Latauspalvelu<\/h2>\n<p>Paikkatietoaineistojen tuottajat tarjoavat kartta-aineistoja k\u00e4ytt\u00e4jien ladattaviksi tiedostoina latauspalveluista. Lataaminen tarkoittaa sit\u00e4, ett\u00e4 paikkatietoaineistoja siirret\u00e4\u00e4n fyysisesti tiedostoina aineistontuottajan latauspalvelusta k\u00e4ytt\u00e4j\u00e4n omalle tietokoneelle, jossa sir\u00e4 k\u00e4ytet\u00e4\u00e4n jollain paikkatieto-ohjelmalla, esimerkiksi QGISill\u00e4.<\/p>\n<p><img loading=\"lazy\" decoding=\"async\" class=\"alignnone size-full wp-image-701\" src=\"https:\/\/blog.edu.turku.fi\/karttanyt\/files\/2019\/06\/latauspalvelu_kuva.jpg\" alt=\"\" width=\"1435\" height=\"385\" srcset=\"https:\/\/blog.edu.turku.fi\/karttanyt\/files\/2019\/06\/latauspalvelu_kuva.jpg 1435w, https:\/\/blog.edu.turku.fi\/karttanyt\/files\/2019\/06\/latauspalvelu_kuva-300x80.jpg 300w, https:\/\/blog.edu.turku.fi\/karttanyt\/files\/2019\/06\/latauspalvelu_kuva-1024x275.jpg 1024w\" sizes=\"auto, (max-width: 1435px) 100vw, 1435px\" \/><\/p>\n<p>Latauspalvelussa on luettelo saatavilla olevista paikkatietoaineistoista sek\u00e4 tieto siit\u00e4, miss\u00e4 tiedostoformaateissa aineisto on ladattavissa.<\/p>\n<p>K\u00e4ytt\u00e4j\u00e4 valitsee latauspalvelusta haluamansa paikkatietoaineiston. Tiedosto\/tiedostot latautuvat t\u00e4m\u00e4n j\u00e4lkeen k\u00e4ytt\u00e4j\u00e4n tietokoneelle, tai latauspalvelu l\u00e4hett\u00e4\u00e4 k\u00e4ytt\u00e4j\u00e4n s\u00e4hk\u00f6postiin linkin, josta k\u00e4ytt\u00e4j\u00e4 saa ladattua haluamansa paikkatietoaineistot. Latauspalvelussa voi olla my\u00f6s karttatoiminto, jolla k\u00e4ytt\u00e4j\u00e4 voi valita milt\u00e4 alueelta haluaa ladata aineistoja.<\/p>\n<p>Aineistot voivat olla ladattavissa:<\/p>\n<ul>\n<li>koko Suomen aineisto yhdess\u00e4 tiedostossa tai<\/li>\n<li>aineisto on jaettu karttalehtikohtaisiin tiedostoihin tai<\/li>\n<li>aluejakotyyppisiin tiedostoihin esim. kunnittain<\/li>\n<\/ul>\n<p>Latauspalveluista paikkatietoaineistot ovat ladattavissa erilaisissa tiedostoformaateissa. Yleisimpi\u00e4 paikkatietoaineistojen tiedostoformaatteja ovat:<\/p>\n<ul>\n<li>Rasteritiedostoformaatteja: Geotiff (tif), png, jpg<\/li>\n<li>Vektoritiedostoformaatteja: Esri Shape (shp), MapInfo (mif), gml<\/li>\n<\/ul>\n<p><strong>Esimerkkej\u00e4 latauspalveluista:<\/strong><\/p>\n<p>SYKEn latauspalvelu:<\/p>\n<p><a href=\"https:\/\/www.syke.fi\/fi-FI\/Avoin_tieto\/Paikkatietoaineistot\">https:\/\/www.syke.fi\/fi-FI\/Avoin_tieto\/Paikkatietoaineistot<\/a><\/p>\n<p>Maanmittauslaitoksen latauspalvelu:<\/p>\n<p><a href=\"https:\/\/www.maanmittauslaitos.fi\/asioi-verkossa\/avoimien-aineistojen-tiedostopalvelu\">https:\/\/www.maanmittauslaitos.fi\/asioi-verkossa\/avoimien-aineistojen-tiedostopalvelu<\/a><\/p>\n<p>&nbsp;<\/p>\n<p><em>\u00a0<\/em><\/p>\n<p>&nbsp;<\/p>\n","protected":false},"excerpt":{"rendered":"<p>Mik\u00e4 on karttapalvelu? Karttapalvelu on paikkoihin liittyv\u00e4\u00e4 tietoa v\u00e4litt\u00e4v\u00e4 palvelu verkossa. Karttapalveluiden tiedoista voidaan tehd\u00e4 erilaisia karttoja. Kartta on aina yleistys sit\u00e4 kuvaavasta ymp\u00e4rist\u00f6st\u00e4. Erityisesti paperikartasta on karsittu ymp\u00e4rist\u00f6\u00f6n liittyv\u00e4\u00e4 yksityiskohtaista tietoa, jotta se on riitt\u00e4v\u00e4n selke\u00e4 lukea. S\u00e4hk\u00f6isten karttapalveluiden etu verrattuna paperikarttoihin on se, ett\u00e4 niiden sis\u00e4lt\u00e4m\u00e4st\u00e4 suuresta tietom\u00e4\u00e4r\u00e4st\u00e4 voidaan valikoida tarvittava osa esitett\u00e4v\u00e4ksi. &hellip; <\/p>\n<p class=\"link-more\"><a href=\"https:\/\/blog.edu.turku.fi\/karttanyt\/artikkelit\/karttapalvelu\/\" class=\"more-link\">Jatka lukemista<span class=\"screen-reader-text\"> &#8221;Karttapalvelu&#8221;<\/span><\/a><\/p>\n","protected":false},"author":1206,"featured_media":0,"parent":726,"menu_order":0,"comment_status":"closed","ping_status":"closed","template":"","meta":{"footnotes":""},"class_list":["post-649","page","type-page","status-publish","hentry","entry"],"_links":{"self":[{"href":"https:\/\/blog.edu.turku.fi\/karttanyt\/wp-json\/wp\/v2\/pages\/649","targetHints":{"allow":["GET"]}}],"collection":[{"href":"https:\/\/blog.edu.turku.fi\/karttanyt\/wp-json\/wp\/v2\/pages"}],"about":[{"href":"https:\/\/blog.edu.turku.fi\/karttanyt\/wp-json\/wp\/v2\/types\/page"}],"author":[{"embeddable":true,"href":"https:\/\/blog.edu.turku.fi\/karttanyt\/wp-json\/wp\/v2\/users\/1206"}],"replies":[{"embeddable":true,"href":"https:\/\/blog.edu.turku.fi\/karttanyt\/wp-json\/wp\/v2\/comments?post=649"}],"version-history":[{"count":97,"href":"https:\/\/blog.edu.turku.fi\/karttanyt\/wp-json\/wp\/v2\/pages\/649\/revisions"}],"predecessor-version":[{"id":1343,"href":"https:\/\/blog.edu.turku.fi\/karttanyt\/wp-json\/wp\/v2\/pages\/649\/revisions\/1343"}],"up":[{"embeddable":true,"href":"https:\/\/blog.edu.turku.fi\/karttanyt\/wp-json\/wp\/v2\/pages\/726"}],"wp:attachment":[{"href":"https:\/\/blog.edu.turku.fi\/karttanyt\/wp-json\/wp\/v2\/media?parent=649"}],"curies":[{"name":"wp","href":"https:\/\/api.w.org\/{rel}","templated":true}]}}