{"id":586,"date":"2019-04-08T11:42:18","date_gmt":"2019-04-08T08:42:18","guid":{"rendered":"https:\/\/blog.edu.turku.fi\/karttanyt\/?page_id=586"},"modified":"2020-03-17T11:45:42","modified_gmt":"2020-03-17T09:45:42","slug":"metatieto","status":"publish","type":"page","link":"https:\/\/blog.edu.turku.fi\/karttanyt\/kartat\/paikkatieto\/metatieto\/","title":{"rendered":"Mit\u00e4, miss\u00e4, milloin, kuka? Metatieto tiet\u00e4\u00e4!"},"content":{"rendered":"<h2>Mit\u00e4 metatieto on?<\/h2>\n<p><strong>Metatiedon<\/strong> m\u00e4\u00e4ritell\u00e4\u00e4n yleisesti olevan \u201dtietoa tiedosta\u201d. Metatietojen teht\u00e4v\u00e4n\u00e4 on dokumentoida aineistojen ominaisuudet ja helpottaa aineistojen k\u00e4ytt\u00f6\u00e4. Arkikielell\u00e4 voidaankin puhua yksinkertaisesti aineistojen kuvauksista tai lis\u00e4tiedoista.<\/p>\n<p>Paikkatiedon metatieto kertoo perustiedot aineiston sis\u00e4ll\u00f6st\u00e4 ja k\u00e4ytt\u00f6tarkoituksesta, ajallisesta ja alueellisesta kattavuudesta, tarkkuudesta (mittakaava tai resoluutio) ja yll\u00e4pitotiheydest\u00e4. My\u00f6s tekniset tiedot, kuten koordinaattij\u00e4rjestelm\u00e4, tiedostoformaatti ja paikkatiedon muoto (vektori\/rasteri) k\u00e4yv\u00e4t ilmi metatiedosta. Lis\u00e4ksi siit\u00e4 yleens\u00e4 selvi\u00e4\u00e4, kuka aineiston on tehnyt ja mitk\u00e4 ovat aineiston k\u00e4ytt\u00f6oikeudet.<\/p>\n<p>N\u00e4m\u00e4 kaikki ovat paikkatietojen k\u00e4ytt\u00e4j\u00e4lle oleellisia tietoja. Kun aineistoja k\u00e4ytet\u00e4\u00e4n erilaisissa karttatarkasteluissa ja paikkatietoanalyyseissa, on t\u00e4rke\u00e4\u00e4 tuntea aineistojen laatu ja ominaisuudet \u2013 ja ottaa ne huomioon tulosten tulkinnassa. Usein on my\u00f6s hyv\u00e4 tiet\u00e4\u00e4, kenelt\u00e4 voi kysy\u00e4 lis\u00e4tietoja aineistoista.<\/p>\n<p>Tieto k\u00e4ytt\u00f6oikeuksista puolestaan selvent\u00e4\u00e4, saako aineistoa k\u00e4ytt\u00e4\u00e4, julkaista ja jakaa eteenp\u00e4in vapaasti vai liittyyk\u00f6 k\u00e4ytt\u00f6\u00f6n rajoituksia. Yleens\u00e4 aineistojen tuottajat ilmoittavat metatiedoissa <strong>lisenssin<\/strong>, jossa aineiston k\u00e4ytt\u00f6oikeudet m\u00e4\u00e4ritell\u00e4\u00e4n. Suomessa julkisten organisaatioiden tuottamia aineistoja saa melko yleisesti k\u00e4ytt\u00e4\u00e4 <strong>avoimen tietoaineiston lisenssin<\/strong> mukaisesti, joka mahdollistaa aineistojen vapaan k\u00e4yt\u00f6n. Aineiston l\u00e4hde on kuitenkin aina muistettava kertoa, kun karttoja tai muita aineistosta tehtyj\u00e4 tuotoksia julkaistaan. My\u00f6s l\u00e4hdemerkinn\u00e4n pit\u00e4isi selvit\u00e4 metatietokuvauksesta.<\/p>\n<h2><\/h2>\n<figure id=\"attachment_590\" aria-describedby=\"caption-attachment-590\" style=\"width: 939px\" class=\"wp-caption alignnone\"><img loading=\"lazy\" decoding=\"async\" class=\"wp-image-590 size-full\" src=\"https:\/\/blog.edu.turku.fi\/karttanyt\/files\/2019\/04\/metatietokuva.jpg\" alt=\"\" width=\"939\" height=\"521\" srcset=\"https:\/\/blog.edu.turku.fi\/karttanyt\/files\/2019\/04\/metatietokuva.jpg 939w, https:\/\/blog.edu.turku.fi\/karttanyt\/files\/2019\/04\/metatietokuva-300x166.jpg 300w\" sizes=\"auto, (max-width: 939px) 100vw, 939px\" \/><figcaption id=\"caption-attachment-590\" class=\"wp-caption-text\">Paikkatietoikkuna on maksuton karttapalvelu kaikille kansalaisille. Paikkatietoikkunassa kartta-aineistojen metatiedot merkit\u00e4\u00e4n sinisell\u00e4 i-kirjaimella.<\/figcaption><\/figure>\n<h2>Metatietopalvelut<\/h2>\n<p>Paikkatietoaineistojen metatiedot noudattavat yleens\u00e4 yhteisesti sovittuja rakenteita eli <strong>standardeja<\/strong>. Kun standardimuotoiset metatiedot on tallennettu <strong>metatietopalveluun<\/strong>, on paikkatietojen k\u00e4ytt\u00e4jien helppo etsi\u00e4, mit\u00e4 paikkatietoja on k\u00e4ytett\u00e4viss\u00e4 ja mitk\u00e4 ovat niiden ominaisuudet. Metatietopalvelussa aineistojen etsimiseen voi k\u00e4ytt\u00e4\u00e4 avainsanoja tai niit\u00e4 voi etsi\u00e4 my\u00f6s tietyst\u00e4 sijainnista tai halulta ajankohdalta.<\/p>\n<p>Maanmittauslaitoksen <strong><a href=\"http:\/\/www.paikkatietohakemisto.fi\/geonetwork\/\">paikkatietohakemisto<\/a><\/strong> on metatietopalvelu, joka kokoaa useiden suomalaisten tiedontuottajien paikkatietoaineistojen kuvaukset. Paikkatietohakemistoon tallennetut metatiedot ovat katseltavissa my\u00f6s Maanmittauslaitoksen <strong><a href=\"https:\/\/kartta.paikkatietoikkuna.fi\/\">Paikkatietoikkuna<\/a><\/strong>-karttapalvelun kautta. My\u00f6s Suomen ymp\u00e4rist\u00f6keskuksella on oma <strong><a href=\"https:\/\/metatieto.ymparisto.fi\/geoportal\">metatietopalvelu<\/a><\/strong>, josta voi etsi\u00e4 ymp\u00e4rist\u00f6\u00f6n liittyvi\u00e4 paikkatietoaineistoja. <strong><a href=\"https:\/\/www.avoindata.fi\/fi\">Avoindata.fi<\/a><\/strong> puolestaan on V\u00e4est\u00f6rekisterikeskuksen yll\u00e4pit\u00e4m\u00e4 palvelu, jonka tavoitteena on koota tiedot kaikesta julkisesta ja avoimesta datasta Suomessa, my\u00f6s muusta kuin paikkatiedosta.<\/p>\n<p><em>Kaisu Harju Suomen ymp\u00e4rist\u00f6keskus SYKE 18.3.2019<\/em><\/p>\n<p>&nbsp;<\/p>\n<h2>Linkkej\u00e4<\/h2>\n<p>Julkisen hallinnon suositus avoimen tietoaineiston k\u00e4ytt\u00f6lupa <a href=\"http:\/\/docs.jhs-suositukset.fi\/jhs-suositukset\/JHS189\/JHS189.html\">http:\/\/docs.jhs-suositukset.fi\/jhs-suositukset\/JHS189\/JHS189.html<\/a><\/p>\n<p>Paikkatietohakemisto: <a href=\"http:\/\/www.paikkatietohakemisto.fi\/geonetwork\/\">http:\/\/www.paikkatietohakemisto.fi\/geonetwork\/<\/a><\/p>\n<p>Paikkatietoikkuna: <a href=\"https:\/\/kartta.paikkatietoikkuna.fi\/\">https:\/\/kartta.paikkatietoikkuna.fi\/<\/a><\/p>\n<p>SYKEn metatietopalvelu: <a href=\"https:\/\/metatieto.ymparisto.fi\/geoportal\">https:\/\/metatieto.ymparisto.fi\/geoportal<\/a><\/p>\n<p>Avoindata.fi: <a href=\"https:\/\/www.avoindata.fi\/fi\">https:\/\/www.avoindata.fi\/fi<\/a><\/p>\n<p>&nbsp;<\/p>\n","protected":false},"excerpt":{"rendered":"<p>Mit\u00e4 metatieto on? Metatiedon m\u00e4\u00e4ritell\u00e4\u00e4n yleisesti olevan \u201dtietoa tiedosta\u201d. Metatietojen teht\u00e4v\u00e4n\u00e4 on dokumentoida aineistojen ominaisuudet ja helpottaa aineistojen k\u00e4ytt\u00f6\u00e4. Arkikielell\u00e4 voidaankin puhua yksinkertaisesti aineistojen kuvauksista tai lis\u00e4tiedoista. Paikkatiedon metatieto kertoo perustiedot aineiston sis\u00e4ll\u00f6st\u00e4 ja k\u00e4ytt\u00f6tarkoituksesta, ajallisesta ja alueellisesta kattavuudesta, tarkkuudesta (mittakaava tai resoluutio) ja yll\u00e4pitotiheydest\u00e4. My\u00f6s tekniset tiedot, kuten koordinaattij\u00e4rjestelm\u00e4, tiedostoformaatti ja paikkatiedon muoto (vektori\/rasteri) &hellip; <\/p>\n<p class=\"link-more\"><a href=\"https:\/\/blog.edu.turku.fi\/karttanyt\/kartat\/paikkatieto\/metatieto\/\" class=\"more-link\">Jatka lukemista<span class=\"screen-reader-text\"> &#8221;Mit\u00e4, miss\u00e4, milloin, kuka? Metatieto tiet\u00e4\u00e4!&#8221;<\/span><\/a><\/p>\n","protected":false},"author":1206,"featured_media":0,"parent":55,"menu_order":0,"comment_status":"closed","ping_status":"closed","template":"","meta":{"footnotes":""},"class_list":["post-586","page","type-page","status-publish","hentry","entry"],"_links":{"self":[{"href":"https:\/\/blog.edu.turku.fi\/karttanyt\/wp-json\/wp\/v2\/pages\/586","targetHints":{"allow":["GET"]}}],"collection":[{"href":"https:\/\/blog.edu.turku.fi\/karttanyt\/wp-json\/wp\/v2\/pages"}],"about":[{"href":"https:\/\/blog.edu.turku.fi\/karttanyt\/wp-json\/wp\/v2\/types\/page"}],"author":[{"embeddable":true,"href":"https:\/\/blog.edu.turku.fi\/karttanyt\/wp-json\/wp\/v2\/users\/1206"}],"replies":[{"embeddable":true,"href":"https:\/\/blog.edu.turku.fi\/karttanyt\/wp-json\/wp\/v2\/comments?post=586"}],"version-history":[{"count":7,"href":"https:\/\/blog.edu.turku.fi\/karttanyt\/wp-json\/wp\/v2\/pages\/586\/revisions"}],"predecessor-version":[{"id":732,"href":"https:\/\/blog.edu.turku.fi\/karttanyt\/wp-json\/wp\/v2\/pages\/586\/revisions\/732"}],"up":[{"embeddable":true,"href":"https:\/\/blog.edu.turku.fi\/karttanyt\/wp-json\/wp\/v2\/pages\/55"}],"wp:attachment":[{"href":"https:\/\/blog.edu.turku.fi\/karttanyt\/wp-json\/wp\/v2\/media?parent=586"}],"curies":[{"name":"wp","href":"https:\/\/api.w.org\/{rel}","templated":true}]}}