{"id":57,"date":"2018-09-20T09:57:23","date_gmt":"2018-09-20T06:57:23","guid":{"rendered":"https:\/\/blog.edu.turku.fi\/karttanyt\/?page_id=57"},"modified":"2021-05-03T13:10:00","modified_gmt":"2021-05-03T10:10:00","slug":"avoimet-kartta-aineistot","status":"publish","type":"page","link":"https:\/\/blog.edu.turku.fi\/karttanyt\/kartat\/avoimet-kartta-aineistot\/","title":{"rendered":"Avoimet kartta-aineistot"},"content":{"rendered":"<h3>Mit\u00e4 on avoin data?<\/h3>\n<p class=\"caption\">Avoimella datalla tarkoitetaan julkista, koneluettavaa tietoa, jota voi vapaasti k\u00e4ytt\u00e4\u00e4 ja hy\u00f6dynt\u00e4\u00e4 uudelleen, kunhan mainitsee aineiston alkuper\u00e4isen l\u00e4hteen.\u00a0Se on siis vapaasti ja maksutta kaikkien hy\u00f6dynnett\u00e4v\u00e4n\u00e4 olevaa tietoa! Data voi olla tilastoja, taloustietoja, karttoja, kuvia, videotallenteita ja 3D-malleja digitaalisessa muodossa.<\/p>\n<p>Avointa dataa julkaisevat ministeri\u00f6t, virastot, valtio laitokset, maakunnat, kunnat, yritykset, yhdistykset ja yksityishenkil\u00f6t.<\/p>\n<h3><\/h3>\n<h3>Mit\u00e4 on avoin paikkatieto?<\/h3>\n<p>Avoin paikkatieto on mit\u00e4 tahansa avointa dataa, johon on merkitty sijaintitieto. Se voi olla esimerkiksi digitaalinen kartta, josta n\u00e4et ilmanlaatutiedot ei puolilla kaupunkia tai melutason kaupungin eri osissa y\u00f6ll\u00e4 ja p\u00e4iv\u00e4ll\u00e4. Avoimen paikkatiedon ideana on, ett\u00e4 voit ottaa t\u00e4m\u00e4n aineiston omaan k\u00e4ytt\u00f6\u00f6si oppimisprojektiin, kunhan mainitset l\u00e4hdetiedot.<\/p>\n<h3><\/h3>\n<h3>Katsele avoimia paikkatietoaineistoja!<\/h3>\n<p>SYKEn asiantuntijoiden koostama listaus <a href=\"https:\/\/blog.edu.turku.fi\/karttanyt\/files\/2019\/06\/paikkatietoaineistoja.pdf\">avoimista paikkatietoaineistoista opetuksen tueksi<\/a> (pdf).<\/p>\n<p>Geoportin sivuilla on <a href=\"http:\/\/www.geoportti.fi\/data\/find-and-get-data\/?fbclid=IwAR3PD7oFGkf6iDiiBJxKIZYYM9qdDilB2XnKol1c60AQVbuWG9VK6IHi8Uk\">hyv\u00e4 listaus avoimista paikkatietoaineistoista.<\/a><\/p>\n<p>&nbsp;<\/p>\n<p>&nbsp;<\/p>\n<p>&nbsp;<\/p>\n<p>&nbsp;<\/p>\n","protected":false},"excerpt":{"rendered":"<p>Mit\u00e4 on avoin data? Avoimella datalla tarkoitetaan julkista, koneluettavaa tietoa, jota voi vapaasti k\u00e4ytt\u00e4\u00e4 ja hy\u00f6dynt\u00e4\u00e4 uudelleen, kunhan mainitsee aineiston alkuper\u00e4isen l\u00e4hteen.\u00a0Se on siis vapaasti ja maksutta kaikkien hy\u00f6dynnett\u00e4v\u00e4n\u00e4 olevaa tietoa! Data voi olla tilastoja, taloustietoja, karttoja, kuvia, videotallenteita ja 3D-malleja digitaalisessa muodossa. Avointa dataa julkaisevat ministeri\u00f6t, virastot, valtio laitokset, maakunnat, kunnat, yritykset, yhdistykset ja &hellip; <\/p>\n<p class=\"link-more\"><a href=\"https:\/\/blog.edu.turku.fi\/karttanyt\/kartat\/avoimet-kartta-aineistot\/\" class=\"more-link\">Jatka lukemista<span class=\"screen-reader-text\"> &#8221;Avoimet kartta-aineistot&#8221;<\/span><\/a><\/p>\n","protected":false},"author":1206,"featured_media":0,"parent":14,"menu_order":1,"comment_status":"closed","ping_status":"closed","template":"","meta":{"footnotes":""},"class_list":["post-57","page","type-page","status-publish","hentry","entry"],"_links":{"self":[{"href":"https:\/\/blog.edu.turku.fi\/karttanyt\/wp-json\/wp\/v2\/pages\/57","targetHints":{"allow":["GET"]}}],"collection":[{"href":"https:\/\/blog.edu.turku.fi\/karttanyt\/wp-json\/wp\/v2\/pages"}],"about":[{"href":"https:\/\/blog.edu.turku.fi\/karttanyt\/wp-json\/wp\/v2\/types\/page"}],"author":[{"embeddable":true,"href":"https:\/\/blog.edu.turku.fi\/karttanyt\/wp-json\/wp\/v2\/users\/1206"}],"replies":[{"embeddable":true,"href":"https:\/\/blog.edu.turku.fi\/karttanyt\/wp-json\/wp\/v2\/comments?post=57"}],"version-history":[{"count":28,"href":"https:\/\/blog.edu.turku.fi\/karttanyt\/wp-json\/wp\/v2\/pages\/57\/revisions"}],"predecessor-version":[{"id":1596,"href":"https:\/\/blog.edu.turku.fi\/karttanyt\/wp-json\/wp\/v2\/pages\/57\/revisions\/1596"}],"up":[{"embeddable":true,"href":"https:\/\/blog.edu.turku.fi\/karttanyt\/wp-json\/wp\/v2\/pages\/14"}],"wp:attachment":[{"href":"https:\/\/blog.edu.turku.fi\/karttanyt\/wp-json\/wp\/v2\/media?parent=57"}],"curies":[{"name":"wp","href":"https:\/\/api.w.org\/{rel}","templated":true}]}}