{"id":55,"date":"2018-09-20T09:56:35","date_gmt":"2018-09-20T06:56:35","guid":{"rendered":"https:\/\/blog.edu.turku.fi\/karttanyt\/?page_id=55"},"modified":"2020-06-11T15:45:02","modified_gmt":"2020-06-11T12:45:02","slug":"paikkatieto","status":"publish","type":"page","link":"https:\/\/blog.edu.turku.fi\/karttanyt\/kartat\/paikkatieto\/","title":{"rendered":"Paikkatieto"},"content":{"rendered":"<p>Suurin osa olemassa olevasta tiedosta voidaan paikantaa. T\u00e4llaista tietoa kutsutaan paikkatiedoksi.<\/p>\n<p><img loading=\"lazy\" decoding=\"async\" class=\"aligncenter wp-image-77\" src=\"https:\/\/blog.edu.turku.fi\/karttanyt\/files\/2018\/09\/kartta-ja-karttaselite.png\" alt=\"\" width=\"500\" height=\"346\" srcset=\"https:\/\/blog.edu.turku.fi\/karttanyt\/files\/2018\/09\/kartta-ja-karttaselite.png 702w, https:\/\/blog.edu.turku.fi\/karttanyt\/files\/2018\/09\/kartta-ja-karttaselite-300x208.png 300w\" sizes=\"auto, (max-width: 500px) 100vw, 500px\" \/><\/p>\n<p>Paikkatietoa esitet\u00e4\u00e4n useimmiten kartalla erilaisten symbolien, viivojen, pisteiden, alueiden, v\u00e4rien eli karttamerkkien avulla. Karttamerkit kertovat kartalla sijaitsevan kohteen ominaisuuksista ja ne kuvataan karttaselitteess\u00e4.<\/p>\n<p>Paikkatieto koostuu sijaintitiedosta eli miss\u00e4 jotakin sijaitsee ja ominaisuustiedosta eli mit\u00e4 jossakin sijaitsee. Sijaintitieto ilmoitetaan koordinaatteina, osoitteena, paikkakuntana tai muuna tunnettuna kohteena (esim. Turun tuomiokirkko).<\/p>\n<p><img loading=\"lazy\" decoding=\"async\" class=\"aligncenter wp-image-78\" src=\"https:\/\/blog.edu.turku.fi\/karttanyt\/files\/2018\/09\/Park.png\" alt=\"\" width=\"500\" height=\"374\" srcset=\"https:\/\/blog.edu.turku.fi\/karttanyt\/files\/2018\/09\/Park.png 640w, https:\/\/blog.edu.turku.fi\/karttanyt\/files\/2018\/09\/Park-300x225.png 300w\" sizes=\"auto, (max-width: 500px) 100vw, 500px\" \/><br \/>\nOminaisuustiedoilla kuvataan kohteen ominaisuutta. Ominaisuustietoja voidaan ker\u00e4t\u00e4 mittaamalla, kuvailemalla kohteen ominaisuuksia tai k\u00e4ytt\u00e4m\u00e4ll\u00e4 omia aisteja, tunteita tai kokemuksia. Ominaisuustiedot voidaan esitt\u00e4\u00e4 karttamerkkien avulla tai se voi olla valokuva, teksti, numero tai video.<\/p>\n<p>Otetaan kohteeksi puisto. Puistoon liittyvi\u00e4 ominaisuustietoja ovat esimerkiksi l\u00e4mp\u00f6tila: 21 C\u00b0, liikenteen \u00e4\u00e4net ja puistossa k\u00e4vij\u00e4n muistot. Alla olevassa kuvassa kartalle on merkitty pistekohde Kupittaan puistoon. Pistekohteeseen liittyy ominaisuustietoa kuva- ja tekstimuodossa liikenteen \u00e4\u00e4nist\u00e4.<\/p>\n<p><img loading=\"lazy\" decoding=\"async\" class=\"wp-image-633 aligncenter\" src=\"https:\/\/blog.edu.turku.fi\/karttanyt\/files\/2019\/04\/ominaisuustieto-776x589.jpg\" alt=\"\" width=\"500\" height=\"380\" srcset=\"https:\/\/blog.edu.turku.fi\/karttanyt\/files\/2019\/04\/ominaisuustieto.jpg 776w, https:\/\/blog.edu.turku.fi\/karttanyt\/files\/2019\/04\/ominaisuustieto-300x228.jpg 300w\" sizes=\"auto, (max-width: 500px) 100vw, 500px\" \/><\/p>\n<p>Paikkatietoa kootaan paikkatietoaineistoiksi. Tyypillinen paikkatietoaineisto on kartta.<\/p>\n<p>Paikkatietoaineistoihin liittyy <a href=\"https:\/\/blog.edu.turku.fi\/karttanyt\/kartat\/paikkatieto\/metatieto\/\">metatietoa,\u00a0<\/a>eli tietoa tiedosta. Kartan metatieto on tietoa kyseisest\u00e4 kartasta. K\u00e4yt\u00e4nn\u00f6ss\u00e4 se tarkoittaa kuvausta tai lis\u00e4tietoa kartasta.<\/p>\n<p>Katso Maanmittauslaitoksen verkkosivuilta hyv\u00e4 <a href=\"https:\/\/www.maanmittauslaitos.fi\/tietoa-maanmittauslaitoksesta\/teemat\/yhteentoimivan-paikkatiedon-hyodyt\">kooste demoista<\/a>, joissa voi testata <em>paikkatiedon hy\u00f6tyj\u00e4 eri tilanteissa.<\/em><\/p>\n<h3><\/h3>\n<p>&nbsp;<\/p>\n<p>&nbsp;<\/p>\n<p><strong>\u00a0<\/strong><\/p>\n","protected":false},"excerpt":{"rendered":"<p>Suurin osa olemassa olevasta tiedosta voidaan paikantaa. T\u00e4llaista tietoa kutsutaan paikkatiedoksi. Paikkatietoa esitet\u00e4\u00e4n useimmiten kartalla erilaisten symbolien, viivojen, pisteiden, alueiden, v\u00e4rien eli karttamerkkien avulla. Karttamerkit kertovat kartalla sijaitsevan kohteen ominaisuuksista ja ne kuvataan karttaselitteess\u00e4. Paikkatieto koostuu sijaintitiedosta eli miss\u00e4 jotakin sijaitsee ja ominaisuustiedosta eli mit\u00e4 jossakin sijaitsee. Sijaintitieto ilmoitetaan koordinaatteina, osoitteena, paikkakuntana tai muuna tunnettuna &hellip; <\/p>\n<p class=\"link-more\"><a href=\"https:\/\/blog.edu.turku.fi\/karttanyt\/kartat\/paikkatieto\/\" class=\"more-link\">Jatka lukemista<span class=\"screen-reader-text\"> &#8221;Paikkatieto&#8221;<\/span><\/a><\/p>\n","protected":false},"author":1206,"featured_media":0,"parent":14,"menu_order":0,"comment_status":"closed","ping_status":"closed","template":"","meta":{"footnotes":""},"class_list":["post-55","page","type-page","status-publish","hentry","entry"],"_links":{"self":[{"href":"https:\/\/blog.edu.turku.fi\/karttanyt\/wp-json\/wp\/v2\/pages\/55","targetHints":{"allow":["GET"]}}],"collection":[{"href":"https:\/\/blog.edu.turku.fi\/karttanyt\/wp-json\/wp\/v2\/pages"}],"about":[{"href":"https:\/\/blog.edu.turku.fi\/karttanyt\/wp-json\/wp\/v2\/types\/page"}],"author":[{"embeddable":true,"href":"https:\/\/blog.edu.turku.fi\/karttanyt\/wp-json\/wp\/v2\/users\/1206"}],"replies":[{"embeddable":true,"href":"https:\/\/blog.edu.turku.fi\/karttanyt\/wp-json\/wp\/v2\/comments?post=55"}],"version-history":[{"count":19,"href":"https:\/\/blog.edu.turku.fi\/karttanyt\/wp-json\/wp\/v2\/pages\/55\/revisions"}],"predecessor-version":[{"id":1184,"href":"https:\/\/blog.edu.turku.fi\/karttanyt\/wp-json\/wp\/v2\/pages\/55\/revisions\/1184"}],"up":[{"embeddable":true,"href":"https:\/\/blog.edu.turku.fi\/karttanyt\/wp-json\/wp\/v2\/pages\/14"}],"wp:attachment":[{"href":"https:\/\/blog.edu.turku.fi\/karttanyt\/wp-json\/wp\/v2\/media?parent=55"}],"curies":[{"name":"wp","href":"https:\/\/api.w.org\/{rel}","templated":true}]}}