{"id":496,"date":"2019-02-22T14:40:29","date_gmt":"2019-02-22T12:40:29","guid":{"rendered":"https:\/\/blog.edu.turku.fi\/karttanyt\/?page_id=496"},"modified":"2020-01-17T15:10:28","modified_gmt":"2020-01-17T13:10:28","slug":"496-2","status":"publish","type":"page","link":"https:\/\/blog.edu.turku.fi\/karttanyt\/oppiaineet\/496-2\/","title":{"rendered":"Liikunta ja terveystieto"},"content":{"rendered":"<p>Terveystiedon erilaiset aihepiirit kuvautuvat my\u00f6s helposti kartalle. Karttojen avulla voidaan esim. esitt\u00e4\u00e4 erilaisten sairauksien esiintyvyytt\u00e4 tietyll\u00e4 alueella. Liikunnassa korostuvat erityisesti karttoja hy\u00f6dynt\u00e4v\u00e4t lajit, kuten suunnistus. Tutustu karttapalveluiden k\u00e4ytt\u00f6\u00f6n liikunnassa ja terveystiedossa alla olevien teht\u00e4vien avulla.<\/p>\n<p><img loading=\"lazy\" decoding=\"async\" class=\"alignnone size-full wp-image-941\" src=\"https:\/\/blog.edu.turku.fi\/karttanyt\/files\/2019\/02\/esite-123.png\" alt=\"\" width=\"1280\" height=\"720\" srcset=\"https:\/\/blog.edu.turku.fi\/karttanyt\/files\/2019\/02\/esite-123.png 1280w, https:\/\/blog.edu.turku.fi\/karttanyt\/files\/2019\/02\/esite-123-300x169.png 300w, https:\/\/blog.edu.turku.fi\/karttanyt\/files\/2019\/02\/esite-123-1024x576.png 1024w\" sizes=\"auto, (max-width: 1280px) 100vw, 1280px\" \/><\/p>\n<p>&nbsp;<\/p>\n<div id=\"accordion-1\" class=\"accordion no-js\"><\/p>\n<h2>\n\t\t\t\t\t<h3 role=\"button\" id=\"accordion-1-t1\" class=\"accordion-title js-accordion-controller\" aria-controls=\"accordion-1-c1\" aria-expanded=\"false\" tabindex=\"0\">\n\t\t\t\t1. Teht\u00e4v\u00e4: Suunnistuskartta Paikkatietoikkunalla\t\t\t<\/h3>\n\t\t\n\t\t<div id=\"accordion-1-c1\" class=\"accordion-content\" aria-hidden=\"true\">\n\t\t\t<\/h2>\n<p><img loading=\"lazy\" decoding=\"async\" class=\"alignnone wp-image-1053 \" src=\"https:\/\/blog.edu.turku.fi\/karttanyt\/files\/2019\/12\/jametlene-reskp-Im7bVVKQWqg-unsplash.jpg\" alt=\"\" width=\"648\" height=\"432\" srcset=\"https:\/\/blog.edu.turku.fi\/karttanyt\/files\/2019\/12\/jametlene-reskp-Im7bVVKQWqg-unsplash.jpg 2048w, https:\/\/blog.edu.turku.fi\/karttanyt\/files\/2019\/12\/jametlene-reskp-Im7bVVKQWqg-unsplash-300x200.jpg 300w, https:\/\/blog.edu.turku.fi\/karttanyt\/files\/2019\/12\/jametlene-reskp-Im7bVVKQWqg-unsplash-1024x683.jpg 1024w\" sizes=\"auto, (max-width: 648px) 100vw, 648px\" \/><\/p>\n<p>Tutustu Paikkatietoikkunan k\u00e4ytt\u00f6\u00f6n. Mene osoitteseen <a href=\"https:\/\/www.paikkatietoikkuna.fi\/?lang=fi\">https:\/\/www.paikkatietoikkuna.fi\/?lang=fi<\/a> ja siirry karttapalveluun. Mik\u00e4li haluat saada kaikki Paikkatietoikkunan ty\u00f6kalut ja toiminnot k\u00e4ytt\u00f6\u00f6si, voit rekister\u00f6ity\u00e4 palvelun k\u00e4ytt\u00e4j\u00e4ksi. T\u00e4m\u00e4n teht\u00e4v\u00e4n suorittaminen ei kuitenkaan vaadi rekister\u00f6itymist\u00e4.<\/p>\n<p>Laaditaan seuraavaksi suunnistuskartta Paikkatietoikkunan avulla. Zoomaa l\u00e4hemm\u00e4s karttatasoa, jotta erotat paremmin haluamasi suunnistusalueen piirteet. Suunnittele sitten kartalle pieni suunnistusalue merkitsem\u00e4ll\u00e4 pistety\u00f6kalulla reitti kartalle. Voit valita alueeksi esim. Kotipaikkasi l\u00e4himets\u00e4n tai koulun l\u00e4hialueen. Tutustu eri karttatasoihin palvelun n\u00e4kym\u00e4n alaosassa olevien vaihtoehtojen avulla. Mik\u00e4 taso sopisi mielest\u00e4si parhaiten suunnistuskartan pohjaksi? Ent\u00e4, mit\u00e4 suunnistuskartan laadinnassa tulisi muuten ottaa huomioon esim. Maaston piirteiden tai maanomistuksen kannalta?<\/p>\n<p>Merkitty\u00e4si kartalle haluamasi suunnistusalueen, laske nyt paljonko aikaa sinulta menisi kulkea koko reitti. Mik\u00e4 on keskinopeutesi reitill\u00e4?<\/p>\n<p>\t\t<\/div>\n\n\t\t<\/p>\n<h2>\n\t\t\t\t\t<h3 role=\"button\" id=\"accordion-1-t2\" class=\"accordion-title js-accordion-controller\" aria-controls=\"accordion-1-c2\" aria-expanded=\"false\" tabindex=\"0\">\n\t\t\t\t1. Teht\u00e4v\u00e4: Positiivisten asioiden kartta\t\t\t<\/h3>\n\t\t\n\t\t<div id=\"accordion-1-c2\" class=\"accordion-content\" aria-hidden=\"true\">\n\t\t\t<\/h2>\n<p>Mene PaikkaOppiin ja tee teht\u00e4v\u00e4 koodilla IR3DZ.<\/p>\n<p>\t\t<\/div>\n\n\t\t<\/p>\n<p><\/div>\n<h2>Muita liikunta- ja terveystietoaiheisia karttapalveluja<\/h2>\n<h2><a href=\"http:\/\/purplepen.golde.org\/\" target=\"_blank\" rel=\"noopener\">Purple Pen<\/a><\/h2>\n<p><span class=\"tlid-translation translation\">Maksuttoman <span class=\"\" title=\"\">Purple Penin avulla on helppo suunnitella suunnistuskursseja, tehd\u00e4 niille reittej\u00e4 ja hallita valvontatietoja.<\/span><\/span><\/p>\n<p>&nbsp;<\/p>\n<h2><a href=\"https:\/\/mobo.suunnistus.fi\/\" target=\"_blank\" rel=\"noopener\">MOBO<\/a>-suunnistus<\/h2>\n<p><span class=\" UFICommentActorAndBody\"><span class=\"UFICommentBody\">MOBO on kiintorastien nykyaikainen versio.\u00a0 MOBO-sovelluksen ja \u00e4lypuhelimen avulla voi tutustua ilmaiseksi suunnistukseen ja kokeneempi suunnistaja voi sovelluksen avulla tehd\u00e4 hyv\u00e4n karttaharjoituksenkin. Oman radan voi tehd\u00e4 yhteisty\u00f6ss\u00e4 suunnistusliiton kanssa, maksaa hieman alle 300\u20ac\/setti.<\/span><\/span><\/p>\n<p><a href=\"https:\/\/youtu.be\/ZUHkg2s8XO8\" target=\"_blank\" rel=\"noopener\">Video MOBO-suunnistuksesta<\/a><\/p>\n<p>&nbsp;<\/p>\n<h2><a href=\"https:\/\/www.koulukartalla.fi\/\">Koulu kartalla<\/a><\/h2>\n<p>Hanke luo uutta ja innostavaa koulusuunnistuksen toteuttamismallia. Koulu kartalla -sivusto madaltaa opettajien kynnyst\u00e4 j\u00e4rjest\u00e4\u00e4 koulusuunnistusta, innostaa lapsia ja nuoria suunnistamaan ja helpottaa koulun ja seuran yhteisty\u00f6t\u00e4.<\/p>\n<p>&nbsp;<\/p>\n<h2><a href=\"https:\/\/locatify.com\/login\/\" target=\"_blank\" rel=\"noopener\">TurfHunt<\/a><\/h2>\n<p>Maksuton palvelu, joka soveltuu suunnistusreitteihin, aarteenetsint\u00e4peleihin ja oppimisreitteihin. Oppilaat lataavat laitteelle TurfHunt sovelluksen, jonka kartasta he etsiv\u00e4t opettajan merkitsemi\u00e4 kohteita ja tekev\u00e4t niihin liittyvi\u00e4 teht\u00e4vi\u00e4. Opettaja voi valvoa reaaliaikaisesti oppilaiden liikeit\u00e4 ja vastauksia. Mobiilisovellus on helppok\u00e4ytt\u00f6inen, joten alakoululaisetkin osaavat sit\u00e4 hyvin k\u00e4ytt\u00e4\u00e4.<\/p>\n<p><a href=\"https:\/\/www.slideshare.net\/VirpiHirvensalo\/uusitun-paikkaopin-esittely\" target=\"_blank\" rel=\"noopener\">Suomenkielinen power point -tutorial k\u00e4ytt\u00f6\u00f6n<\/a><\/p>\n<p><a href=\"https:\/\/locatify.com\/turfhunt\/\" target=\"_blank\" rel=\"noopener\">Englanninkielinen videotutorial k\u00e4ytt\u00f6\u00f6n<\/a> (skrollaa sivua alasp\u00e4in).<\/p>\n","protected":false},"excerpt":{"rendered":"<p>Terveystiedon erilaiset aihepiirit kuvautuvat my\u00f6s helposti kartalle. Karttojen avulla voidaan esim. esitt\u00e4\u00e4 erilaisten sairauksien esiintyvyytt\u00e4 tietyll\u00e4 alueella. Liikunnassa korostuvat erityisesti karttoja hy\u00f6dynt\u00e4v\u00e4t lajit, kuten suunnistus. Tutustu karttapalveluiden k\u00e4ytt\u00f6\u00f6n liikunnassa ja terveystiedossa alla olevien teht\u00e4vien avulla. &nbsp; Muita liikunta- ja terveystietoaiheisia karttapalveluja Purple Pen Maksuttoman Purple Penin avulla on helppo suunnitella suunnistuskursseja, tehd\u00e4 niille reittej\u00e4 ja &hellip; <\/p>\n<p class=\"link-more\"><a href=\"https:\/\/blog.edu.turku.fi\/karttanyt\/oppiaineet\/496-2\/\" class=\"more-link\">Jatka lukemista<span class=\"screen-reader-text\"> &#8221;Liikunta ja terveystieto&#8221;<\/span><\/a><\/p>\n","protected":false},"author":1206,"featured_media":0,"parent":467,"menu_order":0,"comment_status":"closed","ping_status":"closed","template":"","meta":{"footnotes":""},"class_list":["post-496","page","type-page","status-publish","hentry","entry"],"_links":{"self":[{"href":"https:\/\/blog.edu.turku.fi\/karttanyt\/wp-json\/wp\/v2\/pages\/496","targetHints":{"allow":["GET"]}}],"collection":[{"href":"https:\/\/blog.edu.turku.fi\/karttanyt\/wp-json\/wp\/v2\/pages"}],"about":[{"href":"https:\/\/blog.edu.turku.fi\/karttanyt\/wp-json\/wp\/v2\/types\/page"}],"author":[{"embeddable":true,"href":"https:\/\/blog.edu.turku.fi\/karttanyt\/wp-json\/wp\/v2\/users\/1206"}],"replies":[{"embeddable":true,"href":"https:\/\/blog.edu.turku.fi\/karttanyt\/wp-json\/wp\/v2\/comments?post=496"}],"version-history":[{"count":8,"href":"https:\/\/blog.edu.turku.fi\/karttanyt\/wp-json\/wp\/v2\/pages\/496\/revisions"}],"predecessor-version":[{"id":1066,"href":"https:\/\/blog.edu.turku.fi\/karttanyt\/wp-json\/wp\/v2\/pages\/496\/revisions\/1066"}],"up":[{"embeddable":true,"href":"https:\/\/blog.edu.turku.fi\/karttanyt\/wp-json\/wp\/v2\/pages\/467"}],"wp:attachment":[{"href":"https:\/\/blog.edu.turku.fi\/karttanyt\/wp-json\/wp\/v2\/media?parent=496"}],"curies":[{"name":"wp","href":"https:\/\/api.w.org\/{rel}","templated":true}]}}