{"id":1629,"date":"2021-08-30T16:27:07","date_gmt":"2021-08-30T13:27:07","guid":{"rendered":"https:\/\/blog.edu.turku.fi\/karttanyt\/?page_id=1629"},"modified":"2021-09-13T19:01:03","modified_gmt":"2021-09-13T16:01:03","slug":"kartta_alakoululaiset","status":"publish","type":"page","link":"https:\/\/blog.edu.turku.fi\/karttanyt\/artikkelit\/kartta_alakoululaiset\/","title":{"rendered":"Kartta ja paikkatieto (3.-6.-luokkalaiset)"},"content":{"rendered":"<h3>Mik\u00e4 on kartta?<\/h3>\n<figure id=\"attachment_1621\" aria-describedby=\"caption-attachment-1621\" style=\"width: 280px\" class=\"wp-caption alignleft\"><img loading=\"lazy\" decoding=\"async\" class=\"wp-image-1621\" src=\"https:\/\/blog.edu.turku.fi\/karttanyt\/files\/2021\/08\/kartta-ja-selite.jpg\" alt=\"\" width=\"280\" height=\"158\" srcset=\"https:\/\/blog.edu.turku.fi\/karttanyt\/files\/2021\/08\/kartta-ja-selite.jpg 1024w, https:\/\/blog.edu.turku.fi\/karttanyt\/files\/2021\/08\/kartta-ja-selite-300x169.jpg 300w\" sizes=\"auto, (max-width: 280px) 100vw, 280px\" \/><figcaption id=\"caption-attachment-1621\" class=\"wp-caption-text\">Kartassa asioiden sijainnit on merkitty karttamerkein.<\/figcaption><\/figure>\n<p>Kartta on kuva, jossa esitet\u00e4\u00e4n asioiden sijaintia ja ominaisuuksia. \u00a0Kartassa asioita kuvataan yleens\u00e4 ylh\u00e4\u00e4lt\u00e4 p\u00e4in ja pienennettyn\u00e4 tietyss\u00e4 mittakaavassa.<\/p>\n<figure id=\"attachment_1656\" aria-describedby=\"caption-attachment-1656\" style=\"width: 280px\" class=\"wp-caption alignleft\"><img loading=\"lazy\" decoding=\"async\" class=\"wp-image-1656\" src=\"https:\/\/blog.edu.turku.fi\/karttanyt\/files\/2021\/09\/kasinpiirretty_kartta.jpg\" alt=\"\" width=\"280\" height=\"312\" srcset=\"https:\/\/blog.edu.turku.fi\/karttanyt\/files\/2021\/09\/kasinpiirretty_kartta.jpg 563w, https:\/\/blog.edu.turku.fi\/karttanyt\/files\/2021\/09\/kasinpiirretty_kartta-269x300.jpg 269w\" sizes=\"auto, (max-width: 280px) 100vw, 280px\" \/><figcaption id=\"caption-attachment-1656\" class=\"wp-caption-text\">Paperille k\u00e4sin piirretty kartta.<\/figcaption><\/figure>\n<p>Kartan voi piirt\u00e4\u00e4 k\u00e4sin paperille. Sen voi laatia my\u00f6s tietokoneella k\u00e4ytt\u00e4m\u00e4ll\u00e4 valmista paikkatietoa.<\/p>\n<p>&nbsp;<\/p>\n<h3>Mit\u00e4 on paikkatieto?<\/h3>\n<figure id=\"attachment_1615\" aria-describedby=\"caption-attachment-1615\" style=\"width: 280px\" class=\"wp-caption alignleft\"><img loading=\"lazy\" decoding=\"async\" class=\"wp-image-1615\" src=\"https:\/\/blog.edu.turku.fi\/karttanyt\/files\/2021\/08\/paikkatietoikkuna_kartta-300x251.jpg\" alt=\"\" width=\"280\" height=\"235\" srcset=\"https:\/\/blog.edu.turku.fi\/karttanyt\/files\/2021\/08\/paikkatietoikkuna_kartta-300x251.jpg 300w, https:\/\/blog.edu.turku.fi\/karttanyt\/files\/2021\/08\/paikkatietoikkuna_kartta.jpg 940w\" sizes=\"auto, (max-width: 280px) 100vw, 280px\" \/><figcaption id=\"caption-attachment-1615\" class=\"wp-caption-text\">Internetin karttapalvelussa paikkatiedosta tuotettu kartta.<\/figcaption><\/figure>\n<p>Paikkatiedon avulla kuvataan, miss\u00e4 jotkin asiat sijaitsevat ja mink\u00e4laisia ne ovat. Paikkatieto on digitaalista sijaintitietoa. Sit\u00e4 voidaan tallentaa tietokoneelle tai mobiililaitteelle, kuten puhelimelle. Sit\u00e4 voidaan esitt\u00e4\u00e4 kartoilla.<\/p>\n<figure id=\"attachment_1687\" aria-describedby=\"caption-attachment-1687\" style=\"width: 280px\" class=\"wp-caption alignleft\"><img loading=\"lazy\" decoding=\"async\" class=\"wp-image-1687\" src=\"https:\/\/blog.edu.turku.fi\/karttanyt\/files\/2021\/09\/gmaps2.jpg\" alt=\"\" width=\"280\" height=\"539\" srcset=\"https:\/\/blog.edu.turku.fi\/karttanyt\/files\/2021\/09\/gmaps2.jpg 532w, https:\/\/blog.edu.turku.fi\/karttanyt\/files\/2021\/09\/gmaps2-156x300.jpg 156w\" sizes=\"auto, (max-width: 280px) 100vw, 280px\" \/><figcaption id=\"caption-attachment-1687\" class=\"wp-caption-text\">Google maps -karttapalvelussa reitin etsiminen on helppoa my\u00f6s puhelimen avulla.<\/figcaption><\/figure>\n<p>Paikkatietoa voidaan k\u00e4ytt\u00e4\u00e4 helpottamaan el\u00e4m\u00e4\u00e4, ja sit\u00e4\u00a0 voidaan my\u00f6s tuottaa itse.<\/p>\n<p>Sin\u00e4 <em>k\u00e4yt\u00e4t<\/em> paikkatietoa esimerkiksi kun<\/p>\n<ul>\n<li>etsit puhelimen avulla parasta reitti\u00e4 kaverin luo.<\/li>\n<li>etsit tietoa siit\u00e4, miss\u00e4 jokin paikka sijaitsee kartalla.<\/li>\n<\/ul>\n<p>Lis\u00e4ksi <em>tuotat<\/em> itsekin paikkatietoa, kun ilmoitat valokuvan ottopaikan tai jaat sijaintisi sosiaalisessa mediassa.<\/p>\n","protected":false},"excerpt":{"rendered":"<p>Mik\u00e4 on kartta? Kartta on kuva, jossa esitet\u00e4\u00e4n asioiden sijaintia ja ominaisuuksia. \u00a0Kartassa asioita kuvataan yleens\u00e4 ylh\u00e4\u00e4lt\u00e4 p\u00e4in ja pienennettyn\u00e4 tietyss\u00e4 mittakaavassa. Kartan voi piirt\u00e4\u00e4 k\u00e4sin paperille. Sen voi laatia my\u00f6s tietokoneella k\u00e4ytt\u00e4m\u00e4ll\u00e4 valmista paikkatietoa. &nbsp; Mit\u00e4 on paikkatieto? Paikkatiedon avulla kuvataan, miss\u00e4 jotkin asiat sijaitsevat ja mink\u00e4laisia ne ovat. Paikkatieto on digitaalista sijaintitietoa. Sit\u00e4 &hellip; <\/p>\n<p class=\"link-more\"><a href=\"https:\/\/blog.edu.turku.fi\/karttanyt\/artikkelit\/kartta_alakoululaiset\/\" class=\"more-link\">Jatka lukemista<span class=\"screen-reader-text\"> &#8221;Kartta ja paikkatieto (3.-6.-luokkalaiset)&#8221;<\/span><\/a><\/p>\n","protected":false},"author":2958,"featured_media":0,"parent":726,"menu_order":0,"comment_status":"closed","ping_status":"closed","template":"","meta":{"footnotes":""},"class_list":["post-1629","page","type-page","status-publish","hentry","entry"],"_links":{"self":[{"href":"https:\/\/blog.edu.turku.fi\/karttanyt\/wp-json\/wp\/v2\/pages\/1629","targetHints":{"allow":["GET"]}}],"collection":[{"href":"https:\/\/blog.edu.turku.fi\/karttanyt\/wp-json\/wp\/v2\/pages"}],"about":[{"href":"https:\/\/blog.edu.turku.fi\/karttanyt\/wp-json\/wp\/v2\/types\/page"}],"author":[{"embeddable":true,"href":"https:\/\/blog.edu.turku.fi\/karttanyt\/wp-json\/wp\/v2\/users\/2958"}],"replies":[{"embeddable":true,"href":"https:\/\/blog.edu.turku.fi\/karttanyt\/wp-json\/wp\/v2\/comments?post=1629"}],"version-history":[{"count":25,"href":"https:\/\/blog.edu.turku.fi\/karttanyt\/wp-json\/wp\/v2\/pages\/1629\/revisions"}],"predecessor-version":[{"id":1690,"href":"https:\/\/blog.edu.turku.fi\/karttanyt\/wp-json\/wp\/v2\/pages\/1629\/revisions\/1690"}],"up":[{"embeddable":true,"href":"https:\/\/blog.edu.turku.fi\/karttanyt\/wp-json\/wp\/v2\/pages\/726"}],"wp:attachment":[{"href":"https:\/\/blog.edu.turku.fi\/karttanyt\/wp-json\/wp\/v2\/media?parent=1629"}],"curies":[{"name":"wp","href":"https:\/\/api.w.org\/{rel}","templated":true}]}}