{"id":1592,"date":"2021-05-03T12:54:05","date_gmt":"2021-05-03T09:54:05","guid":{"rendered":"https:\/\/blog.edu.turku.fi\/karttanyt\/?page_id=1592"},"modified":"2021-05-17T09:48:22","modified_gmt":"2021-05-17T06:48:22","slug":"lue-lisaa","status":"publish","type":"page","link":"https:\/\/blog.edu.turku.fi\/karttanyt\/artikkelit\/lue-lisaa\/","title":{"rendered":"Lue lis\u00e4\u00e4"},"content":{"rendered":"<p>Suomalaisia opinn\u00e4ytteit\u00e4 ja tutkimusartikkeleita geomedialukutaidon opettamiseen liittyen.<\/p>\n<h3>2021<\/h3>\n<div>Virranm\u00e4ki, Eerika; Valta-Hulkkonen, Kirsi; Pellikka, Anne: <a href=\"https:\/\/www.tandfonline.com\/doi\/full\/10.1080\/00221341.2021.1877330\">Geography Curricula Objectives and Students\u2019 Performance: Enhancing the Student\u2019s Higher-Order Thinking Skills?<\/a>. Journal of Geography, 1-33 .<\/div>\n<p>Turpeinen, Reetta: <a href=\"https:\/\/www.utupub.fi\/handle\/10024\/151500\">Miten yl\u00e4koulun maantietoa opetetaan et\u00e4n\u00e4? <\/a>Pro gradu.<\/p>\n<h3>2020<\/h3>\n<p>Leivo, Julia: <a href=\"https:\/\/www.ylioppilastutkinto.fi\/images\/sivuston_tiedostot\/Raportit_tutkimukset\/gradu_leivo.pdf\">Ajattelun taidon tasot maantieteen s\u00e4hk\u00f6isiss\u00e4 ylioppilaskokeissa kest\u00e4v\u00e4n kehityksen koekysymyksiss\u00e4 ja vastauksissa.<\/a> Pro gradu.<\/p>\n<p>Julia Leivon <a href=\"https:\/\/doi.org\/10.23988\/ad.92201\">gradusta tiivistetty artikkeli.<\/a><\/p>\n<h3>2018<\/h3>\n<p>Anunti, Henna, Essi Vuopala; Jarmo Rusanen: Lukiolaisten kokemuksia geomedian k\u00e4yt\u00f6st\u00e4 tutkivassa oppimisessa. Terra 2018: 1.<\/p>\n<p>Fahmy, Timo-Matti: <a href=\"https:\/\/www.utupub.fi\/handle\/10024\/146058\">Ylioppilaskokelaiden aluemaantieteelliset ajattelun taidot.<\/a> Pro gradu.<\/p>\n<p>Haapanen, Minttu: <a href=\"https:\/\/www.ylioppilastutkinto.fi\/images\/sivuston_tiedostot\/Raportit_tutkimukset\/geomedia_vastaustaidot.pdf\">Geomedia- ja vastaustaidot maantieteen s\u00e4hk\u00f6isiss\u00e4 ylioppilaskirjoituksissa.<\/a> Pro gradu.<\/p>\n<p>Sohlman, Samuel: <a href=\"https:\/\/www.ylioppilastutkinto.fi\/images\/sivuston_tiedostot\/Raportit_tutkimukset\/sohlman_samuel_opinnayte.pdf\">Graafinen lukutaito ja aineiston k\u00e4ytt\u00f6 maantieteen digitaalisessa ylioppilaskokeessa.<\/a> Pro gradu.<\/p>\n<h3>2017<\/h3>\n<p>Hilander, Markus: Havaintoja geomedian tulkinnoista. Terra 2017: 4.<\/p>\n<p>&nbsp;<\/p>\n","protected":false},"excerpt":{"rendered":"<p>Suomalaisia opinn\u00e4ytteit\u00e4 ja tutkimusartikkeleita geomedialukutaidon opettamiseen liittyen. 2021 Virranm\u00e4ki, Eerika; Valta-Hulkkonen, Kirsi; Pellikka, Anne: Geography Curricula Objectives and Students\u2019 Performance: Enhancing the Student\u2019s Higher-Order Thinking Skills?. Journal of Geography, 1-33 . Turpeinen, Reetta: Miten yl\u00e4koulun maantietoa opetetaan et\u00e4n\u00e4? Pro gradu. 2020 Leivo, Julia: Ajattelun taidon tasot maantieteen s\u00e4hk\u00f6isiss\u00e4 ylioppilaskokeissa kest\u00e4v\u00e4n kehityksen koekysymyksiss\u00e4 ja vastauksissa. Pro &hellip; <\/p>\n<p class=\"link-more\"><a href=\"https:\/\/blog.edu.turku.fi\/karttanyt\/artikkelit\/lue-lisaa\/\" class=\"more-link\">Jatka lukemista<span class=\"screen-reader-text\"> &#8221;Lue lis\u00e4\u00e4&#8221;<\/span><\/a><\/p>\n","protected":false},"author":2958,"featured_media":0,"parent":726,"menu_order":0,"comment_status":"closed","ping_status":"closed","template":"","meta":{"footnotes":""},"class_list":["post-1592","page","type-page","status-publish","hentry","entry"],"_links":{"self":[{"href":"https:\/\/blog.edu.turku.fi\/karttanyt\/wp-json\/wp\/v2\/pages\/1592","targetHints":{"allow":["GET"]}}],"collection":[{"href":"https:\/\/blog.edu.turku.fi\/karttanyt\/wp-json\/wp\/v2\/pages"}],"about":[{"href":"https:\/\/blog.edu.turku.fi\/karttanyt\/wp-json\/wp\/v2\/types\/page"}],"author":[{"embeddable":true,"href":"https:\/\/blog.edu.turku.fi\/karttanyt\/wp-json\/wp\/v2\/users\/2958"}],"replies":[{"embeddable":true,"href":"https:\/\/blog.edu.turku.fi\/karttanyt\/wp-json\/wp\/v2\/comments?post=1592"}],"version-history":[{"count":12,"href":"https:\/\/blog.edu.turku.fi\/karttanyt\/wp-json\/wp\/v2\/pages\/1592\/revisions"}],"predecessor-version":[{"id":1608,"href":"https:\/\/blog.edu.turku.fi\/karttanyt\/wp-json\/wp\/v2\/pages\/1592\/revisions\/1608"}],"up":[{"embeddable":true,"href":"https:\/\/blog.edu.turku.fi\/karttanyt\/wp-json\/wp\/v2\/pages\/726"}],"wp:attachment":[{"href":"https:\/\/blog.edu.turku.fi\/karttanyt\/wp-json\/wp\/v2\/media?parent=1592"}],"curies":[{"name":"wp","href":"https:\/\/api.w.org\/{rel}","templated":true}]}}