{"id":1587,"date":"2021-04-29T09:14:37","date_gmt":"2021-04-29T06:14:37","guid":{"rendered":"https:\/\/blog.edu.turku.fi\/karttanyt\/?page_id=1587"},"modified":"2021-09-10T16:04:42","modified_gmt":"2021-09-10T13:04:42","slug":"videot","status":"publish","type":"page","link":"https:\/\/blog.edu.turku.fi\/karttanyt\/kartat\/videot\/","title":{"rendered":"Videot"},"content":{"rendered":"<p>Karttapalveluiden esittely- ja ohjevideoita ja tietoa kriittisest\u00e4 geomedialukutaidosta opetusk\u00e4ytt\u00f6\u00f6n. <!--more--><\/p>\n<p><a href=\"https:\/\/www.youtube.com\/channel\/UCovQfn5gBKh0kLMKi9nz5kg\">Kartta.nytin YouTube -kanavalla<\/a><\/p>\n<p>&nbsp;<\/p>\n","protected":false},"excerpt":{"rendered":"<p>Karttapalveluiden esittely- ja ohjevideoita ja tietoa kriittisest\u00e4 geomedialukutaidosta opetusk\u00e4ytt\u00f6\u00f6n.<\/p>\n","protected":false},"author":2958,"featured_media":0,"parent":14,"menu_order":3,"comment_status":"closed","ping_status":"closed","template":"","meta":{"footnotes":""},"class_list":["post-1587","page","type-page","status-publish","hentry","entry"],"_links":{"self":[{"href":"https:\/\/blog.edu.turku.fi\/karttanyt\/wp-json\/wp\/v2\/pages\/1587","targetHints":{"allow":["GET"]}}],"collection":[{"href":"https:\/\/blog.edu.turku.fi\/karttanyt\/wp-json\/wp\/v2\/pages"}],"about":[{"href":"https:\/\/blog.edu.turku.fi\/karttanyt\/wp-json\/wp\/v2\/types\/page"}],"author":[{"embeddable":true,"href":"https:\/\/blog.edu.turku.fi\/karttanyt\/wp-json\/wp\/v2\/users\/2958"}],"replies":[{"embeddable":true,"href":"https:\/\/blog.edu.turku.fi\/karttanyt\/wp-json\/wp\/v2\/comments?post=1587"}],"version-history":[{"count":5,"href":"https:\/\/blog.edu.turku.fi\/karttanyt\/wp-json\/wp\/v2\/pages\/1587\/revisions"}],"predecessor-version":[{"id":1685,"href":"https:\/\/blog.edu.turku.fi\/karttanyt\/wp-json\/wp\/v2\/pages\/1587\/revisions\/1685"}],"up":[{"embeddable":true,"href":"https:\/\/blog.edu.turku.fi\/karttanyt\/wp-json\/wp\/v2\/pages\/14"}],"wp:attachment":[{"href":"https:\/\/blog.edu.turku.fi\/karttanyt\/wp-json\/wp\/v2\/media?parent=1587"}],"curies":[{"name":"wp","href":"https:\/\/api.w.org\/{rel}","templated":true}]}}